{"id":311,"date":"2021-08-05T09:59:20","date_gmt":"2021-08-05T07:59:20","guid":{"rendered":"https:\/\/eurostel.jeroclients.be\/schroeven\/"},"modified":"2021-11-30T11:31:58","modified_gmt":"2021-11-30T10:31:58","slug":"schroeven","status":"publish","type":"page","link":"https:\/\/eurostel.be\/fr\/moulage-par-injection\/schroeven\/","title":{"rendered":"Vis"},"content":{"rendered":"\n<p><\/p>\n\n\n\n<h2 class=\"wp-block-heading\">Les vis aux multiples avantages<\/h2>\n\n\n\n<p>Dans la transformation des mati\u00e8res plastiques, la vis est l\u2019un des \u00e9l\u00e9ments importants. Outre la m\u00e9tallurgie et les traitements appliqu\u00e9s, la g\u00e9om\u00e9trie des vis est un facteur n\u00e9cessitant une attention toute particuli\u00e8re.<\/p>\n\n\n\n<p>Une bonne m\u00e9tallurgie et un traitement ad\u00e9quat peuvent s\u2019av\u00e9rer inutiles lors du processus de plastification, si la g\u00e9om\u00e9trie n\u2019est pas adapt\u00e9e \u00e0 l\u2019application. Il se peut \u00e9galement que d\u2019 importants d\u00e9fauts de plastification apparaissent, caus\u00e9s par des pressions trop \u00e9lev\u00e9es,\u00a0 sur l\u2019ensemble de votre unit\u00e9 d\u2019injection.<\/p>\n\n\n\n<p>Au fil des ann\u00e9es, Euro-Stel a su se positionner, et devenir l\u2019un des leaders mondial de ce march\u00e9, en fournissant des vis alliant une capacit\u00e9 de plastification id\u00e9ale, un rendement optimis\u00e9 et une excellente r\u00e9sistance \u00e0 l\u2019usure.<\/p>\n\n\n\n<p>Ces vis, fournies par Euro-Stel, s\u2019adaptent \u00e0 tous les types de machines, \u00e0 diverses applications (thermoplastiques, thermodurcissables &amp; caoutchouc), et ce dans une vaste gamme de diam\u00e8tre (de 15 \u00e0 360 mm).<\/p>\n\n\n\n<p>Les types de vis Euro-Stel les plus r\u00e9pandues chez nos clients sont :<\/p>\n\n\n\n<ul class=\"wp-block-list\"><li>La vis type transfert d\u2019\u00e9nergie polyvalente avec zone d\u2019homog\u00e9n\u00e9isation double filet EUROSTEL <\/li><li>La vis type transfert d\u2019\u00e9nergie \u00e0 haut rendement avec zone d\u2019homog\u00e9n\u00e9isation EUROSTEL et barri\u00e8re<\/li><li>Toutes les variantes et combinaisons en fonction de l\u2019application.<\/li><\/ul>\n\n\n\n<h2 class=\"wp-block-heading\">Une vis sur mesure ! <\/h2>\n\n\n\n<p>Euro-Stel garde pour objectif le gain d\u2019une ou plusieurs valeurs ajout\u00e9es, telles que la parfaite homog\u00e9n\u00e9isation de la mati\u00e8re, le rendement, la r\u00e9sistance \u00e0 l\u2019usure, ou bien la r\u00e9duction de consommation d\u2019\u00e9nergie, pour chacun de vos projets.<\/p>\n\n\n\n<p>Afin d\u2019y arriver, la m\u00e9tallurgie sera \u00e9galement un param\u00e8tre important. Les vis fabriqu\u00e9es par Euro-Stel, en fonction de leur diam\u00e8tre et des applications pourront \u00eatre fournies en acier fritt\u00e9, acier alli\u00e9 au chrome, acier de nitruration, etc&#8230;<\/p>\n\n\n\n<p>Dans certains cas, des traitements sp\u00e9cifiques pourront \u00eatre appliqu\u00e9s, tels que la nitruration ionique, le chromage, etc&#8230;<\/p>\n\n\n\n<p>Enfin, et dans certains cas, en fonction des mati\u00e8res \u00e0 transformer, et des caract\u00e9ristiques de votre cylindre, un blindage sp\u00e9cifique pourra \u00eatre d\u00e9pos\u00e9 sur les sommets de filets. Ceci dans le but de renforcer la r\u00e9sistance \u00e0 l\u2019abrasion et la corrosion (blindage base Fer, base Nickel, etc&#8230;)<\/p>\n\n\n\n<p><\/p>\n\n\n\n<h2 class=\"wp-block-heading\">Vis malaxeuses type Energie Transfert &amp; Performance<\/h2>\n\n\n\n<p>L\u2019action principale d\u2019une vis de plastification consiste \u00e0 acheminer la mati\u00e8re fondue vers l\u2019avant du cylindre, afin qu\u2019elle puisse \u00eatre inject\u00e9e dans le moule.<\/p>\n\n\n\n<p>Les vis Euro-Stel, pour la plupart \u00e9quip\u00e9es de malaxeurs sp\u00e9cifiques garantiront une homog\u00e9n\u00e9isation parfaite de la mati\u00e8re avant injection, point de difficult\u00e9s souvent rencontr\u00e9s par les plasturgistes.<\/p>\n\n\n\n<p>Elles peuvent s\u2019apparenter \u00e0 une vis trois zones classiques, dont le rapport de compression et\/ou les longueurs de pas sont diff\u00e9rents, en fonction de l\u2019application.<\/p>\n\n\n\n<p>Pour les autres types, leur g\u00e9om\u00e9trie diff\u00e8re par la pr\u00e9sence d\u2019une barri\u00e8re, plus ou moins courte, en fonction du mod\u00e8le. Ces vis sont con\u00e7ues pour les applications dont les mati\u00e8res requi\u00e8rent une transformation adapt\u00e9e.<\/p>\n\n\n\n<p>N\u00e9anmoins, la majorit\u00e9 des vis poss\u00e8dent un malaxeur sp\u00e9cifique Euro-Stel, dont le but principal est d\u2019assurer un m\u00e9lange parfait de la mati\u00e8re \u00e0 injecter, amorc\u00e9 dans les zones d\u2019alimentation et de compression.<\/p>\n\n\n\n<p>De mani\u00e8re g\u00e9n\u00e9rale, nos vis, en fonction de leur profil, vous am\u00e8neront certains de ces principaux avantages :<\/p>\n\n\n\n<ul class=\"wp-block-list\"><li>Une homog\u00e9n\u00e9isation parfaite de la mati\u00e8re.<\/li><li>Suppression des infondus.<\/li><li>Une limitation des usures de vos outils de plastification (cylindre &amp; vis)<\/li><li>Une baisse de la consommation d&rsquo;\u00e9nergie.<\/li><li>Une r\u00e9duction du pourcentage de colorants pour certaines productions.<\/li><\/ul>\n\n\n\n<p><\/p>\n\n\n\n<h2 class=\"wp-block-heading\">Ne jetez plus vos vis, nous pouvons les r\u00e9parer !<\/h2>\n\n\n\n<p>\u00c9l\u00e9ment majeur du processus de plastification, la vis subit au fil des cycles des contraintes diverses, pouvant causer usures, dommages ou encore casses importantes.<\/p>\n\n\n\n<p>Ces d\u00e9g\u00e2ts peuvent avoir pour origine une g\u00e9om\u00e9trie non adapt\u00e9e de la vis, la transformation d\u2019une mati\u00e8re abrasive et\/ou corrosive, une contre pression d\u00e9mesur\u00e9e, etc\u2026<\/p>\n\n\n\n<p>Les usures ou dommages constat\u00e9s diff\u00e8rent entre chaque vis. Ils peuvent se mat\u00e9rialiser par le grippage d\u2019un filetage de clapet dans la vis, par une usure prononc\u00e9e des sommets de filets, d\u2019un filet arrach\u00e9, d\u2019une casse de l\u2019engrenage, etc\u2026<\/p>\n\n\n\n<p>Qu\u2019importe le constat, Euro-Stel sera certainement en mesure de vous proposer une remise en \u00e9tat votre vis, et lui donner une seconde vie. Une analyse approfondie sera effectu\u00e9e par un expert Euro-Stel. La r\u00e9vision la plus appropri\u00e9e, \u00e9conomiquement et techniquement, vous sera alors sugg\u00e9r\u00e9e.<\/p>\n\n\n\n<p>Les actions de r\u00e9parations les plus courantes, men\u00e9es par Euro-Stel sont :<\/p>\n\n\n\n<ul class=\"wp-block-list\"><li>Le rechargement des sommets de filets.<\/li><li>La r\u00e9fection des parties endommag\u00e9es (filets, engrenages, etc\u2026)<\/li><li>L\u2019application d\u2019un nouveau rev\u00eatement (nitruration, chromage, etc\u2026)<\/li><li>Les finitions de r\u00e9vision (polissage, redressage)<\/li><\/ul>\n\n\n\n<p>Dans le cas o\u00f9 les usures et\/ou les dommages constat\u00e9s ne nous permettent pas de r\u00e9parer votre vis, nous vous proposerons une nouvelle vis au mod\u00e8le, ou une vis Euro-Stel.<\/p>\n\n\n\n<figure class=\"wp-block-gallery columns-3 is-cropped wp-block-gallery-1 is-layout-flex wp-block-gallery-is-layout-flex\"><ul class=\"blocks-gallery-grid\"><li class=\"blocks-gallery-item\"><figure><img loading=\"lazy\" decoding=\"async\" width=\"960\" height=\"960\" src=\"https:\/\/eurostel.jeroclients.be\/wp-content\/uploads\/2021\/08\/foto_8.jpg\" alt=\"\" data-id=\"144\" data-full-url=\"https:\/\/eurostel.jeroclients.be\/wp-content\/uploads\/2021\/08\/foto_8.jpg\" data-link=\"https:\/\/eurostel.jeroclients.be\/spuitgieten\/schroeven\/attachment\/foto_8\/\" class=\"wp-image-144\" srcset=\"https:\/\/eurostel.be\/wp-content\/uploads\/2021\/08\/foto_8.jpg 960w, https:\/\/eurostel.be\/wp-content\/uploads\/2021\/08\/foto_8-150x150@2x.jpg 300w, https:\/\/eurostel.be\/wp-content\/uploads\/2021\/08\/foto_8-150x150.jpg 150w, https:\/\/eurostel.be\/wp-content\/uploads\/2021\/08\/foto_8-768x768.jpg 768w, https:\/\/eurostel.be\/wp-content\/uploads\/2021\/08\/foto_8-480x480.jpg 480w, https:\/\/eurostel.be\/wp-content\/uploads\/2021\/08\/foto_8-300x300@2x.jpg 600w\" sizes=\"auto, (max-width: 960px) 100vw, 960px\" \/><\/figure><\/li><li class=\"blocks-gallery-item\"><figure><img loading=\"lazy\" decoding=\"async\" width=\"960\" height=\"960\" src=\"https:\/\/eurostel.jeroclients.be\/wp-content\/uploads\/2021\/08\/foto_7.jpg\" alt=\"\" data-id=\"148\" data-full-url=\"https:\/\/eurostel.jeroclients.be\/wp-content\/uploads\/2021\/08\/foto_7.jpg\" data-link=\"https:\/\/eurostel.jeroclients.be\/spuitgieten\/schroeven\/attachment\/foto_7\/\" class=\"wp-image-148\" srcset=\"https:\/\/eurostel.be\/wp-content\/uploads\/2021\/08\/foto_7.jpg 960w, https:\/\/eurostel.be\/wp-content\/uploads\/2021\/08\/foto_7-150x150@2x.jpg 300w, https:\/\/eurostel.be\/wp-content\/uploads\/2021\/08\/foto_7-150x150.jpg 150w, https:\/\/eurostel.be\/wp-content\/uploads\/2021\/08\/foto_7-768x768.jpg 768w, https:\/\/eurostel.be\/wp-content\/uploads\/2021\/08\/foto_7-480x480.jpg 480w, https:\/\/eurostel.be\/wp-content\/uploads\/2021\/08\/foto_7-300x300@2x.jpg 600w\" sizes=\"auto, (max-width: 960px) 100vw, 960px\" \/><\/figure><\/li><li class=\"blocks-gallery-item\"><figure><img loading=\"lazy\" decoding=\"async\" width=\"960\" height=\"960\" src=\"https:\/\/eurostel.jeroclients.be\/wp-content\/uploads\/2021\/08\/foto10.jpg\" alt=\"\" data-id=\"140\" data-full-url=\"https:\/\/eurostel.jeroclients.be\/wp-content\/uploads\/2021\/08\/foto10.jpg\" data-link=\"https:\/\/eurostel.jeroclients.be\/spuitgieten\/schroeven\/attachment\/foto10\/\" class=\"wp-image-140\" srcset=\"https:\/\/eurostel.be\/wp-content\/uploads\/2021\/08\/foto10.jpg 960w, https:\/\/eurostel.be\/wp-content\/uploads\/2021\/08\/foto10-150x150@2x.jpg 300w, https:\/\/eurostel.be\/wp-content\/uploads\/2021\/08\/foto10-150x150.jpg 150w, https:\/\/eurostel.be\/wp-content\/uploads\/2021\/08\/foto10-768x768.jpg 768w, https:\/\/eurostel.be\/wp-content\/uploads\/2021\/08\/foto10-480x480.jpg 480w, https:\/\/eurostel.be\/wp-content\/uploads\/2021\/08\/foto10-300x300@2x.jpg 600w\" sizes=\"auto, (max-width: 960px) 100vw, 960px\" \/><\/figure><\/li><li class=\"blocks-gallery-item\"><figure><img loading=\"lazy\" decoding=\"async\" width=\"960\" height=\"960\" src=\"https:\/\/eurostel.jeroclients.be\/wp-content\/uploads\/2021\/08\/pack003.jpg\" alt=\"\" data-id=\"136\" data-full-url=\"https:\/\/eurostel.jeroclients.be\/wp-content\/uploads\/2021\/08\/pack003.jpg\" data-link=\"https:\/\/eurostel.jeroclients.be\/spuitgieten\/schroeven\/attachment\/pack003\/\" class=\"wp-image-136\" srcset=\"https:\/\/eurostel.be\/wp-content\/uploads\/2021\/08\/pack003.jpg 960w, https:\/\/eurostel.be\/wp-content\/uploads\/2021\/08\/pack003-150x150@2x.jpg 300w, https:\/\/eurostel.be\/wp-content\/uploads\/2021\/08\/pack003-150x150.jpg 150w, https:\/\/eurostel.be\/wp-content\/uploads\/2021\/08\/pack003-768x768.jpg 768w, https:\/\/eurostel.be\/wp-content\/uploads\/2021\/08\/pack003-480x480.jpg 480w, https:\/\/eurostel.be\/wp-content\/uploads\/2021\/08\/pack003-300x300@2x.jpg 600w\" sizes=\"auto, (max-width: 960px) 100vw, 960px\" \/><\/figure><\/li><li class=\"blocks-gallery-item\"><figure><img loading=\"lazy\" decoding=\"async\" width=\"1000\" height=\"1000\" src=\"https:\/\/eurostel.jeroclients.be\/wp-content\/uploads\/2021\/08\/pack018.jpg\" alt=\"\" data-id=\"130\" data-full-url=\"https:\/\/eurostel.jeroclients.be\/wp-content\/uploads\/2021\/08\/pack018.jpg\" data-link=\"https:\/\/eurostel.jeroclients.be\/spuitgieten\/schroeven\/attachment\/pack018\/\" class=\"wp-image-130\" srcset=\"https:\/\/eurostel.be\/wp-content\/uploads\/2021\/08\/pack018.jpg 1000w, https:\/\/eurostel.be\/wp-content\/uploads\/2021\/08\/pack018-150x150@2x.jpg 300w, https:\/\/eurostel.be\/wp-content\/uploads\/2021\/08\/pack018-150x150.jpg 150w, https:\/\/eurostel.be\/wp-content\/uploads\/2021\/08\/pack018-768x768.jpg 768w, https:\/\/eurostel.be\/wp-content\/uploads\/2021\/08\/pack018-480x480.jpg 480w, https:\/\/eurostel.be\/wp-content\/uploads\/2021\/08\/pack018-300x300@2x.jpg 600w\" sizes=\"auto, (max-width: 1000px) 100vw, 1000px\" \/><\/figure><\/li><\/ul><\/figure>\n","protected":false},"excerpt":{"rendered":"<p>Une vis desserr\u00e9e\u2009? Notre vaste gamme de g\u00e9om\u00e9tries vous permet de trouver sans peine l\u2019exemplaire (de remplacement) parfait. <\/p>\n","protected":false},"author":1,"featured_media":132,"parent":451,"menu_order":10,"comment_status":"closed","ping_status":"closed","template":"","meta":{"_acf_changed":false,"footnotes":""},"class_list":["post-311","page","type-page","status-publish","has-post-thumbnail","hentry"],"acf":[],"yoast_head":"<!-- This site is optimized with the Yoast SEO plugin v27.3 - https:\/\/yoast.com\/product\/yoast-seo-wordpress\/ -->\n<title>Vis - Euro-Stel<\/title>\n<meta name=\"robots\" content=\"index, follow, max-snippet:-1, max-image-preview:large, max-video-preview:-1\" \/>\n<link rel=\"canonical\" href=\"https:\/\/eurostel.be\/fr\/moulage-par-injection\/schroeven\/\" \/>\n<meta property=\"og:locale\" content=\"fr_FR\" \/>\n<meta property=\"og:type\" content=\"article\" \/>\n<meta property=\"og:title\" content=\"Vis - Euro-Stel\" \/>\n<meta property=\"og:description\" content=\"Une vis desserr\u00e9e\u2009? Notre vaste gamme de g\u00e9om\u00e9tries vous permet de trouver sans peine l\u2019exemplaire (de remplacement) parfait.\" \/>\n<meta property=\"og:url\" content=\"https:\/\/eurostel.be\/fr\/moulage-par-injection\/schroeven\/\" \/>\n<meta property=\"og:site_name\" content=\"Euro-Stel\" \/>\n<meta property=\"article:modified_time\" content=\"2021-11-30T10:31:58+00:00\" \/>\n<meta property=\"og:image\" content=\"https:\/\/eurostel.be\/wp-content\/uploads\/2021\/08\/pack018.jpg\" \/>\n\t<meta property=\"og:image:width\" content=\"1000\" \/>\n\t<meta property=\"og:image:height\" content=\"1000\" \/>\n\t<meta property=\"og:image:type\" content=\"image\/jpeg\" \/>\n<meta name=\"twitter:card\" content=\"summary_large_image\" \/>\n<meta name=\"twitter:label1\" content=\"Dur\u00e9e de lecture estim\u00e9e\" \/>\n\t<meta name=\"twitter:data1\" content=\"5 minutes\" \/>\n<script type=\"application\/ld+json\" class=\"yoast-schema-graph\">{\"@context\":\"https:\\\/\\\/schema.org\",\"@graph\":[{\"@type\":\"WebPage\",\"@id\":\"https:\\\/\\\/eurostel.be\\\/fr\\\/moulage-par-injection\\\/schroeven\\\/\",\"url\":\"https:\\\/\\\/eurostel.be\\\/fr\\\/moulage-par-injection\\\/schroeven\\\/\",\"name\":\"Vis - Euro-Stel\",\"isPartOf\":{\"@id\":\"https:\\\/\\\/eurostel.be\\\/fr\\\/#website\"},\"primaryImageOfPage\":{\"@id\":\"https:\\\/\\\/eurostel.be\\\/fr\\\/moulage-par-injection\\\/schroeven\\\/#primaryimage\"},\"image\":{\"@id\":\"https:\\\/\\\/eurostel.be\\\/fr\\\/moulage-par-injection\\\/schroeven\\\/#primaryimage\"},\"thumbnailUrl\":\"https:\\\/\\\/eurostel.be\\\/wp-content\\\/uploads\\\/2021\\\/08\\\/pack018.jpg\",\"datePublished\":\"2021-08-05T07:59:20+00:00\",\"dateModified\":\"2021-11-30T10:31:58+00:00\",\"breadcrumb\":{\"@id\":\"https:\\\/\\\/eurostel.be\\\/fr\\\/moulage-par-injection\\\/schroeven\\\/#breadcrumb\"},\"inLanguage\":\"fr-FR\",\"potentialAction\":[{\"@type\":\"ReadAction\",\"target\":[\"https:\\\/\\\/eurostel.be\\\/fr\\\/moulage-par-injection\\\/schroeven\\\/\"]}]},{\"@type\":\"ImageObject\",\"inLanguage\":\"fr-FR\",\"@id\":\"https:\\\/\\\/eurostel.be\\\/fr\\\/moulage-par-injection\\\/schroeven\\\/#primaryimage\",\"url\":\"https:\\\/\\\/eurostel.be\\\/wp-content\\\/uploads\\\/2021\\\/08\\\/pack018.jpg\",\"contentUrl\":\"https:\\\/\\\/eurostel.be\\\/wp-content\\\/uploads\\\/2021\\\/08\\\/pack018.jpg\",\"width\":1000,\"height\":1000},{\"@type\":\"BreadcrumbList\",\"@id\":\"https:\\\/\\\/eurostel.be\\\/fr\\\/moulage-par-injection\\\/schroeven\\\/#breadcrumb\",\"itemListElement\":[{\"@type\":\"ListItem\",\"position\":1,\"name\":\"Home\",\"item\":\"https:\\\/\\\/eurostel.be\\\/fr\\\/\"},{\"@type\":\"ListItem\",\"position\":2,\"name\":\"Injection\",\"item\":\"https:\\\/\\\/eurostel.be\\\/fr\\\/moulage-par-injection\\\/\"},{\"@type\":\"ListItem\",\"position\":3,\"name\":\"Vis\"}]},{\"@type\":\"WebSite\",\"@id\":\"https:\\\/\\\/eurostel.be\\\/fr\\\/#website\",\"url\":\"https:\\\/\\\/eurostel.be\\\/fr\\\/\",\"name\":\"Euro-Stel\",\"description\":\"Uw volwaardige kunststofleverancier\",\"publisher\":{\"@id\":\"https:\\\/\\\/eurostel.be\\\/fr\\\/#organization\"},\"potentialAction\":[{\"@type\":\"SearchAction\",\"target\":{\"@type\":\"EntryPoint\",\"urlTemplate\":\"https:\\\/\\\/eurostel.be\\\/fr\\\/?s={search_term_string}\"},\"query-input\":{\"@type\":\"PropertyValueSpecification\",\"valueRequired\":true,\"valueName\":\"search_term_string\"}}],\"inLanguage\":\"fr-FR\"},{\"@type\":\"Organization\",\"@id\":\"https:\\\/\\\/eurostel.be\\\/fr\\\/#organization\",\"name\":\"Euro-Stel\",\"url\":\"https:\\\/\\\/eurostel.be\\\/fr\\\/\",\"logo\":{\"@type\":\"ImageObject\",\"inLanguage\":\"fr-FR\",\"@id\":\"https:\\\/\\\/eurostel.be\\\/fr\\\/#\\\/schema\\\/logo\\\/image\\\/\",\"url\":\"https:\\\/\\\/eurostel.jeroclients.be\\\/wp-content\\\/uploads\\\/2021\\\/08\\\/android-chrome-512x512-1.png\",\"contentUrl\":\"https:\\\/\\\/eurostel.jeroclients.be\\\/wp-content\\\/uploads\\\/2021\\\/08\\\/android-chrome-512x512-1.png\",\"width\":512,\"height\":512,\"caption\":\"Euro-Stel\"},\"image\":{\"@id\":\"https:\\\/\\\/eurostel.be\\\/fr\\\/#\\\/schema\\\/logo\\\/image\\\/\"}}]}<\/script>\n<!-- \/ Yoast SEO plugin. -->","yoast_head_json":{"title":"Vis - Euro-Stel","robots":{"index":"index","follow":"follow","max-snippet":"max-snippet:-1","max-image-preview":"max-image-preview:large","max-video-preview":"max-video-preview:-1"},"canonical":"https:\/\/eurostel.be\/fr\/moulage-par-injection\/schroeven\/","og_locale":"fr_FR","og_type":"article","og_title":"Vis - Euro-Stel","og_description":"Une vis desserr\u00e9e\u2009? Notre vaste gamme de g\u00e9om\u00e9tries vous permet de trouver sans peine l\u2019exemplaire (de remplacement) parfait.","og_url":"https:\/\/eurostel.be\/fr\/moulage-par-injection\/schroeven\/","og_site_name":"Euro-Stel","article_modified_time":"2021-11-30T10:31:58+00:00","og_image":[{"width":1000,"height":1000,"url":"https:\/\/eurostel.be\/wp-content\/uploads\/2021\/08\/pack018.jpg","type":"image\/jpeg"}],"twitter_card":"summary_large_image","twitter_misc":{"Dur\u00e9e de lecture estim\u00e9e":"5 minutes"},"schema":{"@context":"https:\/\/schema.org","@graph":[{"@type":"WebPage","@id":"https:\/\/eurostel.be\/fr\/moulage-par-injection\/schroeven\/","url":"https:\/\/eurostel.be\/fr\/moulage-par-injection\/schroeven\/","name":"Vis - Euro-Stel","isPartOf":{"@id":"https:\/\/eurostel.be\/fr\/#website"},"primaryImageOfPage":{"@id":"https:\/\/eurostel.be\/fr\/moulage-par-injection\/schroeven\/#primaryimage"},"image":{"@id":"https:\/\/eurostel.be\/fr\/moulage-par-injection\/schroeven\/#primaryimage"},"thumbnailUrl":"https:\/\/eurostel.be\/wp-content\/uploads\/2021\/08\/pack018.jpg","datePublished":"2021-08-05T07:59:20+00:00","dateModified":"2021-11-30T10:31:58+00:00","breadcrumb":{"@id":"https:\/\/eurostel.be\/fr\/moulage-par-injection\/schroeven\/#breadcrumb"},"inLanguage":"fr-FR","potentialAction":[{"@type":"ReadAction","target":["https:\/\/eurostel.be\/fr\/moulage-par-injection\/schroeven\/"]}]},{"@type":"ImageObject","inLanguage":"fr-FR","@id":"https:\/\/eurostel.be\/fr\/moulage-par-injection\/schroeven\/#primaryimage","url":"https:\/\/eurostel.be\/wp-content\/uploads\/2021\/08\/pack018.jpg","contentUrl":"https:\/\/eurostel.be\/wp-content\/uploads\/2021\/08\/pack018.jpg","width":1000,"height":1000},{"@type":"BreadcrumbList","@id":"https:\/\/eurostel.be\/fr\/moulage-par-injection\/schroeven\/#breadcrumb","itemListElement":[{"@type":"ListItem","position":1,"name":"Home","item":"https:\/\/eurostel.be\/fr\/"},{"@type":"ListItem","position":2,"name":"Injection","item":"https:\/\/eurostel.be\/fr\/moulage-par-injection\/"},{"@type":"ListItem","position":3,"name":"Vis"}]},{"@type":"WebSite","@id":"https:\/\/eurostel.be\/fr\/#website","url":"https:\/\/eurostel.be\/fr\/","name":"Euro-Stel","description":"Uw volwaardige kunststofleverancier","publisher":{"@id":"https:\/\/eurostel.be\/fr\/#organization"},"potentialAction":[{"@type":"SearchAction","target":{"@type":"EntryPoint","urlTemplate":"https:\/\/eurostel.be\/fr\/?s={search_term_string}"},"query-input":{"@type":"PropertyValueSpecification","valueRequired":true,"valueName":"search_term_string"}}],"inLanguage":"fr-FR"},{"@type":"Organization","@id":"https:\/\/eurostel.be\/fr\/#organization","name":"Euro-Stel","url":"https:\/\/eurostel.be\/fr\/","logo":{"@type":"ImageObject","inLanguage":"fr-FR","@id":"https:\/\/eurostel.be\/fr\/#\/schema\/logo\/image\/","url":"https:\/\/eurostel.jeroclients.be\/wp-content\/uploads\/2021\/08\/android-chrome-512x512-1.png","contentUrl":"https:\/\/eurostel.jeroclients.be\/wp-content\/uploads\/2021\/08\/android-chrome-512x512-1.png","width":512,"height":512,"caption":"Euro-Stel"},"image":{"@id":"https:\/\/eurostel.be\/fr\/#\/schema\/logo\/image\/"}}]}},"_links":{"self":[{"href":"https:\/\/eurostel.be\/fr\/wp-json\/wp\/v2\/pages\/311","targetHints":{"allow":["GET"]}}],"collection":[{"href":"https:\/\/eurostel.be\/fr\/wp-json\/wp\/v2\/pages"}],"about":[{"href":"https:\/\/eurostel.be\/fr\/wp-json\/wp\/v2\/types\/page"}],"author":[{"embeddable":true,"href":"https:\/\/eurostel.be\/fr\/wp-json\/wp\/v2\/users\/1"}],"replies":[{"embeddable":true,"href":"https:\/\/eurostel.be\/fr\/wp-json\/wp\/v2\/comments?post=311"}],"version-history":[{"count":0,"href":"https:\/\/eurostel.be\/fr\/wp-json\/wp\/v2\/pages\/311\/revisions"}],"up":[{"embeddable":true,"href":"https:\/\/eurostel.be\/fr\/wp-json\/wp\/v2\/pages\/451"}],"wp:featuredmedia":[{"embeddable":true,"href":"https:\/\/eurostel.be\/fr\/wp-json\/wp\/v2\/media\/132"}],"wp:attachment":[{"href":"https:\/\/eurostel.be\/fr\/wp-json\/wp\/v2\/media?parent=311"}],"curies":[{"name":"wp","href":"https:\/\/api.w.org\/{rel}","templated":true}]}}