{"id":307,"date":"2021-08-05T10:28:18","date_gmt":"2021-08-05T08:28:18","guid":{"rendered":"https:\/\/eurostel.jeroclients.be\/cilinders\/"},"modified":"2021-11-30T11:40:25","modified_gmt":"2021-11-30T10:40:25","slug":"cilinders","status":"publish","type":"page","link":"https:\/\/eurostel.be\/fr\/moulage-par-injection\/cilinders\/","title":{"rendered":"Cylindres"},"content":{"rendered":"\n<h2 class=\"wp-block-heading\">Bim\u00e9tallique ou Nitrur\u00e9 <\/h2>\n\n\n\n<p>Euro-Stel est aussi sp\u00e9cialis\u00e9 dans la fourniture de cylindres pour vos presses \u00e0 injecter ou vos extrudeuses.<\/p>\n\n\n\n<p>En fonction de vos applications, et la m\u00e9tallurgie de la vis, Euro-Stel vous orientera sur la version de cylindre adapt\u00e9e, afin que la dur\u00e9e de vie de vos deux \u00e9l\u00e9ments soit la plus longue possible. De mani\u00e8re g\u00e9n\u00e9rale, une version bim\u00e9tallique ou nitrur\u00e9e vous sera propos\u00e9e.<\/p>\n\n\n\n<p>Les cylindres Euro-Stel en version bim\u00e9tallique se caract\u00e9risent par l\u2019alliage utilis\u00e9 sur leur diam\u00e8tre int\u00e9rieur, offrant une grande capacit\u00e9 de r\u00e9sistance \u00e0 l\u2019abrasion, mais \u00e9galement \u00e0 la corrosion.<\/p>\n\n\n\n<p>Par ailleurs, outre les cylindres classiques monobloc, Euro-Stel propose \u00e9galement des cylindres dont la zone d\u2019alimentation sera s\u00e9par\u00e9e, et dont la buselure sera interchangeable (lisses ou rainur\u00e9es).Ce type de construction aura pour avantage de fournir de la polyvalence dans la zone d\u2019alimentation de votre machine, et r\u00e9duire les co\u00fbts de maintenance en cas d\u2019usures importantes sur la buselure.<\/p>\n\n\n\n<p>Nous serons \u00e9galement en mesure de vous proposer toutes sortes d\u2019\u00e9quipements compl\u00e9mentaires, tels que les brides avec refroidissement \u00e0 eau, des thermocouples, des capteurs de pression, des r\u00e9sistances, des cartouches chauffantes, etc&#8230;<\/p>\n\n\n\n<figure class=\"wp-block-image size-medium\"><img loading=\"lazy\" decoding=\"async\" width=\"300\" height=\"300\" src=\"https:\/\/eurostel.jeroclients.be\/wp-content\/uploads\/2021\/08\/4-300x300.jpg\" alt=\"\" class=\"wp-image-156\" srcset=\"https:\/\/eurostel.be\/wp-content\/uploads\/2021\/08\/4-150x150@2x.jpg 300w, https:\/\/eurostel.be\/wp-content\/uploads\/2021\/08\/4-150x150.jpg 150w, https:\/\/eurostel.be\/wp-content\/uploads\/2021\/08\/4-768x768.jpg 768w, https:\/\/eurostel.be\/wp-content\/uploads\/2021\/08\/4-480x480.jpg 480w, https:\/\/eurostel.be\/wp-content\/uploads\/2021\/08\/4.jpg 960w, https:\/\/eurostel.be\/wp-content\/uploads\/2021\/08\/4-300x300@2x.jpg 600w\" sizes=\"auto, (max-width: 300px) 100vw, 300px\" \/><\/figure>\n\n\n\n<h2 class=\"wp-block-heading\">Confiez nous vos cylindres us\u00e9s !<\/h2>\n\n\n\n<p>Chez Euro-Stel, les r\u00e9parations ne concernent pas uniquement les vis, mais aussi les cylindres !<\/p>\n\n\n\n<p>Les hautes pressions d\u00e9velopp\u00e9es par vos machines de plastification peuvent avoir un impact plus ou moins important sur votre unit\u00e9 d\u2019injection.<\/p>\n\n\n\n<p>Bien que la majorit\u00e9 des usures constat\u00e9es sur les cylindres semblent moins importantes que sur les vis, leur remise en \u00e9tat peut s\u2019av\u00e9rer \u00eatre indispensable.<\/p>\n\n\n\n<p>Euro-Stel propose diff\u00e9rents types de r\u00e9paration, en fonction des dommages constat\u00e9s, mais \u00e9galement de la m\u00e9tallurgie du cylindre :<\/p>\n\n\n\n<ul class=\"wp-block-list\" type=\"1\"><li>R\u00e9paration par pose d\u2019une bague dans la zone de dosage. <\/li><li>R\u00e9paration des buselures haute pression.<\/li><li>R\u00e9paration par al\u00e9sage au diam\u00e8tre sup\u00e9rieur.<\/li><li>Remplacement d\u2019une partie du cylindre.<\/li><li>R\u00e9paration par pose d\u2019une bague sur toute la longueur.<\/li><\/ul>\n\n\n\n<h3 class=\"wp-block-heading\">R\u00e9paration dans la zone de dosage<\/h3>\n\n\n\n<p>Ce type de r\u00e9paration s\u2019effectue par la pose d\u2019une bague bim\u00e9tallique dans la zone de pompe de votre cylindre. Cette r\u00e9paration n\u2019est recommand\u00e9e que si l\u2019al\u00e9sage g\u00e9n\u00e9ral de votre cylindre ne pr\u00e9sente que de faibles usures.<\/p>\n\n\n\n<p>A la suite de cette r\u00e9paration, le cylindre retrouvera ses capacit\u00e9s m\u00e9caniques d&rsquo;origine.<\/p>\n\n\n\n<p>\u00c9galement au niveau de la zone de pompe, Euro-Stel propose ses services de r\u00e9paration des buselures haute pression, ayant subi d\u2019importants dommages.<\/p>\n\n\n\n<h3 class=\"wp-block-heading\">Al\u00e9sage au diam\u00e8tre sup\u00e9rieur<\/h3>\n\n\n\n<p>Ce type de r\u00e9paration consiste \u00e0 augmenter le diam\u00e8tre int\u00e9rieur de votre cylindre par al\u00e9sage. Le principal avantage est de r\u00e9cup\u00e9rer un cylindre avec une surface int\u00e9rieure neuve, pour un co\u00fbt plus int\u00e9ressant que l\u2019achat d\u2019un nouvel \u00e9l\u00e9ment.<\/p>\n\n\n\n<p>N\u00e9anmoins, cette solution au demeurant avantageuse \u00e9conomiquement, pr\u00e9sente un inconv\u00e9nient. L\u2019augmentation du diam\u00e8tre int\u00e9rieur de votre cylindre n\u00e9cessitera la modification de votre vis et votre clapet, \u00e9galement, au diam\u00e8tre sup\u00e9rieur.<\/p>\n\n\n\n<p>Euro-Stel \u00e9tudiera cette solution, qui vous sera propos\u00e9e si l\u2019avantage est r\u00e9el, et si les usures constat\u00e9es permettent une telle r\u00e9fection. Notez que si les usures sont trop importantes (sup\u00e9rieures \u00e0 1% du diam\u00e8tre), nous ne vous proposerons pas cette solution, risquant de fragiliser le cylindre.<\/p>\n\n\n\n<h3 class=\"wp-block-heading\">Remplacement d&rsquo;une partie du cylindre<\/h3>\n\n\n\n<p>Votre cylindre a pu, au fil des cycles de production, subir des dommages importants tel qu\u2019une fissure c\u00f4t\u00e9 alimentation, ou vers la zone de pompe, sans que des usures soient constat\u00e9s dans son al\u00e9sage. Dans ce genre de situation, Euro-Stel proc\u00e9dera au remplacement de la partie endommag\u00e9.<\/p>\n","protected":false},"excerpt":{"rendered":"<p>Vous demandez et nous livrons : Euro-Stel fournit des cylindres pour tous les types d\u2019extrudeuses et de presses \u00e0 injecter. <\/p>\n","protected":false},"author":1,"featured_media":158,"parent":451,"menu_order":20,"comment_status":"closed","ping_status":"closed","template":"","meta":{"_acf_changed":false,"footnotes":""},"class_list":["post-307","page","type-page","status-publish","has-post-thumbnail","hentry"],"acf":[],"yoast_head":"<!-- This site is optimized with the Yoast SEO plugin v27.4 - https:\/\/yoast.com\/product\/yoast-seo-wordpress\/ -->\n<title>Cylindres - Euro-Stel<\/title>\n<meta name=\"robots\" content=\"index, follow, max-snippet:-1, max-image-preview:large, max-video-preview:-1\" \/>\n<link rel=\"canonical\" href=\"https:\/\/eurostel.be\/fr\/moulage-par-injection\/cilinders\/\" \/>\n<meta property=\"og:locale\" content=\"fr_FR\" \/>\n<meta property=\"og:type\" content=\"article\" \/>\n<meta property=\"og:title\" content=\"Cylindres - Euro-Stel\" \/>\n<meta property=\"og:description\" content=\"Vous demandez et nous livrons : Euro-Stel fournit des cylindres pour tous les types d\u2019extrudeuses et de presses \u00e0 injecter.\" \/>\n<meta property=\"og:url\" content=\"https:\/\/eurostel.be\/fr\/moulage-par-injection\/cilinders\/\" \/>\n<meta property=\"og:site_name\" content=\"Euro-Stel\" \/>\n<meta property=\"article:modified_time\" content=\"2021-11-30T10:40:25+00:00\" \/>\n<meta property=\"og:image\" content=\"https:\/\/eurostel.be\/wp-content\/uploads\/2021\/08\/4.jpg\" \/>\n\t<meta property=\"og:image:width\" content=\"960\" \/>\n\t<meta property=\"og:image:height\" content=\"960\" \/>\n\t<meta property=\"og:image:type\" content=\"image\/jpeg\" \/>\n<meta name=\"twitter:card\" content=\"summary_large_image\" \/>\n<meta name=\"twitter:label1\" content=\"Dur\u00e9e de lecture estim\u00e9e\" \/>\n\t<meta name=\"twitter:data1\" content=\"3 minutes\" \/>\n<script type=\"application\/ld+json\" class=\"yoast-schema-graph\">{\"@context\":\"https:\\\/\\\/schema.org\",\"@graph\":[{\"@type\":\"WebPage\",\"@id\":\"https:\\\/\\\/eurostel.be\\\/fr\\\/moulage-par-injection\\\/cilinders\\\/\",\"url\":\"https:\\\/\\\/eurostel.be\\\/fr\\\/moulage-par-injection\\\/cilinders\\\/\",\"name\":\"Cylindres - Euro-Stel\",\"isPartOf\":{\"@id\":\"https:\\\/\\\/eurostel.be\\\/fr\\\/#website\"},\"primaryImageOfPage\":{\"@id\":\"https:\\\/\\\/eurostel.be\\\/fr\\\/moulage-par-injection\\\/cilinders\\\/#primaryimage\"},\"image\":{\"@id\":\"https:\\\/\\\/eurostel.be\\\/fr\\\/moulage-par-injection\\\/cilinders\\\/#primaryimage\"},\"thumbnailUrl\":\"https:\\\/\\\/eurostel.be\\\/wp-content\\\/uploads\\\/2021\\\/08\\\/4.jpg\",\"datePublished\":\"2021-08-05T08:28:18+00:00\",\"dateModified\":\"2021-11-30T10:40:25+00:00\",\"breadcrumb\":{\"@id\":\"https:\\\/\\\/eurostel.be\\\/fr\\\/moulage-par-injection\\\/cilinders\\\/#breadcrumb\"},\"inLanguage\":\"fr-FR\",\"potentialAction\":[{\"@type\":\"ReadAction\",\"target\":[\"https:\\\/\\\/eurostel.be\\\/fr\\\/moulage-par-injection\\\/cilinders\\\/\"]}]},{\"@type\":\"ImageObject\",\"inLanguage\":\"fr-FR\",\"@id\":\"https:\\\/\\\/eurostel.be\\\/fr\\\/moulage-par-injection\\\/cilinders\\\/#primaryimage\",\"url\":\"https:\\\/\\\/eurostel.be\\\/wp-content\\\/uploads\\\/2021\\\/08\\\/4.jpg\",\"contentUrl\":\"https:\\\/\\\/eurostel.be\\\/wp-content\\\/uploads\\\/2021\\\/08\\\/4.jpg\",\"width\":960,\"height\":960},{\"@type\":\"BreadcrumbList\",\"@id\":\"https:\\\/\\\/eurostel.be\\\/fr\\\/moulage-par-injection\\\/cilinders\\\/#breadcrumb\",\"itemListElement\":[{\"@type\":\"ListItem\",\"position\":1,\"name\":\"Home\",\"item\":\"https:\\\/\\\/eurostel.be\\\/fr\\\/\"},{\"@type\":\"ListItem\",\"position\":2,\"name\":\"Injection\",\"item\":\"https:\\\/\\\/eurostel.be\\\/fr\\\/moulage-par-injection\\\/\"},{\"@type\":\"ListItem\",\"position\":3,\"name\":\"Cylindres\"}]},{\"@type\":\"WebSite\",\"@id\":\"https:\\\/\\\/eurostel.be\\\/fr\\\/#website\",\"url\":\"https:\\\/\\\/eurostel.be\\\/fr\\\/\",\"name\":\"Euro-Stel\",\"description\":\"Uw volwaardige kunststofleverancier\",\"publisher\":{\"@id\":\"https:\\\/\\\/eurostel.be\\\/fr\\\/#organization\"},\"potentialAction\":[{\"@type\":\"SearchAction\",\"target\":{\"@type\":\"EntryPoint\",\"urlTemplate\":\"https:\\\/\\\/eurostel.be\\\/fr\\\/?s={search_term_string}\"},\"query-input\":{\"@type\":\"PropertyValueSpecification\",\"valueRequired\":true,\"valueName\":\"search_term_string\"}}],\"inLanguage\":\"fr-FR\"},{\"@type\":\"Organization\",\"@id\":\"https:\\\/\\\/eurostel.be\\\/fr\\\/#organization\",\"name\":\"Euro-Stel\",\"url\":\"https:\\\/\\\/eurostel.be\\\/fr\\\/\",\"logo\":{\"@type\":\"ImageObject\",\"inLanguage\":\"fr-FR\",\"@id\":\"https:\\\/\\\/eurostel.be\\\/fr\\\/#\\\/schema\\\/logo\\\/image\\\/\",\"url\":\"https:\\\/\\\/eurostel.jeroclients.be\\\/wp-content\\\/uploads\\\/2021\\\/08\\\/android-chrome-512x512-1.png\",\"contentUrl\":\"https:\\\/\\\/eurostel.jeroclients.be\\\/wp-content\\\/uploads\\\/2021\\\/08\\\/android-chrome-512x512-1.png\",\"width\":512,\"height\":512,\"caption\":\"Euro-Stel\"},\"image\":{\"@id\":\"https:\\\/\\\/eurostel.be\\\/fr\\\/#\\\/schema\\\/logo\\\/image\\\/\"}}]}<\/script>\n<!-- \/ Yoast SEO plugin. -->","yoast_head_json":{"title":"Cylindres - Euro-Stel","robots":{"index":"index","follow":"follow","max-snippet":"max-snippet:-1","max-image-preview":"max-image-preview:large","max-video-preview":"max-video-preview:-1"},"canonical":"https:\/\/eurostel.be\/fr\/moulage-par-injection\/cilinders\/","og_locale":"fr_FR","og_type":"article","og_title":"Cylindres - Euro-Stel","og_description":"Vous demandez et nous livrons : Euro-Stel fournit des cylindres pour tous les types d\u2019extrudeuses et de presses \u00e0 injecter.","og_url":"https:\/\/eurostel.be\/fr\/moulage-par-injection\/cilinders\/","og_site_name":"Euro-Stel","article_modified_time":"2021-11-30T10:40:25+00:00","og_image":[{"width":960,"height":960,"url":"https:\/\/eurostel.be\/wp-content\/uploads\/2021\/08\/4.jpg","type":"image\/jpeg"}],"twitter_card":"summary_large_image","twitter_misc":{"Dur\u00e9e de lecture estim\u00e9e":"3 minutes"},"schema":{"@context":"https:\/\/schema.org","@graph":[{"@type":"WebPage","@id":"https:\/\/eurostel.be\/fr\/moulage-par-injection\/cilinders\/","url":"https:\/\/eurostel.be\/fr\/moulage-par-injection\/cilinders\/","name":"Cylindres - Euro-Stel","isPartOf":{"@id":"https:\/\/eurostel.be\/fr\/#website"},"primaryImageOfPage":{"@id":"https:\/\/eurostel.be\/fr\/moulage-par-injection\/cilinders\/#primaryimage"},"image":{"@id":"https:\/\/eurostel.be\/fr\/moulage-par-injection\/cilinders\/#primaryimage"},"thumbnailUrl":"https:\/\/eurostel.be\/wp-content\/uploads\/2021\/08\/4.jpg","datePublished":"2021-08-05T08:28:18+00:00","dateModified":"2021-11-30T10:40:25+00:00","breadcrumb":{"@id":"https:\/\/eurostel.be\/fr\/moulage-par-injection\/cilinders\/#breadcrumb"},"inLanguage":"fr-FR","potentialAction":[{"@type":"ReadAction","target":["https:\/\/eurostel.be\/fr\/moulage-par-injection\/cilinders\/"]}]},{"@type":"ImageObject","inLanguage":"fr-FR","@id":"https:\/\/eurostel.be\/fr\/moulage-par-injection\/cilinders\/#primaryimage","url":"https:\/\/eurostel.be\/wp-content\/uploads\/2021\/08\/4.jpg","contentUrl":"https:\/\/eurostel.be\/wp-content\/uploads\/2021\/08\/4.jpg","width":960,"height":960},{"@type":"BreadcrumbList","@id":"https:\/\/eurostel.be\/fr\/moulage-par-injection\/cilinders\/#breadcrumb","itemListElement":[{"@type":"ListItem","position":1,"name":"Home","item":"https:\/\/eurostel.be\/fr\/"},{"@type":"ListItem","position":2,"name":"Injection","item":"https:\/\/eurostel.be\/fr\/moulage-par-injection\/"},{"@type":"ListItem","position":3,"name":"Cylindres"}]},{"@type":"WebSite","@id":"https:\/\/eurostel.be\/fr\/#website","url":"https:\/\/eurostel.be\/fr\/","name":"Euro-Stel","description":"Uw volwaardige kunststofleverancier","publisher":{"@id":"https:\/\/eurostel.be\/fr\/#organization"},"potentialAction":[{"@type":"SearchAction","target":{"@type":"EntryPoint","urlTemplate":"https:\/\/eurostel.be\/fr\/?s={search_term_string}"},"query-input":{"@type":"PropertyValueSpecification","valueRequired":true,"valueName":"search_term_string"}}],"inLanguage":"fr-FR"},{"@type":"Organization","@id":"https:\/\/eurostel.be\/fr\/#organization","name":"Euro-Stel","url":"https:\/\/eurostel.be\/fr\/","logo":{"@type":"ImageObject","inLanguage":"fr-FR","@id":"https:\/\/eurostel.be\/fr\/#\/schema\/logo\/image\/","url":"https:\/\/eurostel.jeroclients.be\/wp-content\/uploads\/2021\/08\/android-chrome-512x512-1.png","contentUrl":"https:\/\/eurostel.jeroclients.be\/wp-content\/uploads\/2021\/08\/android-chrome-512x512-1.png","width":512,"height":512,"caption":"Euro-Stel"},"image":{"@id":"https:\/\/eurostel.be\/fr\/#\/schema\/logo\/image\/"}}]}},"_links":{"self":[{"href":"https:\/\/eurostel.be\/fr\/wp-json\/wp\/v2\/pages\/307","targetHints":{"allow":["GET"]}}],"collection":[{"href":"https:\/\/eurostel.be\/fr\/wp-json\/wp\/v2\/pages"}],"about":[{"href":"https:\/\/eurostel.be\/fr\/wp-json\/wp\/v2\/types\/page"}],"author":[{"embeddable":true,"href":"https:\/\/eurostel.be\/fr\/wp-json\/wp\/v2\/users\/1"}],"replies":[{"embeddable":true,"href":"https:\/\/eurostel.be\/fr\/wp-json\/wp\/v2\/comments?post=307"}],"version-history":[{"count":0,"href":"https:\/\/eurostel.be\/fr\/wp-json\/wp\/v2\/pages\/307\/revisions"}],"up":[{"embeddable":true,"href":"https:\/\/eurostel.be\/fr\/wp-json\/wp\/v2\/pages\/451"}],"wp:featuredmedia":[{"embeddable":true,"href":"https:\/\/eurostel.be\/fr\/wp-json\/wp\/v2\/media\/158"}],"wp:attachment":[{"href":"https:\/\/eurostel.be\/fr\/wp-json\/wp\/v2\/media?parent=307"}],"curies":[{"name":"wp","href":"https:\/\/api.w.org\/{rel}","templated":true}]}}