{"id":303,"date":"2021-08-05T10:40:18","date_gmt":"2021-08-05T08:40:18","guid":{"rendered":"https:\/\/eurostel.jeroclients.be\/terugslagkleppen\/"},"modified":"2021-11-30T11:48:29","modified_gmt":"2021-11-30T10:48:29","slug":"terugslagkleppen","status":"publish","type":"page","link":"https:\/\/eurostel.be\/fr\/moulage-par-injection\/terugslagkleppen\/","title":{"rendered":"Clapets anti-retour"},"content":{"rendered":"\n<h2 class=\"wp-block-heading\">Pr\u00e9cision et long\u00e9vit\u00e9<\/h2>\n\n\n\n<p>Tout comme pour les vis et les cylindres, une g\u00e9om\u00e9trie adapt\u00e9e, ainsi qu\u2019un choix ad\u00e9quat de la m\u00e9tallurgie et du traitement sont des facteurs cl\u00e9s, qui garantiront un fonctionnement pr\u00e9cis et une long\u00e9vit\u00e9 pour vos clapets.<\/p>\n\n\n\n<p><\/p>\n\n\n\n<h3 class=\"wp-block-heading\">Le clapet 3 pi\u00e8ces \u00e0 bague<\/h3>\n\n\n\n<p>Ce type de clapet reste aujourd\u2019hui le plus r\u00e9pandu dans le domaine de la transformation des mati\u00e8res plastiques. Il se compose d\u2019une pointe pourvue de plusieurs ailes, d\u2019une bague d\u2019\u00e9tanch\u00e9it\u00e9 et d\u2019un si\u00e8ge.<\/p>\n\n\n\n<p>En fonction de votre application, Euro-Stel pourra vous proposer un blindage et un rev\u00eatement compl\u00e9mentaires, afin de vous garantir une utilisation pr\u00e9cise et une meilleure r\u00e9sistance \u00e0 l\u2019usure.<\/p>\n\n\n\n<p>Euro-Stel aura la possibilit\u00e9 de fabriquer pour certaines applications un clapet trois pi\u00e8ces \u00e0 bague tournante, permettant d\u2019augmenter significativement sa r\u00e9activit\u00e9. Une expertise sera n\u00e9cessaire avant de pouvoir vous proposer ce mod\u00e8le.<\/p>\n\n\n\n<p><\/p>\n\n\n\n<h3 class=\"wp-block-heading\">Le clapet \u00e0 bille <\/h3>\n\n\n\n<p>Ce type de clapet est r\u00e9put\u00e9 pour sa pr\u00e9cision et sa r\u00e9p\u00e9titivit\u00e9. Cette pr\u00e9cision est due \u00e0 la haute sensibilit\u00e9 \u00e0 la prSi vous souhaitez plus de stabilit\u00e9 pour vos cycles de production, le clapet \u00e0 bille sera l\u2019outil \u00e0 privil\u00e9gier. La haute sensibilit\u00e9 \u00e0 la pression, et la vitesse de r\u00e9action de la bille augmentent, consid\u00e9rablement, la pr\u00e9cision et le rendement de ce type de clapet.<\/p>\n\n\n\n<p>Toujours pourvu d\u2019un blindage sur la partie int\u00e9rieure comme sur la partie ext\u00e9rieure, les clapets \u00e0 bille peuvent \u00e9galement \u00eatre pourvu d\u2019un rev\u00eatement compl\u00e9mentaire.<\/p>\n\n\n\n<p>Notez qu\u2019une \u00e9tude de votre application devra \u00eatre men\u00e9e, avant de vous proposer ce genre de mod\u00e8le, incompatible pour la transformation de certaines mati\u00e8res.<\/p>\n\n\n\n<h3 class=\"wp-block-heading\">Les clapets sp\u00e9ciaux et clapets malaxeurs \u00e0 bague<\/h3>\n\n\n\n<p>En plus des applications standards, Euro-Stel est en capacit\u00e9 de fabriquer des clapets sp\u00e9ciaux r\u00e9pondant aux contraintes techniques de vos applications.<\/p>\n\n\n\n<p>Nos diverses collaborations nous ont permises de mettre au point des clapets capables d\u2019offrir pr\u00e9cision et rendement pour la transformation du polycarbonate transparent, des polyamides charg\u00e9s en fibre de verre, d\u2019autres mati\u00e8res tr\u00e8s fluides, etc\u2026<\/p>\n\n\n\n<p>Une g\u00e9om\u00e9trie sp\u00e9cifique, l\u2019ajout d\u2019\u00e9l\u00e9ments ou bien encore l\u2019application d\u2019un rev\u00eatement sp\u00e9cifique seront utilis\u00e9s pour la fabrication d\u2019un clapet performant.<\/p>\n\n\n\n<figure class=\"wp-block-gallery columns-2 is-cropped wp-block-gallery-1 is-layout-flex wp-block-gallery-is-layout-flex\"><ul class=\"blocks-gallery-grid\"><li class=\"blocks-gallery-item\"><figure><img loading=\"lazy\" decoding=\"async\" width=\"1000\" height=\"1000\" src=\"https:\/\/eurostel.jeroclients.be\/wp-content\/uploads\/2021\/08\/pack011.jpg\" alt=\"\" data-id=\"167\" data-full-url=\"https:\/\/eurostel.jeroclients.be\/wp-content\/uploads\/2021\/08\/pack011.jpg\" data-link=\"https:\/\/eurostel.jeroclients.be\/?attachment_id=167\" class=\"wp-image-167\" srcset=\"https:\/\/eurostel.be\/wp-content\/uploads\/2021\/08\/pack011.jpg 1000w, https:\/\/eurostel.be\/wp-content\/uploads\/2021\/08\/pack011-150x150@2x.jpg 300w, https:\/\/eurostel.be\/wp-content\/uploads\/2021\/08\/pack011-150x150.jpg 150w, https:\/\/eurostel.be\/wp-content\/uploads\/2021\/08\/pack011-768x768.jpg 768w, https:\/\/eurostel.be\/wp-content\/uploads\/2021\/08\/pack011-480x480.jpg 480w, https:\/\/eurostel.be\/wp-content\/uploads\/2021\/08\/pack011-300x300@2x.jpg 600w\" sizes=\"auto, (max-width: 1000px) 100vw, 1000px\" \/><\/figure><\/li><li class=\"blocks-gallery-item\"><figure><img loading=\"lazy\" decoding=\"async\" width=\"960\" height=\"960\" src=\"https:\/\/eurostel.jeroclients.be\/wp-content\/uploads\/2021\/08\/pack019.jpg\" alt=\"\" data-id=\"163\" data-full-url=\"https:\/\/eurostel.jeroclients.be\/wp-content\/uploads\/2021\/08\/pack019.jpg\" data-link=\"https:\/\/eurostel.jeroclients.be\/?attachment_id=163\" class=\"wp-image-163\" srcset=\"https:\/\/eurostel.be\/wp-content\/uploads\/2021\/08\/pack019.jpg 960w, https:\/\/eurostel.be\/wp-content\/uploads\/2021\/08\/pack019-150x150@2x.jpg 300w, https:\/\/eurostel.be\/wp-content\/uploads\/2021\/08\/pack019-150x150.jpg 150w, https:\/\/eurostel.be\/wp-content\/uploads\/2021\/08\/pack019-768x768.jpg 768w, https:\/\/eurostel.be\/wp-content\/uploads\/2021\/08\/pack019-480x480.jpg 480w, https:\/\/eurostel.be\/wp-content\/uploads\/2021\/08\/pack019-300x300@2x.jpg 600w\" sizes=\"auto, (max-width: 960px) 100vw, 960px\" \/><\/figure><\/li><\/ul><\/figure>\n\n\n\n<h2 class=\"wp-block-heading\">Nous r\u00e9parons aussi vos clapets ! <\/h2>\n\n\n\n<p>Suite aux pressions \u00e9lev\u00e9es r\u00e9gnant dans la zone de dosage et au mouvement axial de la vis, les clapets anti-retour Les pressions \u00e9lev\u00e9es dans la zone de dosage et les mouvements de la vis, rendent les clapets tr\u00e8s sensibles \u00e0 l\u2019usure. Ces usures sont g\u00e9n\u00e9ralement l\u2019une des causes principales de la baisse de performance de vos cycles de production.<\/p>\n\n\n\n<p>Pour les clapets \u00e0 bague, la bague et le ou les si\u00e8ges doivent toujours \u00eatre remplac\u00e9s si possible par de nouvelles baIl est donc important d\u2019agir rapidement afin de proc\u00e9der au remplacement ou la r\u00e9fection de vos clapets us\u00e9s.<\/p>\n\n\n\n<div class=\"wp-block-group\"><div class=\"wp-block-group__inner-container is-layout-flow wp-block-group-is-layout-flow\">\n<p>Concernant les clapets \u00e0 bague, la pointe et dans certaines configuration la bague malaxeuse, sont des \u00e9l\u00e9ments r\u00e9parables. Tandis qu\u2019une bague lisse et un si\u00e8ge devront \u00eatre automatiquement remplac\u00e9s par des \u00e9l\u00e9ments neufs.<\/p>\n\n\n\n<p>Quant aux clapets \u00e0 bille, le rechargement et la rectification du si\u00e8ge int\u00e9rieur, ainsi que du diam\u00e8tre ext\u00e9rieur, sont g\u00e9n\u00e9ralement \u00e0 pr\u00e9voir. Par ailleurs, chaque r\u00e9vision comprendra la fourniture d\u2019une nouvelle bille.<\/p>\n<\/div><\/div>\n","protected":false},"excerpt":{"rendered":"<p>Euro-Stel fabrique tout type de clapets anti-retour pour toutes les de presses \u00e0 injecter et toutes les vis. <\/p>\n","protected":false},"author":1,"featured_media":165,"parent":451,"menu_order":40,"comment_status":"closed","ping_status":"closed","template":"","meta":{"_acf_changed":false,"footnotes":""},"class_list":["post-303","page","type-page","status-publish","has-post-thumbnail","hentry"],"acf":[],"yoast_head":"<!-- This site is optimized with the Yoast SEO plugin v27.4 - https:\/\/yoast.com\/product\/yoast-seo-wordpress\/ -->\n<title>Clapets anti-retour - Euro-Stel<\/title>\n<meta name=\"robots\" content=\"index, follow, max-snippet:-1, max-image-preview:large, max-video-preview:-1\" \/>\n<link rel=\"canonical\" href=\"https:\/\/eurostel.be\/fr\/moulage-par-injection\/terugslagkleppen\/\" \/>\n<meta property=\"og:locale\" content=\"fr_FR\" \/>\n<meta property=\"og:type\" content=\"article\" \/>\n<meta property=\"og:title\" content=\"Clapets anti-retour - Euro-Stel\" \/>\n<meta property=\"og:description\" content=\"Euro-Stel fabrique tout type de clapets anti-retour pour toutes les de presses \u00e0 injecter et toutes les vis.\" \/>\n<meta property=\"og:url\" content=\"https:\/\/eurostel.be\/fr\/moulage-par-injection\/terugslagkleppen\/\" \/>\n<meta property=\"og:site_name\" content=\"Euro-Stel\" \/>\n<meta property=\"article:modified_time\" content=\"2021-11-30T10:48:29+00:00\" \/>\n<meta property=\"og:image\" content=\"https:\/\/eurostel.be\/wp-content\/uploads\/2021\/08\/pack019.jpg\" \/>\n\t<meta property=\"og:image:width\" content=\"960\" \/>\n\t<meta property=\"og:image:height\" content=\"960\" \/>\n\t<meta property=\"og:image:type\" content=\"image\/jpeg\" \/>\n<meta name=\"twitter:card\" content=\"summary_large_image\" \/>\n<meta name=\"twitter:label1\" content=\"Dur\u00e9e de lecture estim\u00e9e\" \/>\n\t<meta name=\"twitter:data1\" content=\"3 minutes\" \/>\n<script type=\"application\/ld+json\" class=\"yoast-schema-graph\">{\"@context\":\"https:\\\/\\\/schema.org\",\"@graph\":[{\"@type\":\"WebPage\",\"@id\":\"https:\\\/\\\/eurostel.be\\\/fr\\\/moulage-par-injection\\\/terugslagkleppen\\\/\",\"url\":\"https:\\\/\\\/eurostel.be\\\/fr\\\/moulage-par-injection\\\/terugslagkleppen\\\/\",\"name\":\"Clapets anti-retour - Euro-Stel\",\"isPartOf\":{\"@id\":\"https:\\\/\\\/eurostel.be\\\/fr\\\/#website\"},\"primaryImageOfPage\":{\"@id\":\"https:\\\/\\\/eurostel.be\\\/fr\\\/moulage-par-injection\\\/terugslagkleppen\\\/#primaryimage\"},\"image\":{\"@id\":\"https:\\\/\\\/eurostel.be\\\/fr\\\/moulage-par-injection\\\/terugslagkleppen\\\/#primaryimage\"},\"thumbnailUrl\":\"https:\\\/\\\/eurostel.be\\\/wp-content\\\/uploads\\\/2021\\\/08\\\/pack019.jpg\",\"datePublished\":\"2021-08-05T08:40:18+00:00\",\"dateModified\":\"2021-11-30T10:48:29+00:00\",\"breadcrumb\":{\"@id\":\"https:\\\/\\\/eurostel.be\\\/fr\\\/moulage-par-injection\\\/terugslagkleppen\\\/#breadcrumb\"},\"inLanguage\":\"fr-FR\",\"potentialAction\":[{\"@type\":\"ReadAction\",\"target\":[\"https:\\\/\\\/eurostel.be\\\/fr\\\/moulage-par-injection\\\/terugslagkleppen\\\/\"]}]},{\"@type\":\"ImageObject\",\"inLanguage\":\"fr-FR\",\"@id\":\"https:\\\/\\\/eurostel.be\\\/fr\\\/moulage-par-injection\\\/terugslagkleppen\\\/#primaryimage\",\"url\":\"https:\\\/\\\/eurostel.be\\\/wp-content\\\/uploads\\\/2021\\\/08\\\/pack019.jpg\",\"contentUrl\":\"https:\\\/\\\/eurostel.be\\\/wp-content\\\/uploads\\\/2021\\\/08\\\/pack019.jpg\",\"width\":960,\"height\":960},{\"@type\":\"BreadcrumbList\",\"@id\":\"https:\\\/\\\/eurostel.be\\\/fr\\\/moulage-par-injection\\\/terugslagkleppen\\\/#breadcrumb\",\"itemListElement\":[{\"@type\":\"ListItem\",\"position\":1,\"name\":\"Home\",\"item\":\"https:\\\/\\\/eurostel.be\\\/fr\\\/\"},{\"@type\":\"ListItem\",\"position\":2,\"name\":\"Injection\",\"item\":\"https:\\\/\\\/eurostel.be\\\/fr\\\/moulage-par-injection\\\/\"},{\"@type\":\"ListItem\",\"position\":3,\"name\":\"Clapets anti-retour\"}]},{\"@type\":\"WebSite\",\"@id\":\"https:\\\/\\\/eurostel.be\\\/fr\\\/#website\",\"url\":\"https:\\\/\\\/eurostel.be\\\/fr\\\/\",\"name\":\"Euro-Stel\",\"description\":\"Uw volwaardige kunststofleverancier\",\"publisher\":{\"@id\":\"https:\\\/\\\/eurostel.be\\\/fr\\\/#organization\"},\"potentialAction\":[{\"@type\":\"SearchAction\",\"target\":{\"@type\":\"EntryPoint\",\"urlTemplate\":\"https:\\\/\\\/eurostel.be\\\/fr\\\/?s={search_term_string}\"},\"query-input\":{\"@type\":\"PropertyValueSpecification\",\"valueRequired\":true,\"valueName\":\"search_term_string\"}}],\"inLanguage\":\"fr-FR\"},{\"@type\":\"Organization\",\"@id\":\"https:\\\/\\\/eurostel.be\\\/fr\\\/#organization\",\"name\":\"Euro-Stel\",\"url\":\"https:\\\/\\\/eurostel.be\\\/fr\\\/\",\"logo\":{\"@type\":\"ImageObject\",\"inLanguage\":\"fr-FR\",\"@id\":\"https:\\\/\\\/eurostel.be\\\/fr\\\/#\\\/schema\\\/logo\\\/image\\\/\",\"url\":\"https:\\\/\\\/eurostel.jeroclients.be\\\/wp-content\\\/uploads\\\/2021\\\/08\\\/android-chrome-512x512-1.png\",\"contentUrl\":\"https:\\\/\\\/eurostel.jeroclients.be\\\/wp-content\\\/uploads\\\/2021\\\/08\\\/android-chrome-512x512-1.png\",\"width\":512,\"height\":512,\"caption\":\"Euro-Stel\"},\"image\":{\"@id\":\"https:\\\/\\\/eurostel.be\\\/fr\\\/#\\\/schema\\\/logo\\\/image\\\/\"}}]}<\/script>\n<!-- \/ Yoast SEO plugin. -->","yoast_head_json":{"title":"Clapets anti-retour - Euro-Stel","robots":{"index":"index","follow":"follow","max-snippet":"max-snippet:-1","max-image-preview":"max-image-preview:large","max-video-preview":"max-video-preview:-1"},"canonical":"https:\/\/eurostel.be\/fr\/moulage-par-injection\/terugslagkleppen\/","og_locale":"fr_FR","og_type":"article","og_title":"Clapets anti-retour - Euro-Stel","og_description":"Euro-Stel fabrique tout type de clapets anti-retour pour toutes les de presses \u00e0 injecter et toutes les vis.","og_url":"https:\/\/eurostel.be\/fr\/moulage-par-injection\/terugslagkleppen\/","og_site_name":"Euro-Stel","article_modified_time":"2021-11-30T10:48:29+00:00","og_image":[{"width":960,"height":960,"url":"https:\/\/eurostel.be\/wp-content\/uploads\/2021\/08\/pack019.jpg","type":"image\/jpeg"}],"twitter_card":"summary_large_image","twitter_misc":{"Dur\u00e9e de lecture estim\u00e9e":"3 minutes"},"schema":{"@context":"https:\/\/schema.org","@graph":[{"@type":"WebPage","@id":"https:\/\/eurostel.be\/fr\/moulage-par-injection\/terugslagkleppen\/","url":"https:\/\/eurostel.be\/fr\/moulage-par-injection\/terugslagkleppen\/","name":"Clapets anti-retour - Euro-Stel","isPartOf":{"@id":"https:\/\/eurostel.be\/fr\/#website"},"primaryImageOfPage":{"@id":"https:\/\/eurostel.be\/fr\/moulage-par-injection\/terugslagkleppen\/#primaryimage"},"image":{"@id":"https:\/\/eurostel.be\/fr\/moulage-par-injection\/terugslagkleppen\/#primaryimage"},"thumbnailUrl":"https:\/\/eurostel.be\/wp-content\/uploads\/2021\/08\/pack019.jpg","datePublished":"2021-08-05T08:40:18+00:00","dateModified":"2021-11-30T10:48:29+00:00","breadcrumb":{"@id":"https:\/\/eurostel.be\/fr\/moulage-par-injection\/terugslagkleppen\/#breadcrumb"},"inLanguage":"fr-FR","potentialAction":[{"@type":"ReadAction","target":["https:\/\/eurostel.be\/fr\/moulage-par-injection\/terugslagkleppen\/"]}]},{"@type":"ImageObject","inLanguage":"fr-FR","@id":"https:\/\/eurostel.be\/fr\/moulage-par-injection\/terugslagkleppen\/#primaryimage","url":"https:\/\/eurostel.be\/wp-content\/uploads\/2021\/08\/pack019.jpg","contentUrl":"https:\/\/eurostel.be\/wp-content\/uploads\/2021\/08\/pack019.jpg","width":960,"height":960},{"@type":"BreadcrumbList","@id":"https:\/\/eurostel.be\/fr\/moulage-par-injection\/terugslagkleppen\/#breadcrumb","itemListElement":[{"@type":"ListItem","position":1,"name":"Home","item":"https:\/\/eurostel.be\/fr\/"},{"@type":"ListItem","position":2,"name":"Injection","item":"https:\/\/eurostel.be\/fr\/moulage-par-injection\/"},{"@type":"ListItem","position":3,"name":"Clapets anti-retour"}]},{"@type":"WebSite","@id":"https:\/\/eurostel.be\/fr\/#website","url":"https:\/\/eurostel.be\/fr\/","name":"Euro-Stel","description":"Uw volwaardige kunststofleverancier","publisher":{"@id":"https:\/\/eurostel.be\/fr\/#organization"},"potentialAction":[{"@type":"SearchAction","target":{"@type":"EntryPoint","urlTemplate":"https:\/\/eurostel.be\/fr\/?s={search_term_string}"},"query-input":{"@type":"PropertyValueSpecification","valueRequired":true,"valueName":"search_term_string"}}],"inLanguage":"fr-FR"},{"@type":"Organization","@id":"https:\/\/eurostel.be\/fr\/#organization","name":"Euro-Stel","url":"https:\/\/eurostel.be\/fr\/","logo":{"@type":"ImageObject","inLanguage":"fr-FR","@id":"https:\/\/eurostel.be\/fr\/#\/schema\/logo\/image\/","url":"https:\/\/eurostel.jeroclients.be\/wp-content\/uploads\/2021\/08\/android-chrome-512x512-1.png","contentUrl":"https:\/\/eurostel.jeroclients.be\/wp-content\/uploads\/2021\/08\/android-chrome-512x512-1.png","width":512,"height":512,"caption":"Euro-Stel"},"image":{"@id":"https:\/\/eurostel.be\/fr\/#\/schema\/logo\/image\/"}}]}},"_links":{"self":[{"href":"https:\/\/eurostel.be\/fr\/wp-json\/wp\/v2\/pages\/303","targetHints":{"allow":["GET"]}}],"collection":[{"href":"https:\/\/eurostel.be\/fr\/wp-json\/wp\/v2\/pages"}],"about":[{"href":"https:\/\/eurostel.be\/fr\/wp-json\/wp\/v2\/types\/page"}],"author":[{"embeddable":true,"href":"https:\/\/eurostel.be\/fr\/wp-json\/wp\/v2\/users\/1"}],"replies":[{"embeddable":true,"href":"https:\/\/eurostel.be\/fr\/wp-json\/wp\/v2\/comments?post=303"}],"version-history":[{"count":0,"href":"https:\/\/eurostel.be\/fr\/wp-json\/wp\/v2\/pages\/303\/revisions"}],"up":[{"embeddable":true,"href":"https:\/\/eurostel.be\/fr\/wp-json\/wp\/v2\/pages\/451"}],"wp:featuredmedia":[{"embeddable":true,"href":"https:\/\/eurostel.be\/fr\/wp-json\/wp\/v2\/media\/165"}],"wp:attachment":[{"href":"https:\/\/eurostel.be\/fr\/wp-json\/wp\/v2\/media?parent=303"}],"curies":[{"name":"wp","href":"https:\/\/api.w.org\/{rel}","templated":true}]}}