{"id":293,"date":"2021-08-05T11:08:45","date_gmt":"2021-08-05T09:08:45","guid":{"rendered":"https:\/\/eurostel.jeroclients.be\/varia\/"},"modified":"2021-11-30T14:53:54","modified_gmt":"2021-11-30T13:53:54","slug":"varia","status":"publish","type":"page","link":"https:\/\/eurostel.be\/fr\/moulage-par-injection\/varia\/","title":{"rendered":"Divers"},"content":{"rendered":"\n<h2 class=\"wp-block-heading\">Il n&rsquo;y a pas que la plasturgie<\/h2>\n\n\n\n<p>Les exp\u00e9riences et diverses collaborations avec les plasturgistes, pour les fabrications et r\u00e9parations de vis, cylindres, clapets, colonnes, etc&#8230;ont permis \u00e0 Euro-Stel de devenir une soci\u00e9t\u00e9 experte dans le travail des m\u00e9tallurgies et rev\u00eatements techniques.<\/p>\n\n\n\n<p>Dans certains cas, Euro-Stel met \u00e0 disposition des soci\u00e9t\u00e9s hors secteur plastique, son savoir-faire et ses comp\u00e9tences telles que le tournage, le fraisage, le meulage, le blindage et les diff\u00e9rentes techniques de soudage.<\/p>\n\n\n\n<p>Il est clair qu\u2019\u00e0 c\u00f4t\u00e9 des pi\u00e8ces pour le secteur du plastiques, nous fabriquons \u00e9galement des pi\u00e8ces \u00ab\u2009sp\u00e9ciales\u2009\u00bb dans Bien que son activit\u00e9 principale r\u00e9side autour des questions de la plasturgie, Euro-Stel peut se voir confier d\u2019autres projets sp\u00e9cifiques. Le travail de ces pi\u00e8ces n\u00e9cessitent une \u00e9tude et une expertise approfondies, de par leur complexit\u00e9 technique.<\/p>\n\n\n\n<p>Sur la base de dessins techniques, et apr\u00e8s consultation, Euro-Stel sera probablement en mesure de vous proposer la ou les pi\u00e8ces souhait\u00e9es, pour votre application. N\u2019h\u00e9sitez pas \u00e0 prendre contact pour l\u2019analyse de votre besoin.<\/p>\n\n\n\n<p> Par ailleurs, ces m\u00eames conditions concernent \u00e9galement vos besoins en r\u00e9paration. Une expertise sp\u00e9cifique afin d\u2019\u00e9valuer la possibilit\u00e9 de r\u00e9paration, et dans le m\u00eame la justification \u00e9conomique d\u2019une telle op\u00e9ration, compte tenu de l\u2019investissement pour une pi\u00e8ce neuve. <\/p>\n\n\n\n<figure class=\"wp-block-gallery columns-3 is-cropped wp-block-gallery-1 is-layout-flex wp-block-gallery-is-layout-flex\"><ul class=\"blocks-gallery-grid\"><li class=\"blocks-gallery-item\"><figure><img loading=\"lazy\" decoding=\"async\" width=\"960\" height=\"960\" src=\"https:\/\/eurostel.jeroclients.be\/wp-content\/uploads\/2021\/08\/2-1.jpg\" alt=\"\" data-id=\"192\" data-full-url=\"https:\/\/eurostel.jeroclients.be\/wp-content\/uploads\/2021\/08\/2-1.jpg\" data-link=\"https:\/\/eurostel.jeroclients.be\/?attachment_id=192\" class=\"wp-image-192\" srcset=\"https:\/\/eurostel.be\/wp-content\/uploads\/2021\/08\/2-1.jpg 960w, https:\/\/eurostel.be\/wp-content\/uploads\/2021\/08\/2-1-150x150@2x.jpg 300w, https:\/\/eurostel.be\/wp-content\/uploads\/2021\/08\/2-1-150x150.jpg 150w, https:\/\/eurostel.be\/wp-content\/uploads\/2021\/08\/2-1-768x768.jpg 768w, https:\/\/eurostel.be\/wp-content\/uploads\/2021\/08\/2-1-480x480.jpg 480w, https:\/\/eurostel.be\/wp-content\/uploads\/2021\/08\/2-1-300x300@2x.jpg 600w\" sizes=\"auto, (max-width: 960px) 100vw, 960px\" \/><\/figure><\/li><li class=\"blocks-gallery-item\"><figure><img loading=\"lazy\" decoding=\"async\" width=\"960\" height=\"960\" src=\"https:\/\/eurostel.jeroclients.be\/wp-content\/uploads\/2021\/08\/4-2.jpg\" alt=\"\" data-id=\"196\" data-full-url=\"https:\/\/eurostel.jeroclients.be\/wp-content\/uploads\/2021\/08\/4-2.jpg\" data-link=\"https:\/\/eurostel.jeroclients.be\/?attachment_id=196\" class=\"wp-image-196\" srcset=\"https:\/\/eurostel.be\/wp-content\/uploads\/2021\/08\/4-2.jpg 960w, https:\/\/eurostel.be\/wp-content\/uploads\/2021\/08\/4-2-150x150@2x.jpg 300w, https:\/\/eurostel.be\/wp-content\/uploads\/2021\/08\/4-2-150x150.jpg 150w, https:\/\/eurostel.be\/wp-content\/uploads\/2021\/08\/4-2-768x768.jpg 768w, https:\/\/eurostel.be\/wp-content\/uploads\/2021\/08\/4-2-480x480.jpg 480w, https:\/\/eurostel.be\/wp-content\/uploads\/2021\/08\/4-2-300x300@2x.jpg 600w\" sizes=\"auto, (max-width: 960px) 100vw, 960px\" \/><\/figure><\/li><li class=\"blocks-gallery-item\"><figure><img loading=\"lazy\" decoding=\"async\" width=\"960\" height=\"960\" src=\"https:\/\/eurostel.jeroclients.be\/wp-content\/uploads\/2021\/08\/scan-6x6-10-1.jpg\" alt=\"\" data-id=\"200\" data-full-url=\"https:\/\/eurostel.jeroclients.be\/wp-content\/uploads\/2021\/08\/scan-6x6-10-1.jpg\" data-link=\"https:\/\/eurostel.jeroclients.be\/?attachment_id=200\" class=\"wp-image-200\" srcset=\"https:\/\/eurostel.be\/wp-content\/uploads\/2021\/08\/scan-6x6-10-1.jpg 960w, https:\/\/eurostel.be\/wp-content\/uploads\/2021\/08\/scan-6x6-10-1-150x150@2x.jpg 300w, https:\/\/eurostel.be\/wp-content\/uploads\/2021\/08\/scan-6x6-10-1-150x150.jpg 150w, https:\/\/eurostel.be\/wp-content\/uploads\/2021\/08\/scan-6x6-10-1-768x768.jpg 768w, https:\/\/eurostel.be\/wp-content\/uploads\/2021\/08\/scan-6x6-10-1-480x480.jpg 480w, https:\/\/eurostel.be\/wp-content\/uploads\/2021\/08\/scan-6x6-10-1-300x300@2x.jpg 600w\" sizes=\"auto, (max-width: 960px) 100vw, 960px\" \/><\/figure><\/li><\/ul><\/figure>\n","protected":false},"excerpt":{"rendered":"<p>En plus des pi\u00e8ces pour le secteur de la plasturgie, nous ne fabriquons que des pi\u00e8ces \u00ab sp\u00e9ciales \u00bb en s\u00e9ries limit\u00e9es. Les entreprises peuvent nous contacter sans engagement.<\/p>\n","protected":false},"author":1,"featured_media":202,"parent":451,"menu_order":60,"comment_status":"closed","ping_status":"closed","template":"","meta":{"_acf_changed":false,"footnotes":""},"class_list":["post-293","page","type-page","status-publish","has-post-thumbnail","hentry"],"acf":[],"yoast_head":"<!-- This site is optimized with the Yoast SEO plugin v27.4 - https:\/\/yoast.com\/product\/yoast-seo-wordpress\/ -->\n<title>Divers - Euro-Stel<\/title>\n<meta name=\"robots\" content=\"index, follow, max-snippet:-1, max-image-preview:large, max-video-preview:-1\" \/>\n<link rel=\"canonical\" href=\"https:\/\/eurostel.be\/fr\/moulage-par-injection\/varia\/\" \/>\n<meta property=\"og:locale\" content=\"fr_FR\" \/>\n<meta property=\"og:type\" content=\"article\" \/>\n<meta property=\"og:title\" content=\"Divers - Euro-Stel\" \/>\n<meta property=\"og:description\" content=\"En plus des pi\u00e8ces pour le secteur de la plasturgie, nous ne fabriquons que des pi\u00e8ces \u00ab sp\u00e9ciales \u00bb en s\u00e9ries limit\u00e9es. Les entreprises peuvent nous contacter sans engagement.\" \/>\n<meta property=\"og:url\" content=\"https:\/\/eurostel.be\/fr\/moulage-par-injection\/varia\/\" \/>\n<meta property=\"og:site_name\" content=\"Euro-Stel\" \/>\n<meta property=\"article:modified_time\" content=\"2021-11-30T13:53:54+00:00\" \/>\n<meta property=\"og:image\" content=\"https:\/\/eurostel.be\/wp-content\/uploads\/2021\/08\/scan-6x6-10-1.jpg\" \/>\n\t<meta property=\"og:image:width\" content=\"960\" \/>\n\t<meta property=\"og:image:height\" content=\"960\" \/>\n\t<meta property=\"og:image:type\" content=\"image\/jpeg\" \/>\n<meta name=\"twitter:card\" content=\"summary_large_image\" \/>\n<meta name=\"twitter:label1\" content=\"Dur\u00e9e de lecture estim\u00e9e\" \/>\n\t<meta name=\"twitter:data1\" content=\"2 minutes\" \/>\n<script type=\"application\/ld+json\" class=\"yoast-schema-graph\">{\"@context\":\"https:\\\/\\\/schema.org\",\"@graph\":[{\"@type\":\"WebPage\",\"@id\":\"https:\\\/\\\/eurostel.be\\\/fr\\\/moulage-par-injection\\\/varia\\\/\",\"url\":\"https:\\\/\\\/eurostel.be\\\/fr\\\/moulage-par-injection\\\/varia\\\/\",\"name\":\"Divers - Euro-Stel\",\"isPartOf\":{\"@id\":\"https:\\\/\\\/eurostel.be\\\/fr\\\/#website\"},\"primaryImageOfPage\":{\"@id\":\"https:\\\/\\\/eurostel.be\\\/fr\\\/moulage-par-injection\\\/varia\\\/#primaryimage\"},\"image\":{\"@id\":\"https:\\\/\\\/eurostel.be\\\/fr\\\/moulage-par-injection\\\/varia\\\/#primaryimage\"},\"thumbnailUrl\":\"https:\\\/\\\/eurostel.be\\\/wp-content\\\/uploads\\\/2021\\\/08\\\/scan-6x6-10-1.jpg\",\"datePublished\":\"2021-08-05T09:08:45+00:00\",\"dateModified\":\"2021-11-30T13:53:54+00:00\",\"breadcrumb\":{\"@id\":\"https:\\\/\\\/eurostel.be\\\/fr\\\/moulage-par-injection\\\/varia\\\/#breadcrumb\"},\"inLanguage\":\"fr-FR\",\"potentialAction\":[{\"@type\":\"ReadAction\",\"target\":[\"https:\\\/\\\/eurostel.be\\\/fr\\\/moulage-par-injection\\\/varia\\\/\"]}]},{\"@type\":\"ImageObject\",\"inLanguage\":\"fr-FR\",\"@id\":\"https:\\\/\\\/eurostel.be\\\/fr\\\/moulage-par-injection\\\/varia\\\/#primaryimage\",\"url\":\"https:\\\/\\\/eurostel.be\\\/wp-content\\\/uploads\\\/2021\\\/08\\\/scan-6x6-10-1.jpg\",\"contentUrl\":\"https:\\\/\\\/eurostel.be\\\/wp-content\\\/uploads\\\/2021\\\/08\\\/scan-6x6-10-1.jpg\",\"width\":960,\"height\":960},{\"@type\":\"BreadcrumbList\",\"@id\":\"https:\\\/\\\/eurostel.be\\\/fr\\\/moulage-par-injection\\\/varia\\\/#breadcrumb\",\"itemListElement\":[{\"@type\":\"ListItem\",\"position\":1,\"name\":\"Home\",\"item\":\"https:\\\/\\\/eurostel.be\\\/fr\\\/\"},{\"@type\":\"ListItem\",\"position\":2,\"name\":\"Injection\",\"item\":\"https:\\\/\\\/eurostel.be\\\/fr\\\/moulage-par-injection\\\/\"},{\"@type\":\"ListItem\",\"position\":3,\"name\":\"Divers\"}]},{\"@type\":\"WebSite\",\"@id\":\"https:\\\/\\\/eurostel.be\\\/fr\\\/#website\",\"url\":\"https:\\\/\\\/eurostel.be\\\/fr\\\/\",\"name\":\"Euro-Stel\",\"description\":\"Uw volwaardige kunststofleverancier\",\"publisher\":{\"@id\":\"https:\\\/\\\/eurostel.be\\\/fr\\\/#organization\"},\"potentialAction\":[{\"@type\":\"SearchAction\",\"target\":{\"@type\":\"EntryPoint\",\"urlTemplate\":\"https:\\\/\\\/eurostel.be\\\/fr\\\/?s={search_term_string}\"},\"query-input\":{\"@type\":\"PropertyValueSpecification\",\"valueRequired\":true,\"valueName\":\"search_term_string\"}}],\"inLanguage\":\"fr-FR\"},{\"@type\":\"Organization\",\"@id\":\"https:\\\/\\\/eurostel.be\\\/fr\\\/#organization\",\"name\":\"Euro-Stel\",\"url\":\"https:\\\/\\\/eurostel.be\\\/fr\\\/\",\"logo\":{\"@type\":\"ImageObject\",\"inLanguage\":\"fr-FR\",\"@id\":\"https:\\\/\\\/eurostel.be\\\/fr\\\/#\\\/schema\\\/logo\\\/image\\\/\",\"url\":\"https:\\\/\\\/eurostel.jeroclients.be\\\/wp-content\\\/uploads\\\/2021\\\/08\\\/android-chrome-512x512-1.png\",\"contentUrl\":\"https:\\\/\\\/eurostel.jeroclients.be\\\/wp-content\\\/uploads\\\/2021\\\/08\\\/android-chrome-512x512-1.png\",\"width\":512,\"height\":512,\"caption\":\"Euro-Stel\"},\"image\":{\"@id\":\"https:\\\/\\\/eurostel.be\\\/fr\\\/#\\\/schema\\\/logo\\\/image\\\/\"}}]}<\/script>\n<!-- \/ Yoast SEO plugin. -->","yoast_head_json":{"title":"Divers - Euro-Stel","robots":{"index":"index","follow":"follow","max-snippet":"max-snippet:-1","max-image-preview":"max-image-preview:large","max-video-preview":"max-video-preview:-1"},"canonical":"https:\/\/eurostel.be\/fr\/moulage-par-injection\/varia\/","og_locale":"fr_FR","og_type":"article","og_title":"Divers - Euro-Stel","og_description":"En plus des pi\u00e8ces pour le secteur de la plasturgie, nous ne fabriquons que des pi\u00e8ces \u00ab sp\u00e9ciales \u00bb en s\u00e9ries limit\u00e9es. Les entreprises peuvent nous contacter sans engagement.","og_url":"https:\/\/eurostel.be\/fr\/moulage-par-injection\/varia\/","og_site_name":"Euro-Stel","article_modified_time":"2021-11-30T13:53:54+00:00","og_image":[{"width":960,"height":960,"url":"https:\/\/eurostel.be\/wp-content\/uploads\/2021\/08\/scan-6x6-10-1.jpg","type":"image\/jpeg"}],"twitter_card":"summary_large_image","twitter_misc":{"Dur\u00e9e de lecture estim\u00e9e":"2 minutes"},"schema":{"@context":"https:\/\/schema.org","@graph":[{"@type":"WebPage","@id":"https:\/\/eurostel.be\/fr\/moulage-par-injection\/varia\/","url":"https:\/\/eurostel.be\/fr\/moulage-par-injection\/varia\/","name":"Divers - Euro-Stel","isPartOf":{"@id":"https:\/\/eurostel.be\/fr\/#website"},"primaryImageOfPage":{"@id":"https:\/\/eurostel.be\/fr\/moulage-par-injection\/varia\/#primaryimage"},"image":{"@id":"https:\/\/eurostel.be\/fr\/moulage-par-injection\/varia\/#primaryimage"},"thumbnailUrl":"https:\/\/eurostel.be\/wp-content\/uploads\/2021\/08\/scan-6x6-10-1.jpg","datePublished":"2021-08-05T09:08:45+00:00","dateModified":"2021-11-30T13:53:54+00:00","breadcrumb":{"@id":"https:\/\/eurostel.be\/fr\/moulage-par-injection\/varia\/#breadcrumb"},"inLanguage":"fr-FR","potentialAction":[{"@type":"ReadAction","target":["https:\/\/eurostel.be\/fr\/moulage-par-injection\/varia\/"]}]},{"@type":"ImageObject","inLanguage":"fr-FR","@id":"https:\/\/eurostel.be\/fr\/moulage-par-injection\/varia\/#primaryimage","url":"https:\/\/eurostel.be\/wp-content\/uploads\/2021\/08\/scan-6x6-10-1.jpg","contentUrl":"https:\/\/eurostel.be\/wp-content\/uploads\/2021\/08\/scan-6x6-10-1.jpg","width":960,"height":960},{"@type":"BreadcrumbList","@id":"https:\/\/eurostel.be\/fr\/moulage-par-injection\/varia\/#breadcrumb","itemListElement":[{"@type":"ListItem","position":1,"name":"Home","item":"https:\/\/eurostel.be\/fr\/"},{"@type":"ListItem","position":2,"name":"Injection","item":"https:\/\/eurostel.be\/fr\/moulage-par-injection\/"},{"@type":"ListItem","position":3,"name":"Divers"}]},{"@type":"WebSite","@id":"https:\/\/eurostel.be\/fr\/#website","url":"https:\/\/eurostel.be\/fr\/","name":"Euro-Stel","description":"Uw volwaardige kunststofleverancier","publisher":{"@id":"https:\/\/eurostel.be\/fr\/#organization"},"potentialAction":[{"@type":"SearchAction","target":{"@type":"EntryPoint","urlTemplate":"https:\/\/eurostel.be\/fr\/?s={search_term_string}"},"query-input":{"@type":"PropertyValueSpecification","valueRequired":true,"valueName":"search_term_string"}}],"inLanguage":"fr-FR"},{"@type":"Organization","@id":"https:\/\/eurostel.be\/fr\/#organization","name":"Euro-Stel","url":"https:\/\/eurostel.be\/fr\/","logo":{"@type":"ImageObject","inLanguage":"fr-FR","@id":"https:\/\/eurostel.be\/fr\/#\/schema\/logo\/image\/","url":"https:\/\/eurostel.jeroclients.be\/wp-content\/uploads\/2021\/08\/android-chrome-512x512-1.png","contentUrl":"https:\/\/eurostel.jeroclients.be\/wp-content\/uploads\/2021\/08\/android-chrome-512x512-1.png","width":512,"height":512,"caption":"Euro-Stel"},"image":{"@id":"https:\/\/eurostel.be\/fr\/#\/schema\/logo\/image\/"}}]}},"_links":{"self":[{"href":"https:\/\/eurostel.be\/fr\/wp-json\/wp\/v2\/pages\/293","targetHints":{"allow":["GET"]}}],"collection":[{"href":"https:\/\/eurostel.be\/fr\/wp-json\/wp\/v2\/pages"}],"about":[{"href":"https:\/\/eurostel.be\/fr\/wp-json\/wp\/v2\/types\/page"}],"author":[{"embeddable":true,"href":"https:\/\/eurostel.be\/fr\/wp-json\/wp\/v2\/users\/1"}],"replies":[{"embeddable":true,"href":"https:\/\/eurostel.be\/fr\/wp-json\/wp\/v2\/comments?post=293"}],"version-history":[{"count":0,"href":"https:\/\/eurostel.be\/fr\/wp-json\/wp\/v2\/pages\/293\/revisions"}],"up":[{"embeddable":true,"href":"https:\/\/eurostel.be\/fr\/wp-json\/wp\/v2\/pages\/451"}],"wp:featuredmedia":[{"embeddable":true,"href":"https:\/\/eurostel.be\/fr\/wp-json\/wp\/v2\/media\/202"}],"wp:attachment":[{"href":"https:\/\/eurostel.be\/fr\/wp-json\/wp\/v2\/media?parent=293"}],"curies":[{"name":"wp","href":"https:\/\/api.w.org\/{rel}","templated":true}]}}