{"id":282,"date":"2021-08-05T13:42:36","date_gmt":"2021-08-05T11:42:36","guid":{"rendered":"https:\/\/eurostel.jeroclients.be\/diensten\/slijtagemetingen-en-rapporten\/"},"modified":"2021-11-30T15:12:53","modified_gmt":"2021-11-30T14:12:53","slug":"slijtagemetingen-en-rapporten","status":"publish","type":"page","link":"https:\/\/eurostel.be\/fr\/diensten\/slijtagemetingen-en-rapporten\/","title":{"rendered":"M\u00e9trologie"},"content":{"rendered":"\n<p>Comme l\u2019ensemble des composants techniques d\u2019une machine, les \u00e9l\u00e9ments de vos unit\u00e9s d\u2019injection et d\u2019extrusion s\u2019usent au fur et \u00e0 mesure des productions. Nos \u00e9quipes techniques sont en mesure de contr\u00f4ler vis, cylindres, clapets&#8230;avec pr\u00e9cisions par le moyen de mat\u00e9riels adapt\u00e9s.<\/p>\n\n\n\n<h2 class=\"wp-block-heading\">La pr\u00e9vention passe par le contr\u00f4le<\/h2>\n\n\n\n<p>Les sommets de filets sont les parties d\u2019une vis les plus touch\u00e9s par les usures, dues \u00e0 leurs frottements r\u00e9currents avec l\u2019al\u00e9sage du cylindre. Cet \u00e9v\u00e9nement m\u00e9canique aura comme effet de diminuer le diam\u00e8tre de la vis, et d\u2019augmenter le diam\u00e8tre int\u00e9rieur du cylindre.<\/p>\n\n\n\n<p>Il provoquera ind\u00e9niablement une baisse des performances de votre machine, et de la qualit\u00e9 de vos productions. L\u2019espace qui appara\u00eet entre les sommets de la vis et l\u2019al\u00e9sage du cylindre augmentera le flux de mati\u00e8re, et son temps de s\u00e9jour dans l\u2019unit\u00e9 de plastification, causant sa d\u00e9gradation.<\/p>\n\n\n\n<p>D\u00e8s que des probl\u00e8mes similaires peuvent \u00eatre constat\u00e9s, nous sommes en mesure de contr\u00f4ler l\u2019ensemble des \u00e9l\u00e9ments composants votre unit\u00e9 de plastification. Nos appareils sp\u00e9cifiques de m\u00e9trologie permettent le contr\u00f4le de vos pi\u00e8ces avec pr\u00e9cision, du dixi\u00e8me au centi\u00e8me pr\u00e8s.<\/p>\n\n\n\n<p>Cependant Euro-Stel conseille \u00e0 l\u2019ensemble de ses clients de ne pas attendre les premiers signes de faiblesses, pour proc\u00e9der aux contr\u00f4les de vos outils de production. Des contr\u00f4les pr\u00e9ventifs peuvent \u00eatre men\u00e9s, afin d&rsquo;\u00e9viter des d\u00e9sagr\u00e9ments importants, mettant en p\u00e9ril vos productions.<\/p>\n\n\n\n<h2 class=\"wp-block-heading\">Une \u00e9quipe mobile et r\u00e9active<\/h2>\n\n\n\n<p>Euro-Stel peut d\u00e9p\u00eacher une \u00e9quipe qui viendra contr\u00f4ler vos pi\u00e8ces dans vos usines de production. Nous pouvons \u00e9galement les recevoir dans notre atelier. Si notre \u00e9quipe de m\u00e9trologie venait \u00e0 se d\u00e9placer chez vous, il est indispensable que vos \u00e9l\u00e9ments respectent certaines obligations, pour que les contr\u00f4les puissent s\u2019effectuer dans les meilleures conditions (vis sortie du cylindre, ensemble d\u00e9pourvu de mati\u00e8re, chauffes machine coup\u00e9e, etc\u2026)<\/p>\n\n\n\n<p>Apr\u00e8s chaque mesure de l\u2019usure, le client re\u00e7oit un rapport avec les mesures des taux d\u2019usures mesur\u00e9s dans les Apr\u00e8s chaque contr\u00f4le, un rapport d\u00e9taill\u00e9 vous sera transmis. Toutes les mesures et constats d\u2019aspect de vos pi\u00e8ces y seront retranscrits. Nous vous fournirons \u00e9galement qu\u2019elles seraient les possibles actions \u00e0 mener sur ce mat\u00e9riel, afin de garantir une p\u00e9rennit\u00e9 de vos productions.<\/p>\n","protected":false},"excerpt":{"rendered":"<p>Tout comme les autres composants dynamiques d\u2019une machine, les vis et cylindres ont une dur\u00e9e de vie limit\u00e9e suivant leur sensibilit\u00e9 \u00e0 l\u2019usure. Il n&rsquo;existe pas de description g\u00e9n\u00e9rale de l&rsquo;usure des vis : elle a de nombreuses causes diff\u00e9rentes et se manifeste sous diverses formes.<\/p>\n","protected":false},"author":1,"featured_media":0,"parent":258,"menu_order":10,"comment_status":"closed","ping_status":"closed","template":"","meta":{"_acf_changed":false,"footnotes":""},"class_list":["post-282","page","type-page","status-publish","hentry"],"acf":[],"yoast_head":"<!-- This site is optimized with the Yoast SEO plugin v27.4 - https:\/\/yoast.com\/product\/yoast-seo-wordpress\/ -->\n<title>M\u00e9trologie - Euro-Stel<\/title>\n<meta name=\"robots\" content=\"index, follow, max-snippet:-1, max-image-preview:large, max-video-preview:-1\" \/>\n<link rel=\"canonical\" href=\"https:\/\/eurostel.be\/fr\/diensten\/slijtagemetingen-en-rapporten\/\" \/>\n<meta property=\"og:locale\" content=\"fr_FR\" \/>\n<meta property=\"og:type\" content=\"article\" \/>\n<meta property=\"og:title\" content=\"M\u00e9trologie - Euro-Stel\" \/>\n<meta property=\"og:description\" content=\"Tout comme les autres composants dynamiques d\u2019une machine, les vis et cylindres ont une dur\u00e9e de vie limit\u00e9e suivant leur sensibilit\u00e9 \u00e0 l\u2019usure. Il n&#039;existe pas de description g\u00e9n\u00e9rale de l&#039;usure des vis : elle a de nombreuses causes diff\u00e9rentes et se manifeste sous diverses formes.\" \/>\n<meta property=\"og:url\" content=\"https:\/\/eurostel.be\/fr\/diensten\/slijtagemetingen-en-rapporten\/\" \/>\n<meta property=\"og:site_name\" content=\"Euro-Stel\" \/>\n<meta property=\"article:modified_time\" content=\"2021-11-30T14:12:53+00:00\" \/>\n<meta name=\"twitter:card\" content=\"summary_large_image\" \/>\n<meta name=\"twitter:label1\" content=\"Dur\u00e9e de lecture estim\u00e9e\" \/>\n\t<meta name=\"twitter:data1\" content=\"2 minutes\" \/>\n<script type=\"application\/ld+json\" class=\"yoast-schema-graph\">{\"@context\":\"https:\\\/\\\/schema.org\",\"@graph\":[{\"@type\":\"WebPage\",\"@id\":\"https:\\\/\\\/eurostel.be\\\/fr\\\/diensten\\\/slijtagemetingen-en-rapporten\\\/\",\"url\":\"https:\\\/\\\/eurostel.be\\\/fr\\\/diensten\\\/slijtagemetingen-en-rapporten\\\/\",\"name\":\"M\u00e9trologie - Euro-Stel\",\"isPartOf\":{\"@id\":\"https:\\\/\\\/eurostel.be\\\/fr\\\/#website\"},\"datePublished\":\"2021-08-05T11:42:36+00:00\",\"dateModified\":\"2021-11-30T14:12:53+00:00\",\"breadcrumb\":{\"@id\":\"https:\\\/\\\/eurostel.be\\\/fr\\\/diensten\\\/slijtagemetingen-en-rapporten\\\/#breadcrumb\"},\"inLanguage\":\"fr-FR\",\"potentialAction\":[{\"@type\":\"ReadAction\",\"target\":[\"https:\\\/\\\/eurostel.be\\\/fr\\\/diensten\\\/slijtagemetingen-en-rapporten\\\/\"]}]},{\"@type\":\"BreadcrumbList\",\"@id\":\"https:\\\/\\\/eurostel.be\\\/fr\\\/diensten\\\/slijtagemetingen-en-rapporten\\\/#breadcrumb\",\"itemListElement\":[{\"@type\":\"ListItem\",\"position\":1,\"name\":\"Home\",\"item\":\"https:\\\/\\\/eurostel.be\\\/fr\\\/\"},{\"@type\":\"ListItem\",\"position\":2,\"name\":\"Services\",\"item\":\"https:\\\/\\\/eurostel.be\\\/fr\\\/diensten\\\/\"},{\"@type\":\"ListItem\",\"position\":3,\"name\":\"M\u00e9trologie\"}]},{\"@type\":\"WebSite\",\"@id\":\"https:\\\/\\\/eurostel.be\\\/fr\\\/#website\",\"url\":\"https:\\\/\\\/eurostel.be\\\/fr\\\/\",\"name\":\"Euro-Stel\",\"description\":\"Uw volwaardige kunststofleverancier\",\"publisher\":{\"@id\":\"https:\\\/\\\/eurostel.be\\\/fr\\\/#organization\"},\"potentialAction\":[{\"@type\":\"SearchAction\",\"target\":{\"@type\":\"EntryPoint\",\"urlTemplate\":\"https:\\\/\\\/eurostel.be\\\/fr\\\/?s={search_term_string}\"},\"query-input\":{\"@type\":\"PropertyValueSpecification\",\"valueRequired\":true,\"valueName\":\"search_term_string\"}}],\"inLanguage\":\"fr-FR\"},{\"@type\":\"Organization\",\"@id\":\"https:\\\/\\\/eurostel.be\\\/fr\\\/#organization\",\"name\":\"Euro-Stel\",\"url\":\"https:\\\/\\\/eurostel.be\\\/fr\\\/\",\"logo\":{\"@type\":\"ImageObject\",\"inLanguage\":\"fr-FR\",\"@id\":\"https:\\\/\\\/eurostel.be\\\/fr\\\/#\\\/schema\\\/logo\\\/image\\\/\",\"url\":\"https:\\\/\\\/eurostel.jeroclients.be\\\/wp-content\\\/uploads\\\/2021\\\/08\\\/android-chrome-512x512-1.png\",\"contentUrl\":\"https:\\\/\\\/eurostel.jeroclients.be\\\/wp-content\\\/uploads\\\/2021\\\/08\\\/android-chrome-512x512-1.png\",\"width\":512,\"height\":512,\"caption\":\"Euro-Stel\"},\"image\":{\"@id\":\"https:\\\/\\\/eurostel.be\\\/fr\\\/#\\\/schema\\\/logo\\\/image\\\/\"}}]}<\/script>\n<!-- \/ Yoast SEO plugin. -->","yoast_head_json":{"title":"M\u00e9trologie - Euro-Stel","robots":{"index":"index","follow":"follow","max-snippet":"max-snippet:-1","max-image-preview":"max-image-preview:large","max-video-preview":"max-video-preview:-1"},"canonical":"https:\/\/eurostel.be\/fr\/diensten\/slijtagemetingen-en-rapporten\/","og_locale":"fr_FR","og_type":"article","og_title":"M\u00e9trologie - Euro-Stel","og_description":"Tout comme les autres composants dynamiques d\u2019une machine, les vis et cylindres ont une dur\u00e9e de vie limit\u00e9e suivant leur sensibilit\u00e9 \u00e0 l\u2019usure. Il n'existe pas de description g\u00e9n\u00e9rale de l'usure des vis : elle a de nombreuses causes diff\u00e9rentes et se manifeste sous diverses formes.","og_url":"https:\/\/eurostel.be\/fr\/diensten\/slijtagemetingen-en-rapporten\/","og_site_name":"Euro-Stel","article_modified_time":"2021-11-30T14:12:53+00:00","twitter_card":"summary_large_image","twitter_misc":{"Dur\u00e9e de lecture estim\u00e9e":"2 minutes"},"schema":{"@context":"https:\/\/schema.org","@graph":[{"@type":"WebPage","@id":"https:\/\/eurostel.be\/fr\/diensten\/slijtagemetingen-en-rapporten\/","url":"https:\/\/eurostel.be\/fr\/diensten\/slijtagemetingen-en-rapporten\/","name":"M\u00e9trologie - Euro-Stel","isPartOf":{"@id":"https:\/\/eurostel.be\/fr\/#website"},"datePublished":"2021-08-05T11:42:36+00:00","dateModified":"2021-11-30T14:12:53+00:00","breadcrumb":{"@id":"https:\/\/eurostel.be\/fr\/diensten\/slijtagemetingen-en-rapporten\/#breadcrumb"},"inLanguage":"fr-FR","potentialAction":[{"@type":"ReadAction","target":["https:\/\/eurostel.be\/fr\/diensten\/slijtagemetingen-en-rapporten\/"]}]},{"@type":"BreadcrumbList","@id":"https:\/\/eurostel.be\/fr\/diensten\/slijtagemetingen-en-rapporten\/#breadcrumb","itemListElement":[{"@type":"ListItem","position":1,"name":"Home","item":"https:\/\/eurostel.be\/fr\/"},{"@type":"ListItem","position":2,"name":"Services","item":"https:\/\/eurostel.be\/fr\/diensten\/"},{"@type":"ListItem","position":3,"name":"M\u00e9trologie"}]},{"@type":"WebSite","@id":"https:\/\/eurostel.be\/fr\/#website","url":"https:\/\/eurostel.be\/fr\/","name":"Euro-Stel","description":"Uw volwaardige kunststofleverancier","publisher":{"@id":"https:\/\/eurostel.be\/fr\/#organization"},"potentialAction":[{"@type":"SearchAction","target":{"@type":"EntryPoint","urlTemplate":"https:\/\/eurostel.be\/fr\/?s={search_term_string}"},"query-input":{"@type":"PropertyValueSpecification","valueRequired":true,"valueName":"search_term_string"}}],"inLanguage":"fr-FR"},{"@type":"Organization","@id":"https:\/\/eurostel.be\/fr\/#organization","name":"Euro-Stel","url":"https:\/\/eurostel.be\/fr\/","logo":{"@type":"ImageObject","inLanguage":"fr-FR","@id":"https:\/\/eurostel.be\/fr\/#\/schema\/logo\/image\/","url":"https:\/\/eurostel.jeroclients.be\/wp-content\/uploads\/2021\/08\/android-chrome-512x512-1.png","contentUrl":"https:\/\/eurostel.jeroclients.be\/wp-content\/uploads\/2021\/08\/android-chrome-512x512-1.png","width":512,"height":512,"caption":"Euro-Stel"},"image":{"@id":"https:\/\/eurostel.be\/fr\/#\/schema\/logo\/image\/"}}]}},"_links":{"self":[{"href":"https:\/\/eurostel.be\/fr\/wp-json\/wp\/v2\/pages\/282","targetHints":{"allow":["GET"]}}],"collection":[{"href":"https:\/\/eurostel.be\/fr\/wp-json\/wp\/v2\/pages"}],"about":[{"href":"https:\/\/eurostel.be\/fr\/wp-json\/wp\/v2\/types\/page"}],"author":[{"embeddable":true,"href":"https:\/\/eurostel.be\/fr\/wp-json\/wp\/v2\/users\/1"}],"replies":[{"embeddable":true,"href":"https:\/\/eurostel.be\/fr\/wp-json\/wp\/v2\/comments?post=282"}],"version-history":[{"count":0,"href":"https:\/\/eurostel.be\/fr\/wp-json\/wp\/v2\/pages\/282\/revisions"}],"up":[{"embeddable":true,"href":"https:\/\/eurostel.be\/fr\/wp-json\/wp\/v2\/pages\/258"}],"wp:attachment":[{"href":"https:\/\/eurostel.be\/fr\/wp-json\/wp\/v2\/media?parent=282"}],"curies":[{"name":"wp","href":"https:\/\/api.w.org\/{rel}","templated":true}]}}