{"id":272,"date":"2021-08-05T13:45:22","date_gmt":"2021-08-05T11:45:22","guid":{"rendered":"https:\/\/eurostel.jeroclients.be\/diensten\/procesoptimalisatie-en-consultancy\/"},"modified":"2021-11-30T15:19:14","modified_gmt":"2021-11-30T14:19:14","slug":"procesoptimalisatie-en-consultancy","status":"publish","type":"page","link":"https:\/\/eurostel.be\/fr\/diensten\/procesoptimalisatie-en-consultancy\/","title":{"rendered":"Accompagnement technique"},"content":{"rendered":"\n<p><\/p>\n\n\n\n<p>Vous cherchez une solution sp\u00e9cifique pour l\u2019une de vos productions ? Euro-Stel peut vous accompagner dans cette recherche, et d\u00e9finir avec vous les choix optimis\u00e9s r\u00e9pondant aux besoins techniques de votre future application.<\/p>\n\n\n\n<p>Gr\u00e2ce \u00e0 ses \u00e9tudes pouss\u00e9es, ses multiples essais, et les diverses collaborations avec ses clients, Euro-Stel a d\u00e9velopp\u00e9 une exp\u00e9rience solide, dans le domaine de la transformation des mati\u00e8res plastiques.<\/p>\n\n\n\n<p>Les plasturgistes nous sollicitent afin de r\u00e9soudre leurs probl\u00e8mes et optimiser leur processus de production :<\/p>\n\n\n\n<ul class=\"wp-block-list\"><li>Rendement trop faible.<\/li><li>Mauvaise homog\u00e9n\u00e9it\u00e9 de la mati\u00e8re fondue.<\/li><li>Pressions trop \u00e9lev\u00e9es.<\/li><li>Pi\u00e8ces incompl\u00e8tes.<\/li><li>Usures mat\u00e9rielles.<\/li><li>Auto-\u00e9chauffement<\/li><\/ul>\n\n\n\n<p>Pour chaque cas, Euro-Stel analysera chaque probl\u00e9matique en d\u00e9tail, et proposera la ou les solutions, afin d\u2019optimiser votre processus de production. <\/p>\n\n\n\n<p>Afin que chaque demande soit trait\u00e9e de mani\u00e8re rapide et efficace, nous vous demanderons de nous fournir le maximum de donn\u00e9es et d\u2019informations relatives \u00e0 la production concern\u00e9e, au travers d\u2019un questionnaire qui vous sera envoy\u00e9 par l\u2019un de nos experts.<\/p>\n","protected":false},"excerpt":{"rendered":"<p>Beaucoup de th\u00e9ories et de r\u00e8gles sont reprises dans de nombreuses revues, n\u00e9anmoins elles sont souvent loin des r\u00e9alit\u00e9s rencontr\u00e9es tous les jours, sur les machines de transformations. <\/p>\n","protected":false},"author":1,"featured_media":0,"parent":258,"menu_order":30,"comment_status":"closed","ping_status":"closed","template":"","meta":{"_acf_changed":false,"footnotes":""},"class_list":["post-272","page","type-page","status-publish","hentry"],"acf":[],"yoast_head":"<!-- This site is optimized with the Yoast SEO plugin v27.4 - https:\/\/yoast.com\/product\/yoast-seo-wordpress\/ -->\n<title>Accompagnement technique - Euro-Stel<\/title>\n<meta name=\"robots\" content=\"index, follow, max-snippet:-1, max-image-preview:large, max-video-preview:-1\" \/>\n<link rel=\"canonical\" href=\"https:\/\/eurostel.be\/fr\/diensten\/procesoptimalisatie-en-consultancy\/\" \/>\n<meta property=\"og:locale\" content=\"fr_FR\" \/>\n<meta property=\"og:type\" content=\"article\" \/>\n<meta property=\"og:title\" content=\"Accompagnement technique - Euro-Stel\" \/>\n<meta property=\"og:description\" content=\"Beaucoup de th\u00e9ories et de r\u00e8gles sont reprises dans de nombreuses revues, n\u00e9anmoins elles sont souvent loin des r\u00e9alit\u00e9s rencontr\u00e9es tous les jours, sur les machines de transformations.\" \/>\n<meta property=\"og:url\" content=\"https:\/\/eurostel.be\/fr\/diensten\/procesoptimalisatie-en-consultancy\/\" \/>\n<meta property=\"og:site_name\" content=\"Euro-Stel\" \/>\n<meta property=\"article:modified_time\" content=\"2021-11-30T14:19:14+00:00\" \/>\n<meta name=\"twitter:card\" content=\"summary_large_image\" \/>\n<meta name=\"twitter:label1\" content=\"Dur\u00e9e de lecture estim\u00e9e\" \/>\n\t<meta name=\"twitter:data1\" content=\"1 minute\" \/>\n<script type=\"application\/ld+json\" class=\"yoast-schema-graph\">{\"@context\":\"https:\\\/\\\/schema.org\",\"@graph\":[{\"@type\":\"WebPage\",\"@id\":\"https:\\\/\\\/eurostel.be\\\/fr\\\/diensten\\\/procesoptimalisatie-en-consultancy\\\/\",\"url\":\"https:\\\/\\\/eurostel.be\\\/fr\\\/diensten\\\/procesoptimalisatie-en-consultancy\\\/\",\"name\":\"Accompagnement technique - Euro-Stel\",\"isPartOf\":{\"@id\":\"https:\\\/\\\/eurostel.be\\\/fr\\\/#website\"},\"datePublished\":\"2021-08-05T11:45:22+00:00\",\"dateModified\":\"2021-11-30T14:19:14+00:00\",\"breadcrumb\":{\"@id\":\"https:\\\/\\\/eurostel.be\\\/fr\\\/diensten\\\/procesoptimalisatie-en-consultancy\\\/#breadcrumb\"},\"inLanguage\":\"fr-FR\",\"potentialAction\":[{\"@type\":\"ReadAction\",\"target\":[\"https:\\\/\\\/eurostel.be\\\/fr\\\/diensten\\\/procesoptimalisatie-en-consultancy\\\/\"]}]},{\"@type\":\"BreadcrumbList\",\"@id\":\"https:\\\/\\\/eurostel.be\\\/fr\\\/diensten\\\/procesoptimalisatie-en-consultancy\\\/#breadcrumb\",\"itemListElement\":[{\"@type\":\"ListItem\",\"position\":1,\"name\":\"Home\",\"item\":\"https:\\\/\\\/eurostel.be\\\/fr\\\/\"},{\"@type\":\"ListItem\",\"position\":2,\"name\":\"Services\",\"item\":\"https:\\\/\\\/eurostel.be\\\/fr\\\/diensten\\\/\"},{\"@type\":\"ListItem\",\"position\":3,\"name\":\"Accompagnement technique\"}]},{\"@type\":\"WebSite\",\"@id\":\"https:\\\/\\\/eurostel.be\\\/fr\\\/#website\",\"url\":\"https:\\\/\\\/eurostel.be\\\/fr\\\/\",\"name\":\"Euro-Stel\",\"description\":\"Uw volwaardige kunststofleverancier\",\"publisher\":{\"@id\":\"https:\\\/\\\/eurostel.be\\\/fr\\\/#organization\"},\"potentialAction\":[{\"@type\":\"SearchAction\",\"target\":{\"@type\":\"EntryPoint\",\"urlTemplate\":\"https:\\\/\\\/eurostel.be\\\/fr\\\/?s={search_term_string}\"},\"query-input\":{\"@type\":\"PropertyValueSpecification\",\"valueRequired\":true,\"valueName\":\"search_term_string\"}}],\"inLanguage\":\"fr-FR\"},{\"@type\":\"Organization\",\"@id\":\"https:\\\/\\\/eurostel.be\\\/fr\\\/#organization\",\"name\":\"Euro-Stel\",\"url\":\"https:\\\/\\\/eurostel.be\\\/fr\\\/\",\"logo\":{\"@type\":\"ImageObject\",\"inLanguage\":\"fr-FR\",\"@id\":\"https:\\\/\\\/eurostel.be\\\/fr\\\/#\\\/schema\\\/logo\\\/image\\\/\",\"url\":\"https:\\\/\\\/eurostel.jeroclients.be\\\/wp-content\\\/uploads\\\/2021\\\/08\\\/android-chrome-512x512-1.png\",\"contentUrl\":\"https:\\\/\\\/eurostel.jeroclients.be\\\/wp-content\\\/uploads\\\/2021\\\/08\\\/android-chrome-512x512-1.png\",\"width\":512,\"height\":512,\"caption\":\"Euro-Stel\"},\"image\":{\"@id\":\"https:\\\/\\\/eurostel.be\\\/fr\\\/#\\\/schema\\\/logo\\\/image\\\/\"}}]}<\/script>\n<!-- \/ Yoast SEO plugin. -->","yoast_head_json":{"title":"Accompagnement technique - Euro-Stel","robots":{"index":"index","follow":"follow","max-snippet":"max-snippet:-1","max-image-preview":"max-image-preview:large","max-video-preview":"max-video-preview:-1"},"canonical":"https:\/\/eurostel.be\/fr\/diensten\/procesoptimalisatie-en-consultancy\/","og_locale":"fr_FR","og_type":"article","og_title":"Accompagnement technique - Euro-Stel","og_description":"Beaucoup de th\u00e9ories et de r\u00e8gles sont reprises dans de nombreuses revues, n\u00e9anmoins elles sont souvent loin des r\u00e9alit\u00e9s rencontr\u00e9es tous les jours, sur les machines de transformations.","og_url":"https:\/\/eurostel.be\/fr\/diensten\/procesoptimalisatie-en-consultancy\/","og_site_name":"Euro-Stel","article_modified_time":"2021-11-30T14:19:14+00:00","twitter_card":"summary_large_image","twitter_misc":{"Dur\u00e9e de lecture estim\u00e9e":"1 minute"},"schema":{"@context":"https:\/\/schema.org","@graph":[{"@type":"WebPage","@id":"https:\/\/eurostel.be\/fr\/diensten\/procesoptimalisatie-en-consultancy\/","url":"https:\/\/eurostel.be\/fr\/diensten\/procesoptimalisatie-en-consultancy\/","name":"Accompagnement technique - Euro-Stel","isPartOf":{"@id":"https:\/\/eurostel.be\/fr\/#website"},"datePublished":"2021-08-05T11:45:22+00:00","dateModified":"2021-11-30T14:19:14+00:00","breadcrumb":{"@id":"https:\/\/eurostel.be\/fr\/diensten\/procesoptimalisatie-en-consultancy\/#breadcrumb"},"inLanguage":"fr-FR","potentialAction":[{"@type":"ReadAction","target":["https:\/\/eurostel.be\/fr\/diensten\/procesoptimalisatie-en-consultancy\/"]}]},{"@type":"BreadcrumbList","@id":"https:\/\/eurostel.be\/fr\/diensten\/procesoptimalisatie-en-consultancy\/#breadcrumb","itemListElement":[{"@type":"ListItem","position":1,"name":"Home","item":"https:\/\/eurostel.be\/fr\/"},{"@type":"ListItem","position":2,"name":"Services","item":"https:\/\/eurostel.be\/fr\/diensten\/"},{"@type":"ListItem","position":3,"name":"Accompagnement technique"}]},{"@type":"WebSite","@id":"https:\/\/eurostel.be\/fr\/#website","url":"https:\/\/eurostel.be\/fr\/","name":"Euro-Stel","description":"Uw volwaardige kunststofleverancier","publisher":{"@id":"https:\/\/eurostel.be\/fr\/#organization"},"potentialAction":[{"@type":"SearchAction","target":{"@type":"EntryPoint","urlTemplate":"https:\/\/eurostel.be\/fr\/?s={search_term_string}"},"query-input":{"@type":"PropertyValueSpecification","valueRequired":true,"valueName":"search_term_string"}}],"inLanguage":"fr-FR"},{"@type":"Organization","@id":"https:\/\/eurostel.be\/fr\/#organization","name":"Euro-Stel","url":"https:\/\/eurostel.be\/fr\/","logo":{"@type":"ImageObject","inLanguage":"fr-FR","@id":"https:\/\/eurostel.be\/fr\/#\/schema\/logo\/image\/","url":"https:\/\/eurostel.jeroclients.be\/wp-content\/uploads\/2021\/08\/android-chrome-512x512-1.png","contentUrl":"https:\/\/eurostel.jeroclients.be\/wp-content\/uploads\/2021\/08\/android-chrome-512x512-1.png","width":512,"height":512,"caption":"Euro-Stel"},"image":{"@id":"https:\/\/eurostel.be\/fr\/#\/schema\/logo\/image\/"}}]}},"_links":{"self":[{"href":"https:\/\/eurostel.be\/fr\/wp-json\/wp\/v2\/pages\/272","targetHints":{"allow":["GET"]}}],"collection":[{"href":"https:\/\/eurostel.be\/fr\/wp-json\/wp\/v2\/pages"}],"about":[{"href":"https:\/\/eurostel.be\/fr\/wp-json\/wp\/v2\/types\/page"}],"author":[{"embeddable":true,"href":"https:\/\/eurostel.be\/fr\/wp-json\/wp\/v2\/users\/1"}],"replies":[{"embeddable":true,"href":"https:\/\/eurostel.be\/fr\/wp-json\/wp\/v2\/comments?post=272"}],"version-history":[{"count":0,"href":"https:\/\/eurostel.be\/fr\/wp-json\/wp\/v2\/pages\/272\/revisions"}],"up":[{"embeddable":true,"href":"https:\/\/eurostel.be\/fr\/wp-json\/wp\/v2\/pages\/258"}],"wp:attachment":[{"href":"https:\/\/eurostel.be\/fr\/wp-json\/wp\/v2\/media?parent=272"}],"curies":[{"name":"wp","href":"https:\/\/api.w.org\/{rel}","templated":true}]}}