{"id":269,"date":"2021-08-05T13:45:58","date_gmt":"2021-08-05T11:45:58","guid":{"rendered":"https:\/\/eurostel.jeroclients.be\/diensten\/redesign-upgrade\/"},"modified":"2021-11-30T15:32:18","modified_gmt":"2021-11-30T14:32:18","slug":"redesign-upgrade","status":"publish","type":"page","link":"https:\/\/eurostel.be\/fr\/diensten\/redesign-upgrade\/","title":{"rendered":"Optimisation technique"},"content":{"rendered":"\n<p>Euro-Stel peut effectuer des modifications ou optimisations d&rsquo;\u00e9l\u00e9ments existants. Un rapport L\/D trop court, un diam\u00e8tre de vis trop juste, un rev\u00eatement n\u00e9cessaire pour optimiser votre production ? Euro-Stel vous propose la meilleure solution technique et \u00e9conomique, apr\u00e8s expertise, et possibilit\u00e9s de tests internes.<\/p>\n\n\n\n<p>Euro-Stel poss\u00e8de dans son laboratoire \u00ab\u2009recherche et d\u00e9veloppement\u2009\u00bb, sa propre extrudeuse pour effectuer diff\u00e9rents essais. La machine, \u00e9quip\u00e9e de multiples capteurs, mesure les param\u00e8tres les plus importants du processus de plastification, tels que la temp\u00e9rature, la pression et le d\u00e9bit. Elle nous permet \u00e9galement d\u2019\u00e9tudier la g\u00e9om\u00e9trie de nos vis, et le comportement des diff\u00e9rentes mati\u00e8res, lors de leur plastification.<\/p>\n\n\n\n<p>Toutes ces recherches permettent \u00e0 Euro-Stel de rester en veille constante sur la recherche et le d\u00e9veloppement de nouveaux profils, produisant de meilleurs rendements, am\u00e9liorant les qualit\u00e9s de malaxage, et r\u00e9duisant les diff\u00e9rentes pressions dans le syst\u00e8me.<\/p>\n\n\n\n<p>Nos diff\u00e9rents mod\u00e8les de vis sont le fruit de ces recherches, donnant satisfaction \u00e0 leurs utilisateurs depuis plusieurs ann\u00e9es.<\/p>\n\n\n\n<p>Outre les profils de vis, notre extrudeuse de laboratoire permet \u00e9galement de tester les comportements de chaque mati\u00e8re lors de leur plastification, gr\u00e2ce \u00e0 ses puissances de chauffe et refroidissement performantes, ou les diff\u00e9rentes buselures d\u2019alimentation interchangeables.<\/p>\n\n\n\n<p>Les plasturgistes, confront\u00e9s \u00e0 des probl\u00e8mes de production, n\u2019h\u00e9sitent pas \u00e0 nous contacter pour les aider dans leurs recherches. Leurs probl\u00e8mes ont, pour la plupart, \u00e9t\u00e9 r\u00e9solus gr\u00e2ce \u00e0 notre large exp\u00e9rience sur le sujet de la transformation de mati\u00e8re plastique, et les essais men\u00e9s dans notre laboratoire. Qu\u2019importe si le probl\u00e8me constat\u00e9 est nouveau, nous mettrons tout en \u0153uvre pour trouver la solution adapt\u00e9e.<\/p>\n","protected":false},"excerpt":{"rendered":"<p>Euro-Stel peut effectuer des modifications ou optimisations d&rsquo;\u00e9l\u00e9ments existants. Un rapport L\/D trop court, un diam\u00e8tre de vis trop juste, un rev\u00eatement n\u00e9cessaire pour optimiser votre production ? Euro-Stel vous propose la meilleure solution technique et \u00e9conomique, apr\u00e8s expertise, et possibilit\u00e9s de tests internes. Euro-Stel poss\u00e8de dans son laboratoire \u00ab\u2009recherche et d\u00e9veloppement\u2009\u00bb, sa propre extrudeuse [&hellip;]<\/p>\n","protected":false},"author":1,"featured_media":0,"parent":258,"menu_order":40,"comment_status":"closed","ping_status":"closed","template":"","meta":{"_acf_changed":false,"footnotes":""},"class_list":["post-269","page","type-page","status-publish","hentry"],"acf":[],"yoast_head":"<!-- This site is optimized with the Yoast SEO plugin v27.4 - https:\/\/yoast.com\/product\/yoast-seo-wordpress\/ -->\n<title>Optimisation technique - Euro-Stel<\/title>\n<meta name=\"robots\" content=\"index, follow, max-snippet:-1, max-image-preview:large, max-video-preview:-1\" \/>\n<link rel=\"canonical\" href=\"https:\/\/eurostel.be\/fr\/diensten\/redesign-upgrade\/\" \/>\n<meta property=\"og:locale\" content=\"fr_FR\" \/>\n<meta property=\"og:type\" content=\"article\" \/>\n<meta property=\"og:title\" content=\"Optimisation technique - Euro-Stel\" \/>\n<meta property=\"og:description\" content=\"Euro-Stel peut effectuer des modifications ou optimisations d&rsquo;\u00e9l\u00e9ments existants. Un rapport L\/D trop court, un diam\u00e8tre de vis trop juste, un rev\u00eatement n\u00e9cessaire pour optimiser votre production ? Euro-Stel vous propose la meilleure solution technique et \u00e9conomique, apr\u00e8s expertise, et possibilit\u00e9s de tests internes. Euro-Stel poss\u00e8de dans son laboratoire \u00ab\u2009recherche et d\u00e9veloppement\u2009\u00bb, sa propre extrudeuse [&hellip;]\" \/>\n<meta property=\"og:url\" content=\"https:\/\/eurostel.be\/fr\/diensten\/redesign-upgrade\/\" \/>\n<meta property=\"og:site_name\" content=\"Euro-Stel\" \/>\n<meta property=\"article:modified_time\" content=\"2021-11-30T14:32:18+00:00\" \/>\n<meta name=\"twitter:card\" content=\"summary_large_image\" \/>\n<meta name=\"twitter:label1\" content=\"Dur\u00e9e de lecture estim\u00e9e\" \/>\n\t<meta name=\"twitter:data1\" content=\"2 minutes\" \/>\n<script type=\"application\/ld+json\" class=\"yoast-schema-graph\">{\"@context\":\"https:\\\/\\\/schema.org\",\"@graph\":[{\"@type\":\"WebPage\",\"@id\":\"https:\\\/\\\/eurostel.be\\\/fr\\\/diensten\\\/redesign-upgrade\\\/\",\"url\":\"https:\\\/\\\/eurostel.be\\\/fr\\\/diensten\\\/redesign-upgrade\\\/\",\"name\":\"Optimisation technique - Euro-Stel\",\"isPartOf\":{\"@id\":\"https:\\\/\\\/eurostel.be\\\/fr\\\/#website\"},\"datePublished\":\"2021-08-05T11:45:58+00:00\",\"dateModified\":\"2021-11-30T14:32:18+00:00\",\"breadcrumb\":{\"@id\":\"https:\\\/\\\/eurostel.be\\\/fr\\\/diensten\\\/redesign-upgrade\\\/#breadcrumb\"},\"inLanguage\":\"fr-FR\",\"potentialAction\":[{\"@type\":\"ReadAction\",\"target\":[\"https:\\\/\\\/eurostel.be\\\/fr\\\/diensten\\\/redesign-upgrade\\\/\"]}]},{\"@type\":\"BreadcrumbList\",\"@id\":\"https:\\\/\\\/eurostel.be\\\/fr\\\/diensten\\\/redesign-upgrade\\\/#breadcrumb\",\"itemListElement\":[{\"@type\":\"ListItem\",\"position\":1,\"name\":\"Home\",\"item\":\"https:\\\/\\\/eurostel.be\\\/fr\\\/\"},{\"@type\":\"ListItem\",\"position\":2,\"name\":\"Services\",\"item\":\"https:\\\/\\\/eurostel.be\\\/fr\\\/diensten\\\/\"},{\"@type\":\"ListItem\",\"position\":3,\"name\":\"Optimisation technique\"}]},{\"@type\":\"WebSite\",\"@id\":\"https:\\\/\\\/eurostel.be\\\/fr\\\/#website\",\"url\":\"https:\\\/\\\/eurostel.be\\\/fr\\\/\",\"name\":\"Euro-Stel\",\"description\":\"Uw volwaardige kunststofleverancier\",\"publisher\":{\"@id\":\"https:\\\/\\\/eurostel.be\\\/fr\\\/#organization\"},\"potentialAction\":[{\"@type\":\"SearchAction\",\"target\":{\"@type\":\"EntryPoint\",\"urlTemplate\":\"https:\\\/\\\/eurostel.be\\\/fr\\\/?s={search_term_string}\"},\"query-input\":{\"@type\":\"PropertyValueSpecification\",\"valueRequired\":true,\"valueName\":\"search_term_string\"}}],\"inLanguage\":\"fr-FR\"},{\"@type\":\"Organization\",\"@id\":\"https:\\\/\\\/eurostel.be\\\/fr\\\/#organization\",\"name\":\"Euro-Stel\",\"url\":\"https:\\\/\\\/eurostel.be\\\/fr\\\/\",\"logo\":{\"@type\":\"ImageObject\",\"inLanguage\":\"fr-FR\",\"@id\":\"https:\\\/\\\/eurostel.be\\\/fr\\\/#\\\/schema\\\/logo\\\/image\\\/\",\"url\":\"https:\\\/\\\/eurostel.jeroclients.be\\\/wp-content\\\/uploads\\\/2021\\\/08\\\/android-chrome-512x512-1.png\",\"contentUrl\":\"https:\\\/\\\/eurostel.jeroclients.be\\\/wp-content\\\/uploads\\\/2021\\\/08\\\/android-chrome-512x512-1.png\",\"width\":512,\"height\":512,\"caption\":\"Euro-Stel\"},\"image\":{\"@id\":\"https:\\\/\\\/eurostel.be\\\/fr\\\/#\\\/schema\\\/logo\\\/image\\\/\"}}]}<\/script>\n<!-- \/ Yoast SEO plugin. -->","yoast_head_json":{"title":"Optimisation technique - Euro-Stel","robots":{"index":"index","follow":"follow","max-snippet":"max-snippet:-1","max-image-preview":"max-image-preview:large","max-video-preview":"max-video-preview:-1"},"canonical":"https:\/\/eurostel.be\/fr\/diensten\/redesign-upgrade\/","og_locale":"fr_FR","og_type":"article","og_title":"Optimisation technique - Euro-Stel","og_description":"Euro-Stel peut effectuer des modifications ou optimisations d&rsquo;\u00e9l\u00e9ments existants. Un rapport L\/D trop court, un diam\u00e8tre de vis trop juste, un rev\u00eatement n\u00e9cessaire pour optimiser votre production ? Euro-Stel vous propose la meilleure solution technique et \u00e9conomique, apr\u00e8s expertise, et possibilit\u00e9s de tests internes. Euro-Stel poss\u00e8de dans son laboratoire \u00ab\u2009recherche et d\u00e9veloppement\u2009\u00bb, sa propre extrudeuse [&hellip;]","og_url":"https:\/\/eurostel.be\/fr\/diensten\/redesign-upgrade\/","og_site_name":"Euro-Stel","article_modified_time":"2021-11-30T14:32:18+00:00","twitter_card":"summary_large_image","twitter_misc":{"Dur\u00e9e de lecture estim\u00e9e":"2 minutes"},"schema":{"@context":"https:\/\/schema.org","@graph":[{"@type":"WebPage","@id":"https:\/\/eurostel.be\/fr\/diensten\/redesign-upgrade\/","url":"https:\/\/eurostel.be\/fr\/diensten\/redesign-upgrade\/","name":"Optimisation technique - Euro-Stel","isPartOf":{"@id":"https:\/\/eurostel.be\/fr\/#website"},"datePublished":"2021-08-05T11:45:58+00:00","dateModified":"2021-11-30T14:32:18+00:00","breadcrumb":{"@id":"https:\/\/eurostel.be\/fr\/diensten\/redesign-upgrade\/#breadcrumb"},"inLanguage":"fr-FR","potentialAction":[{"@type":"ReadAction","target":["https:\/\/eurostel.be\/fr\/diensten\/redesign-upgrade\/"]}]},{"@type":"BreadcrumbList","@id":"https:\/\/eurostel.be\/fr\/diensten\/redesign-upgrade\/#breadcrumb","itemListElement":[{"@type":"ListItem","position":1,"name":"Home","item":"https:\/\/eurostel.be\/fr\/"},{"@type":"ListItem","position":2,"name":"Services","item":"https:\/\/eurostel.be\/fr\/diensten\/"},{"@type":"ListItem","position":3,"name":"Optimisation technique"}]},{"@type":"WebSite","@id":"https:\/\/eurostel.be\/fr\/#website","url":"https:\/\/eurostel.be\/fr\/","name":"Euro-Stel","description":"Uw volwaardige kunststofleverancier","publisher":{"@id":"https:\/\/eurostel.be\/fr\/#organization"},"potentialAction":[{"@type":"SearchAction","target":{"@type":"EntryPoint","urlTemplate":"https:\/\/eurostel.be\/fr\/?s={search_term_string}"},"query-input":{"@type":"PropertyValueSpecification","valueRequired":true,"valueName":"search_term_string"}}],"inLanguage":"fr-FR"},{"@type":"Organization","@id":"https:\/\/eurostel.be\/fr\/#organization","name":"Euro-Stel","url":"https:\/\/eurostel.be\/fr\/","logo":{"@type":"ImageObject","inLanguage":"fr-FR","@id":"https:\/\/eurostel.be\/fr\/#\/schema\/logo\/image\/","url":"https:\/\/eurostel.jeroclients.be\/wp-content\/uploads\/2021\/08\/android-chrome-512x512-1.png","contentUrl":"https:\/\/eurostel.jeroclients.be\/wp-content\/uploads\/2021\/08\/android-chrome-512x512-1.png","width":512,"height":512,"caption":"Euro-Stel"},"image":{"@id":"https:\/\/eurostel.be\/fr\/#\/schema\/logo\/image\/"}}]}},"_links":{"self":[{"href":"https:\/\/eurostel.be\/fr\/wp-json\/wp\/v2\/pages\/269","targetHints":{"allow":["GET"]}}],"collection":[{"href":"https:\/\/eurostel.be\/fr\/wp-json\/wp\/v2\/pages"}],"about":[{"href":"https:\/\/eurostel.be\/fr\/wp-json\/wp\/v2\/types\/page"}],"author":[{"embeddable":true,"href":"https:\/\/eurostel.be\/fr\/wp-json\/wp\/v2\/users\/1"}],"replies":[{"embeddable":true,"href":"https:\/\/eurostel.be\/fr\/wp-json\/wp\/v2\/comments?post=269"}],"version-history":[{"count":0,"href":"https:\/\/eurostel.be\/fr\/wp-json\/wp\/v2\/pages\/269\/revisions"}],"up":[{"embeddable":true,"href":"https:\/\/eurostel.be\/fr\/wp-json\/wp\/v2\/pages\/258"}],"wp:attachment":[{"href":"https:\/\/eurostel.be\/fr\/wp-json\/wp\/v2\/media?parent=269"}],"curies":[{"name":"wp","href":"https:\/\/api.w.org\/{rel}","templated":true}]}}