{"id":267,"date":"2021-08-02T15:45:53","date_gmt":"2021-08-02T13:45:53","guid":{"rendered":"https:\/\/eurostel.jeroclients.be\/extrusie\/"},"modified":"2021-11-30T10:30:09","modified_gmt":"2021-11-30T09:30:09","slug":"extrusie","status":"publish","type":"page","link":"https:\/\/eurostel.be\/fr\/extrusie\/","title":{"rendered":"Extrusion"},"content":{"rendered":"\n<p>En plus de la fabrication de pi\u00e8ces pour unit\u00e9s d\u2019injection et d\u2019extrusion, Euro-Stel con\u00e7oit et fabrique des extrudeuses compl\u00e8tes.<\/p>\n\n\n\n<p>Pour chaque projet nous respectons le cahier des charges valid\u00e9 par le client, selon ses besoins. Les d\u00e9tails tels que la hauteur d\u2019axe, la largeur de la machine, les roues, les amortisseurs, les syst\u00e8mes pivotants, etc&#8230;y seront mentionn\u00e9s.<\/p>\n\n\n\n<p>Notre niveau d&rsquo;exigence nous pousse \u00e0 choisir les meilleurs mat\u00e9riaux et pi\u00e8ces, pour la fabrication de ces machines. Tous les \u00e9l\u00e9ments sont de qualit\u00e9s sup\u00e9rieures, fabriqu\u00e9s en Europe de l\u2019Ouest. Nous restons constamment en veille sur ce domaine, afin de proposer des machines modernes et performantes.<\/p>\n\n\n\n<h2 class=\"wp-block-heading\">Des extrudeuses compactes !<\/h2>\n\n\n\n<p>Nos extrudeuses sont \u00e9quip\u00e9es de moteurs type CMG (Compact Motor Gearbox), int\u00e9grant un syst\u00e8me de refroidissement \u00e0 eau, et une bo\u00eete de vitesses, en une seule pi\u00e8ce !<\/p>\n\n\n\n<p>L\u2019architecture compacte de nos extrudeuses, en plus de leur performance technique, peut \u00eatre un atout suppl\u00e9mentaire pour leur int\u00e9gration dans de petits espaces.<\/p>\n\n\n\n<p>N\u00e9anmoins, si vous le souhaitez, et selon votre besoin, nous pouvons vous fournir des extrudeuses plus conventionnelles, embarquant un moteur et une bo\u00eete de vitesses s\u00e9par\u00e9e.<\/p>\n\n\n\n<h2 class=\"wp-block-heading\">Un pilotage de qualit\u00e9&#8230;<\/h2>\n\n\n\n<p>En fonction de votre besoin nous pouvons vous fournir des extrudeuses pourvues ou non d\u2019un syst\u00e8me de commande. Nous laissons aussi la possibilit\u00e9 au client de choisir le type d&rsquo;entra\u00eenement moteur. <\/p>\n\n\n\n<p>L\u2019ensemble des machines con\u00e7ues et fabriqu\u00e9es par Euro-Stel sont livr\u00e9es avec des raccords \u00e0 broches, ou bien un c\u00e2blage direct. Quant aux r\u00e9gulateurs de temp\u00e9rature et modules de pression, le client peut en exiger la livraison et l\u2019installation sur site.<\/p>\n\n\n\n<h2 class=\"wp-block-heading\">&#8230;Sans oublier la s\u00e9curit\u00e9<\/h2>\n\n\n\n<p>Nos extrudeuses r\u00e9pondent aux exigences de la directive \u00ab\u2009machine\u2009\u00bb europ\u00e9enne. Elles disposent des protections ad\u00e9quates, pr\u00e9venant tout risque d\u2019incendie ou dommages corporels. <\/p>\n\n\n\n<p>Euro-Stel propose non seulement des extrudeuses de tr\u00e8s grande qualit\u00e9, mais donne \u00e9galement aux clients l\u2019assurance d\u2019acqu\u00e9rir une machine r\u00e9pondant \u00e0 l\u2019ensemble des normes de s\u00e9curit\u00e9.<\/p>\n\n\n\n<p><\/p>\n","protected":false},"excerpt":{"rendered":"<p>La conception des extrudeuses est une sp\u00e9cialit\u00e9 s\u00e9par\u00e9e et se d\u00e9roule chez Euro-Stel totalement sur mesure en fonction des souhaits des clients. Les meilleurs mat\u00e9riaux et l\u2019expertise font une combinaison solide comme le roc\u2009! <\/p>\n","protected":false},"author":1,"featured_media":0,"parent":0,"menu_order":0,"comment_status":"closed","ping_status":"closed","template":"","meta":{"_acf_changed":false,"footnotes":""},"class_list":["post-267","page","type-page","status-publish","hentry"],"acf":[],"yoast_head":"<!-- This site is optimized with the Yoast SEO plugin v27.4 - https:\/\/yoast.com\/product\/yoast-seo-wordpress\/ -->\n<title>Extrusion - Euro-Stel<\/title>\n<meta name=\"robots\" content=\"index, follow, max-snippet:-1, max-image-preview:large, max-video-preview:-1\" \/>\n<link rel=\"canonical\" href=\"https:\/\/eurostel.be\/fr\/extrusie\/\" \/>\n<meta property=\"og:locale\" content=\"fr_FR\" \/>\n<meta property=\"og:type\" content=\"article\" \/>\n<meta property=\"og:title\" content=\"Extrusion - Euro-Stel\" \/>\n<meta property=\"og:description\" content=\"La conception des extrudeuses est une sp\u00e9cialit\u00e9 s\u00e9par\u00e9e et se d\u00e9roule chez Euro-Stel totalement sur mesure en fonction des souhaits des clients. Les meilleurs mat\u00e9riaux et l\u2019expertise font une combinaison solide comme le roc\u2009!\" \/>\n<meta property=\"og:url\" content=\"https:\/\/eurostel.be\/fr\/extrusie\/\" \/>\n<meta property=\"og:site_name\" content=\"Euro-Stel\" \/>\n<meta property=\"article:modified_time\" content=\"2021-11-30T09:30:09+00:00\" \/>\n<meta name=\"twitter:card\" content=\"summary_large_image\" \/>\n<meta name=\"twitter:label1\" content=\"Dur\u00e9e de lecture estim\u00e9e\" \/>\n\t<meta name=\"twitter:data1\" content=\"2 minutes\" \/>\n<script type=\"application\/ld+json\" class=\"yoast-schema-graph\">{\"@context\":\"https:\\\/\\\/schema.org\",\"@graph\":[{\"@type\":\"WebPage\",\"@id\":\"https:\\\/\\\/eurostel.be\\\/fr\\\/extrusie\\\/\",\"url\":\"https:\\\/\\\/eurostel.be\\\/fr\\\/extrusie\\\/\",\"name\":\"Extrusion - Euro-Stel\",\"isPartOf\":{\"@id\":\"https:\\\/\\\/eurostel.be\\\/fr\\\/#website\"},\"datePublished\":\"2021-08-02T13:45:53+00:00\",\"dateModified\":\"2021-11-30T09:30:09+00:00\",\"breadcrumb\":{\"@id\":\"https:\\\/\\\/eurostel.be\\\/fr\\\/extrusie\\\/#breadcrumb\"},\"inLanguage\":\"fr-FR\",\"potentialAction\":[{\"@type\":\"ReadAction\",\"target\":[\"https:\\\/\\\/eurostel.be\\\/fr\\\/extrusie\\\/\"]}]},{\"@type\":\"BreadcrumbList\",\"@id\":\"https:\\\/\\\/eurostel.be\\\/fr\\\/extrusie\\\/#breadcrumb\",\"itemListElement\":[{\"@type\":\"ListItem\",\"position\":1,\"name\":\"Home\",\"item\":\"https:\\\/\\\/eurostel.be\\\/fr\\\/\"},{\"@type\":\"ListItem\",\"position\":2,\"name\":\"Extrusion\"}]},{\"@type\":\"WebSite\",\"@id\":\"https:\\\/\\\/eurostel.be\\\/fr\\\/#website\",\"url\":\"https:\\\/\\\/eurostel.be\\\/fr\\\/\",\"name\":\"Euro-Stel\",\"description\":\"Uw volwaardige kunststofleverancier\",\"publisher\":{\"@id\":\"https:\\\/\\\/eurostel.be\\\/fr\\\/#organization\"},\"potentialAction\":[{\"@type\":\"SearchAction\",\"target\":{\"@type\":\"EntryPoint\",\"urlTemplate\":\"https:\\\/\\\/eurostel.be\\\/fr\\\/?s={search_term_string}\"},\"query-input\":{\"@type\":\"PropertyValueSpecification\",\"valueRequired\":true,\"valueName\":\"search_term_string\"}}],\"inLanguage\":\"fr-FR\"},{\"@type\":\"Organization\",\"@id\":\"https:\\\/\\\/eurostel.be\\\/fr\\\/#organization\",\"name\":\"Euro-Stel\",\"url\":\"https:\\\/\\\/eurostel.be\\\/fr\\\/\",\"logo\":{\"@type\":\"ImageObject\",\"inLanguage\":\"fr-FR\",\"@id\":\"https:\\\/\\\/eurostel.be\\\/fr\\\/#\\\/schema\\\/logo\\\/image\\\/\",\"url\":\"https:\\\/\\\/eurostel.jeroclients.be\\\/wp-content\\\/uploads\\\/2021\\\/08\\\/android-chrome-512x512-1.png\",\"contentUrl\":\"https:\\\/\\\/eurostel.jeroclients.be\\\/wp-content\\\/uploads\\\/2021\\\/08\\\/android-chrome-512x512-1.png\",\"width\":512,\"height\":512,\"caption\":\"Euro-Stel\"},\"image\":{\"@id\":\"https:\\\/\\\/eurostel.be\\\/fr\\\/#\\\/schema\\\/logo\\\/image\\\/\"}}]}<\/script>\n<!-- \/ Yoast SEO plugin. -->","yoast_head_json":{"title":"Extrusion - Euro-Stel","robots":{"index":"index","follow":"follow","max-snippet":"max-snippet:-1","max-image-preview":"max-image-preview:large","max-video-preview":"max-video-preview:-1"},"canonical":"https:\/\/eurostel.be\/fr\/extrusie\/","og_locale":"fr_FR","og_type":"article","og_title":"Extrusion - Euro-Stel","og_description":"La conception des extrudeuses est une sp\u00e9cialit\u00e9 s\u00e9par\u00e9e et se d\u00e9roule chez Euro-Stel totalement sur mesure en fonction des souhaits des clients. Les meilleurs mat\u00e9riaux et l\u2019expertise font une combinaison solide comme le roc\u2009!","og_url":"https:\/\/eurostel.be\/fr\/extrusie\/","og_site_name":"Euro-Stel","article_modified_time":"2021-11-30T09:30:09+00:00","twitter_card":"summary_large_image","twitter_misc":{"Dur\u00e9e de lecture estim\u00e9e":"2 minutes"},"schema":{"@context":"https:\/\/schema.org","@graph":[{"@type":"WebPage","@id":"https:\/\/eurostel.be\/fr\/extrusie\/","url":"https:\/\/eurostel.be\/fr\/extrusie\/","name":"Extrusion - Euro-Stel","isPartOf":{"@id":"https:\/\/eurostel.be\/fr\/#website"},"datePublished":"2021-08-02T13:45:53+00:00","dateModified":"2021-11-30T09:30:09+00:00","breadcrumb":{"@id":"https:\/\/eurostel.be\/fr\/extrusie\/#breadcrumb"},"inLanguage":"fr-FR","potentialAction":[{"@type":"ReadAction","target":["https:\/\/eurostel.be\/fr\/extrusie\/"]}]},{"@type":"BreadcrumbList","@id":"https:\/\/eurostel.be\/fr\/extrusie\/#breadcrumb","itemListElement":[{"@type":"ListItem","position":1,"name":"Home","item":"https:\/\/eurostel.be\/fr\/"},{"@type":"ListItem","position":2,"name":"Extrusion"}]},{"@type":"WebSite","@id":"https:\/\/eurostel.be\/fr\/#website","url":"https:\/\/eurostel.be\/fr\/","name":"Euro-Stel","description":"Uw volwaardige kunststofleverancier","publisher":{"@id":"https:\/\/eurostel.be\/fr\/#organization"},"potentialAction":[{"@type":"SearchAction","target":{"@type":"EntryPoint","urlTemplate":"https:\/\/eurostel.be\/fr\/?s={search_term_string}"},"query-input":{"@type":"PropertyValueSpecification","valueRequired":true,"valueName":"search_term_string"}}],"inLanguage":"fr-FR"},{"@type":"Organization","@id":"https:\/\/eurostel.be\/fr\/#organization","name":"Euro-Stel","url":"https:\/\/eurostel.be\/fr\/","logo":{"@type":"ImageObject","inLanguage":"fr-FR","@id":"https:\/\/eurostel.be\/fr\/#\/schema\/logo\/image\/","url":"https:\/\/eurostel.jeroclients.be\/wp-content\/uploads\/2021\/08\/android-chrome-512x512-1.png","contentUrl":"https:\/\/eurostel.jeroclients.be\/wp-content\/uploads\/2021\/08\/android-chrome-512x512-1.png","width":512,"height":512,"caption":"Euro-Stel"},"image":{"@id":"https:\/\/eurostel.be\/fr\/#\/schema\/logo\/image\/"}}]}},"_links":{"self":[{"href":"https:\/\/eurostel.be\/fr\/wp-json\/wp\/v2\/pages\/267","targetHints":{"allow":["GET"]}}],"collection":[{"href":"https:\/\/eurostel.be\/fr\/wp-json\/wp\/v2\/pages"}],"about":[{"href":"https:\/\/eurostel.be\/fr\/wp-json\/wp\/v2\/types\/page"}],"author":[{"embeddable":true,"href":"https:\/\/eurostel.be\/fr\/wp-json\/wp\/v2\/users\/1"}],"replies":[{"embeddable":true,"href":"https:\/\/eurostel.be\/fr\/wp-json\/wp\/v2\/comments?post=267"}],"version-history":[{"count":0,"href":"https:\/\/eurostel.be\/fr\/wp-json\/wp\/v2\/pages\/267\/revisions"}],"wp:attachment":[{"href":"https:\/\/eurostel.be\/fr\/wp-json\/wp\/v2\/media?parent=267"}],"curies":[{"name":"wp","href":"https:\/\/api.w.org\/{rel}","templated":true}]}}