{"id":247,"date":"2021-08-02T17:02:29","date_gmt":"2021-08-02T15:02:29","guid":{"rendered":"https:\/\/eurostel.jeroclients.be\/cilinderkoppen\/"},"modified":"2021-11-30T11:58:44","modified_gmt":"2021-11-30T10:58:44","slug":"cilinderkoppen","status":"publish","type":"page","link":"https:\/\/eurostel.be\/fr\/moulage-par-injection\/cilinderkoppen\/","title":{"rendered":"Avants-pots"},"content":{"rendered":"\n<h2 class=\"wp-block-heading\">L&rsquo;avant-pot a aussi son importance !<\/h2>\n\n\n\n<p>Euro-Stel s\u2019est aussi sp\u00e9cialis\u00e9 dans la fabrication d\u2019avant-pots, buses et obturateurs pour vos presses \u00e0 injecter.<\/p>\n\n\n\n<p>Certains probl\u00e8mes de plastification peuvent \u00eatre caus\u00e9s par une g\u00e9om\u00e9trie et\/ou un rev\u00eatement non adapt\u00e9s de ces pi\u00e8ces, pour vos diff\u00e9rentes applications.<\/p>\n\n\n\n<p>Euro-Stel \u00e9tudiera l\u2019ensemble de vos param\u00e8tres d\u2019applications, et vous proposera la conception d\u2019un avant-pot, d\u2019une buse ou d\u2019un obturateur adapt\u00e9 \u00e0 vos besoins.<br><br>Pour vos machines d\u2019extrusion, les possibilit\u00e9s sont plus \u00e9tendues. Euro-Stel peut vous proposer une large gamme d\u2019\u00e9l\u00e9ments performants :<\/p>\n\n\n\n<ul class=\"wp-block-list\"><li>Avant-pot avec bride adapt\u00e9e selon les sp\u00e9cificit\u00e9s de votre fili\u00e8re.<\/li><li>Avant-pot pour extrusion de tubes pleins ou creux.<\/li><li>Avant-pot avec distributeur de mandrin \u00e0 spirales ou torpilles.<\/li><li>Avant-pot sp\u00e9cifique pour le rev\u00eatement de c\u00e2bles ou tubes.<\/li><li>Avant-pot \u00e9quip\u00e9 de disques de rupture.<\/li><\/ul>\n\n\n\n<figure class=\"wp-block-image size-full\"><img loading=\"lazy\" decoding=\"async\" width=\"200\" height=\"200\" src=\"https:\/\/eurostel.jeroclients.be\/wp-content\/uploads\/2021\/08\/cilinderkoppen1.jpg\" alt=\"\" class=\"wp-image-82\" srcset=\"https:\/\/eurostel.be\/wp-content\/uploads\/2021\/08\/cilinderkoppen1.jpg 200w, https:\/\/eurostel.be\/wp-content\/uploads\/2021\/08\/cilinderkoppen1-150x150.jpg 150w\" sizes=\"auto, (max-width: 200px) 100vw, 200px\" \/><\/figure>\n","protected":false},"excerpt":{"rendered":"<p>Saviez-vous qu\u2019Euro-Stel fournit \u00e9galement des avants- pots et des adaptateurs pour les extrudeuses et les de presses \u00e0 injecter\u2009? <\/p>\n","protected":false},"author":1,"featured_media":121,"parent":451,"menu_order":30,"comment_status":"closed","ping_status":"closed","template":"","meta":{"_acf_changed":false,"footnotes":""},"class_list":["post-247","page","type-page","status-publish","has-post-thumbnail","hentry"],"acf":[],"yoast_head":"<!-- This site is optimized with the Yoast SEO plugin v27.6 - https:\/\/yoast.com\/product\/yoast-seo-wordpress\/ -->\n<title>Avants-pots - Euro-Stel<\/title>\n<meta name=\"robots\" content=\"index, follow, max-snippet:-1, max-image-preview:large, max-video-preview:-1\" \/>\n<link rel=\"canonical\" href=\"https:\/\/eurostel.be\/fr\/moulage-par-injection\/cilinderkoppen\/\" \/>\n<meta property=\"og:locale\" content=\"fr_FR\" \/>\n<meta property=\"og:type\" content=\"article\" \/>\n<meta property=\"og:title\" content=\"Avants-pots - Euro-Stel\" \/>\n<meta property=\"og:description\" content=\"Saviez-vous qu\u2019Euro-Stel fournit \u00e9galement des avants- pots et des adaptateurs pour les extrudeuses et les de presses \u00e0 injecter\u2009?\" \/>\n<meta property=\"og:url\" content=\"https:\/\/eurostel.be\/fr\/moulage-par-injection\/cilinderkoppen\/\" \/>\n<meta property=\"og:site_name\" content=\"Euro-Stel\" \/>\n<meta property=\"article:modified_time\" content=\"2021-11-30T10:58:44+00:00\" \/>\n<meta property=\"og:image\" content=\"https:\/\/eurostel.be\/wp-content\/uploads\/2021\/08\/cilinderkoppen1.jpg\" \/>\n\t<meta property=\"og:image:width\" content=\"200\" \/>\n\t<meta property=\"og:image:height\" content=\"200\" \/>\n\t<meta property=\"og:image:type\" content=\"image\/jpeg\" \/>\n<meta name=\"twitter:card\" content=\"summary_large_image\" \/>\n<meta name=\"twitter:label1\" content=\"Dur\u00e9e de lecture estim\u00e9e\" \/>\n\t<meta name=\"twitter:data1\" content=\"1 minute\" \/>\n<script type=\"application\/ld+json\" class=\"yoast-schema-graph\">{\"@context\":\"https:\\\/\\\/schema.org\",\"@graph\":[{\"@type\":\"WebPage\",\"@id\":\"https:\\\/\\\/eurostel.be\\\/fr\\\/moulage-par-injection\\\/cilinderkoppen\\\/\",\"url\":\"https:\\\/\\\/eurostel.be\\\/fr\\\/moulage-par-injection\\\/cilinderkoppen\\\/\",\"name\":\"Avants-pots - Euro-Stel\",\"isPartOf\":{\"@id\":\"https:\\\/\\\/eurostel.be\\\/fr\\\/#website\"},\"primaryImageOfPage\":{\"@id\":\"https:\\\/\\\/eurostel.be\\\/fr\\\/moulage-par-injection\\\/cilinderkoppen\\\/#primaryimage\"},\"image\":{\"@id\":\"https:\\\/\\\/eurostel.be\\\/fr\\\/moulage-par-injection\\\/cilinderkoppen\\\/#primaryimage\"},\"thumbnailUrl\":\"https:\\\/\\\/eurostel.be\\\/wp-content\\\/uploads\\\/2021\\\/08\\\/cilinderkoppen1.jpg\",\"datePublished\":\"2021-08-02T15:02:29+00:00\",\"dateModified\":\"2021-11-30T10:58:44+00:00\",\"breadcrumb\":{\"@id\":\"https:\\\/\\\/eurostel.be\\\/fr\\\/moulage-par-injection\\\/cilinderkoppen\\\/#breadcrumb\"},\"inLanguage\":\"fr-FR\",\"potentialAction\":[{\"@type\":\"ReadAction\",\"target\":[\"https:\\\/\\\/eurostel.be\\\/fr\\\/moulage-par-injection\\\/cilinderkoppen\\\/\"]}]},{\"@type\":\"ImageObject\",\"inLanguage\":\"fr-FR\",\"@id\":\"https:\\\/\\\/eurostel.be\\\/fr\\\/moulage-par-injection\\\/cilinderkoppen\\\/#primaryimage\",\"url\":\"https:\\\/\\\/eurostel.be\\\/wp-content\\\/uploads\\\/2021\\\/08\\\/cilinderkoppen1.jpg\",\"contentUrl\":\"https:\\\/\\\/eurostel.be\\\/wp-content\\\/uploads\\\/2021\\\/08\\\/cilinderkoppen1.jpg\",\"width\":200,\"height\":200},{\"@type\":\"BreadcrumbList\",\"@id\":\"https:\\\/\\\/eurostel.be\\\/fr\\\/moulage-par-injection\\\/cilinderkoppen\\\/#breadcrumb\",\"itemListElement\":[{\"@type\":\"ListItem\",\"position\":1,\"name\":\"Home\",\"item\":\"https:\\\/\\\/eurostel.be\\\/fr\\\/\"},{\"@type\":\"ListItem\",\"position\":2,\"name\":\"Injection\",\"item\":\"https:\\\/\\\/eurostel.be\\\/fr\\\/moulage-par-injection\\\/\"},{\"@type\":\"ListItem\",\"position\":3,\"name\":\"Avants-pots\"}]},{\"@type\":\"WebSite\",\"@id\":\"https:\\\/\\\/eurostel.be\\\/fr\\\/#website\",\"url\":\"https:\\\/\\\/eurostel.be\\\/fr\\\/\",\"name\":\"Euro-Stel\",\"description\":\"Uw volwaardige kunststofleverancier\",\"publisher\":{\"@id\":\"https:\\\/\\\/eurostel.be\\\/fr\\\/#organization\"},\"potentialAction\":[{\"@type\":\"SearchAction\",\"target\":{\"@type\":\"EntryPoint\",\"urlTemplate\":\"https:\\\/\\\/eurostel.be\\\/fr\\\/?s={search_term_string}\"},\"query-input\":{\"@type\":\"PropertyValueSpecification\",\"valueRequired\":true,\"valueName\":\"search_term_string\"}}],\"inLanguage\":\"fr-FR\"},{\"@type\":\"Organization\",\"@id\":\"https:\\\/\\\/eurostel.be\\\/fr\\\/#organization\",\"name\":\"Euro-Stel\",\"url\":\"https:\\\/\\\/eurostel.be\\\/fr\\\/\",\"logo\":{\"@type\":\"ImageObject\",\"inLanguage\":\"fr-FR\",\"@id\":\"https:\\\/\\\/eurostel.be\\\/fr\\\/#\\\/schema\\\/logo\\\/image\\\/\",\"url\":\"https:\\\/\\\/eurostel.jeroclients.be\\\/wp-content\\\/uploads\\\/2021\\\/08\\\/android-chrome-512x512-1.png\",\"contentUrl\":\"https:\\\/\\\/eurostel.jeroclients.be\\\/wp-content\\\/uploads\\\/2021\\\/08\\\/android-chrome-512x512-1.png\",\"width\":512,\"height\":512,\"caption\":\"Euro-Stel\"},\"image\":{\"@id\":\"https:\\\/\\\/eurostel.be\\\/fr\\\/#\\\/schema\\\/logo\\\/image\\\/\"}}]}<\/script>\n<!-- \/ Yoast SEO plugin. -->","yoast_head_json":{"title":"Avants-pots - Euro-Stel","robots":{"index":"index","follow":"follow","max-snippet":"max-snippet:-1","max-image-preview":"max-image-preview:large","max-video-preview":"max-video-preview:-1"},"canonical":"https:\/\/eurostel.be\/fr\/moulage-par-injection\/cilinderkoppen\/","og_locale":"fr_FR","og_type":"article","og_title":"Avants-pots - Euro-Stel","og_description":"Saviez-vous qu\u2019Euro-Stel fournit \u00e9galement des avants- pots et des adaptateurs pour les extrudeuses et les de presses \u00e0 injecter\u2009?","og_url":"https:\/\/eurostel.be\/fr\/moulage-par-injection\/cilinderkoppen\/","og_site_name":"Euro-Stel","article_modified_time":"2021-11-30T10:58:44+00:00","og_image":[{"width":200,"height":200,"url":"https:\/\/eurostel.be\/wp-content\/uploads\/2021\/08\/cilinderkoppen1.jpg","type":"image\/jpeg"}],"twitter_card":"summary_large_image","twitter_misc":{"Dur\u00e9e de lecture estim\u00e9e":"1 minute"},"schema":{"@context":"https:\/\/schema.org","@graph":[{"@type":"WebPage","@id":"https:\/\/eurostel.be\/fr\/moulage-par-injection\/cilinderkoppen\/","url":"https:\/\/eurostel.be\/fr\/moulage-par-injection\/cilinderkoppen\/","name":"Avants-pots - Euro-Stel","isPartOf":{"@id":"https:\/\/eurostel.be\/fr\/#website"},"primaryImageOfPage":{"@id":"https:\/\/eurostel.be\/fr\/moulage-par-injection\/cilinderkoppen\/#primaryimage"},"image":{"@id":"https:\/\/eurostel.be\/fr\/moulage-par-injection\/cilinderkoppen\/#primaryimage"},"thumbnailUrl":"https:\/\/eurostel.be\/wp-content\/uploads\/2021\/08\/cilinderkoppen1.jpg","datePublished":"2021-08-02T15:02:29+00:00","dateModified":"2021-11-30T10:58:44+00:00","breadcrumb":{"@id":"https:\/\/eurostel.be\/fr\/moulage-par-injection\/cilinderkoppen\/#breadcrumb"},"inLanguage":"fr-FR","potentialAction":[{"@type":"ReadAction","target":["https:\/\/eurostel.be\/fr\/moulage-par-injection\/cilinderkoppen\/"]}]},{"@type":"ImageObject","inLanguage":"fr-FR","@id":"https:\/\/eurostel.be\/fr\/moulage-par-injection\/cilinderkoppen\/#primaryimage","url":"https:\/\/eurostel.be\/wp-content\/uploads\/2021\/08\/cilinderkoppen1.jpg","contentUrl":"https:\/\/eurostel.be\/wp-content\/uploads\/2021\/08\/cilinderkoppen1.jpg","width":200,"height":200},{"@type":"BreadcrumbList","@id":"https:\/\/eurostel.be\/fr\/moulage-par-injection\/cilinderkoppen\/#breadcrumb","itemListElement":[{"@type":"ListItem","position":1,"name":"Home","item":"https:\/\/eurostel.be\/fr\/"},{"@type":"ListItem","position":2,"name":"Injection","item":"https:\/\/eurostel.be\/fr\/moulage-par-injection\/"},{"@type":"ListItem","position":3,"name":"Avants-pots"}]},{"@type":"WebSite","@id":"https:\/\/eurostel.be\/fr\/#website","url":"https:\/\/eurostel.be\/fr\/","name":"Euro-Stel","description":"Uw volwaardige kunststofleverancier","publisher":{"@id":"https:\/\/eurostel.be\/fr\/#organization"},"potentialAction":[{"@type":"SearchAction","target":{"@type":"EntryPoint","urlTemplate":"https:\/\/eurostel.be\/fr\/?s={search_term_string}"},"query-input":{"@type":"PropertyValueSpecification","valueRequired":true,"valueName":"search_term_string"}}],"inLanguage":"fr-FR"},{"@type":"Organization","@id":"https:\/\/eurostel.be\/fr\/#organization","name":"Euro-Stel","url":"https:\/\/eurostel.be\/fr\/","logo":{"@type":"ImageObject","inLanguage":"fr-FR","@id":"https:\/\/eurostel.be\/fr\/#\/schema\/logo\/image\/","url":"https:\/\/eurostel.jeroclients.be\/wp-content\/uploads\/2021\/08\/android-chrome-512x512-1.png","contentUrl":"https:\/\/eurostel.jeroclients.be\/wp-content\/uploads\/2021\/08\/android-chrome-512x512-1.png","width":512,"height":512,"caption":"Euro-Stel"},"image":{"@id":"https:\/\/eurostel.be\/fr\/#\/schema\/logo\/image\/"}}]}},"_links":{"self":[{"href":"https:\/\/eurostel.be\/fr\/wp-json\/wp\/v2\/pages\/247","targetHints":{"allow":["GET"]}}],"collection":[{"href":"https:\/\/eurostel.be\/fr\/wp-json\/wp\/v2\/pages"}],"about":[{"href":"https:\/\/eurostel.be\/fr\/wp-json\/wp\/v2\/types\/page"}],"author":[{"embeddable":true,"href":"https:\/\/eurostel.be\/fr\/wp-json\/wp\/v2\/users\/1"}],"replies":[{"embeddable":true,"href":"https:\/\/eurostel.be\/fr\/wp-json\/wp\/v2\/comments?post=247"}],"version-history":[{"count":0,"href":"https:\/\/eurostel.be\/fr\/wp-json\/wp\/v2\/pages\/247\/revisions"}],"up":[{"embeddable":true,"href":"https:\/\/eurostel.be\/fr\/wp-json\/wp\/v2\/pages\/451"}],"wp:featuredmedia":[{"embeddable":true,"href":"https:\/\/eurostel.be\/fr\/wp-json\/wp\/v2\/media\/121"}],"wp:attachment":[{"href":"https:\/\/eurostel.be\/fr\/wp-json\/wp\/v2\/media?parent=247"}],"curies":[{"name":"wp","href":"https:\/\/api.w.org\/{rel}","templated":true}]}}