{"id":240,"date":"2021-08-03T10:46:16","date_gmt":"2021-08-03T08:46:16","guid":{"rendered":"https:\/\/eurostel.jeroclients.be\/over-euro-stel\/"},"modified":"2021-11-30T15:43:53","modified_gmt":"2021-11-30T14:43:53","slug":"over-euro-stel","status":"publish","type":"page","link":"https:\/\/eurostel.be\/fr\/over-euro-stel\/","title":{"rendered":"Qui sommes-nous ?"},"content":{"rendered":"\n<h2 class=\"wp-block-heading\">Expert d&rsquo;unit\u00e9s d&rsquo;injection et d&rsquo;extrusion<\/h2>\n\n\n\n<p>Fond\u00e9 par trois experts en m\u00e9tallurgie &amp; techniques de soudage, Euro-Stel s\u2019est positionn\u00e9e au cours de ces 30 derni\u00e8res ann\u00e9es, comme l\u2019un des leaders de fabrications et r\u00e9parations d&rsquo;unit\u00e9s de plastification.<\/p>\n\n\n\n<p>Gr\u00e2ce \u00e0 notre participation \u00e0 des \u00e9tudes et notre collaboration avec des transformateurs de mati\u00e8res plastiques, nous Sp\u00e9cialis\u00e9e dans ses premi\u00e8res ann\u00e9es sur la remise en \u00e9tat de vis et cylindres d\u2019injection et d\u2019extrusion, Euro-Stel a su int\u00e9grer le march\u00e9 de la fabrication. Les multiples \u00e9tudes et nombres collaborations avec les plasturgistes, ont permis \u00e0 Euro-Stel de d\u00e9velopper et commercialiser leurs propres mod\u00e8les de vis et autres \u00e9l\u00e9ments d\u2019unit\u00e9s d\u2019injection.<\/p>\n\n\n\n<h2 class=\"wp-block-heading\">Nos activit\u00e9s en un clin d&rsquo;\u0153il<\/h2>\n\n\n\n<ol class=\"wp-block-list\"><li><strong><strong>R\u00e9paration<\/strong> <\/strong>: \u00c0 l\u2019origine limit\u00e9e aux vis et cylindres, la r\u00e9paration s\u2019est maintenant \u00e9tendue aux clapets anti-retour, avants pots, colonnes et autres petits composants. <\/li><li><strong>Fabrication<\/strong> :  de nouveaux cylindres et vis et ainsi que de nouveaux avants-pots, clapets anti-retour et colonnes pour tous les types de machines. Pour chaque application, nous r\u00e9alisons le meilleur choix et la meilleure combinaison entre la g\u00e9om\u00e9trie, la m\u00e9tallurgie et le traitement thermique.<\/li><li><strong>Conception<\/strong> : En plus de la fabrication de pi\u00e8ces pour unit\u00e9s d\u2019injection et d\u2019extrusion, Euro-Stel con\u00e7oit et fabrique des extrudeuses compl\u00e8tes.<\/li><\/ol>\n\n\n\n<figure class=\"wp-block-embed is-type-video is-provider-youtube wp-block-embed-youtube wp-embed-aspect-16-9 wp-has-aspect-ratio\"><div class=\"wp-block-embed__wrapper\">\n<iframe loading=\"lazy\" title=\"EURO-STEL N.V. Introduction\" width=\"500\" height=\"281\" src=\"https:\/\/www.youtube.com\/embed\/hVxZzH77-YI?feature=oembed\" frameborder=\"0\" allow=\"accelerometer; autoplay; clipboard-write; encrypted-media; gyroscope; picture-in-picture; web-share\" referrerpolicy=\"strict-origin-when-cross-origin\" allowfullscreen><\/iframe>\n<\/div><\/figure>\n\n\n\n<p><\/p>\n\n\n\n<h2 class=\"wp-block-heading\">Nous sommes \u00e0 votre service !  <\/h2>\n\n\n\n<p>Outre la r\u00e9vision et la fabrication de pi\u00e8ces, Euro-Stel offre \u00e9galement un vaste \u00e9ventail de services.\u00a0 Nous nous d\u00e9pla\u00e7ons sur site pour contr\u00f4ler les possibles usures de vos unit\u00e9s de plastification. Nous pouvons \u00e9galement vous fournir une assistance lors de vos d\u00e9montages et\/ou montages d\u2019unit\u00e9s d\u2019injection ou d\u2019extrusion<\/p>\n\n\n\n<h2 class=\"wp-block-heading\">Des productions de qualit\u00e9<\/h2>\n\n\n\n<p>L\u2019ensemble de nos pi\u00e8ces sont reconnues pour leur qualit\u00e9 de rendement &amp; robustesse, et ce depuis plusieurs d\u00e9cennies.<\/p>\n\n\n\n<p>Nos g\u00e9om\u00e9tries de vis brevet\u00e9es, \u00e9quip\u00e9es de malaxeurs sp\u00e9cifiques ont su assurer une qualit\u00e9 de production et de rendement performants chez bon nombre de nos clients. Nos connaissances de la m\u00e9tallurgie et des rev\u00eatements, sont des atouts suppl\u00e9mentaires, permettant \u00e0 nos \u00e9l\u00e9ments de r\u00e9sister face aux abrasions et corrosions.<\/p>\n\n\n\n<p>L\u2019exp\u00e9rience acquise, le d\u00e9veloppement des techniques de fabrication-r\u00e9paration, ainsi que le choix de mat\u00e9riaux de haute qualit\u00e9 font des produits Euro-Stel des r\u00e9f\u00e9rences solides dans le secteur de la plasturgie<\/p>\n\n\n\n<h2 class=\"wp-block-heading\">Recherches &amp; d\u00e9veloppements<\/h2>\n\n\n\n<blockquote class=\"wp-block-quote is-layout-flow wp-block-quote-is-layout-flow\"><p><em>\u201c Notre principal objectif est d\u2019optimiser le processus de nos clients. Si le processus ne r\u00e9pond pas aux attentes, nous chercherons les profils et les mat\u00e9riaux ad\u00e9quats pour donner pleine satisfaction. M\u00eame en l\u2019absence de de probl\u00e8mes majeurs, nous essayons toujours de r\u00e9fl\u00e9chir avec le client en vue d\u2019am\u00e9liorer son processus. <\/em>\u201d<\/p><\/blockquote>\n\n\n\n<p>Les technologies autour des transformations des mati\u00e8res plastiques ne cessent d\u2019\u00e9voluer. Euro-Stel est en veille permanente sur l\u2019ensemble de ces sujets, rendant notre travail si passionnant au quotidien.<\/p>\n\n\n\n<p>Gr\u00e2ce \u00e0 nos \u00e9quipements, et notre laboratoire de tests, nous restons constamment en recherche de nouveaux profils de vis, et ce en fonction de l\u2019apparition de nouvelles mati\u00e8res plastiques. Soyez en s\u00fbr, nous mettons tout en \u0153uvre afin de trouver la solution \u00e0 chaque probl\u00e9matique !<\/p>\n","protected":false},"excerpt":{"rendered":"<p>de soudage, la soci\u00e9t\u00e9 a acquis durant les 30 derni\u00e8res ann\u00e9es une position importante dans le monde de la transformation des mati\u00e8res plastiques.<\/p>\n<p>Gr\u00e2ce \u00e0 notre participation \u00e0 des \u00e9tudes et notre collaboration avec des transformateurs de mati\u00e8res plastiques, nous pouvons maintenant nous vanter d\u2019avoir cr\u00e9\u00e9 nous-m\u00eames des g\u00e9om\u00e9tries de vis entre-temps brevet\u00e9es, alors qu\u2019auparavant nous nous contentions de r\u00e9parer les vis et les cylindres des extrudeuses et les presses \u00e0 injecter.<\/p>\n","protected":false},"author":1,"featured_media":0,"parent":0,"menu_order":0,"comment_status":"closed","ping_status":"closed","template":"","meta":{"_acf_changed":false,"footnotes":""},"class_list":["post-240","page","type-page","status-publish","hentry"],"acf":[],"yoast_head":"<!-- This site is optimized with the Yoast SEO plugin v27.3 - https:\/\/yoast.com\/product\/yoast-seo-wordpress\/ -->\n<title>Qui sommes-nous ? - Euro-Stel<\/title>\n<meta name=\"robots\" content=\"index, follow, max-snippet:-1, max-image-preview:large, max-video-preview:-1\" \/>\n<link rel=\"canonical\" href=\"https:\/\/eurostel.be\/fr\/over-euro-stel\/\" \/>\n<meta property=\"og:locale\" content=\"fr_FR\" \/>\n<meta property=\"og:type\" content=\"article\" \/>\n<meta property=\"og:title\" content=\"Qui sommes-nous ? - Euro-Stel\" \/>\n<meta property=\"og:description\" content=\"de soudage, la soci\u00e9t\u00e9 a acquis durant les 30 derni\u00e8res ann\u00e9es une position importante dans le monde de la transformation des mati\u00e8res plastiques. Gr\u00e2ce \u00e0 notre participation \u00e0 des \u00e9tudes et notre collaboration avec des transformateurs de mati\u00e8res plastiques, nous pouvons maintenant nous vanter d\u2019avoir cr\u00e9\u00e9 nous-m\u00eames des g\u00e9om\u00e9tries de vis entre-temps brevet\u00e9es, alors qu\u2019auparavant nous nous contentions de r\u00e9parer les vis et les cylindres des extrudeuses et les presses \u00e0 injecter.\" \/>\n<meta property=\"og:url\" content=\"https:\/\/eurostel.be\/fr\/over-euro-stel\/\" \/>\n<meta property=\"og:site_name\" content=\"Euro-Stel\" \/>\n<meta property=\"article:modified_time\" content=\"2021-11-30T14:43:53+00:00\" \/>\n<meta name=\"twitter:card\" content=\"summary_large_image\" \/>\n<meta name=\"twitter:label1\" content=\"Dur\u00e9e de lecture estim\u00e9e\" \/>\n\t<meta name=\"twitter:data1\" content=\"3 minutes\" \/>\n<script type=\"application\/ld+json\" class=\"yoast-schema-graph\">{\"@context\":\"https:\\\/\\\/schema.org\",\"@graph\":[{\"@type\":\"WebPage\",\"@id\":\"https:\\\/\\\/eurostel.be\\\/fr\\\/over-euro-stel\\\/\",\"url\":\"https:\\\/\\\/eurostel.be\\\/fr\\\/over-euro-stel\\\/\",\"name\":\"Qui sommes-nous ? - Euro-Stel\",\"isPartOf\":{\"@id\":\"https:\\\/\\\/eurostel.be\\\/fr\\\/#website\"},\"datePublished\":\"2021-08-03T08:46:16+00:00\",\"dateModified\":\"2021-11-30T14:43:53+00:00\",\"breadcrumb\":{\"@id\":\"https:\\\/\\\/eurostel.be\\\/fr\\\/over-euro-stel\\\/#breadcrumb\"},\"inLanguage\":\"fr-FR\",\"potentialAction\":[{\"@type\":\"ReadAction\",\"target\":[\"https:\\\/\\\/eurostel.be\\\/fr\\\/over-euro-stel\\\/\"]}]},{\"@type\":\"BreadcrumbList\",\"@id\":\"https:\\\/\\\/eurostel.be\\\/fr\\\/over-euro-stel\\\/#breadcrumb\",\"itemListElement\":[{\"@type\":\"ListItem\",\"position\":1,\"name\":\"Home\",\"item\":\"https:\\\/\\\/eurostel.be\\\/fr\\\/\"},{\"@type\":\"ListItem\",\"position\":2,\"name\":\"Qui sommes-nous ?\"}]},{\"@type\":\"WebSite\",\"@id\":\"https:\\\/\\\/eurostel.be\\\/fr\\\/#website\",\"url\":\"https:\\\/\\\/eurostel.be\\\/fr\\\/\",\"name\":\"Euro-Stel\",\"description\":\"Uw volwaardige kunststofleverancier\",\"publisher\":{\"@id\":\"https:\\\/\\\/eurostel.be\\\/fr\\\/#organization\"},\"potentialAction\":[{\"@type\":\"SearchAction\",\"target\":{\"@type\":\"EntryPoint\",\"urlTemplate\":\"https:\\\/\\\/eurostel.be\\\/fr\\\/?s={search_term_string}\"},\"query-input\":{\"@type\":\"PropertyValueSpecification\",\"valueRequired\":true,\"valueName\":\"search_term_string\"}}],\"inLanguage\":\"fr-FR\"},{\"@type\":\"Organization\",\"@id\":\"https:\\\/\\\/eurostel.be\\\/fr\\\/#organization\",\"name\":\"Euro-Stel\",\"url\":\"https:\\\/\\\/eurostel.be\\\/fr\\\/\",\"logo\":{\"@type\":\"ImageObject\",\"inLanguage\":\"fr-FR\",\"@id\":\"https:\\\/\\\/eurostel.be\\\/fr\\\/#\\\/schema\\\/logo\\\/image\\\/\",\"url\":\"https:\\\/\\\/eurostel.jeroclients.be\\\/wp-content\\\/uploads\\\/2021\\\/08\\\/android-chrome-512x512-1.png\",\"contentUrl\":\"https:\\\/\\\/eurostel.jeroclients.be\\\/wp-content\\\/uploads\\\/2021\\\/08\\\/android-chrome-512x512-1.png\",\"width\":512,\"height\":512,\"caption\":\"Euro-Stel\"},\"image\":{\"@id\":\"https:\\\/\\\/eurostel.be\\\/fr\\\/#\\\/schema\\\/logo\\\/image\\\/\"}}]}<\/script>\n<!-- \/ Yoast SEO plugin. -->","yoast_head_json":{"title":"Qui sommes-nous ? - Euro-Stel","robots":{"index":"index","follow":"follow","max-snippet":"max-snippet:-1","max-image-preview":"max-image-preview:large","max-video-preview":"max-video-preview:-1"},"canonical":"https:\/\/eurostel.be\/fr\/over-euro-stel\/","og_locale":"fr_FR","og_type":"article","og_title":"Qui sommes-nous ? - Euro-Stel","og_description":"de soudage, la soci\u00e9t\u00e9 a acquis durant les 30 derni\u00e8res ann\u00e9es une position importante dans le monde de la transformation des mati\u00e8res plastiques. Gr\u00e2ce \u00e0 notre participation \u00e0 des \u00e9tudes et notre collaboration avec des transformateurs de mati\u00e8res plastiques, nous pouvons maintenant nous vanter d\u2019avoir cr\u00e9\u00e9 nous-m\u00eames des g\u00e9om\u00e9tries de vis entre-temps brevet\u00e9es, alors qu\u2019auparavant nous nous contentions de r\u00e9parer les vis et les cylindres des extrudeuses et les presses \u00e0 injecter.","og_url":"https:\/\/eurostel.be\/fr\/over-euro-stel\/","og_site_name":"Euro-Stel","article_modified_time":"2021-11-30T14:43:53+00:00","twitter_card":"summary_large_image","twitter_misc":{"Dur\u00e9e de lecture estim\u00e9e":"3 minutes"},"schema":{"@context":"https:\/\/schema.org","@graph":[{"@type":"WebPage","@id":"https:\/\/eurostel.be\/fr\/over-euro-stel\/","url":"https:\/\/eurostel.be\/fr\/over-euro-stel\/","name":"Qui sommes-nous ? - Euro-Stel","isPartOf":{"@id":"https:\/\/eurostel.be\/fr\/#website"},"datePublished":"2021-08-03T08:46:16+00:00","dateModified":"2021-11-30T14:43:53+00:00","breadcrumb":{"@id":"https:\/\/eurostel.be\/fr\/over-euro-stel\/#breadcrumb"},"inLanguage":"fr-FR","potentialAction":[{"@type":"ReadAction","target":["https:\/\/eurostel.be\/fr\/over-euro-stel\/"]}]},{"@type":"BreadcrumbList","@id":"https:\/\/eurostel.be\/fr\/over-euro-stel\/#breadcrumb","itemListElement":[{"@type":"ListItem","position":1,"name":"Home","item":"https:\/\/eurostel.be\/fr\/"},{"@type":"ListItem","position":2,"name":"Qui sommes-nous ?"}]},{"@type":"WebSite","@id":"https:\/\/eurostel.be\/fr\/#website","url":"https:\/\/eurostel.be\/fr\/","name":"Euro-Stel","description":"Uw volwaardige kunststofleverancier","publisher":{"@id":"https:\/\/eurostel.be\/fr\/#organization"},"potentialAction":[{"@type":"SearchAction","target":{"@type":"EntryPoint","urlTemplate":"https:\/\/eurostel.be\/fr\/?s={search_term_string}"},"query-input":{"@type":"PropertyValueSpecification","valueRequired":true,"valueName":"search_term_string"}}],"inLanguage":"fr-FR"},{"@type":"Organization","@id":"https:\/\/eurostel.be\/fr\/#organization","name":"Euro-Stel","url":"https:\/\/eurostel.be\/fr\/","logo":{"@type":"ImageObject","inLanguage":"fr-FR","@id":"https:\/\/eurostel.be\/fr\/#\/schema\/logo\/image\/","url":"https:\/\/eurostel.jeroclients.be\/wp-content\/uploads\/2021\/08\/android-chrome-512x512-1.png","contentUrl":"https:\/\/eurostel.jeroclients.be\/wp-content\/uploads\/2021\/08\/android-chrome-512x512-1.png","width":512,"height":512,"caption":"Euro-Stel"},"image":{"@id":"https:\/\/eurostel.be\/fr\/#\/schema\/logo\/image\/"}}]}},"_links":{"self":[{"href":"https:\/\/eurostel.be\/fr\/wp-json\/wp\/v2\/pages\/240","targetHints":{"allow":["GET"]}}],"collection":[{"href":"https:\/\/eurostel.be\/fr\/wp-json\/wp\/v2\/pages"}],"about":[{"href":"https:\/\/eurostel.be\/fr\/wp-json\/wp\/v2\/types\/page"}],"author":[{"embeddable":true,"href":"https:\/\/eurostel.be\/fr\/wp-json\/wp\/v2\/users\/1"}],"replies":[{"embeddable":true,"href":"https:\/\/eurostel.be\/fr\/wp-json\/wp\/v2\/comments?post=240"}],"version-history":[{"count":0,"href":"https:\/\/eurostel.be\/fr\/wp-json\/wp\/v2\/pages\/240\/revisions"}],"wp:attachment":[{"href":"https:\/\/eurostel.be\/fr\/wp-json\/wp\/v2\/media?parent=240"}],"curies":[{"name":"wp","href":"https:\/\/api.w.org\/{rel}","templated":true}]}}