{"id":312,"date":"2021-08-05T09:59:20","date_gmt":"2021-08-05T07:59:20","guid":{"rendered":"https:\/\/eurostel.jeroclients.be\/schroeven\/"},"modified":"2021-08-06T16:46:32","modified_gmt":"2021-08-06T14:46:32","slug":"schroeven","status":"publish","type":"page","link":"https:\/\/eurostel.be\/de\/spritzgiessen\/schroeven\/","title":{"rendered":"Schnecken"},"content":{"rendered":"\n<p>Die Schnecke ist vielleicht das wichtigste Werkzeug in der Kunststoffverarbeitung. Da die Schneckengeometrie ein sehr dynamisches Wissensgebiet ist, ist ein kritischer Blick darauf von Zeit zu Zeit nicht nur sinnvoll, sondern auch notwendig.<\/p>\n\n<p>Die Schnecken von Euro-Stel sind weltweit bekannt f\u00fcr ihre hohe Qualit\u00e4t im Hinblick auf das ideale Verh\u00e4ltnis zwischen Plastifizierleistung, Ertrag und Verschlei\u00dffestigkeit. Wir liefern Schnecken f\u00fcr alle Maschinentypen, von 15 mm Durchmesser bis 360 mm Durchmesser und bis zu einer L\u00e4nge von zehn Metern, sowohl f\u00fcr Thermoplast- als auch f\u00fcr Duroplast- und Gummiverarbeitung.<\/p>\n\n<p>Euro-Stel liefert Schnecken mit allen m\u00f6glichen Geometrien. Von der einfachsten Drei-Zonen-Schnecke bis hin zu den komplexesten Geometrien. Im Laufe der Jahre haben wir so viel Erfahrung in der Verarbeitung von Kunststoffen gesammelt, dass wir sehr erfolgreich unsere eigenen Euro-Stel-Geometrien f\u00fcr die unterschiedlichsten Anwendungen entwickelt haben.<\/p>\n\n<p>unterschiedlichsten Anwendungen entwickelt haben.&#13;\nDie Schnecken von Euro-Stel verdanken ihre Qualit\u00e4t dem besonders effizienten Homogenisierungsteil. Verf\u00fcgbare Typen:&#13;\n<\/p>\n\n<ul class=\"wp-block-list\"><li>Universell einsetzbare EUROSTEL-Mischschnecke mit EUROSTEL- Homogenisierungsteil <\/li><li>EUROSTEL-Hochleistungsschnecke mit EUROSTEL- Homogenisierungsteil und Barrierezone<\/li><li>Je nach Anwendung alle m\u00f6glichen Varianten und Kombinationen<\/li><\/ul>\n\n<h2 class=\"wp-block-heading\">Welche Schnecke ist die richtige f\u00fcr Sie?<\/h2>\n\n<p>Die Anwendung, f\u00fcr die die Schnecke verwendet werden soll, bestimmt, aus welcher Stahlsorte die Schnecke hergestellt wird und die entsprechende W\u00e4rmebehandlung. Wir haben beispielsweise Schnecken aus Nitrierstahl oder Chromstahl, wobei die Spirale mit einer Panzerung versehen werden kann. <\/p>\n\n<p>Wir k\u00f6nnen diese Art von Schnecken nitrieren oder eventuell den Kern mit einer speziellen Oberfl\u00e4chenbeschichtung versehen. Dar\u00fcber hinaus haben wir auch geh\u00e4rtete Schnecken aus Werkzeugstahl sowie Schnecken aus Pulvermetall, die gegen extremen Abrieb und\/oder Korrosion best\u00e4ndig sind. Schlie\u00dflich gibt es noch die Schnecken aus Superlegierungen (Hasteloy-Inconel) f\u00fcr spezielle Anwendungen.<\/p>\n\n<p>Die Schneckengeometrie bestimmt nicht nur das Plastifizierverhalten und die Leistung einer Schnecke, sondern auch deren Best\u00e4ndigkeit gegen Verschlei\u00df. Die Erfahrung zeigt, dass eine Schnecke trotz der Auswahl des richtigen Grundmaterials und einer guten Oberfl\u00e4chen- bzw. W\u00e4rmebehandlung keine befriedigende Verschlei\u00dffestigkeit erreicht, wenn die Schneckengeometrie falsch ist. <\/p>\n\n<p>Eine ungeeignete Geometrie verursacht w\u00e4hrend des Plastifizierprozesses einen zu hohen Druck in der Kompressionszone. Ein hoher Druck verursacht durch Reibung immer Abrieb an der Schnecke und am Zylinder, trotz Verwendung der richtigen Materialien.<\/p>\n\n<h2 class=\"wp-block-heading\">Prinzip des EUROSTEL-Mischteils<\/h2>\n\n<p>Die geschmolzene Masse wird durch einen Mischspalt von Gang zu Gang an der hei\u00dfen Zylinderwand entlang gef\u00fchrt. W\u00e4hrenddessen wird die geschmolzene Masse gemischt, wodurch die hervorragenden Homogenit\u00e4tseigenschaften dieses Mischteils erreicht werden. Unter diesen Bedingungen kann die Kompression zugunsten einer h\u00f6heren Plastifizierleistung und eines niedrigeren Prozessdrucks deutlich reduziert werden. Die letzten noch nicht geschmolzenen Granulatreste l\u00f6sen sich sp\u00e4testens w\u00e4hrend der kurzfristigen Passage der \u00dcberstr\u00f6mflanken auf, denn dort werden sie automatisch an der hei\u00dfen Zylinderwand entlanggef\u00fchrt.<\/p>\n\n<h3 class=\"wp-block-heading\">Merkmale des EUROSTEL-Mischteils<\/h3>\n\n<ul class=\"wp-block-list\"><li>hervorragende Mischqualit\u00e4t<\/li><li>h\u00f6here Plastifizierleistung<\/li><li>gleichm\u00e4\u00dfige Temperaturverteilung in der Schmelze<\/li><li>weniger Masterbatch erforderlich<\/li><li>geringerer Energieverbrauch<\/li><\/ul>\n\n<h3 class=\"wp-block-heading\">Universell einsetzbare EUROSTEL-Mischschnecke mit EUROSTEL-Mischteil<\/h3>\n\n<p>Diese Schnecke kann als herk\u00f6mmliche Drei-Zonen-Schnecke betrachtet werden, hat jedoch am Ende, in der Austragszone, ein EUROSTEL-Mischteil. Je nach den zu verarbeitenden Materialien hat diese Schnecke eine variable oder nicht variable Spiralspule, die sich \u00fcber die gesamte L\u00e4nge der Schnecke ver\u00e4ndern kann.  Diese Schnecke mit dem EUROSTEL-Mischteil bietet einige bedeutende Vorteile gegen\u00fcbereiner herk\u00f6mmlichen 3-Zonen-Schnecke. <\/p>\n\n<ul class=\"wp-block-list\"><li>Ein erheblich geringeres Kompressionsverh\u00e4ltnis (da dies nicht mehr f\u00fcr die Homogenit\u00e4t erforderlich ist)<\/li><li>Ein wesentlich besseres Mischverhalten durch das Umw\u00e4lzen der Schmelze im Mischteil<\/li><li>Eine h\u00f6here Plastifizierleistung durch die geringere Kompression und die gr\u00f6\u00dfere Flankenh\u00f6he in der Pumpzone<\/li><li>Ein reduzierter Verschlei\u00df von Schnecke und Zylinder durch Vermeidung eines extremen Prozessdrucks insbesondere bei der Kompression<\/li><li>Weinig of geen stuwdruk meer nodig om te helpen bij de homogenisering<\/li><li>Ein nur noch geringer bzw. sogar gar kein Staudruck mehr erforderlich zur Verbesserung der Homogenit\u00e4t<\/li><\/ul>\n\n<p>Die EUROSTEL-Mischschnecke ist eine universelle Schnecke mit sehr breitem Verarbeitungsspektrum, verbesserten Plastifizierergebnissen in Bezug auf Qualit\u00e4t und Leistung und zus\u00e4tzlich einer langen Lebensdauer (von Schnecke und Zylinder!). Diese Schnecke zeigt ihre besonderen Vorteile in erster Linie beim Einf\u00e4rben mit Masterbatch.&#13;\nM\u00f6glicherweise k\u00f6nnen Benutzer nicht alle Vorteile der EUROSTEL-Mischschnecke nutzen, z. B. wird nicht immer eingef\u00e4rbt. Der geringere Verschlei\u00df ist jedoch ein allgemeiner Vorteil f\u00fcr alle. &#13;\n<\/p>\n\n<h3 class=\"wp-block-heading\">EUROSTEL-Hochleistungsschnecke mit EUROSTEL-Mischteil und Barrierezone<\/h3>\n\n<p>Die EUROSTEL-Hochleistungsschnecke ist eine Weiterentwicklung der EUROSTEL-Mischschnecke. Diese Schnecke ist mit einer zus\u00e4tzlichen Barrierezone ausgestattet.  Im Gegensatz zu der Mischschnecke ist die Geometrie dieser Hochleistungsschnecke f\u00fcr spezielle Anwendungen konzipiert. In der Barrierezone wird die sich bildende Schmelze fr\u00fchzeitig von den Feststoffen getrennt, was h\u00f6here Drehzahlen und dadurch eine h\u00f6here Plastifizierleistung erm\u00f6glicht. Durch das Mischteil wird eine kontinuierliche und gute Plastifizierqualit\u00e4t gew\u00e4hrleistet. Bei der Auslegung der Barrierezone werden die besonderen Eigenschaften des zu verarbeitenden Kunststoffes, wie Schmelzpunkt, Viskoelastizit\u00e4t sowie Druck- bzw. Mischempfindlichkeit ber\u00fccksichtigt.<\/p>\n\n<figure class=\"wp-block-gallery columns-3 is-cropped wp-block-gallery-1 is-layout-flex wp-block-gallery-is-layout-flex\"><ul class=\"blocks-gallery-grid\"><li class=\"blocks-gallery-item\"><figure><img loading=\"lazy\" decoding=\"async\" width=\"960\" height=\"960\" src=\"https:\/\/eurostel.jeroclients.be\/wp-content\/uploads\/2021\/08\/foto_8.jpg\" alt=\"\" data-id=\"144\" data-full-url=\"https:\/\/eurostel.jeroclients.be\/wp-content\/uploads\/2021\/08\/foto_8.jpg\" data-link=\"https:\/\/eurostel.jeroclients.be\/spuitgieten\/schroeven\/attachment\/foto_8\/\" class=\"wp-image-144\" srcset=\"https:\/\/eurostel.be\/wp-content\/uploads\/2021\/08\/foto_8.jpg 960w, https:\/\/eurostel.be\/wp-content\/uploads\/2021\/08\/foto_8-150x150@2x.jpg 300w, https:\/\/eurostel.be\/wp-content\/uploads\/2021\/08\/foto_8-150x150.jpg 150w, https:\/\/eurostel.be\/wp-content\/uploads\/2021\/08\/foto_8-768x768.jpg 768w, https:\/\/eurostel.be\/wp-content\/uploads\/2021\/08\/foto_8-480x480.jpg 480w, https:\/\/eurostel.be\/wp-content\/uploads\/2021\/08\/foto_8-300x300@2x.jpg 600w\" sizes=\"auto, (max-width: 960px) 100vw, 960px\" \/><\/figure><\/li><li class=\"blocks-gallery-item\"><figure><img loading=\"lazy\" decoding=\"async\" width=\"960\" height=\"960\" src=\"https:\/\/eurostel.jeroclients.be\/wp-content\/uploads\/2021\/08\/foto_7.jpg\" alt=\"\" data-id=\"148\" data-full-url=\"https:\/\/eurostel.jeroclients.be\/wp-content\/uploads\/2021\/08\/foto_7.jpg\" data-link=\"https:\/\/eurostel.jeroclients.be\/spuitgieten\/schroeven\/attachment\/foto_7\/\" class=\"wp-image-148\" srcset=\"https:\/\/eurostel.be\/wp-content\/uploads\/2021\/08\/foto_7.jpg 960w, https:\/\/eurostel.be\/wp-content\/uploads\/2021\/08\/foto_7-150x150@2x.jpg 300w, https:\/\/eurostel.be\/wp-content\/uploads\/2021\/08\/foto_7-150x150.jpg 150w, https:\/\/eurostel.be\/wp-content\/uploads\/2021\/08\/foto_7-768x768.jpg 768w, https:\/\/eurostel.be\/wp-content\/uploads\/2021\/08\/foto_7-480x480.jpg 480w, https:\/\/eurostel.be\/wp-content\/uploads\/2021\/08\/foto_7-300x300@2x.jpg 600w\" sizes=\"auto, (max-width: 960px) 100vw, 960px\" \/><\/figure><\/li><li class=\"blocks-gallery-item\"><figure><img loading=\"lazy\" decoding=\"async\" width=\"960\" height=\"960\" src=\"https:\/\/eurostel.jeroclients.be\/wp-content\/uploads\/2021\/08\/foto10.jpg\" alt=\"\" data-id=\"140\" data-full-url=\"https:\/\/eurostel.jeroclients.be\/wp-content\/uploads\/2021\/08\/foto10.jpg\" data-link=\"https:\/\/eurostel.jeroclients.be\/spuitgieten\/schroeven\/attachment\/foto10\/\" class=\"wp-image-140\" srcset=\"https:\/\/eurostel.be\/wp-content\/uploads\/2021\/08\/foto10.jpg 960w, https:\/\/eurostel.be\/wp-content\/uploads\/2021\/08\/foto10-150x150@2x.jpg 300w, https:\/\/eurostel.be\/wp-content\/uploads\/2021\/08\/foto10-150x150.jpg 150w, https:\/\/eurostel.be\/wp-content\/uploads\/2021\/08\/foto10-768x768.jpg 768w, https:\/\/eurostel.be\/wp-content\/uploads\/2021\/08\/foto10-480x480.jpg 480w, https:\/\/eurostel.be\/wp-content\/uploads\/2021\/08\/foto10-300x300@2x.jpg 600w\" sizes=\"auto, (max-width: 960px) 100vw, 960px\" \/><\/figure><\/li><li class=\"blocks-gallery-item\"><figure><img loading=\"lazy\" decoding=\"async\" width=\"960\" height=\"960\" src=\"https:\/\/eurostel.jeroclients.be\/wp-content\/uploads\/2021\/08\/pack003.jpg\" alt=\"\" data-id=\"136\" data-full-url=\"https:\/\/eurostel.jeroclients.be\/wp-content\/uploads\/2021\/08\/pack003.jpg\" data-link=\"https:\/\/eurostel.jeroclients.be\/spuitgieten\/schroeven\/attachment\/pack003\/\" class=\"wp-image-136\" srcset=\"https:\/\/eurostel.be\/wp-content\/uploads\/2021\/08\/pack003.jpg 960w, https:\/\/eurostel.be\/wp-content\/uploads\/2021\/08\/pack003-150x150@2x.jpg 300w, https:\/\/eurostel.be\/wp-content\/uploads\/2021\/08\/pack003-150x150.jpg 150w, https:\/\/eurostel.be\/wp-content\/uploads\/2021\/08\/pack003-768x768.jpg 768w, https:\/\/eurostel.be\/wp-content\/uploads\/2021\/08\/pack003-480x480.jpg 480w, https:\/\/eurostel.be\/wp-content\/uploads\/2021\/08\/pack003-300x300@2x.jpg 600w\" sizes=\"auto, (max-width: 960px) 100vw, 960px\" \/><\/figure><\/li><li class=\"blocks-gallery-item\"><figure><img loading=\"lazy\" decoding=\"async\" width=\"1000\" height=\"1000\" src=\"https:\/\/eurostel.jeroclients.be\/wp-content\/uploads\/2021\/08\/pack018.jpg\" alt=\"\" data-id=\"130\" data-full-url=\"https:\/\/eurostel.jeroclients.be\/wp-content\/uploads\/2021\/08\/pack018.jpg\" data-link=\"https:\/\/eurostel.jeroclients.be\/spuitgieten\/schroeven\/attachment\/pack018\/\" class=\"wp-image-130\" srcset=\"https:\/\/eurostel.be\/wp-content\/uploads\/2021\/08\/pack018.jpg 1000w, https:\/\/eurostel.be\/wp-content\/uploads\/2021\/08\/pack018-150x150@2x.jpg 300w, https:\/\/eurostel.be\/wp-content\/uploads\/2021\/08\/pack018-150x150.jpg 150w, https:\/\/eurostel.be\/wp-content\/uploads\/2021\/08\/pack018-768x768.jpg 768w, https:\/\/eurostel.be\/wp-content\/uploads\/2021\/08\/pack018-480x480.jpg 480w, https:\/\/eurostel.be\/wp-content\/uploads\/2021\/08\/pack018-300x300@2x.jpg 600w\" sizes=\"auto, (max-width: 1000px) 100vw, 1000px\" \/><\/figure><\/li><\/ul><\/figure>\n\n<h2 class=\"wp-block-heading\">\u00dcberholung von Schnecken<\/h2>\n\n<p>Seit der Gr\u00fcndung des Unternehmens \u00fcberholt und repariert Euro-Stel alle Arten von Schnecken. Gebrauchte Schnecken werden mit gr\u00f6\u00dfter Sorgfalt behandelt, damit sie so gut wie neu sind!&#13;\nDer Hauptgrund f\u00fcr die \u00dcberholung von Schnecken ist Verschlei\u00df. Wir erhalten aber auch regelm\u00e4\u00dfig Schnecken mit mechanischen Besch\u00e4digungen. &#13;\n<\/p>\n\n<p>Ein typisches Beispiel sind Schnecken mit gebrochenen R\u00fcckschlagventilen, deren Gewinde an der Schnecke festsitzt und bei denen das Gewinde wiederhergestellt oder repariert werden muss, um ein neues R\u00fcckschlagventil montieren zu k\u00f6nnen. <\/p>\n\n<div class=\"wp-block-group\"><div class=\"wp-block-group__inner-container is-layout-flow wp-block-group-is-layout-flow\">\n<p><strong>Goed om weten:<\/strong> Bij revisie dient altijd een grondige analyse van de versleten onderdelen gemaakt te worden door een ervaren Euro-Stel-expert om de meest geijkte revisie (economisch en technisch) voor te stellen.<\/p>\n<\/div><\/div>\n\n<h3 class=\"wp-block-heading\">Alles \u00fcber Schneckenverschlei\u00df und -reparatur <\/h3>\n\n<p><strong>&#13;\nWenn Schnecken irreparabel verschlissen oder besch\u00e4digt sind, k\u00f6nnen wir neue Schnecken je nach Modell oder in Euro-Stel-Ausf\u00fchrung anbieten.&#13;\n<\/strong><\/p>\n\n<p>Es gibt keine allgemeing\u00fcltige Beschreibung oder Ursache f\u00fcr Verschlei\u00df an Schnecken. Die wichtigste Form ist jedoch der Verschlei\u00df am Au\u00dfendurchmesser der Schnecke durch die Reibung zwischen Schneckenflanke und Zylinder. Der enorme Oberfl\u00e4chendruck und die daraus resultierenden Kr\u00e4fte, die zur Transportrichtung um neunzig Grad versetzt auftreten, werden meist untersch\u00e4tzt.<\/p>\n\n<p>Die Annahme, dass die Schnecke im Zylinder \u201eschwimmt\u201c, ist auf jeden Fall falsch. W\u00e4re dies der Fall, d\u00fcrften die Verschlei\u00dfmuster von Schnecke und Zylinder nicht kongruent sein, was sie aber immer sind. Nur der Grad des Verschlei\u00dfes ist anders: Er ist im Zylinder geringer, weil er im Vergleich zur Schnecke eine gr\u00f6\u00dfere Oberfl\u00e4che hat.<\/p>\n\n<p>Abrasive Zus\u00e4tze wie Glasfasern sind zwar nicht die Ursache f\u00fcr den Verschlei\u00df, aber verst\u00e4rken ihn. Die Hauptursache ist immer der im betroffenen Schneckenteil herrschende Druck, z. B. in der Kompressionszone.&#13;\nWeist das Verschlei\u00dfmuster extreme Merkmale auf (z. B. tiefe Rillen auf der Lauffl\u00e4che der Flanke, starke Gratbildung an den Flanken und eine kurze Lebensdauer), ist eventuell die Schneckengeometrie ungeeignet. Dies mag der Grund sein, warum wir von einer \u00dcberholung abraten; in k\u00fcrzester Zeit treten die gleichen Verschlei\u00dferscheinungen erneut auf.&#13;\n<\/p>\n\n<p>Liegt ein \u201enormaler\u201c Verschlei\u00df vor und handelt es sich bei dem Grundmaterial um Nitrierstahl &#8211; geh\u00e4rteter Stahl kann nicht instand gesetzt werden &#8211; dann kann die Schnecke durch eine Flankenpanzerung ersetzt werden. Dabei wird w\u00e4hrend des Schwei\u00dfvorgangs eine Panzerung auf der Oberseite der Flanke angebracht. Die Wahl der Panzerungsschicht h\u00e4ngt von der Anwendung ab. Die Metallurgie des Zylinders (Gegenst\u00fcck) und die Art des zu verarbeitenden Materials (Verarbeitungstemperaturen) bestimmen, welche Panzerlage aufgeschwei\u00dft wird.<\/p>\n\n<p>Die am h\u00e4ufigsten vorkommenden Reparaturen sind:<\/p>\n\n<ul class=\"wp-block-list\"><li>Anbringen einer neuen Panzerschicht aus der richtigen Stahllegierung auf die Spirale der Schnecke.  Bei der Reparatur einer Schnecke, die bereits gepanzert ist, wird die alte Schicht entfernt und wird eine Pufferschicht angebracht.<\/li><li>Polieren<\/li><li>Ausrichten<\/li><li>Nitrieren, falls erforderlich<\/li><li>Entchromen oder verchromen, falls erforderlich<\/li><li>Reparatur von Schnecken, deren Antrieb besch\u00e4digt ist<\/li><li>Reparatur der Befestigung des R\u00fcckschlagventils<\/li><\/ul>\n","protected":false},"excerpt":{"rendered":"<p>Eine lahme Schnecke? Mit unserer gro\u00dfen Auswahl an Geometrien werden Sie keine Probleme haben, das perfekte (Ersatz-)Modell zu finden. <\/p>\n","protected":false},"author":1,"featured_media":133,"parent":452,"menu_order":10,"comment_status":"closed","ping_status":"closed","template":"","meta":{"_acf_changed":false,"footnotes":""},"class_list":["post-312","page","type-page","status-publish","has-post-thumbnail","hentry"],"acf":[],"yoast_head":"<!-- This site is optimized with the Yoast SEO plugin v27.4 - https:\/\/yoast.com\/product\/yoast-seo-wordpress\/ -->\n<title>Schnecken - Euro-Stel<\/title>\n<meta name=\"robots\" content=\"index, follow, max-snippet:-1, max-image-preview:large, max-video-preview:-1\" \/>\n<link rel=\"canonical\" href=\"https:\/\/eurostel.be\/de\/spritzgiessen\/schroeven\/\" \/>\n<meta property=\"og:locale\" content=\"de_DE\" \/>\n<meta property=\"og:type\" content=\"article\" \/>\n<meta property=\"og:title\" content=\"Schnecken - Euro-Stel\" \/>\n<meta property=\"og:description\" content=\"Eine lahme Schnecke? Mit unserer gro\u00dfen Auswahl an Geometrien werden Sie keine Probleme haben, das perfekte (Ersatz-)Modell zu finden.\" \/>\n<meta property=\"og:url\" content=\"https:\/\/eurostel.be\/de\/spritzgiessen\/schroeven\/\" \/>\n<meta property=\"og:site_name\" content=\"Euro-Stel\" \/>\n<meta property=\"article:modified_time\" content=\"2021-08-06T14:46:32+00:00\" \/>\n<meta property=\"og:image\" content=\"https:\/\/eurostel.be\/wp-content\/uploads\/2021\/08\/pack018.jpg\" \/>\n\t<meta property=\"og:image:width\" content=\"1000\" \/>\n\t<meta property=\"og:image:height\" content=\"1000\" \/>\n\t<meta property=\"og:image:type\" content=\"image\/jpeg\" \/>\n<meta name=\"twitter:card\" content=\"summary_large_image\" \/>\n<meta name=\"twitter:label1\" content=\"Gesch\u00e4tzte Lesezeit\" \/>\n\t<meta name=\"twitter:data1\" content=\"7\u00a0Minuten\" \/>\n<script type=\"application\/ld+json\" class=\"yoast-schema-graph\">{\"@context\":\"https:\\\/\\\/schema.org\",\"@graph\":[{\"@type\":\"WebPage\",\"@id\":\"https:\\\/\\\/eurostel.be\\\/de\\\/spritzgiessen\\\/schroeven\\\/\",\"url\":\"https:\\\/\\\/eurostel.be\\\/de\\\/spritzgiessen\\\/schroeven\\\/\",\"name\":\"Schnecken - Euro-Stel\",\"isPartOf\":{\"@id\":\"https:\\\/\\\/eurostel.be\\\/de\\\/#website\"},\"primaryImageOfPage\":{\"@id\":\"https:\\\/\\\/eurostel.be\\\/de\\\/spritzgiessen\\\/schroeven\\\/#primaryimage\"},\"image\":{\"@id\":\"https:\\\/\\\/eurostel.be\\\/de\\\/spritzgiessen\\\/schroeven\\\/#primaryimage\"},\"thumbnailUrl\":\"https:\\\/\\\/eurostel.be\\\/wp-content\\\/uploads\\\/2021\\\/08\\\/pack018.jpg\",\"datePublished\":\"2021-08-05T07:59:20+00:00\",\"dateModified\":\"2021-08-06T14:46:32+00:00\",\"breadcrumb\":{\"@id\":\"https:\\\/\\\/eurostel.be\\\/de\\\/spritzgiessen\\\/schroeven\\\/#breadcrumb\"},\"inLanguage\":\"de\",\"potentialAction\":[{\"@type\":\"ReadAction\",\"target\":[\"https:\\\/\\\/eurostel.be\\\/de\\\/spritzgiessen\\\/schroeven\\\/\"]}]},{\"@type\":\"ImageObject\",\"inLanguage\":\"de\",\"@id\":\"https:\\\/\\\/eurostel.be\\\/de\\\/spritzgiessen\\\/schroeven\\\/#primaryimage\",\"url\":\"https:\\\/\\\/eurostel.be\\\/wp-content\\\/uploads\\\/2021\\\/08\\\/pack018.jpg\",\"contentUrl\":\"https:\\\/\\\/eurostel.be\\\/wp-content\\\/uploads\\\/2021\\\/08\\\/pack018.jpg\",\"width\":1000,\"height\":1000},{\"@type\":\"BreadcrumbList\",\"@id\":\"https:\\\/\\\/eurostel.be\\\/de\\\/spritzgiessen\\\/schroeven\\\/#breadcrumb\",\"itemListElement\":[{\"@type\":\"ListItem\",\"position\":1,\"name\":\"Home\",\"item\":\"https:\\\/\\\/eurostel.be\\\/de\\\/\"},{\"@type\":\"ListItem\",\"position\":2,\"name\":\"Spritzgie\u00dfen\",\"item\":\"https:\\\/\\\/eurostel.be\\\/de\\\/spritzgiessen\\\/\"},{\"@type\":\"ListItem\",\"position\":3,\"name\":\"Schnecken\"}]},{\"@type\":\"WebSite\",\"@id\":\"https:\\\/\\\/eurostel.be\\\/de\\\/#website\",\"url\":\"https:\\\/\\\/eurostel.be\\\/de\\\/\",\"name\":\"Euro-Stel\",\"description\":\"Uw volwaardige kunststofleverancier\",\"publisher\":{\"@id\":\"https:\\\/\\\/eurostel.be\\\/de\\\/#organization\"},\"potentialAction\":[{\"@type\":\"SearchAction\",\"target\":{\"@type\":\"EntryPoint\",\"urlTemplate\":\"https:\\\/\\\/eurostel.be\\\/de\\\/?s={search_term_string}\"},\"query-input\":{\"@type\":\"PropertyValueSpecification\",\"valueRequired\":true,\"valueName\":\"search_term_string\"}}],\"inLanguage\":\"de\"},{\"@type\":\"Organization\",\"@id\":\"https:\\\/\\\/eurostel.be\\\/de\\\/#organization\",\"name\":\"Euro-Stel\",\"url\":\"https:\\\/\\\/eurostel.be\\\/de\\\/\",\"logo\":{\"@type\":\"ImageObject\",\"inLanguage\":\"de\",\"@id\":\"https:\\\/\\\/eurostel.be\\\/de\\\/#\\\/schema\\\/logo\\\/image\\\/\",\"url\":\"https:\\\/\\\/eurostel.jeroclients.be\\\/wp-content\\\/uploads\\\/2021\\\/08\\\/android-chrome-512x512-1.png\",\"contentUrl\":\"https:\\\/\\\/eurostel.jeroclients.be\\\/wp-content\\\/uploads\\\/2021\\\/08\\\/android-chrome-512x512-1.png\",\"width\":512,\"height\":512,\"caption\":\"Euro-Stel\"},\"image\":{\"@id\":\"https:\\\/\\\/eurostel.be\\\/de\\\/#\\\/schema\\\/logo\\\/image\\\/\"}}]}<\/script>\n<!-- \/ Yoast SEO plugin. -->","yoast_head_json":{"title":"Schnecken - Euro-Stel","robots":{"index":"index","follow":"follow","max-snippet":"max-snippet:-1","max-image-preview":"max-image-preview:large","max-video-preview":"max-video-preview:-1"},"canonical":"https:\/\/eurostel.be\/de\/spritzgiessen\/schroeven\/","og_locale":"de_DE","og_type":"article","og_title":"Schnecken - Euro-Stel","og_description":"Eine lahme Schnecke? Mit unserer gro\u00dfen Auswahl an Geometrien werden Sie keine Probleme haben, das perfekte (Ersatz-)Modell zu finden.","og_url":"https:\/\/eurostel.be\/de\/spritzgiessen\/schroeven\/","og_site_name":"Euro-Stel","article_modified_time":"2021-08-06T14:46:32+00:00","og_image":[{"width":1000,"height":1000,"url":"https:\/\/eurostel.be\/wp-content\/uploads\/2021\/08\/pack018.jpg","type":"image\/jpeg"}],"twitter_card":"summary_large_image","twitter_misc":{"Gesch\u00e4tzte Lesezeit":"7\u00a0Minuten"},"schema":{"@context":"https:\/\/schema.org","@graph":[{"@type":"WebPage","@id":"https:\/\/eurostel.be\/de\/spritzgiessen\/schroeven\/","url":"https:\/\/eurostel.be\/de\/spritzgiessen\/schroeven\/","name":"Schnecken - Euro-Stel","isPartOf":{"@id":"https:\/\/eurostel.be\/de\/#website"},"primaryImageOfPage":{"@id":"https:\/\/eurostel.be\/de\/spritzgiessen\/schroeven\/#primaryimage"},"image":{"@id":"https:\/\/eurostel.be\/de\/spritzgiessen\/schroeven\/#primaryimage"},"thumbnailUrl":"https:\/\/eurostel.be\/wp-content\/uploads\/2021\/08\/pack018.jpg","datePublished":"2021-08-05T07:59:20+00:00","dateModified":"2021-08-06T14:46:32+00:00","breadcrumb":{"@id":"https:\/\/eurostel.be\/de\/spritzgiessen\/schroeven\/#breadcrumb"},"inLanguage":"de","potentialAction":[{"@type":"ReadAction","target":["https:\/\/eurostel.be\/de\/spritzgiessen\/schroeven\/"]}]},{"@type":"ImageObject","inLanguage":"de","@id":"https:\/\/eurostel.be\/de\/spritzgiessen\/schroeven\/#primaryimage","url":"https:\/\/eurostel.be\/wp-content\/uploads\/2021\/08\/pack018.jpg","contentUrl":"https:\/\/eurostel.be\/wp-content\/uploads\/2021\/08\/pack018.jpg","width":1000,"height":1000},{"@type":"BreadcrumbList","@id":"https:\/\/eurostel.be\/de\/spritzgiessen\/schroeven\/#breadcrumb","itemListElement":[{"@type":"ListItem","position":1,"name":"Home","item":"https:\/\/eurostel.be\/de\/"},{"@type":"ListItem","position":2,"name":"Spritzgie\u00dfen","item":"https:\/\/eurostel.be\/de\/spritzgiessen\/"},{"@type":"ListItem","position":3,"name":"Schnecken"}]},{"@type":"WebSite","@id":"https:\/\/eurostel.be\/de\/#website","url":"https:\/\/eurostel.be\/de\/","name":"Euro-Stel","description":"Uw volwaardige kunststofleverancier","publisher":{"@id":"https:\/\/eurostel.be\/de\/#organization"},"potentialAction":[{"@type":"SearchAction","target":{"@type":"EntryPoint","urlTemplate":"https:\/\/eurostel.be\/de\/?s={search_term_string}"},"query-input":{"@type":"PropertyValueSpecification","valueRequired":true,"valueName":"search_term_string"}}],"inLanguage":"de"},{"@type":"Organization","@id":"https:\/\/eurostel.be\/de\/#organization","name":"Euro-Stel","url":"https:\/\/eurostel.be\/de\/","logo":{"@type":"ImageObject","inLanguage":"de","@id":"https:\/\/eurostel.be\/de\/#\/schema\/logo\/image\/","url":"https:\/\/eurostel.jeroclients.be\/wp-content\/uploads\/2021\/08\/android-chrome-512x512-1.png","contentUrl":"https:\/\/eurostel.jeroclients.be\/wp-content\/uploads\/2021\/08\/android-chrome-512x512-1.png","width":512,"height":512,"caption":"Euro-Stel"},"image":{"@id":"https:\/\/eurostel.be\/de\/#\/schema\/logo\/image\/"}}]}},"_links":{"self":[{"href":"https:\/\/eurostel.be\/de\/wp-json\/wp\/v2\/pages\/312","targetHints":{"allow":["GET"]}}],"collection":[{"href":"https:\/\/eurostel.be\/de\/wp-json\/wp\/v2\/pages"}],"about":[{"href":"https:\/\/eurostel.be\/de\/wp-json\/wp\/v2\/types\/page"}],"author":[{"embeddable":true,"href":"https:\/\/eurostel.be\/de\/wp-json\/wp\/v2\/users\/1"}],"replies":[{"embeddable":true,"href":"https:\/\/eurostel.be\/de\/wp-json\/wp\/v2\/comments?post=312"}],"version-history":[{"count":0,"href":"https:\/\/eurostel.be\/de\/wp-json\/wp\/v2\/pages\/312\/revisions"}],"up":[{"embeddable":true,"href":"https:\/\/eurostel.be\/de\/wp-json\/wp\/v2\/pages\/452"}],"wp:featuredmedia":[{"embeddable":true,"href":"https:\/\/eurostel.be\/de\/wp-json\/wp\/v2\/media\/133"}],"wp:attachment":[{"href":"https:\/\/eurostel.be\/de\/wp-json\/wp\/v2\/media?parent=312"}],"curies":[{"name":"wp","href":"https:\/\/api.w.org\/{rel}","templated":true}]}}