{"id":308,"date":"2021-08-05T10:28:18","date_gmt":"2021-08-05T08:28:18","guid":{"rendered":"https:\/\/eurostel.jeroclients.be\/cilinders\/"},"modified":"2021-08-06T16:52:07","modified_gmt":"2021-08-06T14:52:07","slug":"cilinders","status":"publish","type":"page","link":"https:\/\/eurostel.be\/de\/spritzgiessen\/cilinders\/","title":{"rendered":"Zylinder"},"content":{"rendered":"\n<p>Sie brauchen einen Zylinder f\u00fcr einen Extruder oder eine Spritzgie\u00dfmaschine? Sowohl Bimetall- als auch Nitrid-Zylinder f\u00fcr alle Arten von Spritzgie\u00dfmaschinen und Extrudern sind unsere Spezialit\u00e4t bei Euro-Stel.<\/p>\n\n<p>Die Wahl eines Bimetall- oder Nitridzylinders h\u00e4ngt nat\u00fcrlich von der Anwendung und den zu verarbeitenden Materialien ab, aber auch von der Metallurgie der Schnecke. Die Metallurgie von Zylinder und Schnecke m\u00fcssen aufeinander abgestimmt sein, damit beide eine gleich lange Lebensdauer haben.<\/p>\n\n<p>Bimetallzylinder unterscheiden sich durch die Legierung, aus der ihr Kern gefertigt ist. Zum Beispiel gibt es Bimetallzylinder, die abriebfest und\/oder korrosionsbest\u00e4ndig sind. F\u00fcr den Verschlei\u00df unter extremsten Belastungen verwenden wir Bimetallzylinder mit Wolframkarbid-Legierungen. Diese widerstehen nicht nur extremem Abrieb, sondern sind auch korrosionsbest\u00e4ndig.<\/p>\n\n<p>Neben den klassischen einteiligen Zylindern mit Einf\u00fcll\u00f6ffnung liefert Euro-Stel auch Zylinder mit C-Klammer-Anschl\u00fcssen und Schmelzeinheiten mit einem separaten Einf\u00fcllbereich mit austauschbaren Buchsen. Diese Einzugsbuchsen sind mit Rillen versehen, die sich je nach Art des zu verarbeitenden Kunststoffs in ihrer Geometrie unterscheiden. Beim Verschlei\u00df der Rillen reicht es aus, nur die Einzugsbuchse zu ersetzen. <\/p>\n\n<p>Alle unsere Zylinder und Einf\u00fcllzonen k\u00f6nnen mit Wasserk\u00fchlung versehen werden (falls erforderlich). Auch die Flansche k\u00f6nnen mit Wasserk\u00fchlung ausgestattet werden. Bei Bedarf k\u00f6nnen wir Thermof\u00fchler, Druckmessf\u00fchler, Widerst\u00e4nde, Heizpatronen sowie alle Arten von anderen Zusatzger\u00e4ten mit unseren Zylindern liefern.<\/p>\n\n<figure class=\"wp-block-image size-medium\"><img loading=\"lazy\" decoding=\"async\" width=\"300\" height=\"300\" src=\"https:\/\/eurostel.jeroclients.be\/wp-content\/uploads\/2021\/08\/4-300x300.jpg\" alt=\"\" class=\"wp-image-156\" srcset=\"https:\/\/eurostel.be\/wp-content\/uploads\/2021\/08\/4-150x150@2x.jpg 300w, https:\/\/eurostel.be\/wp-content\/uploads\/2021\/08\/4-150x150.jpg 150w, https:\/\/eurostel.be\/wp-content\/uploads\/2021\/08\/4-768x768.jpg 768w, https:\/\/eurostel.be\/wp-content\/uploads\/2021\/08\/4-480x480.jpg 480w, https:\/\/eurostel.be\/wp-content\/uploads\/2021\/08\/4.jpg 960w, https:\/\/eurostel.be\/wp-content\/uploads\/2021\/08\/4-300x300@2x.jpg 600w\" sizes=\"auto, (max-width: 300px) 100vw, 300px\" \/><\/figure>\n\n<h2 class=\"wp-block-heading\">\u00dcberholung von Zylindern<\/h2>\n\n<p>Euro-Stel repariert nicht nur Schnecken, sondern auch Zylinder. Die beim Spritzgie\u00dfen und Extrudieren auftretenden hohen Dr\u00fccke haben zur Folge, dass nicht nur die Schnecke, sondern auch der Zylinder von Verschlei\u00df betroffen ist. Die Verschlei\u00dfmuster der Schnecke und des Zylinders sind zwar deckungsgleich, aber das Verschlei\u00dfma\u00df ist unterschiedlich. Dieser ist normalerweise im Zylinder kleiner, weil dieser \u00fcber eine gr\u00f6\u00dfere Oberfl\u00e4che als die Schnecke verf\u00fcgt. Es gibt verschiedene Methoden f\u00fcr das Instandsetzen von Zylinder. Die richtige Wahl h\u00e4ngt vom vorhandenen Verschlei\u00df und Schaden, aber auch von der Zylindermetallurgie ab.<\/p>\n\n<p>Es gibt vier M\u00f6glichkeiten f\u00fcr die Instandsetzung von Zylindern:<\/p>\n\n<ol class=\"wp-block-list\" type=\"1\"><li>Ausb\u00fcchsen im Dosierbereich<\/li><li>Ausb\u00fcchsen \u00fcber die gesamte L\u00e4nge (nur bei Zylindern mit komplizierter oder teurer Kontur)<\/li><li>Honen des Zylinders (\u00dcberma\u00df)<\/li><li>Teilweise Reparatur des Zylinders<\/li><\/ol>\n\n<h3 class=\"wp-block-heading\">Ausb\u00fcchsen im Dosierbereich<\/h3>\n\n<p>Diese Methode wird nur empfohlen, wenn der Verschlei\u00df im restlichen Teil des Zylinders nicht zu stark ist. Durch das Ausb\u00fcchsen im Dosierbereich wird das Originalma\u00df im Aussto\u00dfbereich des Zylinders wiederhergestellt und somit das Schlie\u00dfverhalten des R\u00fcckschlagventils verbessert.<\/p>\n\n<h3 class=\"wp-block-heading\">Ausb\u00fcchsen \u00fcber die gesamte L\u00e4nge<\/h3>\n\n<p>Das Ausb\u00fcchsen \u00fcber die gesamte L\u00e4nge ist ein aufwendiges und kompliziertes Verfahren, welches allerdings auch teuer ist. Preislich ist diese Methode nur f\u00fcr Zylinder mit komplizierter Au\u00dfenkontur interessant.<\/p>\n\n<p>Vergleicht man den Preis der Buchse mit der Alternative (d. h. dem Kauf eines neuen Bimetallzylinders), so ist eine erste Reparatur bei einem normalen Zylinder mit glatter Au\u00dfenseite uninteressant. Das Ausb\u00fcchsen \u00fcber die gesamte L\u00e4nge wird erst ab der zweiten Ausb\u00fcchsung des Zylinders rentabel. Das Ausb\u00fcchsen ist mit geh\u00e4rtetem Werkzeugstahl, Pulvermetall oder Bimetall m\u00f6glich.<\/p>\n\n<h3 class=\"wp-block-heading\">Honen des Zylinders<\/h3>\n\n<p>Die Instandsetzung durch das Honen des Zylinders ist vor allem bei gr\u00f6\u00dferen Abmessungen geeignet. Der Vorteil liegt auf der Hand: der Preis hierf\u00fcr ist wesentlich geringer als die Investition in einen neuen Zylinder. Allerdings gibt es auch einige Nachteile. <\/p>\n\n<ol class=\"wp-block-list\" type=\"1\"><li>Durch das Honen vergr\u00f6\u00dfert sich der Durchmesser des Zylinders, so dass das Original-R\u00fcckschlagventil nicht mehr verwendet werden kann. Dies kann behoben werden, indem das R\u00fcckschlagventil mit einem neuen Sicherungsring versehen wird, dessen Durchmesser dem neuen Durchmesser des Zylinders entspricht.<\/li><li>Wenn der Verschlei\u00df des Zylinders zu gro\u00df ist, besteht das Risiko, dass die gehonte Bohrung nicht mehr genau in axialer Richtung verl\u00e4uft (die Honahle sucht immer den leichtesten Weg und kann nur auf eine kurze L\u00e4nge beschr\u00e4nkt zentriert gef\u00fchrt werden!). Aus diesem Grund muss das Honen von Zylindern auf die F\u00e4lle mit geringem Verschlei\u00df beschr\u00e4nkt bleiben. Referenzpunkt: maximal 1% des Durchmessers.<\/li><li>\u00dcberm\u00e4\u00dfiges Honen von Zylindern (mehr als 2 % des Durchmessers) ver\u00e4ndert nicht nur den Zylinder, sondern auch die Schnecke, und zwar in ihrer Geometrie. Durch eine \u00c4nderung des Durchmessers wird die Flankenh\u00f6he ver\u00e4ndert.<\/li><\/ol>\n\n<p>Wir m\u00f6chten darauf hinweisen, dass wir bei jeder Reparatur pr\u00fcfen, ob durch technische \u00c4nderungen die Lebensdauer des Zylinders erh\u00f6ht werden kann und wenn ja, machen wir einen Vorschlag.<\/p>\n\n<h3 class=\"wp-block-heading\"> Teilweise Reparatur des Zylinders<\/h3>\n\n<p>Hierbei handelt es sich auch um Zylinder, die nicht verschlissen sind, sondern durch Umst\u00e4nde wie z. B.Risse auf der Einzugs- oder Aussto\u00dfseite besch\u00e4digt wurden. Wir untersuchen jedes Teil separat, um zu sehen, wie der Zylinder repariert werden kann.<\/p>\n\n<p>Sie brauchen einen Zylinder f\u00fcr einen Extruder oder eine Spritzgie\u00dfmaschine? Sowohl Bimetall- als auch Nitrid-Zylinder f\u00fcr alle Arten von Spritzgie\u00dfmaschinen und Extrudern sind unsere Spezialit\u00e4t bei Euro-Stel.<\/p>\n\n<p>Die Wahl eines Bimetall- oder Nitridzylinders h\u00e4ngt nat\u00fcrlich von der Anwendung und den zu verarbeitenden Materialien ab, aber auch von der Metallurgie der Schnecke. Die Metallurgie von Zylinder und Schnecke m\u00fcssen aufeinander abgestimmt sein, damit beide eine gleich lange Lebensdauer haben.<\/p>\n\n<p>Bimetallzylinder unterscheiden sich durch die Legierung, aus der ihr Kern gefertigt ist. Zum Beispiel gibt es Bimetallzylinder, die abriebfest und\/oder korrosionsbest\u00e4ndig sind. F\u00fcr den Verschlei\u00df unter extremsten Belastungen verwenden wir Bimetallzylinder mit Wolframkarbid-Legierungen. Diese widerstehen nicht nur extremem Abrieb, sondern sind auch korrosionsbest\u00e4ndig.<\/p>\n\n<p>Neben den klassischen einteiligen Zylindern mit Einf\u00fcll\u00f6ffnung liefert Euro-Stel auch Zylinder mit C-Klammer-Anschl\u00fcssen und Schmelzeinheiten mit einem separaten Einf\u00fcllbereich mit austauschbaren Buchsen. Diese Einzugsbuchsen sind mit Rillen versehen, die sich je nach Art des zu verarbeitenden Kunststoffs in ihrer Geometrie unterscheiden. Beim Verschlei\u00df der Rillen reicht es aus, nur die Einzugsbuchse zu ersetzen. <\/p>\n\n<p>Alle unsere Zylinder und Einf\u00fcllzonen k\u00f6nnen mit Wasserk\u00fchlung versehen werden (falls erforderlich). Auch die Flansche k\u00f6nnen mit Wasserk\u00fchlung ausgestattet werden. Bei Bedarf k\u00f6nnen wir Thermof\u00fchler, Druckmessf\u00fchler, Widerst\u00e4nde, Heizpatronen sowie alle Arten von anderen Zusatzger\u00e4ten mit unseren Zylindern liefern.<\/p>\n\n<h2 class=\"wp-block-heading\">\u00dcberholung von Zylindern<\/h2>\n\n<p>Euro-Stel repariert nicht nur Schnecken, sondern auch Zylinder. Die beim Spritzgie\u00dfen und Extrudieren auftretenden hohen Dr\u00fccke haben zur Folge, dass nicht nur die Schnecke, sondern auch der Zylinder von Verschlei\u00df betroffen ist. Die Verschlei\u00dfmuster der Schnecke und des Zylinders sind zwar deckungsgleich, aber das Verschlei\u00dfma\u00df ist unterschiedlich. Dieser ist normalerweise im Zylinder kleiner, weil dieser \u00fcber eine gr\u00f6\u00dfere Oberfl\u00e4che als die Schnecke verf\u00fcgt. Es gibt verschiedene Methoden f\u00fcr das Instandsetzen von Zylinder. Die richtige Wahl h\u00e4ngt vom vorhandenen Verschlei\u00df und Schaden, aber auch von der Zylindermetallurgie ab.<\/p>\n\n<p>Es gibt vier M\u00f6glichkeiten f\u00fcr die Instandsetzung von Zylindern:<\/p>\n\n<ol class=\"wp-block-list\" type=\"1\"><li>Ausb\u00fcchsen im Dosierbereich<\/li><li>Ausb\u00fcchsen \u00fcber die gesamte L\u00e4nge (nur bei Zylindern mit komplizierter oder teurer Kontur)<\/li><li>Honen des Zylinders (\u00dcberma\u00df)<\/li><li>Teilweise Reparatur des Zylinders<\/li><\/ol>\n\n<h3 class=\"wp-block-heading\">Ausb\u00fcchsen im Dosierbereich<\/h3>\n\n<p>Diese Methode wird nur empfohlen, wenn der Verschlei\u00df im restlichen Teil des Zylinders nicht zu stark ist. Durch das Ausb\u00fcchsen im Dosierbereich wird das Originalma\u00df im Aussto\u00dfbereich des Zylinders wiederhergestellt und somit das Schlie\u00dfverhalten des R\u00fcckschlagventils verbessert.<\/p>\n\n<h3 class=\"wp-block-heading\">Ausb\u00fcchsen \u00fcber die gesamte L\u00e4nge<\/h3>\n\n<p>Das Ausb\u00fcchsen \u00fcber die gesamte L\u00e4nge ist ein aufwendiges und kompliziertes Verfahren, welches allerdings auch teuer ist. Preislich ist diese Methode nur f\u00fcr Zylinder mit komplizierter Au\u00dfenkontur interessant.<\/p>\n\n<p>Vergleicht man den Preis der Buchse mit der Alternative (d. h. dem Kauf eines neuen Bimetallzylinders), so ist eine erste Reparatur bei einem normalen Zylinder mit glatter Au\u00dfenseite uninteressant. Das Ausb\u00fcchsen \u00fcber die gesamte L\u00e4nge wird erst ab der zweiten Ausb\u00fcchsung des Zylinders rentabel. Das Ausb\u00fcchsen ist mit geh\u00e4rtetem Werkzeugstahl, Pulvermetall oder Bimetall m\u00f6glich.<\/p>\n\n<h3 class=\"wp-block-heading\">Honen des Zylinders<\/h3>\n\n<p>Die Instandsetzung durch das Honen des Zylinders ist vor allem bei gr\u00f6\u00dferen Abmessungen geeignet. Der Vorteil liegt auf der Hand: der Preis hierf\u00fcr ist wesentlich geringer als die Investition in einen neuen Zylinder. Allerdings gibt es auch einige Nachteile. <\/p>\n\n<ol class=\"wp-block-list\" type=\"1\"><li>Durch das Honen vergr\u00f6\u00dfert sich der Durchmesser des Zylinders, so dass das Original-R\u00fcckschlagventil nicht mehr verwendet werden kann. Dies kann behoben werden, indem das R\u00fcckschlagventil mit einem neuen Sicherungsring versehen wird, dessen Durchmesser dem neuen Durchmesser des Zylinders entspricht.<\/li><li>Wenn der Verschlei\u00df des Zylinders zu gro\u00df ist, besteht das Risiko, dass die gehonte Bohrung nicht mehr genau in axialer Richtung verl\u00e4uft (die Honahle sucht immer den leichtesten Weg und kann nur auf eine kurze L\u00e4nge beschr\u00e4nkt zentriert gef\u00fchrt werden!). Aus diesem Grund muss das Honen von Zylindern auf die F\u00e4lle mit geringem Verschlei\u00df beschr\u00e4nkt bleiben. Referenzpunkt: maximal 1% des Durchmessers.<\/li><li>\u00dcberm\u00e4\u00dfiges Honen von Zylindern (mehr als 2 % des Durchmessers) ver\u00e4ndert nicht nur den Zylinder, sondern auch die Schnecke, und zwar in ihrer Geometrie. Durch eine \u00c4nderung des Durchmessers wird die Flankenh\u00f6he ver\u00e4ndert.<\/li><\/ol>\n\n<p>Wir m\u00f6chten darauf hinweisen, dass wir bei jeder Reparatur pr\u00fcfen, ob durch technische \u00c4nderungen die Lebensdauer des Zylinders erh\u00f6ht werden kann und wenn ja, machen wir einen Vorschlag.<\/p>\n\n<h3 class=\"wp-block-heading\"> Teilweise Reparatur des Zylinders<\/h3>\n\n<p>Hierbei handelt es sich auch um Zylinder, die nicht verschlissen sind, sondern durch Umst\u00e4nde wie z. B.Risse auf der Einzugs- oder Aussto\u00dfseite besch\u00e4digt wurden. Wir untersuchen jedes Teil separat, um zu sehen, wie der Zylinder repariert werden kann.<\/p>\n\n<div class=\"wp-block-group\"><div class=\"wp-block-group__inner-container is-layout-flow wp-block-group-is-layout-flow\">\n<p><strong>Gut zu wissen: <\/strong> Bei der \u00dcberholung muss immer eine gr\u00fcndliche Analyse der verschlissenen Teile durch einen erfahrenen Fachmann von Euro-Stel erfolgen, um die wirtschaftlich und technisch sinnvollste \u00dcberholung vorzuschlagen. <\/p>\n<\/div><\/div>\n","protected":false},"excerpt":{"rendered":"<p>Sie fragen, wir liefern: Euro-Stel liefert Zylinder f\u00fcr alle Arten von Extrudern und Spritzgie\u00dfmaschinen. <\/p>\n","protected":false},"author":1,"featured_media":159,"parent":452,"menu_order":20,"comment_status":"closed","ping_status":"closed","template":"","meta":{"_acf_changed":false,"footnotes":""},"class_list":["post-308","page","type-page","status-publish","has-post-thumbnail","hentry"],"acf":[],"yoast_head":"<!-- This site is optimized with the Yoast SEO plugin v27.5 - https:\/\/yoast.com\/product\/yoast-seo-wordpress\/ -->\n<title>Zylinder - Euro-Stel<\/title>\n<meta name=\"robots\" content=\"index, follow, max-snippet:-1, max-image-preview:large, max-video-preview:-1\" \/>\n<link rel=\"canonical\" href=\"https:\/\/eurostel.be\/de\/spritzgiessen\/cilinders\/\" \/>\n<meta property=\"og:locale\" content=\"de_DE\" \/>\n<meta property=\"og:type\" content=\"article\" \/>\n<meta property=\"og:title\" content=\"Zylinder - Euro-Stel\" \/>\n<meta property=\"og:description\" content=\"Sie fragen, wir liefern: Euro-Stel liefert Zylinder f\u00fcr alle Arten von Extrudern und Spritzgie\u00dfmaschinen.\" \/>\n<meta property=\"og:url\" content=\"https:\/\/eurostel.be\/de\/spritzgiessen\/cilinders\/\" \/>\n<meta property=\"og:site_name\" content=\"Euro-Stel\" \/>\n<meta property=\"article:modified_time\" content=\"2021-08-06T14:52:07+00:00\" \/>\n<meta property=\"og:image\" content=\"https:\/\/eurostel.be\/wp-content\/uploads\/2021\/08\/4.jpg\" \/>\n\t<meta property=\"og:image:width\" content=\"960\" \/>\n\t<meta property=\"og:image:height\" content=\"960\" \/>\n\t<meta property=\"og:image:type\" content=\"image\/jpeg\" \/>\n<meta name=\"twitter:card\" content=\"summary_large_image\" \/>\n<meta name=\"twitter:label1\" content=\"Gesch\u00e4tzte Lesezeit\" \/>\n\t<meta name=\"twitter:data1\" content=\"7\u00a0Minuten\" \/>\n<script type=\"application\/ld+json\" class=\"yoast-schema-graph\">{\"@context\":\"https:\\\/\\\/schema.org\",\"@graph\":[{\"@type\":\"WebPage\",\"@id\":\"https:\\\/\\\/eurostel.be\\\/de\\\/spritzgiessen\\\/cilinders\\\/\",\"url\":\"https:\\\/\\\/eurostel.be\\\/de\\\/spritzgiessen\\\/cilinders\\\/\",\"name\":\"Zylinder - Euro-Stel\",\"isPartOf\":{\"@id\":\"https:\\\/\\\/eurostel.be\\\/de\\\/#website\"},\"primaryImageOfPage\":{\"@id\":\"https:\\\/\\\/eurostel.be\\\/de\\\/spritzgiessen\\\/cilinders\\\/#primaryimage\"},\"image\":{\"@id\":\"https:\\\/\\\/eurostel.be\\\/de\\\/spritzgiessen\\\/cilinders\\\/#primaryimage\"},\"thumbnailUrl\":\"https:\\\/\\\/eurostel.be\\\/wp-content\\\/uploads\\\/2021\\\/08\\\/4.jpg\",\"datePublished\":\"2021-08-05T08:28:18+00:00\",\"dateModified\":\"2021-08-06T14:52:07+00:00\",\"breadcrumb\":{\"@id\":\"https:\\\/\\\/eurostel.be\\\/de\\\/spritzgiessen\\\/cilinders\\\/#breadcrumb\"},\"inLanguage\":\"de\",\"potentialAction\":[{\"@type\":\"ReadAction\",\"target\":[\"https:\\\/\\\/eurostel.be\\\/de\\\/spritzgiessen\\\/cilinders\\\/\"]}]},{\"@type\":\"ImageObject\",\"inLanguage\":\"de\",\"@id\":\"https:\\\/\\\/eurostel.be\\\/de\\\/spritzgiessen\\\/cilinders\\\/#primaryimage\",\"url\":\"https:\\\/\\\/eurostel.be\\\/wp-content\\\/uploads\\\/2021\\\/08\\\/4.jpg\",\"contentUrl\":\"https:\\\/\\\/eurostel.be\\\/wp-content\\\/uploads\\\/2021\\\/08\\\/4.jpg\",\"width\":960,\"height\":960},{\"@type\":\"BreadcrumbList\",\"@id\":\"https:\\\/\\\/eurostel.be\\\/de\\\/spritzgiessen\\\/cilinders\\\/#breadcrumb\",\"itemListElement\":[{\"@type\":\"ListItem\",\"position\":1,\"name\":\"Home\",\"item\":\"https:\\\/\\\/eurostel.be\\\/de\\\/\"},{\"@type\":\"ListItem\",\"position\":2,\"name\":\"Spritzgie\u00dfen\",\"item\":\"https:\\\/\\\/eurostel.be\\\/de\\\/spritzgiessen\\\/\"},{\"@type\":\"ListItem\",\"position\":3,\"name\":\"Zylinder\"}]},{\"@type\":\"WebSite\",\"@id\":\"https:\\\/\\\/eurostel.be\\\/de\\\/#website\",\"url\":\"https:\\\/\\\/eurostel.be\\\/de\\\/\",\"name\":\"Euro-Stel\",\"description\":\"Uw volwaardige kunststofleverancier\",\"publisher\":{\"@id\":\"https:\\\/\\\/eurostel.be\\\/de\\\/#organization\"},\"potentialAction\":[{\"@type\":\"SearchAction\",\"target\":{\"@type\":\"EntryPoint\",\"urlTemplate\":\"https:\\\/\\\/eurostel.be\\\/de\\\/?s={search_term_string}\"},\"query-input\":{\"@type\":\"PropertyValueSpecification\",\"valueRequired\":true,\"valueName\":\"search_term_string\"}}],\"inLanguage\":\"de\"},{\"@type\":\"Organization\",\"@id\":\"https:\\\/\\\/eurostel.be\\\/de\\\/#organization\",\"name\":\"Euro-Stel\",\"url\":\"https:\\\/\\\/eurostel.be\\\/de\\\/\",\"logo\":{\"@type\":\"ImageObject\",\"inLanguage\":\"de\",\"@id\":\"https:\\\/\\\/eurostel.be\\\/de\\\/#\\\/schema\\\/logo\\\/image\\\/\",\"url\":\"https:\\\/\\\/eurostel.jeroclients.be\\\/wp-content\\\/uploads\\\/2021\\\/08\\\/android-chrome-512x512-1.png\",\"contentUrl\":\"https:\\\/\\\/eurostel.jeroclients.be\\\/wp-content\\\/uploads\\\/2021\\\/08\\\/android-chrome-512x512-1.png\",\"width\":512,\"height\":512,\"caption\":\"Euro-Stel\"},\"image\":{\"@id\":\"https:\\\/\\\/eurostel.be\\\/de\\\/#\\\/schema\\\/logo\\\/image\\\/\"}}]}<\/script>\n<!-- \/ Yoast SEO plugin. -->","yoast_head_json":{"title":"Zylinder - Euro-Stel","robots":{"index":"index","follow":"follow","max-snippet":"max-snippet:-1","max-image-preview":"max-image-preview:large","max-video-preview":"max-video-preview:-1"},"canonical":"https:\/\/eurostel.be\/de\/spritzgiessen\/cilinders\/","og_locale":"de_DE","og_type":"article","og_title":"Zylinder - Euro-Stel","og_description":"Sie fragen, wir liefern: Euro-Stel liefert Zylinder f\u00fcr alle Arten von Extrudern und Spritzgie\u00dfmaschinen.","og_url":"https:\/\/eurostel.be\/de\/spritzgiessen\/cilinders\/","og_site_name":"Euro-Stel","article_modified_time":"2021-08-06T14:52:07+00:00","og_image":[{"width":960,"height":960,"url":"https:\/\/eurostel.be\/wp-content\/uploads\/2021\/08\/4.jpg","type":"image\/jpeg"}],"twitter_card":"summary_large_image","twitter_misc":{"Gesch\u00e4tzte Lesezeit":"7\u00a0Minuten"},"schema":{"@context":"https:\/\/schema.org","@graph":[{"@type":"WebPage","@id":"https:\/\/eurostel.be\/de\/spritzgiessen\/cilinders\/","url":"https:\/\/eurostel.be\/de\/spritzgiessen\/cilinders\/","name":"Zylinder - Euro-Stel","isPartOf":{"@id":"https:\/\/eurostel.be\/de\/#website"},"primaryImageOfPage":{"@id":"https:\/\/eurostel.be\/de\/spritzgiessen\/cilinders\/#primaryimage"},"image":{"@id":"https:\/\/eurostel.be\/de\/spritzgiessen\/cilinders\/#primaryimage"},"thumbnailUrl":"https:\/\/eurostel.be\/wp-content\/uploads\/2021\/08\/4.jpg","datePublished":"2021-08-05T08:28:18+00:00","dateModified":"2021-08-06T14:52:07+00:00","breadcrumb":{"@id":"https:\/\/eurostel.be\/de\/spritzgiessen\/cilinders\/#breadcrumb"},"inLanguage":"de","potentialAction":[{"@type":"ReadAction","target":["https:\/\/eurostel.be\/de\/spritzgiessen\/cilinders\/"]}]},{"@type":"ImageObject","inLanguage":"de","@id":"https:\/\/eurostel.be\/de\/spritzgiessen\/cilinders\/#primaryimage","url":"https:\/\/eurostel.be\/wp-content\/uploads\/2021\/08\/4.jpg","contentUrl":"https:\/\/eurostel.be\/wp-content\/uploads\/2021\/08\/4.jpg","width":960,"height":960},{"@type":"BreadcrumbList","@id":"https:\/\/eurostel.be\/de\/spritzgiessen\/cilinders\/#breadcrumb","itemListElement":[{"@type":"ListItem","position":1,"name":"Home","item":"https:\/\/eurostel.be\/de\/"},{"@type":"ListItem","position":2,"name":"Spritzgie\u00dfen","item":"https:\/\/eurostel.be\/de\/spritzgiessen\/"},{"@type":"ListItem","position":3,"name":"Zylinder"}]},{"@type":"WebSite","@id":"https:\/\/eurostel.be\/de\/#website","url":"https:\/\/eurostel.be\/de\/","name":"Euro-Stel","description":"Uw volwaardige kunststofleverancier","publisher":{"@id":"https:\/\/eurostel.be\/de\/#organization"},"potentialAction":[{"@type":"SearchAction","target":{"@type":"EntryPoint","urlTemplate":"https:\/\/eurostel.be\/de\/?s={search_term_string}"},"query-input":{"@type":"PropertyValueSpecification","valueRequired":true,"valueName":"search_term_string"}}],"inLanguage":"de"},{"@type":"Organization","@id":"https:\/\/eurostel.be\/de\/#organization","name":"Euro-Stel","url":"https:\/\/eurostel.be\/de\/","logo":{"@type":"ImageObject","inLanguage":"de","@id":"https:\/\/eurostel.be\/de\/#\/schema\/logo\/image\/","url":"https:\/\/eurostel.jeroclients.be\/wp-content\/uploads\/2021\/08\/android-chrome-512x512-1.png","contentUrl":"https:\/\/eurostel.jeroclients.be\/wp-content\/uploads\/2021\/08\/android-chrome-512x512-1.png","width":512,"height":512,"caption":"Euro-Stel"},"image":{"@id":"https:\/\/eurostel.be\/de\/#\/schema\/logo\/image\/"}}]}},"_links":{"self":[{"href":"https:\/\/eurostel.be\/de\/wp-json\/wp\/v2\/pages\/308","targetHints":{"allow":["GET"]}}],"collection":[{"href":"https:\/\/eurostel.be\/de\/wp-json\/wp\/v2\/pages"}],"about":[{"href":"https:\/\/eurostel.be\/de\/wp-json\/wp\/v2\/types\/page"}],"author":[{"embeddable":true,"href":"https:\/\/eurostel.be\/de\/wp-json\/wp\/v2\/users\/1"}],"replies":[{"embeddable":true,"href":"https:\/\/eurostel.be\/de\/wp-json\/wp\/v2\/comments?post=308"}],"version-history":[{"count":0,"href":"https:\/\/eurostel.be\/de\/wp-json\/wp\/v2\/pages\/308\/revisions"}],"up":[{"embeddable":true,"href":"https:\/\/eurostel.be\/de\/wp-json\/wp\/v2\/pages\/452"}],"wp:featuredmedia":[{"embeddable":true,"href":"https:\/\/eurostel.be\/de\/wp-json\/wp\/v2\/media\/159"}],"wp:attachment":[{"href":"https:\/\/eurostel.be\/de\/wp-json\/wp\/v2\/media?parent=308"}],"curies":[{"name":"wp","href":"https:\/\/api.w.org\/{rel}","templated":true}]}}