{"id":301,"date":"2021-08-05T10:40:18","date_gmt":"2021-08-05T08:40:18","guid":{"rendered":"https:\/\/eurostel.jeroclients.be\/terugslagkleppen\/"},"modified":"2021-08-06T17:00:55","modified_gmt":"2021-08-06T15:00:55","slug":"terugslagkleppen","status":"publish","type":"page","link":"https:\/\/eurostel.be\/de\/spritzgiessen\/terugslagkleppen\/","title":{"rendered":"R\u00fcckschlagventile"},"content":{"rendered":"\n<p>Wie bei Schnecken und Zylindern ist auch bei R\u00fcckschlagventilen die richtige Wahl der Metallurgie und der W\u00e4rmebehandlung von gro\u00dfer Bedeutung. Ein gutes geometrisches Design ist von gro\u00dfer Bedeutung f\u00fcr einen schnellen und genauen Betrieb des Ventils, aber nat\u00fcrlich wollen wir auch eine lange Lebensdauer des Ventils.<\/p>\n\n<p>Die Wahl des Typs des R\u00fcckschlagventils h\u00e4ngt von einer Reihe von Faktoren ab. Dazu geh\u00f6rt die Art des zu verarbeitenden Kunststoffs, die gew\u00fcnschte Dosiergenauigkeit und Verschlei\u00dffestigkeit. Schlie\u00dflich d\u00fcrfen wir den Preis nicht vergessen. Kugelventile arbeiten viel genauer als alle anderen Ventiltypen, erfordern aber auch mehr Fertigungsschritte und sind daher teurer. Wir unterscheiden vier verschiedene Typen* von R\u00fcckschlagventilen. <\/p>\n\n<p class=\"has-small-font-size\">(*Von diesen vier Arten gibt es nat\u00fcrlich zahlreiche Varianten<\/p>\n\n<h3 class=\"wp-block-heading\">3-teiliges R\u00fcckschlagventil mit beweglichem Ring <\/h3>\n\n<p>Das 3-teilige R\u00fcckschlagventil ist der am h\u00e4ufigsten verwendeten Typen von R\u00fcckschlagventilen. Das Ventil besteht aus einer Spitze mit Fl\u00fcgeln, einem Sicherungsring und einem Dichtring Fertigungstechnisch ist dieses R\u00fcckschlagventil relativ einfach, wodurch sich auch der g\u00fcnstige Preis erkl\u00e4rt. Durch den Einsatz von Panzerungen und entsprechenden thermischen Behandlungen sind unsere Ventile extrem verschlei\u00dffest.<\/p>\n\n<h3 class=\"wp-block-heading\">Kugelventil<\/h3>\n\n<p>Kugelventile sind bekannt f\u00fcr ihre Schlie\u00dfgenauigkeit und Wiederholbarkeit. Diese Genauigkeit ist auf die hohe Druckempfindlichkeit und Reaktionsf\u00e4higkeit der Kugel im Inneren des Ventils zur\u00fcckzuf\u00fchren. Unsere Ventile werden sowohl innen als auch au\u00dfen mit speziellen Stahllegierungen gepanzert und anschlie\u00dfend w\u00e4rmebehandelt. Kugelventile k\u00f6nnen jedoch nicht f\u00fcr alle Materialien verwendet werden. Dar\u00fcber hinaus m\u00fcssen bei der Verwendung dieses Ventiltyps einige Regeln beachtet werden.<\/p>\n\n<h3 class=\"wp-block-heading\">3-teiliges R\u00fcckschlagventil mit Drehring<\/h3>\n\n<p>Dieser Ventiltyp ist einfacher herzustellen und hat eine relativ gute Einspritzcharakteristik. Aufgrund der Tatsache, dass sich der Ring mit der Schnecke dreht, m\u00fcssen bei der Verwendung dieses Ventiltyps einige wichtige Regeln beachtet werden. Gute Aufw\u00e4rmbedingungen und ein guter Zustand des Zylinders sind von gro\u00dfer Bedeutung, um eine Besch\u00e4digung des Rings dieses Ventils zu verhindern.<\/p>\n\n<h3 class=\"wp-block-heading\">Spezialventile f\u00fcr spezielle Anwendungen und Ventile mit Mischfunktion<\/h3>\n\n<p>Euro-Stel liefert auch eine Reihe von Spezialventilen f\u00fcr die Verarbeitung von z. B. d\u00fcnnfl\u00fcssigen Materialien, glashellem PC, PA-Glasfaser usw. Wir haben auch Ventile mit spezieller Mischfunktion. Diese Ventile sind speziell in Abh\u00e4ngigkeit vom zu verarbeitenden Kunststoff und dem angestrebten Ergebnis ausgelegt.<\/p>\n\n<figure class=\"wp-block-gallery columns-2 is-cropped wp-block-gallery-1 is-layout-flex wp-block-gallery-is-layout-flex\"><ul class=\"blocks-gallery-grid\"><li class=\"blocks-gallery-item\"><figure><img loading=\"lazy\" decoding=\"async\" width=\"1000\" height=\"1000\" src=\"https:\/\/eurostel.jeroclients.be\/wp-content\/uploads\/2021\/08\/pack011.jpg\" alt=\"\" data-id=\"167\" data-full-url=\"https:\/\/eurostel.jeroclients.be\/wp-content\/uploads\/2021\/08\/pack011.jpg\" data-link=\"https:\/\/eurostel.jeroclients.be\/?attachment_id=167\" class=\"wp-image-167\" srcset=\"https:\/\/eurostel.be\/wp-content\/uploads\/2021\/08\/pack011.jpg 1000w, https:\/\/eurostel.be\/wp-content\/uploads\/2021\/08\/pack011-150x150@2x.jpg 300w, https:\/\/eurostel.be\/wp-content\/uploads\/2021\/08\/pack011-150x150.jpg 150w, https:\/\/eurostel.be\/wp-content\/uploads\/2021\/08\/pack011-768x768.jpg 768w, https:\/\/eurostel.be\/wp-content\/uploads\/2021\/08\/pack011-480x480.jpg 480w, https:\/\/eurostel.be\/wp-content\/uploads\/2021\/08\/pack011-300x300@2x.jpg 600w\" sizes=\"auto, (max-width: 1000px) 100vw, 1000px\" \/><\/figure><\/li><li class=\"blocks-gallery-item\"><figure><img loading=\"lazy\" decoding=\"async\" width=\"960\" height=\"960\" src=\"https:\/\/eurostel.jeroclients.be\/wp-content\/uploads\/2021\/08\/pack019.jpg\" alt=\"\" data-id=\"163\" data-full-url=\"https:\/\/eurostel.jeroclients.be\/wp-content\/uploads\/2021\/08\/pack019.jpg\" data-link=\"https:\/\/eurostel.jeroclients.be\/?attachment_id=163\" class=\"wp-image-163\" srcset=\"https:\/\/eurostel.be\/wp-content\/uploads\/2021\/08\/pack019.jpg 960w, https:\/\/eurostel.be\/wp-content\/uploads\/2021\/08\/pack019-150x150@2x.jpg 300w, https:\/\/eurostel.be\/wp-content\/uploads\/2021\/08\/pack019-150x150.jpg 150w, https:\/\/eurostel.be\/wp-content\/uploads\/2021\/08\/pack019-768x768.jpg 768w, https:\/\/eurostel.be\/wp-content\/uploads\/2021\/08\/pack019-480x480.jpg 480w, https:\/\/eurostel.be\/wp-content\/uploads\/2021\/08\/pack019-300x300@2x.jpg 600w\" sizes=\"auto, (max-width: 960px) 100vw, 960px\" \/><\/figure><\/li><\/ul><\/figure>\n\n<h2 class=\"wp-block-heading\">\u00dcberholung von R\u00fcckschlagventilen<\/h2>\n\n<p>Aufgrund des hohen Drucks in der Dosierzone und die axiale Bewegung der Schnecke sind R\u00fcckschlagventile sehr verschlei\u00dfanf\u00e4llig. Da der ordnungsgem\u00e4\u00dfe Betrieb einer Spritzgie\u00dfmaschine in hohem Ma\u00dfe von der Funktion des R\u00fcckschlagventils abh\u00e4ngt, ist es empfehlenswert, dieses rechtzeitig reparieren oder austauschen zu lassen.<\/p>\n\n<p>Bei den Ringventilen m\u00fcssen der Sperr- und der Dichtring immer durch neue Ringe ersetzt werden; die Spitze und der Mischring k\u00f6nnen in der Regel repariert werden. Bei Kugelventilen wird der Innensitz und je nach Verschlei\u00df eventuell auch der Au\u00dfendurchmesser nachbearbeitet. Das Kugelventil wird poliert und erh\u00e4lt eine neue Kugel. Ventile werden immer nach dem Modell (Einbauma\u00dfe) des Kunden gefertigt. Die Ausf\u00fchrung entspricht jedoch der Euro-Stel-Norm, mit verbessertem Betrieb und l\u00e4ngerer Lebensdauer.<\/p>\n\n<div class=\"wp-block-group\"><div class=\"wp-block-group__inner-container is-layout-flow wp-block-group-is-layout-flow\">\n<p><strong>Gut zu wissen:<\/strong> Bei der \u00dcberholung muss immer eine gr\u00fcndliche Analyse der verschlissenen Teile durch einen erfahrenen Fachmann von Euro-Stel erfolgen, um die wirtschaftlich und technisch sinnvollste \u00dcberholung vorzuschlagen. <\/p>\n<\/div><\/div>\n","protected":false},"excerpt":{"rendered":"<p>Euro-Stel liefert alle Arten von R\u00fcckschlagventilen f\u00fcr alle Spritzgie\u00dfmaschinen und alle Schnecken. <\/p>\n","protected":false},"author":1,"featured_media":166,"parent":452,"menu_order":40,"comment_status":"closed","ping_status":"closed","template":"","meta":{"_acf_changed":false,"footnotes":""},"class_list":["post-301","page","type-page","status-publish","has-post-thumbnail","hentry"],"acf":[],"yoast_head":"<!-- This site is optimized with the Yoast SEO plugin v27.4 - https:\/\/yoast.com\/product\/yoast-seo-wordpress\/ -->\n<title>R\u00fcckschlagventile - Euro-Stel<\/title>\n<meta name=\"robots\" content=\"index, follow, max-snippet:-1, max-image-preview:large, max-video-preview:-1\" \/>\n<link rel=\"canonical\" href=\"https:\/\/eurostel.be\/de\/spritzgiessen\/terugslagkleppen\/\" \/>\n<meta property=\"og:locale\" content=\"de_DE\" \/>\n<meta property=\"og:type\" content=\"article\" \/>\n<meta property=\"og:title\" content=\"R\u00fcckschlagventile - Euro-Stel\" \/>\n<meta property=\"og:description\" content=\"Euro-Stel liefert alle Arten von R\u00fcckschlagventilen f\u00fcr alle Spritzgie\u00dfmaschinen und alle Schnecken.\" \/>\n<meta property=\"og:url\" content=\"https:\/\/eurostel.be\/de\/spritzgiessen\/terugslagkleppen\/\" \/>\n<meta property=\"og:site_name\" content=\"Euro-Stel\" \/>\n<meta property=\"article:modified_time\" content=\"2021-08-06T15:00:55+00:00\" \/>\n<meta property=\"og:image\" content=\"https:\/\/eurostel.be\/wp-content\/uploads\/2021\/08\/pack019.jpg\" \/>\n\t<meta property=\"og:image:width\" content=\"960\" \/>\n\t<meta property=\"og:image:height\" content=\"960\" \/>\n\t<meta property=\"og:image:type\" content=\"image\/jpeg\" \/>\n<meta name=\"twitter:card\" content=\"summary_large_image\" \/>\n<meta name=\"twitter:label1\" content=\"Gesch\u00e4tzte Lesezeit\" \/>\n\t<meta name=\"twitter:data1\" content=\"3\u00a0Minuten\" \/>\n<script type=\"application\/ld+json\" class=\"yoast-schema-graph\">{\"@context\":\"https:\\\/\\\/schema.org\",\"@graph\":[{\"@type\":\"WebPage\",\"@id\":\"https:\\\/\\\/eurostel.be\\\/de\\\/spritzgiessen\\\/terugslagkleppen\\\/\",\"url\":\"https:\\\/\\\/eurostel.be\\\/de\\\/spritzgiessen\\\/terugslagkleppen\\\/\",\"name\":\"R\u00fcckschlagventile - Euro-Stel\",\"isPartOf\":{\"@id\":\"https:\\\/\\\/eurostel.be\\\/de\\\/#website\"},\"primaryImageOfPage\":{\"@id\":\"https:\\\/\\\/eurostel.be\\\/de\\\/spritzgiessen\\\/terugslagkleppen\\\/#primaryimage\"},\"image\":{\"@id\":\"https:\\\/\\\/eurostel.be\\\/de\\\/spritzgiessen\\\/terugslagkleppen\\\/#primaryimage\"},\"thumbnailUrl\":\"https:\\\/\\\/eurostel.be\\\/wp-content\\\/uploads\\\/2021\\\/08\\\/pack019.jpg\",\"datePublished\":\"2021-08-05T08:40:18+00:00\",\"dateModified\":\"2021-08-06T15:00:55+00:00\",\"breadcrumb\":{\"@id\":\"https:\\\/\\\/eurostel.be\\\/de\\\/spritzgiessen\\\/terugslagkleppen\\\/#breadcrumb\"},\"inLanguage\":\"de\",\"potentialAction\":[{\"@type\":\"ReadAction\",\"target\":[\"https:\\\/\\\/eurostel.be\\\/de\\\/spritzgiessen\\\/terugslagkleppen\\\/\"]}]},{\"@type\":\"ImageObject\",\"inLanguage\":\"de\",\"@id\":\"https:\\\/\\\/eurostel.be\\\/de\\\/spritzgiessen\\\/terugslagkleppen\\\/#primaryimage\",\"url\":\"https:\\\/\\\/eurostel.be\\\/wp-content\\\/uploads\\\/2021\\\/08\\\/pack019.jpg\",\"contentUrl\":\"https:\\\/\\\/eurostel.be\\\/wp-content\\\/uploads\\\/2021\\\/08\\\/pack019.jpg\",\"width\":960,\"height\":960},{\"@type\":\"BreadcrumbList\",\"@id\":\"https:\\\/\\\/eurostel.be\\\/de\\\/spritzgiessen\\\/terugslagkleppen\\\/#breadcrumb\",\"itemListElement\":[{\"@type\":\"ListItem\",\"position\":1,\"name\":\"Home\",\"item\":\"https:\\\/\\\/eurostel.be\\\/de\\\/\"},{\"@type\":\"ListItem\",\"position\":2,\"name\":\"Spritzgie\u00dfen\",\"item\":\"https:\\\/\\\/eurostel.be\\\/de\\\/spritzgiessen\\\/\"},{\"@type\":\"ListItem\",\"position\":3,\"name\":\"R\u00fcckschlagventile\"}]},{\"@type\":\"WebSite\",\"@id\":\"https:\\\/\\\/eurostel.be\\\/de\\\/#website\",\"url\":\"https:\\\/\\\/eurostel.be\\\/de\\\/\",\"name\":\"Euro-Stel\",\"description\":\"Uw volwaardige kunststofleverancier\",\"publisher\":{\"@id\":\"https:\\\/\\\/eurostel.be\\\/de\\\/#organization\"},\"potentialAction\":[{\"@type\":\"SearchAction\",\"target\":{\"@type\":\"EntryPoint\",\"urlTemplate\":\"https:\\\/\\\/eurostel.be\\\/de\\\/?s={search_term_string}\"},\"query-input\":{\"@type\":\"PropertyValueSpecification\",\"valueRequired\":true,\"valueName\":\"search_term_string\"}}],\"inLanguage\":\"de\"},{\"@type\":\"Organization\",\"@id\":\"https:\\\/\\\/eurostel.be\\\/de\\\/#organization\",\"name\":\"Euro-Stel\",\"url\":\"https:\\\/\\\/eurostel.be\\\/de\\\/\",\"logo\":{\"@type\":\"ImageObject\",\"inLanguage\":\"de\",\"@id\":\"https:\\\/\\\/eurostel.be\\\/de\\\/#\\\/schema\\\/logo\\\/image\\\/\",\"url\":\"https:\\\/\\\/eurostel.jeroclients.be\\\/wp-content\\\/uploads\\\/2021\\\/08\\\/android-chrome-512x512-1.png\",\"contentUrl\":\"https:\\\/\\\/eurostel.jeroclients.be\\\/wp-content\\\/uploads\\\/2021\\\/08\\\/android-chrome-512x512-1.png\",\"width\":512,\"height\":512,\"caption\":\"Euro-Stel\"},\"image\":{\"@id\":\"https:\\\/\\\/eurostel.be\\\/de\\\/#\\\/schema\\\/logo\\\/image\\\/\"}}]}<\/script>\n<!-- \/ Yoast SEO plugin. -->","yoast_head_json":{"title":"R\u00fcckschlagventile - Euro-Stel","robots":{"index":"index","follow":"follow","max-snippet":"max-snippet:-1","max-image-preview":"max-image-preview:large","max-video-preview":"max-video-preview:-1"},"canonical":"https:\/\/eurostel.be\/de\/spritzgiessen\/terugslagkleppen\/","og_locale":"de_DE","og_type":"article","og_title":"R\u00fcckschlagventile - Euro-Stel","og_description":"Euro-Stel liefert alle Arten von R\u00fcckschlagventilen f\u00fcr alle Spritzgie\u00dfmaschinen und alle Schnecken.","og_url":"https:\/\/eurostel.be\/de\/spritzgiessen\/terugslagkleppen\/","og_site_name":"Euro-Stel","article_modified_time":"2021-08-06T15:00:55+00:00","og_image":[{"width":960,"height":960,"url":"https:\/\/eurostel.be\/wp-content\/uploads\/2021\/08\/pack019.jpg","type":"image\/jpeg"}],"twitter_card":"summary_large_image","twitter_misc":{"Gesch\u00e4tzte Lesezeit":"3\u00a0Minuten"},"schema":{"@context":"https:\/\/schema.org","@graph":[{"@type":"WebPage","@id":"https:\/\/eurostel.be\/de\/spritzgiessen\/terugslagkleppen\/","url":"https:\/\/eurostel.be\/de\/spritzgiessen\/terugslagkleppen\/","name":"R\u00fcckschlagventile - Euro-Stel","isPartOf":{"@id":"https:\/\/eurostel.be\/de\/#website"},"primaryImageOfPage":{"@id":"https:\/\/eurostel.be\/de\/spritzgiessen\/terugslagkleppen\/#primaryimage"},"image":{"@id":"https:\/\/eurostel.be\/de\/spritzgiessen\/terugslagkleppen\/#primaryimage"},"thumbnailUrl":"https:\/\/eurostel.be\/wp-content\/uploads\/2021\/08\/pack019.jpg","datePublished":"2021-08-05T08:40:18+00:00","dateModified":"2021-08-06T15:00:55+00:00","breadcrumb":{"@id":"https:\/\/eurostel.be\/de\/spritzgiessen\/terugslagkleppen\/#breadcrumb"},"inLanguage":"de","potentialAction":[{"@type":"ReadAction","target":["https:\/\/eurostel.be\/de\/spritzgiessen\/terugslagkleppen\/"]}]},{"@type":"ImageObject","inLanguage":"de","@id":"https:\/\/eurostel.be\/de\/spritzgiessen\/terugslagkleppen\/#primaryimage","url":"https:\/\/eurostel.be\/wp-content\/uploads\/2021\/08\/pack019.jpg","contentUrl":"https:\/\/eurostel.be\/wp-content\/uploads\/2021\/08\/pack019.jpg","width":960,"height":960},{"@type":"BreadcrumbList","@id":"https:\/\/eurostel.be\/de\/spritzgiessen\/terugslagkleppen\/#breadcrumb","itemListElement":[{"@type":"ListItem","position":1,"name":"Home","item":"https:\/\/eurostel.be\/de\/"},{"@type":"ListItem","position":2,"name":"Spritzgie\u00dfen","item":"https:\/\/eurostel.be\/de\/spritzgiessen\/"},{"@type":"ListItem","position":3,"name":"R\u00fcckschlagventile"}]},{"@type":"WebSite","@id":"https:\/\/eurostel.be\/de\/#website","url":"https:\/\/eurostel.be\/de\/","name":"Euro-Stel","description":"Uw volwaardige kunststofleverancier","publisher":{"@id":"https:\/\/eurostel.be\/de\/#organization"},"potentialAction":[{"@type":"SearchAction","target":{"@type":"EntryPoint","urlTemplate":"https:\/\/eurostel.be\/de\/?s={search_term_string}"},"query-input":{"@type":"PropertyValueSpecification","valueRequired":true,"valueName":"search_term_string"}}],"inLanguage":"de"},{"@type":"Organization","@id":"https:\/\/eurostel.be\/de\/#organization","name":"Euro-Stel","url":"https:\/\/eurostel.be\/de\/","logo":{"@type":"ImageObject","inLanguage":"de","@id":"https:\/\/eurostel.be\/de\/#\/schema\/logo\/image\/","url":"https:\/\/eurostel.jeroclients.be\/wp-content\/uploads\/2021\/08\/android-chrome-512x512-1.png","contentUrl":"https:\/\/eurostel.jeroclients.be\/wp-content\/uploads\/2021\/08\/android-chrome-512x512-1.png","width":512,"height":512,"caption":"Euro-Stel"},"image":{"@id":"https:\/\/eurostel.be\/de\/#\/schema\/logo\/image\/"}}]}},"_links":{"self":[{"href":"https:\/\/eurostel.be\/de\/wp-json\/wp\/v2\/pages\/301","targetHints":{"allow":["GET"]}}],"collection":[{"href":"https:\/\/eurostel.be\/de\/wp-json\/wp\/v2\/pages"}],"about":[{"href":"https:\/\/eurostel.be\/de\/wp-json\/wp\/v2\/types\/page"}],"author":[{"embeddable":true,"href":"https:\/\/eurostel.be\/de\/wp-json\/wp\/v2\/users\/1"}],"replies":[{"embeddable":true,"href":"https:\/\/eurostel.be\/de\/wp-json\/wp\/v2\/comments?post=301"}],"version-history":[{"count":0,"href":"https:\/\/eurostel.be\/de\/wp-json\/wp\/v2\/pages\/301\/revisions"}],"up":[{"embeddable":true,"href":"https:\/\/eurostel.be\/de\/wp-json\/wp\/v2\/pages\/452"}],"wp:featuredmedia":[{"embeddable":true,"href":"https:\/\/eurostel.be\/de\/wp-json\/wp\/v2\/media\/166"}],"wp:attachment":[{"href":"https:\/\/eurostel.be\/de\/wp-json\/wp\/v2\/media?parent=301"}],"curies":[{"name":"wp","href":"https:\/\/api.w.org\/{rel}","templated":true}]}}