{"id":298,"date":"2021-08-05T11:04:35","date_gmt":"2021-08-05T09:04:35","guid":{"rendered":"https:\/\/eurostel.jeroclients.be\/holmen\/"},"modified":"2021-08-06T17:03:17","modified_gmt":"2021-08-06T15:03:17","slug":"holmen","status":"publish","type":"page","link":"https:\/\/eurostel.be\/de\/spritzgiessen\/holmen\/","title":{"rendered":"Holme"},"content":{"rendered":"\n<p>Spritzgie\u00dfmaschinen zeichnen sich durch die Schlie\u00dfkraft aus, die sie auf das Formteil aufbringen k\u00f6nnen. Der \u00d6ffnungs- und Schlie\u00dfmechanismus eines Formteils ist ein starkes St\u00fcck Technik mit hohen Kr\u00e4ften. Holme werden sowohl zur F\u00fchrung des Formteils als auch zur \u00dcbertragung der Schlie\u00dfkraft verwendet.<\/p>\n\n<p>An die Holme werden sehr hohe Anforderungen gestellt. Die Kr\u00e4fte, die in den Holmen auftreten k\u00f6nnen, sind hoch und der Holm darf unter keinen Umst\u00e4nden nachgeben. Trotz einer sorgf\u00e4ltigen Fertigung dieser Teile kommt ein Holmbruch beim Spritzgie\u00dfen des \u00d6fteren vor. Hauptursache ist immer eine falsche Ausrichtung oder eine ungleichm\u00e4\u00dfige Belastung.<\/p>\n\n<p>Gebrochene oder gerissene Holme k\u00f6nnen wir in der Regel auf sachgerechte Art wieder reparieren. Ist eine Reparatur nicht m\u00f6glich, bieten wir neue Komponenten an. Der maximaler Durchmesser f\u00fcr neue Holme ist 200 mm.<\/p>\n\n<figure class=\"wp-block-image size-medium\"><img loading=\"lazy\" decoding=\"async\" width=\"300\" height=\"300\" src=\"https:\/\/eurostel.jeroclients.be\/wp-content\/uploads\/2021\/08\/dsc00920-300x300.jpg\" alt=\"\" class=\"wp-image-173\" srcset=\"https:\/\/eurostel.be\/wp-content\/uploads\/2021\/08\/dsc00920-150x150@2x.jpg 300w, https:\/\/eurostel.be\/wp-content\/uploads\/2021\/08\/dsc00920-150x150.jpg 150w, https:\/\/eurostel.be\/wp-content\/uploads\/2021\/08\/dsc00920-768x768.jpg 768w, https:\/\/eurostel.be\/wp-content\/uploads\/2021\/08\/dsc00920-480x480.jpg 480w, https:\/\/eurostel.be\/wp-content\/uploads\/2021\/08\/dsc00920.jpg 960w, https:\/\/eurostel.be\/wp-content\/uploads\/2021\/08\/dsc00920-300x300@2x.jpg 600w\" sizes=\"auto, (max-width: 300px) 100vw, 300px\" \/><\/figure>\n\n<h2 class=\"wp-block-heading\">\u00dcberholung von Holmen<\/h2>\n\n<p>Holme von Spritzgie\u00dfmaschinen sind hohen Belastungen ausgesetzt und m\u00fcssen gro\u00dfe Kr\u00e4fte aufnehmen. Die Anforderungen daf\u00fcr sind also extrem hoch. Eine gute Dimensionierung und die richtige Materialwahl sind bei der Konstruktion von Holmen von gro\u00dfer Bedeutung, denn trotz aller Sorgfalt bei der Herstellung bleibt das Risiko von Rissen oder Br\u00fcchen bestehen.<\/p>\n\n<p>Bei Euro-Stel ist jedoch ein gerissener oder gebrochener Holm jedoch kein verlorener Holm. Die meisten Holme k\u00f6nnen repariert werden und wir machen sie zu einem Bruchteil des Neupreises wieder neuwertig. Auch Holmmuttern k\u00f6nnen in der Regel wiederhergestellt werden. Wenn nicht, werden sie neu gemacht.<\/p>\n\n<p>Interessant wird die Methode der Holm\u00fcberholung sicherlich dann, wenn es sich um Maschinen mit gr\u00f6\u00dferen Schlie\u00dfkr\u00e4ften (&gt;400T) handelt. Sehr oft handelt es sich dabei um teurere Teile, die beim Maschinenhersteller nicht ab Lager verf\u00fcgbar sind. Eine Holm\u00fcberholung kann innerhalb von 3 bis 5 Tagen durchgef\u00fchrt werden, wodurch die Maschinenstillstandszeit auf ein Minimum reduziert wird.<\/p>\n\n<div class=\"wp-block-group\"><div class=\"wp-block-group__inner-container is-layout-flow wp-block-group-is-layout-flow\">\n<p><strong>Gut zu wissen<\/strong> Bei der \u00dcberholung muss immer eine gr\u00fcndliche Analyse der verschlissenen Teile durch einen erfahrenen Fachmann von Euro-Stel erfolgen, um die wirtschaftlich und technisch sinnvollste \u00dcberholung vorzuschlagen. <\/p>\n<\/div><\/div>\n","protected":false},"excerpt":{"rendered":"<p>Holme spielen eine wichtige Rolle bei der F\u00fchrung der Formteile und Schlie\u00dfkraft\u00fcbertragung. Entscheiden Sie sich also f\u00fcr Festigkeit!<\/p>\n","protected":false},"author":1,"featured_media":176,"parent":452,"menu_order":50,"comment_status":"closed","ping_status":"closed","template":"","meta":{"_acf_changed":false,"footnotes":""},"class_list":["post-298","page","type-page","status-publish","has-post-thumbnail","hentry"],"acf":[],"yoast_head":"<!-- This site is optimized with the Yoast SEO plugin v27.3 - https:\/\/yoast.com\/product\/yoast-seo-wordpress\/ -->\n<title>Holme - Euro-Stel<\/title>\n<meta name=\"robots\" content=\"index, follow, max-snippet:-1, max-image-preview:large, max-video-preview:-1\" \/>\n<link rel=\"canonical\" href=\"https:\/\/eurostel.be\/de\/spritzgiessen\/holmen\/\" \/>\n<meta property=\"og:locale\" content=\"de_DE\" \/>\n<meta property=\"og:type\" content=\"article\" \/>\n<meta property=\"og:title\" content=\"Holme - Euro-Stel\" \/>\n<meta property=\"og:description\" content=\"Holme spielen eine wichtige Rolle bei der F\u00fchrung der Formteile und Schlie\u00dfkraft\u00fcbertragung. Entscheiden Sie sich also f\u00fcr Festigkeit!\" \/>\n<meta property=\"og:url\" content=\"https:\/\/eurostel.be\/de\/spritzgiessen\/holmen\/\" \/>\n<meta property=\"og:site_name\" content=\"Euro-Stel\" \/>\n<meta property=\"article:modified_time\" content=\"2021-08-06T15:03:17+00:00\" \/>\n<meta property=\"og:image\" content=\"https:\/\/eurostel.be\/wp-content\/uploads\/2021\/08\/dsc00920.jpg\" \/>\n\t<meta property=\"og:image:width\" content=\"960\" \/>\n\t<meta property=\"og:image:height\" content=\"960\" \/>\n\t<meta property=\"og:image:type\" content=\"image\/jpeg\" \/>\n<meta name=\"twitter:card\" content=\"summary_large_image\" \/>\n<meta name=\"twitter:label1\" content=\"Gesch\u00e4tzte Lesezeit\" \/>\n\t<meta name=\"twitter:data1\" content=\"2\u00a0Minuten\" \/>\n<script type=\"application\/ld+json\" class=\"yoast-schema-graph\">{\"@context\":\"https:\\\/\\\/schema.org\",\"@graph\":[{\"@type\":\"WebPage\",\"@id\":\"https:\\\/\\\/eurostel.be\\\/de\\\/spritzgiessen\\\/holmen\\\/\",\"url\":\"https:\\\/\\\/eurostel.be\\\/de\\\/spritzgiessen\\\/holmen\\\/\",\"name\":\"Holme - Euro-Stel\",\"isPartOf\":{\"@id\":\"https:\\\/\\\/eurostel.be\\\/de\\\/#website\"},\"primaryImageOfPage\":{\"@id\":\"https:\\\/\\\/eurostel.be\\\/de\\\/spritzgiessen\\\/holmen\\\/#primaryimage\"},\"image\":{\"@id\":\"https:\\\/\\\/eurostel.be\\\/de\\\/spritzgiessen\\\/holmen\\\/#primaryimage\"},\"thumbnailUrl\":\"https:\\\/\\\/eurostel.be\\\/wp-content\\\/uploads\\\/2021\\\/08\\\/dsc00920.jpg\",\"datePublished\":\"2021-08-05T09:04:35+00:00\",\"dateModified\":\"2021-08-06T15:03:17+00:00\",\"breadcrumb\":{\"@id\":\"https:\\\/\\\/eurostel.be\\\/de\\\/spritzgiessen\\\/holmen\\\/#breadcrumb\"},\"inLanguage\":\"de\",\"potentialAction\":[{\"@type\":\"ReadAction\",\"target\":[\"https:\\\/\\\/eurostel.be\\\/de\\\/spritzgiessen\\\/holmen\\\/\"]}]},{\"@type\":\"ImageObject\",\"inLanguage\":\"de\",\"@id\":\"https:\\\/\\\/eurostel.be\\\/de\\\/spritzgiessen\\\/holmen\\\/#primaryimage\",\"url\":\"https:\\\/\\\/eurostel.be\\\/wp-content\\\/uploads\\\/2021\\\/08\\\/dsc00920.jpg\",\"contentUrl\":\"https:\\\/\\\/eurostel.be\\\/wp-content\\\/uploads\\\/2021\\\/08\\\/dsc00920.jpg\",\"width\":960,\"height\":960},{\"@type\":\"BreadcrumbList\",\"@id\":\"https:\\\/\\\/eurostel.be\\\/de\\\/spritzgiessen\\\/holmen\\\/#breadcrumb\",\"itemListElement\":[{\"@type\":\"ListItem\",\"position\":1,\"name\":\"Home\",\"item\":\"https:\\\/\\\/eurostel.be\\\/de\\\/\"},{\"@type\":\"ListItem\",\"position\":2,\"name\":\"Spritzgie\u00dfen\",\"item\":\"https:\\\/\\\/eurostel.be\\\/de\\\/spritzgiessen\\\/\"},{\"@type\":\"ListItem\",\"position\":3,\"name\":\"Holme\"}]},{\"@type\":\"WebSite\",\"@id\":\"https:\\\/\\\/eurostel.be\\\/de\\\/#website\",\"url\":\"https:\\\/\\\/eurostel.be\\\/de\\\/\",\"name\":\"Euro-Stel\",\"description\":\"Uw volwaardige kunststofleverancier\",\"publisher\":{\"@id\":\"https:\\\/\\\/eurostel.be\\\/de\\\/#organization\"},\"potentialAction\":[{\"@type\":\"SearchAction\",\"target\":{\"@type\":\"EntryPoint\",\"urlTemplate\":\"https:\\\/\\\/eurostel.be\\\/de\\\/?s={search_term_string}\"},\"query-input\":{\"@type\":\"PropertyValueSpecification\",\"valueRequired\":true,\"valueName\":\"search_term_string\"}}],\"inLanguage\":\"de\"},{\"@type\":\"Organization\",\"@id\":\"https:\\\/\\\/eurostel.be\\\/de\\\/#organization\",\"name\":\"Euro-Stel\",\"url\":\"https:\\\/\\\/eurostel.be\\\/de\\\/\",\"logo\":{\"@type\":\"ImageObject\",\"inLanguage\":\"de\",\"@id\":\"https:\\\/\\\/eurostel.be\\\/de\\\/#\\\/schema\\\/logo\\\/image\\\/\",\"url\":\"https:\\\/\\\/eurostel.jeroclients.be\\\/wp-content\\\/uploads\\\/2021\\\/08\\\/android-chrome-512x512-1.png\",\"contentUrl\":\"https:\\\/\\\/eurostel.jeroclients.be\\\/wp-content\\\/uploads\\\/2021\\\/08\\\/android-chrome-512x512-1.png\",\"width\":512,\"height\":512,\"caption\":\"Euro-Stel\"},\"image\":{\"@id\":\"https:\\\/\\\/eurostel.be\\\/de\\\/#\\\/schema\\\/logo\\\/image\\\/\"}}]}<\/script>\n<!-- \/ Yoast SEO plugin. -->","yoast_head_json":{"title":"Holme - Euro-Stel","robots":{"index":"index","follow":"follow","max-snippet":"max-snippet:-1","max-image-preview":"max-image-preview:large","max-video-preview":"max-video-preview:-1"},"canonical":"https:\/\/eurostel.be\/de\/spritzgiessen\/holmen\/","og_locale":"de_DE","og_type":"article","og_title":"Holme - Euro-Stel","og_description":"Holme spielen eine wichtige Rolle bei der F\u00fchrung der Formteile und Schlie\u00dfkraft\u00fcbertragung. Entscheiden Sie sich also f\u00fcr Festigkeit!","og_url":"https:\/\/eurostel.be\/de\/spritzgiessen\/holmen\/","og_site_name":"Euro-Stel","article_modified_time":"2021-08-06T15:03:17+00:00","og_image":[{"width":960,"height":960,"url":"https:\/\/eurostel.be\/wp-content\/uploads\/2021\/08\/dsc00920.jpg","type":"image\/jpeg"}],"twitter_card":"summary_large_image","twitter_misc":{"Gesch\u00e4tzte Lesezeit":"2\u00a0Minuten"},"schema":{"@context":"https:\/\/schema.org","@graph":[{"@type":"WebPage","@id":"https:\/\/eurostel.be\/de\/spritzgiessen\/holmen\/","url":"https:\/\/eurostel.be\/de\/spritzgiessen\/holmen\/","name":"Holme - Euro-Stel","isPartOf":{"@id":"https:\/\/eurostel.be\/de\/#website"},"primaryImageOfPage":{"@id":"https:\/\/eurostel.be\/de\/spritzgiessen\/holmen\/#primaryimage"},"image":{"@id":"https:\/\/eurostel.be\/de\/spritzgiessen\/holmen\/#primaryimage"},"thumbnailUrl":"https:\/\/eurostel.be\/wp-content\/uploads\/2021\/08\/dsc00920.jpg","datePublished":"2021-08-05T09:04:35+00:00","dateModified":"2021-08-06T15:03:17+00:00","breadcrumb":{"@id":"https:\/\/eurostel.be\/de\/spritzgiessen\/holmen\/#breadcrumb"},"inLanguage":"de","potentialAction":[{"@type":"ReadAction","target":["https:\/\/eurostel.be\/de\/spritzgiessen\/holmen\/"]}]},{"@type":"ImageObject","inLanguage":"de","@id":"https:\/\/eurostel.be\/de\/spritzgiessen\/holmen\/#primaryimage","url":"https:\/\/eurostel.be\/wp-content\/uploads\/2021\/08\/dsc00920.jpg","contentUrl":"https:\/\/eurostel.be\/wp-content\/uploads\/2021\/08\/dsc00920.jpg","width":960,"height":960},{"@type":"BreadcrumbList","@id":"https:\/\/eurostel.be\/de\/spritzgiessen\/holmen\/#breadcrumb","itemListElement":[{"@type":"ListItem","position":1,"name":"Home","item":"https:\/\/eurostel.be\/de\/"},{"@type":"ListItem","position":2,"name":"Spritzgie\u00dfen","item":"https:\/\/eurostel.be\/de\/spritzgiessen\/"},{"@type":"ListItem","position":3,"name":"Holme"}]},{"@type":"WebSite","@id":"https:\/\/eurostel.be\/de\/#website","url":"https:\/\/eurostel.be\/de\/","name":"Euro-Stel","description":"Uw volwaardige kunststofleverancier","publisher":{"@id":"https:\/\/eurostel.be\/de\/#organization"},"potentialAction":[{"@type":"SearchAction","target":{"@type":"EntryPoint","urlTemplate":"https:\/\/eurostel.be\/de\/?s={search_term_string}"},"query-input":{"@type":"PropertyValueSpecification","valueRequired":true,"valueName":"search_term_string"}}],"inLanguage":"de"},{"@type":"Organization","@id":"https:\/\/eurostel.be\/de\/#organization","name":"Euro-Stel","url":"https:\/\/eurostel.be\/de\/","logo":{"@type":"ImageObject","inLanguage":"de","@id":"https:\/\/eurostel.be\/de\/#\/schema\/logo\/image\/","url":"https:\/\/eurostel.jeroclients.be\/wp-content\/uploads\/2021\/08\/android-chrome-512x512-1.png","contentUrl":"https:\/\/eurostel.jeroclients.be\/wp-content\/uploads\/2021\/08\/android-chrome-512x512-1.png","width":512,"height":512,"caption":"Euro-Stel"},"image":{"@id":"https:\/\/eurostel.be\/de\/#\/schema\/logo\/image\/"}}]}},"_links":{"self":[{"href":"https:\/\/eurostel.be\/de\/wp-json\/wp\/v2\/pages\/298","targetHints":{"allow":["GET"]}}],"collection":[{"href":"https:\/\/eurostel.be\/de\/wp-json\/wp\/v2\/pages"}],"about":[{"href":"https:\/\/eurostel.be\/de\/wp-json\/wp\/v2\/types\/page"}],"author":[{"embeddable":true,"href":"https:\/\/eurostel.be\/de\/wp-json\/wp\/v2\/users\/1"}],"replies":[{"embeddable":true,"href":"https:\/\/eurostel.be\/de\/wp-json\/wp\/v2\/comments?post=298"}],"version-history":[{"count":0,"href":"https:\/\/eurostel.be\/de\/wp-json\/wp\/v2\/pages\/298\/revisions"}],"up":[{"embeddable":true,"href":"https:\/\/eurostel.be\/de\/wp-json\/wp\/v2\/pages\/452"}],"wp:featuredmedia":[{"embeddable":true,"href":"https:\/\/eurostel.be\/de\/wp-json\/wp\/v2\/media\/176"}],"wp:attachment":[{"href":"https:\/\/eurostel.be\/de\/wp-json\/wp\/v2\/media?parent=298"}],"curies":[{"name":"wp","href":"https:\/\/api.w.org\/{rel}","templated":true}]}}