{"id":294,"date":"2021-08-05T11:08:45","date_gmt":"2021-08-05T09:08:45","guid":{"rendered":"https:\/\/eurostel.jeroclients.be\/varia\/"},"modified":"2021-08-06T17:05:46","modified_gmt":"2021-08-06T15:05:46","slug":"varia","status":"publish","type":"page","link":"https:\/\/eurostel.be\/de\/spritzgiessen\/varia\/","title":{"rendered":"Verschiedenes"},"content":{"rendered":"\n<p>Unser Unternehmen ist auf die Fertigung von Schnecken, Zylindern, R\u00fcckschlagventilen und anderem Zubeh\u00f6r f\u00fcr die Kunststoffbranche spezialisiert. Die Fertigung dieser Bauteile setzt eine umfassende Kenntnis der Kunststoffe und deren Verarbeitung voraus. Dieses Wissen haben wir bei Euro-Stel in H\u00fclle und F\u00fclle!<\/p>\n\n<p>Um gute Schnecken und Zylinder herstellen zu k\u00f6nnen, braucht man aber mehr als nur Kenntnisse \u00fcber Kunststoffe Man muss auch ein Spezialist f\u00fcr Metallurgie und mechanische Bearbeitungen wie Drehen, Fr\u00e4sen, Schleifen, Schwei\u00dfen usw. sein. Auch Unternehmen au\u00dferhalb der Kunststoffbranche wissen, dass Euro-Stel diese Techniken sehr gut beherrscht und wenden sich deshalb vertrauensvoll an uns, um Teile f\u00fcr sie zu fertigen. Das bedeutet nicht, dass wir eine klassische mechanische Werkstatt sind, in der alle Arten von Dreh-, Fr\u00e4s- und Schwei\u00dfarbeiten angenommen werden. Wir stellen haupts\u00e4chlich Teile f\u00fcr die Kunststoffindustrie her.<\/p>\n\n<p>Wenn wir Teile f\u00fcr Unternehmen au\u00dferhalb der Kunststoffbranche fertigen, geht es immer um komplexe Bauteile, die verschiedene Bearbeitungsprozesse erfordern und bei denen es auf genaue Toleranzen ankommt. Dies sind in der Regel Teile, die teilweise gepanzert und geschwei\u00dft werden m\u00fcssen, bevor sie an der Dreh- oder Fr\u00e4smaschine fertiggestellt werden. Wir arbeiten meist mit weniger g\u00e4ngigen Stahlsorten, die ein angepasstes Bearbeitungsverfahren erfordern. Wir m\u00fcssen drehen, fr\u00e4sen, stabilisieren, schleifen, schwei\u00dfen, stabilisieren, h\u00e4rten, nitrieren \u2026 und das alles innerhalb der zul\u00e4ssigen Ma\u00dftoleranzen.<\/p>\n\n<p>Es ist daher klar, dass wir neben Teilen f\u00fcr die Kunststoffbranche nur \u201espezielle\u201c Teile in begrenzter Serie herstellen. Unternehmen k\u00f6nnen unverbindlich mit uns Kontakt aufnehmen. Auf der Grundlage von technischen Zeichnungen und nach R\u00fccksprache k\u00f6nnen wir diese Art von Teilen anbieten.<\/p>\n\n<figure class=\"wp-block-gallery columns-3 is-cropped wp-block-gallery-1 is-layout-flex wp-block-gallery-is-layout-flex\"><ul class=\"blocks-gallery-grid\"><li class=\"blocks-gallery-item\"><figure><img loading=\"lazy\" decoding=\"async\" width=\"960\" height=\"960\" src=\"https:\/\/eurostel.jeroclients.be\/wp-content\/uploads\/2021\/08\/2-1.jpg\" alt=\"\" data-id=\"192\" data-full-url=\"https:\/\/eurostel.jeroclients.be\/wp-content\/uploads\/2021\/08\/2-1.jpg\" data-link=\"https:\/\/eurostel.jeroclients.be\/?attachment_id=192\" class=\"wp-image-192\" srcset=\"https:\/\/eurostel.be\/wp-content\/uploads\/2021\/08\/2-1.jpg 960w, https:\/\/eurostel.be\/wp-content\/uploads\/2021\/08\/2-1-150x150@2x.jpg 300w, https:\/\/eurostel.be\/wp-content\/uploads\/2021\/08\/2-1-150x150.jpg 150w, https:\/\/eurostel.be\/wp-content\/uploads\/2021\/08\/2-1-768x768.jpg 768w, https:\/\/eurostel.be\/wp-content\/uploads\/2021\/08\/2-1-480x480.jpg 480w, https:\/\/eurostel.be\/wp-content\/uploads\/2021\/08\/2-1-300x300@2x.jpg 600w\" sizes=\"auto, (max-width: 960px) 100vw, 960px\" \/><\/figure><\/li><li class=\"blocks-gallery-item\"><figure><img loading=\"lazy\" decoding=\"async\" width=\"960\" height=\"960\" src=\"https:\/\/eurostel.jeroclients.be\/wp-content\/uploads\/2021\/08\/4-2.jpg\" alt=\"\" data-id=\"196\" data-full-url=\"https:\/\/eurostel.jeroclients.be\/wp-content\/uploads\/2021\/08\/4-2.jpg\" data-link=\"https:\/\/eurostel.jeroclients.be\/?attachment_id=196\" class=\"wp-image-196\" srcset=\"https:\/\/eurostel.be\/wp-content\/uploads\/2021\/08\/4-2.jpg 960w, https:\/\/eurostel.be\/wp-content\/uploads\/2021\/08\/4-2-150x150@2x.jpg 300w, https:\/\/eurostel.be\/wp-content\/uploads\/2021\/08\/4-2-150x150.jpg 150w, https:\/\/eurostel.be\/wp-content\/uploads\/2021\/08\/4-2-768x768.jpg 768w, https:\/\/eurostel.be\/wp-content\/uploads\/2021\/08\/4-2-480x480.jpg 480w, https:\/\/eurostel.be\/wp-content\/uploads\/2021\/08\/4-2-300x300@2x.jpg 600w\" sizes=\"auto, (max-width: 960px) 100vw, 960px\" \/><\/figure><\/li><li class=\"blocks-gallery-item\"><figure><img loading=\"lazy\" decoding=\"async\" width=\"960\" height=\"960\" src=\"https:\/\/eurostel.jeroclients.be\/wp-content\/uploads\/2021\/08\/scan-6x6-10-1.jpg\" alt=\"\" data-id=\"200\" data-full-url=\"https:\/\/eurostel.jeroclients.be\/wp-content\/uploads\/2021\/08\/scan-6x6-10-1.jpg\" data-link=\"https:\/\/eurostel.jeroclients.be\/?attachment_id=200\" class=\"wp-image-200\" srcset=\"https:\/\/eurostel.be\/wp-content\/uploads\/2021\/08\/scan-6x6-10-1.jpg 960w, https:\/\/eurostel.be\/wp-content\/uploads\/2021\/08\/scan-6x6-10-1-150x150@2x.jpg 300w, https:\/\/eurostel.be\/wp-content\/uploads\/2021\/08\/scan-6x6-10-1-150x150.jpg 150w, https:\/\/eurostel.be\/wp-content\/uploads\/2021\/08\/scan-6x6-10-1-768x768.jpg 768w, https:\/\/eurostel.be\/wp-content\/uploads\/2021\/08\/scan-6x6-10-1-480x480.jpg 480w, https:\/\/eurostel.be\/wp-content\/uploads\/2021\/08\/scan-6x6-10-1-300x300@2x.jpg 600w\" sizes=\"auto, (max-width: 960px) 100vw, 960px\" \/><\/figure><\/li><\/ul><\/figure>\n\n<h2 class=\"wp-block-heading\">\u00dcberholung Verschiedenes<\/h2>\n\n<p>Euro-Stel ist auf Kunststoffverarbeitung spezialisiert. Neben ausf\u00fchrlichen Kenntnissen der Kunststoffe verf\u00fcgen wir auch \u00fcber umfassendes Wissen \u00fcber Metallurgie, beherrschen die erforderlichen mechanischen Bearbeitungen sowie Drehen, Fr\u00e4sen und Schleifen usw.<\/p>\n\n<p>Dieses Know-how nutzen wir vor allem f\u00fcr die Herstellung von Teilen f\u00fcr die Kunststoffbranche. In begrenztem Umfang fertigen wir auch \u201espezielle\u201c Teile f\u00fcr Unternehmen au\u00dferhalb der Kunststoffbranche. In diesem Fall handelt es sich um Teile, die aus speziellen Stahlsorten hergestellt werden. Teile mit kompliziertem Bearbeitungsablauf und au\u00dfergew\u00f6hnlichen Materialien oder Materialkombinationen.<\/p>\n\n<p>In sehr begrenztem Umfang reparieren wir auch \u201espezielle\u201c Teile. Meistens handelt es sich um gro\u00dfe Teile, bei denen der Preis f\u00fcr den Neukauf viel h\u00f6her ist als der Preis f\u00fcr die Reparatur. Unternehmen k\u00f6nnen unverbindlich mit uns Kontakt aufnehmen. Anhand von technischen Zeichnungen und nach R\u00fccksprache entscheiden wir, ob die Teile wirtschaftlich und technisch repariert werden k\u00f6nnen. <\/p>\n\n<div class=\"wp-block-group\"><div class=\"wp-block-group__inner-container is-layout-flow wp-block-group-is-layout-flow\">\n<p><strong>Gut zu wissen:<\/strong>Im Falle einer \u00dcberholung sollte immer eine gr\u00fcndliche Analyse der verschlissenen Teile durch einen erfahrenen Fachmann von Euro-Stel erfolgen, um die am besten geeignete \u00dcberholung (wirtschaftlich und technisch) vorzuschlagen. <\/p>\n<\/div><\/div>\n","protected":false},"excerpt":{"rendered":"<p>Neben Teilen f\u00fcr den Kunststoffbereich fertigen wir nur \u201espezielle\u201c Teile in Kleinserien. Unternehmen k\u00f6nnen uns unverbindlich kontaktieren.<\/p>\n","protected":false},"author":1,"featured_media":203,"parent":452,"menu_order":60,"comment_status":"closed","ping_status":"closed","template":"","meta":{"_acf_changed":false,"footnotes":""},"class_list":["post-294","page","type-page","status-publish","has-post-thumbnail","hentry"],"acf":[],"yoast_head":"<!-- This site is optimized with the Yoast SEO plugin v27.4 - https:\/\/yoast.com\/product\/yoast-seo-wordpress\/ -->\n<title>Verschiedenes - Euro-Stel<\/title>\n<meta name=\"robots\" content=\"index, follow, max-snippet:-1, max-image-preview:large, max-video-preview:-1\" \/>\n<link rel=\"canonical\" href=\"https:\/\/eurostel.be\/de\/spritzgiessen\/varia\/\" \/>\n<meta property=\"og:locale\" content=\"de_DE\" \/>\n<meta property=\"og:type\" content=\"article\" \/>\n<meta property=\"og:title\" content=\"Verschiedenes - Euro-Stel\" \/>\n<meta property=\"og:description\" content=\"Neben Teilen f\u00fcr den Kunststoffbereich fertigen wir nur \u201espezielle\u201c Teile in Kleinserien. Unternehmen k\u00f6nnen uns unverbindlich kontaktieren.\" \/>\n<meta property=\"og:url\" content=\"https:\/\/eurostel.be\/de\/spritzgiessen\/varia\/\" \/>\n<meta property=\"og:site_name\" content=\"Euro-Stel\" \/>\n<meta property=\"article:modified_time\" content=\"2021-08-06T15:05:46+00:00\" \/>\n<meta property=\"og:image\" content=\"https:\/\/eurostel.be\/wp-content\/uploads\/2021\/08\/scan-6x6-10-1.jpg\" \/>\n\t<meta property=\"og:image:width\" content=\"960\" \/>\n\t<meta property=\"og:image:height\" content=\"960\" \/>\n\t<meta property=\"og:image:type\" content=\"image\/jpeg\" \/>\n<meta name=\"twitter:card\" content=\"summary_large_image\" \/>\n<meta name=\"twitter:label1\" content=\"Gesch\u00e4tzte Lesezeit\" \/>\n\t<meta name=\"twitter:data1\" content=\"3\u00a0Minuten\" \/>\n<script type=\"application\/ld+json\" class=\"yoast-schema-graph\">{\"@context\":\"https:\\\/\\\/schema.org\",\"@graph\":[{\"@type\":\"WebPage\",\"@id\":\"https:\\\/\\\/eurostel.be\\\/de\\\/spritzgiessen\\\/varia\\\/\",\"url\":\"https:\\\/\\\/eurostel.be\\\/de\\\/spritzgiessen\\\/varia\\\/\",\"name\":\"Verschiedenes - Euro-Stel\",\"isPartOf\":{\"@id\":\"https:\\\/\\\/eurostel.be\\\/de\\\/#website\"},\"primaryImageOfPage\":{\"@id\":\"https:\\\/\\\/eurostel.be\\\/de\\\/spritzgiessen\\\/varia\\\/#primaryimage\"},\"image\":{\"@id\":\"https:\\\/\\\/eurostel.be\\\/de\\\/spritzgiessen\\\/varia\\\/#primaryimage\"},\"thumbnailUrl\":\"https:\\\/\\\/eurostel.be\\\/wp-content\\\/uploads\\\/2021\\\/08\\\/scan-6x6-10-1.jpg\",\"datePublished\":\"2021-08-05T09:08:45+00:00\",\"dateModified\":\"2021-08-06T15:05:46+00:00\",\"breadcrumb\":{\"@id\":\"https:\\\/\\\/eurostel.be\\\/de\\\/spritzgiessen\\\/varia\\\/#breadcrumb\"},\"inLanguage\":\"de\",\"potentialAction\":[{\"@type\":\"ReadAction\",\"target\":[\"https:\\\/\\\/eurostel.be\\\/de\\\/spritzgiessen\\\/varia\\\/\"]}]},{\"@type\":\"ImageObject\",\"inLanguage\":\"de\",\"@id\":\"https:\\\/\\\/eurostel.be\\\/de\\\/spritzgiessen\\\/varia\\\/#primaryimage\",\"url\":\"https:\\\/\\\/eurostel.be\\\/wp-content\\\/uploads\\\/2021\\\/08\\\/scan-6x6-10-1.jpg\",\"contentUrl\":\"https:\\\/\\\/eurostel.be\\\/wp-content\\\/uploads\\\/2021\\\/08\\\/scan-6x6-10-1.jpg\",\"width\":960,\"height\":960},{\"@type\":\"BreadcrumbList\",\"@id\":\"https:\\\/\\\/eurostel.be\\\/de\\\/spritzgiessen\\\/varia\\\/#breadcrumb\",\"itemListElement\":[{\"@type\":\"ListItem\",\"position\":1,\"name\":\"Home\",\"item\":\"https:\\\/\\\/eurostel.be\\\/de\\\/\"},{\"@type\":\"ListItem\",\"position\":2,\"name\":\"Spritzgie\u00dfen\",\"item\":\"https:\\\/\\\/eurostel.be\\\/de\\\/spritzgiessen\\\/\"},{\"@type\":\"ListItem\",\"position\":3,\"name\":\"Verschiedenes\"}]},{\"@type\":\"WebSite\",\"@id\":\"https:\\\/\\\/eurostel.be\\\/de\\\/#website\",\"url\":\"https:\\\/\\\/eurostel.be\\\/de\\\/\",\"name\":\"Euro-Stel\",\"description\":\"Uw volwaardige kunststofleverancier\",\"publisher\":{\"@id\":\"https:\\\/\\\/eurostel.be\\\/de\\\/#organization\"},\"potentialAction\":[{\"@type\":\"SearchAction\",\"target\":{\"@type\":\"EntryPoint\",\"urlTemplate\":\"https:\\\/\\\/eurostel.be\\\/de\\\/?s={search_term_string}\"},\"query-input\":{\"@type\":\"PropertyValueSpecification\",\"valueRequired\":true,\"valueName\":\"search_term_string\"}}],\"inLanguage\":\"de\"},{\"@type\":\"Organization\",\"@id\":\"https:\\\/\\\/eurostel.be\\\/de\\\/#organization\",\"name\":\"Euro-Stel\",\"url\":\"https:\\\/\\\/eurostel.be\\\/de\\\/\",\"logo\":{\"@type\":\"ImageObject\",\"inLanguage\":\"de\",\"@id\":\"https:\\\/\\\/eurostel.be\\\/de\\\/#\\\/schema\\\/logo\\\/image\\\/\",\"url\":\"https:\\\/\\\/eurostel.jeroclients.be\\\/wp-content\\\/uploads\\\/2021\\\/08\\\/android-chrome-512x512-1.png\",\"contentUrl\":\"https:\\\/\\\/eurostel.jeroclients.be\\\/wp-content\\\/uploads\\\/2021\\\/08\\\/android-chrome-512x512-1.png\",\"width\":512,\"height\":512,\"caption\":\"Euro-Stel\"},\"image\":{\"@id\":\"https:\\\/\\\/eurostel.be\\\/de\\\/#\\\/schema\\\/logo\\\/image\\\/\"}}]}<\/script>\n<!-- \/ Yoast SEO plugin. -->","yoast_head_json":{"title":"Verschiedenes - Euro-Stel","robots":{"index":"index","follow":"follow","max-snippet":"max-snippet:-1","max-image-preview":"max-image-preview:large","max-video-preview":"max-video-preview:-1"},"canonical":"https:\/\/eurostel.be\/de\/spritzgiessen\/varia\/","og_locale":"de_DE","og_type":"article","og_title":"Verschiedenes - Euro-Stel","og_description":"Neben Teilen f\u00fcr den Kunststoffbereich fertigen wir nur \u201espezielle\u201c Teile in Kleinserien. Unternehmen k\u00f6nnen uns unverbindlich kontaktieren.","og_url":"https:\/\/eurostel.be\/de\/spritzgiessen\/varia\/","og_site_name":"Euro-Stel","article_modified_time":"2021-08-06T15:05:46+00:00","og_image":[{"width":960,"height":960,"url":"https:\/\/eurostel.be\/wp-content\/uploads\/2021\/08\/scan-6x6-10-1.jpg","type":"image\/jpeg"}],"twitter_card":"summary_large_image","twitter_misc":{"Gesch\u00e4tzte Lesezeit":"3\u00a0Minuten"},"schema":{"@context":"https:\/\/schema.org","@graph":[{"@type":"WebPage","@id":"https:\/\/eurostel.be\/de\/spritzgiessen\/varia\/","url":"https:\/\/eurostel.be\/de\/spritzgiessen\/varia\/","name":"Verschiedenes - Euro-Stel","isPartOf":{"@id":"https:\/\/eurostel.be\/de\/#website"},"primaryImageOfPage":{"@id":"https:\/\/eurostel.be\/de\/spritzgiessen\/varia\/#primaryimage"},"image":{"@id":"https:\/\/eurostel.be\/de\/spritzgiessen\/varia\/#primaryimage"},"thumbnailUrl":"https:\/\/eurostel.be\/wp-content\/uploads\/2021\/08\/scan-6x6-10-1.jpg","datePublished":"2021-08-05T09:08:45+00:00","dateModified":"2021-08-06T15:05:46+00:00","breadcrumb":{"@id":"https:\/\/eurostel.be\/de\/spritzgiessen\/varia\/#breadcrumb"},"inLanguage":"de","potentialAction":[{"@type":"ReadAction","target":["https:\/\/eurostel.be\/de\/spritzgiessen\/varia\/"]}]},{"@type":"ImageObject","inLanguage":"de","@id":"https:\/\/eurostel.be\/de\/spritzgiessen\/varia\/#primaryimage","url":"https:\/\/eurostel.be\/wp-content\/uploads\/2021\/08\/scan-6x6-10-1.jpg","contentUrl":"https:\/\/eurostel.be\/wp-content\/uploads\/2021\/08\/scan-6x6-10-1.jpg","width":960,"height":960},{"@type":"BreadcrumbList","@id":"https:\/\/eurostel.be\/de\/spritzgiessen\/varia\/#breadcrumb","itemListElement":[{"@type":"ListItem","position":1,"name":"Home","item":"https:\/\/eurostel.be\/de\/"},{"@type":"ListItem","position":2,"name":"Spritzgie\u00dfen","item":"https:\/\/eurostel.be\/de\/spritzgiessen\/"},{"@type":"ListItem","position":3,"name":"Verschiedenes"}]},{"@type":"WebSite","@id":"https:\/\/eurostel.be\/de\/#website","url":"https:\/\/eurostel.be\/de\/","name":"Euro-Stel","description":"Uw volwaardige kunststofleverancier","publisher":{"@id":"https:\/\/eurostel.be\/de\/#organization"},"potentialAction":[{"@type":"SearchAction","target":{"@type":"EntryPoint","urlTemplate":"https:\/\/eurostel.be\/de\/?s={search_term_string}"},"query-input":{"@type":"PropertyValueSpecification","valueRequired":true,"valueName":"search_term_string"}}],"inLanguage":"de"},{"@type":"Organization","@id":"https:\/\/eurostel.be\/de\/#organization","name":"Euro-Stel","url":"https:\/\/eurostel.be\/de\/","logo":{"@type":"ImageObject","inLanguage":"de","@id":"https:\/\/eurostel.be\/de\/#\/schema\/logo\/image\/","url":"https:\/\/eurostel.jeroclients.be\/wp-content\/uploads\/2021\/08\/android-chrome-512x512-1.png","contentUrl":"https:\/\/eurostel.jeroclients.be\/wp-content\/uploads\/2021\/08\/android-chrome-512x512-1.png","width":512,"height":512,"caption":"Euro-Stel"},"image":{"@id":"https:\/\/eurostel.be\/de\/#\/schema\/logo\/image\/"}}]}},"_links":{"self":[{"href":"https:\/\/eurostel.be\/de\/wp-json\/wp\/v2\/pages\/294","targetHints":{"allow":["GET"]}}],"collection":[{"href":"https:\/\/eurostel.be\/de\/wp-json\/wp\/v2\/pages"}],"about":[{"href":"https:\/\/eurostel.be\/de\/wp-json\/wp\/v2\/types\/page"}],"author":[{"embeddable":true,"href":"https:\/\/eurostel.be\/de\/wp-json\/wp\/v2\/users\/1"}],"replies":[{"embeddable":true,"href":"https:\/\/eurostel.be\/de\/wp-json\/wp\/v2\/comments?post=294"}],"version-history":[{"count":0,"href":"https:\/\/eurostel.be\/de\/wp-json\/wp\/v2\/pages\/294\/revisions"}],"up":[{"embeddable":true,"href":"https:\/\/eurostel.be\/de\/wp-json\/wp\/v2\/pages\/452"}],"wp:featuredmedia":[{"embeddable":true,"href":"https:\/\/eurostel.be\/de\/wp-json\/wp\/v2\/media\/203"}],"wp:attachment":[{"href":"https:\/\/eurostel.be\/de\/wp-json\/wp\/v2\/media?parent=294"}],"curies":[{"name":"wp","href":"https:\/\/api.w.org\/{rel}","templated":true}]}}