{"id":280,"date":"2021-08-05T13:42:36","date_gmt":"2021-08-05T11:42:36","guid":{"rendered":"https:\/\/eurostel.jeroclients.be\/diensten\/slijtagemetingen-en-rapporten\/"},"modified":"2021-08-06T17:09:25","modified_gmt":"2021-08-06T15:09:25","slug":"slijtagemetingen-en-rapporten","status":"publish","type":"page","link":"https:\/\/eurostel.be\/de\/diensten\/slijtagemetingen-en-rapporten\/","title":{"rendered":"Verschlei\u00dfmessungen und Berichte"},"content":{"rendered":"\n<p>Schnecken und Zylinder haben keine unbegrenzte Lebensdauer und unterliegen, wie viele andere dynamische Maschinenteile auch, einem Verschlei\u00df. Es gibt keine allgemeing\u00fcltige Beschreibung f\u00fcr Schneckenverschlei\u00df: Er hat viele verschiedene Ursachen und tritt in unterschiedlichen Formen auf.<\/p>\n\n<h2 class=\"wp-block-heading\">Arten von Verschlei\u00df<\/h2>\n\n<p>Die wichtigste Form ist jedoch der Verschlei\u00df am Au\u00dfendurchmesser der Schnecke durch die Reibung zwischen Schneckenflanke und Zylinder. Dabei vergr\u00f6\u00dfert sich der Innendurchmesser des Zylinders und der Au\u00dfendurchmesser der Schnecke verringert sich, wodurch ein Spalt zwischen Schnecke und Zylinder entsteht. Die Verschlei\u00dfmuster der Schnecke und des Zylinders h\u00e4ngen zusammen und daher sollten immer beide auf Verschlei\u00df gepr\u00fcft werden. Dabei verwenden wir einen qualitativen oder quantitativen Ansatz. <\/p>\n\n<p>Verschlei\u00df kann auf eine qualitative Weise beschrieben werden. Eine verschlissene Schnecke und ein verschlissener Zylinder werden weniger Ertrag liefern und die Qualit\u00e4t der Schmelze wird schlechter sein. Der beim Verschlei\u00df entstehende Spalt zwischen Schnecke und Zylinder verursacht einen R\u00fcckw\u00e4rtsleckstrom von geschmolzenem Material in die Maschine. Der Ertrag wird geringer und die Verweilzeit des Kunststoffs in der Maschine wird erh\u00f6ht. Da der Kunststoff l\u00e4nger hohen Temperaturen ausgesetzt ist, besteht die Gefahr, dass er verbrennt und sich zersetzt, was sich am Endprodukt bemerkbar macht.<\/p>\n\n<p>Verschlei\u00df kann nat\u00fcrlich auch auf eine quantitative Weise beschrieben werden. Mit geeigneten Messger\u00e4ten kann man sehr genau messen, wie viele Zehntel oder Hundertstel Millimeter Verschlei\u00df an Schnecke und Zylinder vorhanden sind. <\/p>\n\n<h2 class=\"wp-block-heading\">Verschlei\u00dfmessungen<\/h2>\n\n<p>Sie k\u00f6nnen sich f\u00fcr alle Verschlei\u00dfmessungen an Euro-Stel wenden. Bestimmte Produktionsprobleme k\u00f6nnen auf Verschlei\u00df zur\u00fcckzuf\u00fchren sein, k\u00f6nnen aber auch andere Ursachen haben. In solchen F\u00e4llen k\u00f6nnen Ihnen unsere Verschlei\u00dfmessungen eine endg\u00fcltige Antwort auf die richtige Ursache geben. Viele Unternehmen lassen uns auch pr\u00e4ventiv den Verschlei\u00df an ihren Schnecken und Zylindern messen.<\/p>\n\n<p>Je nach Situation k\u00f6nnen wir den Verschlei\u00df beim Kunden vor Ort messen oder die Teile werden zur Messung an Euro-Stel geschickt. In beiden F\u00e4llen m\u00fcssen Schnecke und Zylinder sauber sein und die Schnecke muss aus dem Zylinder gezogen worden sein. Wird die Verschlei\u00dfmessung beim Kunden durchgef\u00fchrt, bitten wir auch darum, dass die Maschine kalt ist. Dies dient dem Schutz unserer Mitarbeiter und unserer Messger\u00e4te, aber auch der Vermeidung von Messabweichungen.<\/p>\n\n<p>Bei jeder Verschlei\u00dfmessung erh\u00e4lt der Kunde einen ausf\u00fchrlichen Bericht mit den Werten des gemessenen Verschlei\u00dfes \u00fcber die verschiedenen Zonen der Schnecke und des Zylinders. Unsere erfahrenen Mitarbeiter pr\u00fcfen nicht nur die Durchmesser, sondern auch Kerndurchmesser, Flankenradius, Gratbildung sowie den allgemeinen Zustand der Schnecke. Ihre Ergebnisse sind ebenfalls in dem Bericht zu finden. Zum Schluss geben wir nat\u00fcrlich noch an, ob eine \u00dcberholung der Schnecke und des Zylinders erforderlich ist und ob dies technisch machbar ist.<\/p>\n","protected":false},"excerpt":{"rendered":"<p>Schnecken und Zylinder haben keine unbegrenzte Lebensdauer und unterliegen, wie viele andere dynamische Maschinenteile auch, einem Verschlei\u00df. Es gibt keine allgemeing\u00fcltige Beschreibung f\u00fcr Schneckenverschlei\u00df: Er hat viele verschiedene Ursachen und tritt in unterschiedlichen Formen auf.<\/p>\n","protected":false},"author":1,"featured_media":0,"parent":259,"menu_order":10,"comment_status":"closed","ping_status":"closed","template":"","meta":{"_acf_changed":false,"footnotes":""},"class_list":["post-280","page","type-page","status-publish","hentry"],"acf":[],"yoast_head":"<!-- This site is optimized with the Yoast SEO plugin v27.4 - https:\/\/yoast.com\/product\/yoast-seo-wordpress\/ -->\n<title>Verschlei\u00dfmessungen und Berichte - Euro-Stel<\/title>\n<meta name=\"robots\" content=\"index, follow, max-snippet:-1, max-image-preview:large, max-video-preview:-1\" \/>\n<link rel=\"canonical\" href=\"https:\/\/eurostel.be\/de\/diensten\/slijtagemetingen-en-rapporten\/\" \/>\n<meta property=\"og:locale\" content=\"de_DE\" \/>\n<meta property=\"og:type\" content=\"article\" \/>\n<meta property=\"og:title\" content=\"Verschlei\u00dfmessungen und Berichte - Euro-Stel\" \/>\n<meta property=\"og:description\" content=\"Schnecken und Zylinder haben keine unbegrenzte Lebensdauer und unterliegen, wie viele andere dynamische Maschinenteile auch, einem Verschlei\u00df. Es gibt keine allgemeing\u00fcltige Beschreibung f\u00fcr Schneckenverschlei\u00df: Er hat viele verschiedene Ursachen und tritt in unterschiedlichen Formen auf.\" \/>\n<meta property=\"og:url\" content=\"https:\/\/eurostel.be\/de\/diensten\/slijtagemetingen-en-rapporten\/\" \/>\n<meta property=\"og:site_name\" content=\"Euro-Stel\" \/>\n<meta property=\"article:modified_time\" content=\"2021-08-06T15:09:25+00:00\" \/>\n<meta name=\"twitter:card\" content=\"summary_large_image\" \/>\n<meta name=\"twitter:label1\" content=\"Gesch\u00e4tzte Lesezeit\" \/>\n\t<meta name=\"twitter:data1\" content=\"2\u00a0Minuten\" \/>\n<script type=\"application\/ld+json\" class=\"yoast-schema-graph\">{\"@context\":\"https:\\\/\\\/schema.org\",\"@graph\":[{\"@type\":\"WebPage\",\"@id\":\"https:\\\/\\\/eurostel.be\\\/de\\\/diensten\\\/slijtagemetingen-en-rapporten\\\/\",\"url\":\"https:\\\/\\\/eurostel.be\\\/de\\\/diensten\\\/slijtagemetingen-en-rapporten\\\/\",\"name\":\"Verschlei\u00dfmessungen und Berichte - Euro-Stel\",\"isPartOf\":{\"@id\":\"https:\\\/\\\/eurostel.be\\\/de\\\/#website\"},\"datePublished\":\"2021-08-05T11:42:36+00:00\",\"dateModified\":\"2021-08-06T15:09:25+00:00\",\"breadcrumb\":{\"@id\":\"https:\\\/\\\/eurostel.be\\\/de\\\/diensten\\\/slijtagemetingen-en-rapporten\\\/#breadcrumb\"},\"inLanguage\":\"de\",\"potentialAction\":[{\"@type\":\"ReadAction\",\"target\":[\"https:\\\/\\\/eurostel.be\\\/de\\\/diensten\\\/slijtagemetingen-en-rapporten\\\/\"]}]},{\"@type\":\"BreadcrumbList\",\"@id\":\"https:\\\/\\\/eurostel.be\\\/de\\\/diensten\\\/slijtagemetingen-en-rapporten\\\/#breadcrumb\",\"itemListElement\":[{\"@type\":\"ListItem\",\"position\":1,\"name\":\"Home\",\"item\":\"https:\\\/\\\/eurostel.be\\\/de\\\/\"},{\"@type\":\"ListItem\",\"position\":2,\"name\":\"Dienstleistungen\",\"item\":\"https:\\\/\\\/eurostel.be\\\/de\\\/diensten\\\/\"},{\"@type\":\"ListItem\",\"position\":3,\"name\":\"Verschlei\u00dfmessungen und Berichte\"}]},{\"@type\":\"WebSite\",\"@id\":\"https:\\\/\\\/eurostel.be\\\/de\\\/#website\",\"url\":\"https:\\\/\\\/eurostel.be\\\/de\\\/\",\"name\":\"Euro-Stel\",\"description\":\"Uw volwaardige kunststofleverancier\",\"publisher\":{\"@id\":\"https:\\\/\\\/eurostel.be\\\/de\\\/#organization\"},\"potentialAction\":[{\"@type\":\"SearchAction\",\"target\":{\"@type\":\"EntryPoint\",\"urlTemplate\":\"https:\\\/\\\/eurostel.be\\\/de\\\/?s={search_term_string}\"},\"query-input\":{\"@type\":\"PropertyValueSpecification\",\"valueRequired\":true,\"valueName\":\"search_term_string\"}}],\"inLanguage\":\"de\"},{\"@type\":\"Organization\",\"@id\":\"https:\\\/\\\/eurostel.be\\\/de\\\/#organization\",\"name\":\"Euro-Stel\",\"url\":\"https:\\\/\\\/eurostel.be\\\/de\\\/\",\"logo\":{\"@type\":\"ImageObject\",\"inLanguage\":\"de\",\"@id\":\"https:\\\/\\\/eurostel.be\\\/de\\\/#\\\/schema\\\/logo\\\/image\\\/\",\"url\":\"https:\\\/\\\/eurostel.jeroclients.be\\\/wp-content\\\/uploads\\\/2021\\\/08\\\/android-chrome-512x512-1.png\",\"contentUrl\":\"https:\\\/\\\/eurostel.jeroclients.be\\\/wp-content\\\/uploads\\\/2021\\\/08\\\/android-chrome-512x512-1.png\",\"width\":512,\"height\":512,\"caption\":\"Euro-Stel\"},\"image\":{\"@id\":\"https:\\\/\\\/eurostel.be\\\/de\\\/#\\\/schema\\\/logo\\\/image\\\/\"}}]}<\/script>\n<!-- \/ Yoast SEO plugin. -->","yoast_head_json":{"title":"Verschlei\u00dfmessungen und Berichte - Euro-Stel","robots":{"index":"index","follow":"follow","max-snippet":"max-snippet:-1","max-image-preview":"max-image-preview:large","max-video-preview":"max-video-preview:-1"},"canonical":"https:\/\/eurostel.be\/de\/diensten\/slijtagemetingen-en-rapporten\/","og_locale":"de_DE","og_type":"article","og_title":"Verschlei\u00dfmessungen und Berichte - Euro-Stel","og_description":"Schnecken und Zylinder haben keine unbegrenzte Lebensdauer und unterliegen, wie viele andere dynamische Maschinenteile auch, einem Verschlei\u00df. Es gibt keine allgemeing\u00fcltige Beschreibung f\u00fcr Schneckenverschlei\u00df: Er hat viele verschiedene Ursachen und tritt in unterschiedlichen Formen auf.","og_url":"https:\/\/eurostel.be\/de\/diensten\/slijtagemetingen-en-rapporten\/","og_site_name":"Euro-Stel","article_modified_time":"2021-08-06T15:09:25+00:00","twitter_card":"summary_large_image","twitter_misc":{"Gesch\u00e4tzte Lesezeit":"2\u00a0Minuten"},"schema":{"@context":"https:\/\/schema.org","@graph":[{"@type":"WebPage","@id":"https:\/\/eurostel.be\/de\/diensten\/slijtagemetingen-en-rapporten\/","url":"https:\/\/eurostel.be\/de\/diensten\/slijtagemetingen-en-rapporten\/","name":"Verschlei\u00dfmessungen und Berichte - Euro-Stel","isPartOf":{"@id":"https:\/\/eurostel.be\/de\/#website"},"datePublished":"2021-08-05T11:42:36+00:00","dateModified":"2021-08-06T15:09:25+00:00","breadcrumb":{"@id":"https:\/\/eurostel.be\/de\/diensten\/slijtagemetingen-en-rapporten\/#breadcrumb"},"inLanguage":"de","potentialAction":[{"@type":"ReadAction","target":["https:\/\/eurostel.be\/de\/diensten\/slijtagemetingen-en-rapporten\/"]}]},{"@type":"BreadcrumbList","@id":"https:\/\/eurostel.be\/de\/diensten\/slijtagemetingen-en-rapporten\/#breadcrumb","itemListElement":[{"@type":"ListItem","position":1,"name":"Home","item":"https:\/\/eurostel.be\/de\/"},{"@type":"ListItem","position":2,"name":"Dienstleistungen","item":"https:\/\/eurostel.be\/de\/diensten\/"},{"@type":"ListItem","position":3,"name":"Verschlei\u00dfmessungen und Berichte"}]},{"@type":"WebSite","@id":"https:\/\/eurostel.be\/de\/#website","url":"https:\/\/eurostel.be\/de\/","name":"Euro-Stel","description":"Uw volwaardige kunststofleverancier","publisher":{"@id":"https:\/\/eurostel.be\/de\/#organization"},"potentialAction":[{"@type":"SearchAction","target":{"@type":"EntryPoint","urlTemplate":"https:\/\/eurostel.be\/de\/?s={search_term_string}"},"query-input":{"@type":"PropertyValueSpecification","valueRequired":true,"valueName":"search_term_string"}}],"inLanguage":"de"},{"@type":"Organization","@id":"https:\/\/eurostel.be\/de\/#organization","name":"Euro-Stel","url":"https:\/\/eurostel.be\/de\/","logo":{"@type":"ImageObject","inLanguage":"de","@id":"https:\/\/eurostel.be\/de\/#\/schema\/logo\/image\/","url":"https:\/\/eurostel.jeroclients.be\/wp-content\/uploads\/2021\/08\/android-chrome-512x512-1.png","contentUrl":"https:\/\/eurostel.jeroclients.be\/wp-content\/uploads\/2021\/08\/android-chrome-512x512-1.png","width":512,"height":512,"caption":"Euro-Stel"},"image":{"@id":"https:\/\/eurostel.be\/de\/#\/schema\/logo\/image\/"}}]}},"_links":{"self":[{"href":"https:\/\/eurostel.be\/de\/wp-json\/wp\/v2\/pages\/280","targetHints":{"allow":["GET"]}}],"collection":[{"href":"https:\/\/eurostel.be\/de\/wp-json\/wp\/v2\/pages"}],"about":[{"href":"https:\/\/eurostel.be\/de\/wp-json\/wp\/v2\/types\/page"}],"author":[{"embeddable":true,"href":"https:\/\/eurostel.be\/de\/wp-json\/wp\/v2\/users\/1"}],"replies":[{"embeddable":true,"href":"https:\/\/eurostel.be\/de\/wp-json\/wp\/v2\/comments?post=280"}],"version-history":[{"count":0,"href":"https:\/\/eurostel.be\/de\/wp-json\/wp\/v2\/pages\/280\/revisions"}],"up":[{"embeddable":true,"href":"https:\/\/eurostel.be\/de\/wp-json\/wp\/v2\/pages\/259"}],"wp:attachment":[{"href":"https:\/\/eurostel.be\/de\/wp-json\/wp\/v2\/media?parent=280"}],"curies":[{"name":"wp","href":"https:\/\/api.w.org\/{rel}","templated":true}]}}