{"id":277,"date":"2021-08-05T13:43:26","date_gmt":"2021-08-05T11:43:26","guid":{"rendered":"https:\/\/eurostel.jeroclients.be\/diensten\/montage-demontage\/"},"modified":"2021-08-06T17:11:25","modified_gmt":"2021-08-06T15:11:25","slug":"montage-demontage","status":"publish","type":"page","link":"https:\/\/eurostel.be\/de\/diensten\/montage-demontage\/","title":{"rendered":"Montage\/Demontage"},"content":{"rendered":"\n<p>Zylinder, Schnecken und Zylinderk\u00f6pfe m\u00fcssen von Zeit zu Zeit von der Maschine demontiert werden. Die Teile m\u00fcssen zur \u00dcberholung, Verschlei\u00dfmessung, Ausmessung oder einfach nur zum Austausch gegen neue Teile entfernt werden. <\/p>\n\n<p>Insbesondere bei Extrudern und Spritzgie\u00dfmaschinen mit gr\u00f6\u00dferen Schneckendurchmessern kann die Demontage und Montage von Zylinder und Schnecke eine schwierige Aufgabe sein. Die jeweiligen Teile sind gro\u00df und der verf\u00fcgbare Platz ist meist begrenzt. Einen Zylinder mit einem Gewicht von einigen Tonnen mit den vorhandenen Zentrierdurchmessern exakt zu zentrieren und zudem perfekt eben zu montieren, ist nicht immer einfach. Zudem m\u00fcssen schwere Schrauben und Muttern oft in der richtigen Reihenfolge und mit der richtigen Vorspannkraft angezogen werden. Dies erfordert nicht nur die n\u00f6tige Erfahrung, sondern auch die richtigen Werkzeuge.<\/p>\n\n<p>Die genaue Montage von Zylinder, Schnecke und Zylinderkopf ist extrem wichtig. Man muss die W\u00e4rmeausdehnung von Stahl ber\u00fccksichtigen und Erfahrung damit haben. Ein kleiner Spalt oder eine ungenaue Zentrierung kann unter dem Einfluss des hohen Prozessdrucks schwerwiegende Folgen haben. Eine fehlerhafte Montage kann zu Sch\u00e4den an der Maschine sowie zu Verletzungen von Personen f\u00fchren.<\/p>\n\n<p>Nicht alle Unternehmen verf\u00fcgen \u00fcber interne Spezialisten oder Zeit f\u00fcr die Montage und Demontage von Zylindern, Schnecken und Zylinderk\u00f6pfen. Diese Unternehmen k\u00f6nnen sich jederzeit an Euro-Stel wenden. Wir sorgen daf\u00fcr, dass ein erfahrener Monteur zu Ihnen kommt, der die notwendigen Montage- und\/oder Demontagearbeiten fachgerecht und mit der notwendigen Ausr\u00fcstung durchf\u00fchrt.<\/p>\n","protected":false},"excerpt":{"rendered":"<p>Zylinder, Schnecken und Zylinderk\u00f6pfe m\u00fcssen von Zeit zu Zeit von der Maschine demontiert werden. Die Teile m\u00fcssen zur \u00dcberholung, Verschlei\u00dfmessung, Ausmessung oder einfach nur zum Austausch gegen neue Teile entfernt werden. <\/p>\n","protected":false},"author":1,"featured_media":0,"parent":259,"menu_order":20,"comment_status":"closed","ping_status":"closed","template":"","meta":{"_acf_changed":false,"footnotes":""},"class_list":["post-277","page","type-page","status-publish","hentry"],"acf":[],"yoast_head":"<!-- This site is optimized with the Yoast SEO plugin v27.4 - https:\/\/yoast.com\/product\/yoast-seo-wordpress\/ -->\n<title>Montage\/Demontage - Euro-Stel<\/title>\n<meta name=\"robots\" content=\"index, follow, max-snippet:-1, max-image-preview:large, max-video-preview:-1\" \/>\n<link rel=\"canonical\" href=\"https:\/\/eurostel.be\/de\/diensten\/montage-demontage\/\" \/>\n<meta property=\"og:locale\" content=\"de_DE\" \/>\n<meta property=\"og:type\" content=\"article\" \/>\n<meta property=\"og:title\" content=\"Montage\/Demontage - Euro-Stel\" \/>\n<meta property=\"og:description\" content=\"Zylinder, Schnecken und Zylinderk\u00f6pfe m\u00fcssen von Zeit zu Zeit von der Maschine demontiert werden. Die Teile m\u00fcssen zur \u00dcberholung, Verschlei\u00dfmessung, Ausmessung oder einfach nur zum Austausch gegen neue Teile entfernt werden.\" \/>\n<meta property=\"og:url\" content=\"https:\/\/eurostel.be\/de\/diensten\/montage-demontage\/\" \/>\n<meta property=\"og:site_name\" content=\"Euro-Stel\" \/>\n<meta property=\"article:modified_time\" content=\"2021-08-06T15:11:25+00:00\" \/>\n<meta name=\"twitter:card\" content=\"summary_large_image\" \/>\n<meta name=\"twitter:label1\" content=\"Gesch\u00e4tzte Lesezeit\" \/>\n\t<meta name=\"twitter:data1\" content=\"2\u00a0Minuten\" \/>\n<script type=\"application\/ld+json\" class=\"yoast-schema-graph\">{\"@context\":\"https:\\\/\\\/schema.org\",\"@graph\":[{\"@type\":\"WebPage\",\"@id\":\"https:\\\/\\\/eurostel.be\\\/de\\\/diensten\\\/montage-demontage\\\/\",\"url\":\"https:\\\/\\\/eurostel.be\\\/de\\\/diensten\\\/montage-demontage\\\/\",\"name\":\"Montage\\\/Demontage - Euro-Stel\",\"isPartOf\":{\"@id\":\"https:\\\/\\\/eurostel.be\\\/de\\\/#website\"},\"datePublished\":\"2021-08-05T11:43:26+00:00\",\"dateModified\":\"2021-08-06T15:11:25+00:00\",\"breadcrumb\":{\"@id\":\"https:\\\/\\\/eurostel.be\\\/de\\\/diensten\\\/montage-demontage\\\/#breadcrumb\"},\"inLanguage\":\"de\",\"potentialAction\":[{\"@type\":\"ReadAction\",\"target\":[\"https:\\\/\\\/eurostel.be\\\/de\\\/diensten\\\/montage-demontage\\\/\"]}]},{\"@type\":\"BreadcrumbList\",\"@id\":\"https:\\\/\\\/eurostel.be\\\/de\\\/diensten\\\/montage-demontage\\\/#breadcrumb\",\"itemListElement\":[{\"@type\":\"ListItem\",\"position\":1,\"name\":\"Home\",\"item\":\"https:\\\/\\\/eurostel.be\\\/de\\\/\"},{\"@type\":\"ListItem\",\"position\":2,\"name\":\"Dienstleistungen\",\"item\":\"https:\\\/\\\/eurostel.be\\\/de\\\/diensten\\\/\"},{\"@type\":\"ListItem\",\"position\":3,\"name\":\"Montage\\\/Demontage\"}]},{\"@type\":\"WebSite\",\"@id\":\"https:\\\/\\\/eurostel.be\\\/de\\\/#website\",\"url\":\"https:\\\/\\\/eurostel.be\\\/de\\\/\",\"name\":\"Euro-Stel\",\"description\":\"Uw volwaardige kunststofleverancier\",\"publisher\":{\"@id\":\"https:\\\/\\\/eurostel.be\\\/de\\\/#organization\"},\"potentialAction\":[{\"@type\":\"SearchAction\",\"target\":{\"@type\":\"EntryPoint\",\"urlTemplate\":\"https:\\\/\\\/eurostel.be\\\/de\\\/?s={search_term_string}\"},\"query-input\":{\"@type\":\"PropertyValueSpecification\",\"valueRequired\":true,\"valueName\":\"search_term_string\"}}],\"inLanguage\":\"de\"},{\"@type\":\"Organization\",\"@id\":\"https:\\\/\\\/eurostel.be\\\/de\\\/#organization\",\"name\":\"Euro-Stel\",\"url\":\"https:\\\/\\\/eurostel.be\\\/de\\\/\",\"logo\":{\"@type\":\"ImageObject\",\"inLanguage\":\"de\",\"@id\":\"https:\\\/\\\/eurostel.be\\\/de\\\/#\\\/schema\\\/logo\\\/image\\\/\",\"url\":\"https:\\\/\\\/eurostel.jeroclients.be\\\/wp-content\\\/uploads\\\/2021\\\/08\\\/android-chrome-512x512-1.png\",\"contentUrl\":\"https:\\\/\\\/eurostel.jeroclients.be\\\/wp-content\\\/uploads\\\/2021\\\/08\\\/android-chrome-512x512-1.png\",\"width\":512,\"height\":512,\"caption\":\"Euro-Stel\"},\"image\":{\"@id\":\"https:\\\/\\\/eurostel.be\\\/de\\\/#\\\/schema\\\/logo\\\/image\\\/\"}}]}<\/script>\n<!-- \/ Yoast SEO plugin. -->","yoast_head_json":{"title":"Montage\/Demontage - Euro-Stel","robots":{"index":"index","follow":"follow","max-snippet":"max-snippet:-1","max-image-preview":"max-image-preview:large","max-video-preview":"max-video-preview:-1"},"canonical":"https:\/\/eurostel.be\/de\/diensten\/montage-demontage\/","og_locale":"de_DE","og_type":"article","og_title":"Montage\/Demontage - Euro-Stel","og_description":"Zylinder, Schnecken und Zylinderk\u00f6pfe m\u00fcssen von Zeit zu Zeit von der Maschine demontiert werden. Die Teile m\u00fcssen zur \u00dcberholung, Verschlei\u00dfmessung, Ausmessung oder einfach nur zum Austausch gegen neue Teile entfernt werden.","og_url":"https:\/\/eurostel.be\/de\/diensten\/montage-demontage\/","og_site_name":"Euro-Stel","article_modified_time":"2021-08-06T15:11:25+00:00","twitter_card":"summary_large_image","twitter_misc":{"Gesch\u00e4tzte Lesezeit":"2\u00a0Minuten"},"schema":{"@context":"https:\/\/schema.org","@graph":[{"@type":"WebPage","@id":"https:\/\/eurostel.be\/de\/diensten\/montage-demontage\/","url":"https:\/\/eurostel.be\/de\/diensten\/montage-demontage\/","name":"Montage\/Demontage - Euro-Stel","isPartOf":{"@id":"https:\/\/eurostel.be\/de\/#website"},"datePublished":"2021-08-05T11:43:26+00:00","dateModified":"2021-08-06T15:11:25+00:00","breadcrumb":{"@id":"https:\/\/eurostel.be\/de\/diensten\/montage-demontage\/#breadcrumb"},"inLanguage":"de","potentialAction":[{"@type":"ReadAction","target":["https:\/\/eurostel.be\/de\/diensten\/montage-demontage\/"]}]},{"@type":"BreadcrumbList","@id":"https:\/\/eurostel.be\/de\/diensten\/montage-demontage\/#breadcrumb","itemListElement":[{"@type":"ListItem","position":1,"name":"Home","item":"https:\/\/eurostel.be\/de\/"},{"@type":"ListItem","position":2,"name":"Dienstleistungen","item":"https:\/\/eurostel.be\/de\/diensten\/"},{"@type":"ListItem","position":3,"name":"Montage\/Demontage"}]},{"@type":"WebSite","@id":"https:\/\/eurostel.be\/de\/#website","url":"https:\/\/eurostel.be\/de\/","name":"Euro-Stel","description":"Uw volwaardige kunststofleverancier","publisher":{"@id":"https:\/\/eurostel.be\/de\/#organization"},"potentialAction":[{"@type":"SearchAction","target":{"@type":"EntryPoint","urlTemplate":"https:\/\/eurostel.be\/de\/?s={search_term_string}"},"query-input":{"@type":"PropertyValueSpecification","valueRequired":true,"valueName":"search_term_string"}}],"inLanguage":"de"},{"@type":"Organization","@id":"https:\/\/eurostel.be\/de\/#organization","name":"Euro-Stel","url":"https:\/\/eurostel.be\/de\/","logo":{"@type":"ImageObject","inLanguage":"de","@id":"https:\/\/eurostel.be\/de\/#\/schema\/logo\/image\/","url":"https:\/\/eurostel.jeroclients.be\/wp-content\/uploads\/2021\/08\/android-chrome-512x512-1.png","contentUrl":"https:\/\/eurostel.jeroclients.be\/wp-content\/uploads\/2021\/08\/android-chrome-512x512-1.png","width":512,"height":512,"caption":"Euro-Stel"},"image":{"@id":"https:\/\/eurostel.be\/de\/#\/schema\/logo\/image\/"}}]}},"_links":{"self":[{"href":"https:\/\/eurostel.be\/de\/wp-json\/wp\/v2\/pages\/277","targetHints":{"allow":["GET"]}}],"collection":[{"href":"https:\/\/eurostel.be\/de\/wp-json\/wp\/v2\/pages"}],"about":[{"href":"https:\/\/eurostel.be\/de\/wp-json\/wp\/v2\/types\/page"}],"author":[{"embeddable":true,"href":"https:\/\/eurostel.be\/de\/wp-json\/wp\/v2\/users\/1"}],"replies":[{"embeddable":true,"href":"https:\/\/eurostel.be\/de\/wp-json\/wp\/v2\/comments?post=277"}],"version-history":[{"count":0,"href":"https:\/\/eurostel.be\/de\/wp-json\/wp\/v2\/pages\/277\/revisions"}],"up":[{"embeddable":true,"href":"https:\/\/eurostel.be\/de\/wp-json\/wp\/v2\/pages\/259"}],"wp:attachment":[{"href":"https:\/\/eurostel.be\/de\/wp-json\/wp\/v2\/media?parent=277"}],"curies":[{"name":"wp","href":"https:\/\/api.w.org\/{rel}","templated":true}]}}