{"id":273,"date":"2021-08-05T13:45:22","date_gmt":"2021-08-05T11:45:22","guid":{"rendered":"https:\/\/eurostel.jeroclients.be\/diensten\/procesoptimalisatie-en-consultancy\/"},"modified":"2021-08-06T17:15:59","modified_gmt":"2021-08-06T15:15:59","slug":"procesoptimalisatie-en-consultancy","status":"publish","type":"page","link":"https:\/\/eurostel.be\/de\/diensten\/procesoptimalisatie-en-consultancy\/","title":{"rendered":"Prozessoptimierung und Beratung"},"content":{"rendered":"\n<p>Es gibt viele Theorien und Regeln f\u00fcr die Verarbeitung von Kunststoffen, die in Tausenden von B\u00fcchern zu finden sind. In der Praxis sind wir jedoch oft mit Problemen konfrontiert, deren L\u00f6sung nicht einfach zu finden ist, oft weil es mehrere Ursachen f\u00fcr das Problem gibt. In solchen F\u00e4llen kann etwas gesunde Logik zusammen mit einer guten Portion Erfahrung zu einer schnelleren L\u00f6sung f\u00fchren.<\/p>\n\n<p>Bei Euro-Stel haben wir im Laufe der Jahre viel Erfahrung in der Verarbeitung von Kunststoffen gesammelt. Dank gr\u00fcndlicher Untersuchungen, Forschung, Tests, Prototypen und umfangreichem Feedback unserer Kunden ist es uns gelungen, zu einem Spezialisten auf dem Gebiet der Kunststoffverarbeitung zu werden. Unternehmen k\u00f6nnen jederzeit auf unsere Erfahrung zur\u00fcckgreifen, um Probleme zu l\u00f6sen und ihren Prozess zu optimieren.<\/p>\n\n<p>Kunststoffverarbeiter k\u00f6nnen alle m\u00f6glichen Probleme haben, wie z. B.:<\/p>\n\n<ul class=\"wp-block-list\"><li>zu geringer Ertrag<\/li><li>schlechte Schmelzhomogenit\u00e4t<\/li><li>\u00fcberh\u00f6hte Dr\u00fccke<\/li><li>schlechte Dosierung<\/li><li>zu hoher Verschlei\u00df<\/li><li>zu hohe Temperaturen<\/li><\/ul>\n\n<p>Euro-Stel untersucht gemeinsam mit dem Kunden das Problem oder die Situation und macht dann Vorschl\u00e4ge zur L\u00f6sung des Problems oder zur Optimierung des Prozesses.&#13;\nUm die Probleme unserer Kunden so effizient und schnell wie m\u00f6glich l\u00f6sen zu k\u00f6nnen, ist es wichtig, dass wir ausreichend Informationen von unseren Kunden erhalten. Wir verwenden einen Fragebogen, um alle notwendigen Informationen von Ihnen zu erhalten. Sie k\u00f6nnen diesen Fragebogen im PDF-Format hier herunterladen. Bitte nehmen Sie Kontakt mit uns auf und schicken Sie uns den ausgef\u00fcllten Fragebogen per Fax zu. Wir werden alles tun, um Ihnen schnellstm\u00f6glich zu helfen!&#13;\n<\/p>\n","protected":false},"excerpt":{"rendered":"<p>Es gibt viele Theorien und Regeln f\u00fcr die Verarbeitung von Kunststoffen, die in Tausenden von B\u00fcchern zu finden sind. In der Praxis sind wir jedoch oft mit Problemen konfrontiert, deren L\u00f6sung nicht einfach zu finden ist, oft weil es mehrere Ursachen f\u00fcr das Problem gibt. In solchen F\u00e4llen kann etwas gesunde Logik zusammen mit einer guten Portion Erfahrung zu einer schnelleren L\u00f6sung f\u00fchren.<\/p>\n","protected":false},"author":1,"featured_media":0,"parent":259,"menu_order":30,"comment_status":"closed","ping_status":"closed","template":"","meta":{"_acf_changed":false,"footnotes":""},"class_list":["post-273","page","type-page","status-publish","hentry"],"acf":[],"yoast_head":"<!-- This site is optimized with the Yoast SEO plugin v27.4 - https:\/\/yoast.com\/product\/yoast-seo-wordpress\/ -->\n<title>Prozessoptimierung und Beratung - Euro-Stel<\/title>\n<meta name=\"robots\" content=\"index, follow, max-snippet:-1, max-image-preview:large, max-video-preview:-1\" \/>\n<link rel=\"canonical\" href=\"https:\/\/eurostel.be\/de\/diensten\/procesoptimalisatie-en-consultancy\/\" \/>\n<meta property=\"og:locale\" content=\"de_DE\" \/>\n<meta property=\"og:type\" content=\"article\" \/>\n<meta property=\"og:title\" content=\"Prozessoptimierung und Beratung - Euro-Stel\" \/>\n<meta property=\"og:description\" content=\"Es gibt viele Theorien und Regeln f\u00fcr die Verarbeitung von Kunststoffen, die in Tausenden von B\u00fcchern zu finden sind. In der Praxis sind wir jedoch oft mit Problemen konfrontiert, deren L\u00f6sung nicht einfach zu finden ist, oft weil es mehrere Ursachen f\u00fcr das Problem gibt. In solchen F\u00e4llen kann etwas gesunde Logik zusammen mit einer guten Portion Erfahrung zu einer schnelleren L\u00f6sung f\u00fchren.\" \/>\n<meta property=\"og:url\" content=\"https:\/\/eurostel.be\/de\/diensten\/procesoptimalisatie-en-consultancy\/\" \/>\n<meta property=\"og:site_name\" content=\"Euro-Stel\" \/>\n<meta property=\"article:modified_time\" content=\"2021-08-06T15:15:59+00:00\" \/>\n<meta name=\"twitter:card\" content=\"summary_large_image\" \/>\n<meta name=\"twitter:label1\" content=\"Gesch\u00e4tzte Lesezeit\" \/>\n\t<meta name=\"twitter:data1\" content=\"2\u00a0Minuten\" \/>\n<script type=\"application\/ld+json\" class=\"yoast-schema-graph\">{\"@context\":\"https:\\\/\\\/schema.org\",\"@graph\":[{\"@type\":\"WebPage\",\"@id\":\"https:\\\/\\\/eurostel.be\\\/de\\\/diensten\\\/procesoptimalisatie-en-consultancy\\\/\",\"url\":\"https:\\\/\\\/eurostel.be\\\/de\\\/diensten\\\/procesoptimalisatie-en-consultancy\\\/\",\"name\":\"Prozessoptimierung und Beratung - Euro-Stel\",\"isPartOf\":{\"@id\":\"https:\\\/\\\/eurostel.be\\\/de\\\/#website\"},\"datePublished\":\"2021-08-05T11:45:22+00:00\",\"dateModified\":\"2021-08-06T15:15:59+00:00\",\"breadcrumb\":{\"@id\":\"https:\\\/\\\/eurostel.be\\\/de\\\/diensten\\\/procesoptimalisatie-en-consultancy\\\/#breadcrumb\"},\"inLanguage\":\"de\",\"potentialAction\":[{\"@type\":\"ReadAction\",\"target\":[\"https:\\\/\\\/eurostel.be\\\/de\\\/diensten\\\/procesoptimalisatie-en-consultancy\\\/\"]}]},{\"@type\":\"BreadcrumbList\",\"@id\":\"https:\\\/\\\/eurostel.be\\\/de\\\/diensten\\\/procesoptimalisatie-en-consultancy\\\/#breadcrumb\",\"itemListElement\":[{\"@type\":\"ListItem\",\"position\":1,\"name\":\"Home\",\"item\":\"https:\\\/\\\/eurostel.be\\\/de\\\/\"},{\"@type\":\"ListItem\",\"position\":2,\"name\":\"Dienstleistungen\",\"item\":\"https:\\\/\\\/eurostel.be\\\/de\\\/diensten\\\/\"},{\"@type\":\"ListItem\",\"position\":3,\"name\":\"Prozessoptimierung und Beratung\"}]},{\"@type\":\"WebSite\",\"@id\":\"https:\\\/\\\/eurostel.be\\\/de\\\/#website\",\"url\":\"https:\\\/\\\/eurostel.be\\\/de\\\/\",\"name\":\"Euro-Stel\",\"description\":\"Uw volwaardige kunststofleverancier\",\"publisher\":{\"@id\":\"https:\\\/\\\/eurostel.be\\\/de\\\/#organization\"},\"potentialAction\":[{\"@type\":\"SearchAction\",\"target\":{\"@type\":\"EntryPoint\",\"urlTemplate\":\"https:\\\/\\\/eurostel.be\\\/de\\\/?s={search_term_string}\"},\"query-input\":{\"@type\":\"PropertyValueSpecification\",\"valueRequired\":true,\"valueName\":\"search_term_string\"}}],\"inLanguage\":\"de\"},{\"@type\":\"Organization\",\"@id\":\"https:\\\/\\\/eurostel.be\\\/de\\\/#organization\",\"name\":\"Euro-Stel\",\"url\":\"https:\\\/\\\/eurostel.be\\\/de\\\/\",\"logo\":{\"@type\":\"ImageObject\",\"inLanguage\":\"de\",\"@id\":\"https:\\\/\\\/eurostel.be\\\/de\\\/#\\\/schema\\\/logo\\\/image\\\/\",\"url\":\"https:\\\/\\\/eurostel.jeroclients.be\\\/wp-content\\\/uploads\\\/2021\\\/08\\\/android-chrome-512x512-1.png\",\"contentUrl\":\"https:\\\/\\\/eurostel.jeroclients.be\\\/wp-content\\\/uploads\\\/2021\\\/08\\\/android-chrome-512x512-1.png\",\"width\":512,\"height\":512,\"caption\":\"Euro-Stel\"},\"image\":{\"@id\":\"https:\\\/\\\/eurostel.be\\\/de\\\/#\\\/schema\\\/logo\\\/image\\\/\"}}]}<\/script>\n<!-- \/ Yoast SEO plugin. -->","yoast_head_json":{"title":"Prozessoptimierung und Beratung - Euro-Stel","robots":{"index":"index","follow":"follow","max-snippet":"max-snippet:-1","max-image-preview":"max-image-preview:large","max-video-preview":"max-video-preview:-1"},"canonical":"https:\/\/eurostel.be\/de\/diensten\/procesoptimalisatie-en-consultancy\/","og_locale":"de_DE","og_type":"article","og_title":"Prozessoptimierung und Beratung - Euro-Stel","og_description":"Es gibt viele Theorien und Regeln f\u00fcr die Verarbeitung von Kunststoffen, die in Tausenden von B\u00fcchern zu finden sind. In der Praxis sind wir jedoch oft mit Problemen konfrontiert, deren L\u00f6sung nicht einfach zu finden ist, oft weil es mehrere Ursachen f\u00fcr das Problem gibt. In solchen F\u00e4llen kann etwas gesunde Logik zusammen mit einer guten Portion Erfahrung zu einer schnelleren L\u00f6sung f\u00fchren.","og_url":"https:\/\/eurostel.be\/de\/diensten\/procesoptimalisatie-en-consultancy\/","og_site_name":"Euro-Stel","article_modified_time":"2021-08-06T15:15:59+00:00","twitter_card":"summary_large_image","twitter_misc":{"Gesch\u00e4tzte Lesezeit":"2\u00a0Minuten"},"schema":{"@context":"https:\/\/schema.org","@graph":[{"@type":"WebPage","@id":"https:\/\/eurostel.be\/de\/diensten\/procesoptimalisatie-en-consultancy\/","url":"https:\/\/eurostel.be\/de\/diensten\/procesoptimalisatie-en-consultancy\/","name":"Prozessoptimierung und Beratung - Euro-Stel","isPartOf":{"@id":"https:\/\/eurostel.be\/de\/#website"},"datePublished":"2021-08-05T11:45:22+00:00","dateModified":"2021-08-06T15:15:59+00:00","breadcrumb":{"@id":"https:\/\/eurostel.be\/de\/diensten\/procesoptimalisatie-en-consultancy\/#breadcrumb"},"inLanguage":"de","potentialAction":[{"@type":"ReadAction","target":["https:\/\/eurostel.be\/de\/diensten\/procesoptimalisatie-en-consultancy\/"]}]},{"@type":"BreadcrumbList","@id":"https:\/\/eurostel.be\/de\/diensten\/procesoptimalisatie-en-consultancy\/#breadcrumb","itemListElement":[{"@type":"ListItem","position":1,"name":"Home","item":"https:\/\/eurostel.be\/de\/"},{"@type":"ListItem","position":2,"name":"Dienstleistungen","item":"https:\/\/eurostel.be\/de\/diensten\/"},{"@type":"ListItem","position":3,"name":"Prozessoptimierung und Beratung"}]},{"@type":"WebSite","@id":"https:\/\/eurostel.be\/de\/#website","url":"https:\/\/eurostel.be\/de\/","name":"Euro-Stel","description":"Uw volwaardige kunststofleverancier","publisher":{"@id":"https:\/\/eurostel.be\/de\/#organization"},"potentialAction":[{"@type":"SearchAction","target":{"@type":"EntryPoint","urlTemplate":"https:\/\/eurostel.be\/de\/?s={search_term_string}"},"query-input":{"@type":"PropertyValueSpecification","valueRequired":true,"valueName":"search_term_string"}}],"inLanguage":"de"},{"@type":"Organization","@id":"https:\/\/eurostel.be\/de\/#organization","name":"Euro-Stel","url":"https:\/\/eurostel.be\/de\/","logo":{"@type":"ImageObject","inLanguage":"de","@id":"https:\/\/eurostel.be\/de\/#\/schema\/logo\/image\/","url":"https:\/\/eurostel.jeroclients.be\/wp-content\/uploads\/2021\/08\/android-chrome-512x512-1.png","contentUrl":"https:\/\/eurostel.jeroclients.be\/wp-content\/uploads\/2021\/08\/android-chrome-512x512-1.png","width":512,"height":512,"caption":"Euro-Stel"},"image":{"@id":"https:\/\/eurostel.be\/de\/#\/schema\/logo\/image\/"}}]}},"_links":{"self":[{"href":"https:\/\/eurostel.be\/de\/wp-json\/wp\/v2\/pages\/273","targetHints":{"allow":["GET"]}}],"collection":[{"href":"https:\/\/eurostel.be\/de\/wp-json\/wp\/v2\/pages"}],"about":[{"href":"https:\/\/eurostel.be\/de\/wp-json\/wp\/v2\/types\/page"}],"author":[{"embeddable":true,"href":"https:\/\/eurostel.be\/de\/wp-json\/wp\/v2\/users\/1"}],"replies":[{"embeddable":true,"href":"https:\/\/eurostel.be\/de\/wp-json\/wp\/v2\/comments?post=273"}],"version-history":[{"count":0,"href":"https:\/\/eurostel.be\/de\/wp-json\/wp\/v2\/pages\/273\/revisions"}],"up":[{"embeddable":true,"href":"https:\/\/eurostel.be\/de\/wp-json\/wp\/v2\/pages\/259"}],"wp:attachment":[{"href":"https:\/\/eurostel.be\/de\/wp-json\/wp\/v2\/media?parent=273"}],"curies":[{"name":"wp","href":"https:\/\/api.w.org\/{rel}","templated":true}]}}