{"id":270,"date":"2021-08-05T13:45:58","date_gmt":"2021-08-05T11:45:58","guid":{"rendered":"https:\/\/eurostel.jeroclients.be\/diensten\/redesign-upgrade\/"},"modified":"2021-08-06T17:17:28","modified_gmt":"2021-08-06T15:17:28","slug":"redesign-upgrade","status":"publish","type":"page","link":"https:\/\/eurostel.be\/de\/diensten\/redesign-upgrade\/","title":{"rendered":"Redesign &#038; Upgrade"},"content":{"rendered":"\n<p>Euro-Stel f\u00fchrt bei zahlreichen Spritzgie\u00dfmaschinen und Extrudern ein Re-Design oder Upgrade durch. Wenn unsere Kunden mit ihren Maschinen andere Materialien oder gr\u00f6\u00dfere Mengen verarbeiten m\u00f6chten, sto\u00dfen sie oft an mechanische Einschr\u00e4nkungen ihrer Maschine. So ist z. B. ist der Schneckendurchmesser oder das L\/D-Verh\u00e4ltnis zu klein. In solchen F\u00e4llen untersuchen wir die M\u00f6glichkeit einer Aufr\u00fcstung auf eine gr\u00f6\u00dfere Verfahrenseinheit und legen die neuen Bauteile f\u00fcr die zu optimierende Maschine aus.<\/p>\n\n<h2 class=\"wp-block-heading\">Untersuchung<\/h2>\n\n<p>Euro-Stel verf\u00fcgt \u00fcber einen eigenen Labor-Extruder, an dem verschiedene Tests und Untersuchungen durchgef\u00fchrt werden k\u00f6nnen. Die Maschine ist mit einer gro\u00dfen Anzahl von Messsensoren ausgestattet. Dadurch k\u00f6nnen zahlreiche wichtige Parameter des Extrusionsprozesses gemessen werden. Die wichtigsten Parameter sind nat\u00fcrlich Temperatur, Druck und Leistung.<\/p>\n\n<p>Der Labor-Extruder wird haupts\u00e4chlich zur Untersuchung von Schneckengeometrien und Materialverhalten eingesetzt. Seit Jahren sucht Euro-Stel nach besseren Schneckengeometrien mit guten Ertr\u00e4gen, guten Mischeigenschaften und niedrigen Prozessdr\u00fccken (was auch weniger Verschlei\u00df bedeutet). Es wurden mehrere Prototypen entwickelt und getestet. Das Ergebnis dieser Untersuchungen sind unsere erfolgreichen Eurostel-Mischschnecken und Eurostel-Hochleistungsschnecken.<\/p>\n\n<p>Wir versuchen, unsere Geometrien weiter zu verbessern, und es werden noch neue Prototypen getestet. Unser Labor-Extruder hat nicht nur eine gro\u00dfe Heizleistung, sondern auch eine gro\u00dfe K\u00fchlleistung. Dadurch k\u00f6nnen wir den geschmolzenen Kunststoff um die Schnecke herum sehr schnell und ohne Verlust einfrieren. Wenn wir die Schnecke und das verfestigte Material aus dem Extruder entfernen, k\u00f6nnen wir das Schmelzverhalten und den Verlauf sehr genau untersuchen..<\/p>\n\n<p>Wir haben zudem die M\u00f6glichkeit, Tests mit Einzugsbuchsen durchzuf\u00fchren, die gerillt oder nicht gerillt sein k\u00f6nnen. Es k\u00f6nnen auch verschiedene Formen von Rillen untersucht werden. Jeden Tag kommen neue Kunststofftypen auf den Markt. Anhand der Tests an unserem Labor-Extruder finden wir f\u00fcr jeden Kunststofftyp die am besten geeignete Schneckengeometrie.<\/p>\n\n<p>Zahlreiche Kunststoffverarbeiter kommen zu uns, wenn sie mit Problemen konfrontiert sind, die sie selbst nicht l\u00f6sen k\u00f6nnen. Wir haben viele dieser Probleme dank unserer langj\u00e4hrigen Erfahrung in der Kunststoffbranche und den in der Vergangenheit durchgef\u00fchrten Tests l\u00f6sen k\u00f6nnen. Nat\u00fcrlich treten regelm\u00e4\u00dfig Probleme auf, die auch f\u00fcr uns neu sind. Mit unserem Labor-Extruder k\u00f6nnen wir das Problem simulieren und mit allen m\u00f6glichen mechanischen oder parametrischen Eingriffen eine L\u00f6sung finden.<\/p>\n","protected":false},"excerpt":{"rendered":"<p>Euro-Stel f\u00fchrt bei zahlreichen Spritzgie\u00dfmaschinen und Extrudern ein Re-Design oder Upgrade durch. Wenn unsere Kunden mit ihren Maschinen andere Materialien oder gr\u00f6\u00dfere Mengen verarbeiten m\u00f6chten, sto\u00dfen sie oft an mechanische Einschr\u00e4nkungen ihrer Maschine. So ist z. B. ist der Schneckendurchmesser oder das L\/D-Verh\u00e4ltnis zu klein. In solchen F\u00e4llen untersuchen wir die M\u00f6glichkeit einer Aufr\u00fcstung auf [&hellip;]<\/p>\n","protected":false},"author":1,"featured_media":0,"parent":259,"menu_order":40,"comment_status":"closed","ping_status":"closed","template":"","meta":{"_acf_changed":false,"footnotes":""},"class_list":["post-270","page","type-page","status-publish","hentry"],"acf":[],"yoast_head":"<!-- This site is optimized with the Yoast SEO plugin v27.4 - https:\/\/yoast.com\/product\/yoast-seo-wordpress\/ -->\n<title>Redesign &amp; Upgrade - Euro-Stel<\/title>\n<meta name=\"robots\" content=\"index, follow, max-snippet:-1, max-image-preview:large, max-video-preview:-1\" \/>\n<link rel=\"canonical\" href=\"https:\/\/eurostel.be\/de\/diensten\/redesign-upgrade\/\" \/>\n<meta property=\"og:locale\" content=\"de_DE\" \/>\n<meta property=\"og:type\" content=\"article\" \/>\n<meta property=\"og:title\" content=\"Redesign &amp; Upgrade - Euro-Stel\" \/>\n<meta property=\"og:description\" content=\"Euro-Stel f\u00fchrt bei zahlreichen Spritzgie\u00dfmaschinen und Extrudern ein Re-Design oder Upgrade durch. Wenn unsere Kunden mit ihren Maschinen andere Materialien oder gr\u00f6\u00dfere Mengen verarbeiten m\u00f6chten, sto\u00dfen sie oft an mechanische Einschr\u00e4nkungen ihrer Maschine. So ist z. B. ist der Schneckendurchmesser oder das L\/D-Verh\u00e4ltnis zu klein. In solchen F\u00e4llen untersuchen wir die M\u00f6glichkeit einer Aufr\u00fcstung auf [&hellip;]\" \/>\n<meta property=\"og:url\" content=\"https:\/\/eurostel.be\/de\/diensten\/redesign-upgrade\/\" \/>\n<meta property=\"og:site_name\" content=\"Euro-Stel\" \/>\n<meta property=\"article:modified_time\" content=\"2021-08-06T15:17:28+00:00\" \/>\n<meta name=\"twitter:card\" content=\"summary_large_image\" \/>\n<meta name=\"twitter:label1\" content=\"Gesch\u00e4tzte Lesezeit\" \/>\n\t<meta name=\"twitter:data1\" content=\"2\u00a0Minuten\" \/>\n<script type=\"application\/ld+json\" class=\"yoast-schema-graph\">{\"@context\":\"https:\\\/\\\/schema.org\",\"@graph\":[{\"@type\":\"WebPage\",\"@id\":\"https:\\\/\\\/eurostel.be\\\/de\\\/diensten\\\/redesign-upgrade\\\/\",\"url\":\"https:\\\/\\\/eurostel.be\\\/de\\\/diensten\\\/redesign-upgrade\\\/\",\"name\":\"Redesign & Upgrade - Euro-Stel\",\"isPartOf\":{\"@id\":\"https:\\\/\\\/eurostel.be\\\/de\\\/#website\"},\"datePublished\":\"2021-08-05T11:45:58+00:00\",\"dateModified\":\"2021-08-06T15:17:28+00:00\",\"breadcrumb\":{\"@id\":\"https:\\\/\\\/eurostel.be\\\/de\\\/diensten\\\/redesign-upgrade\\\/#breadcrumb\"},\"inLanguage\":\"de\",\"potentialAction\":[{\"@type\":\"ReadAction\",\"target\":[\"https:\\\/\\\/eurostel.be\\\/de\\\/diensten\\\/redesign-upgrade\\\/\"]}]},{\"@type\":\"BreadcrumbList\",\"@id\":\"https:\\\/\\\/eurostel.be\\\/de\\\/diensten\\\/redesign-upgrade\\\/#breadcrumb\",\"itemListElement\":[{\"@type\":\"ListItem\",\"position\":1,\"name\":\"Home\",\"item\":\"https:\\\/\\\/eurostel.be\\\/de\\\/\"},{\"@type\":\"ListItem\",\"position\":2,\"name\":\"Dienstleistungen\",\"item\":\"https:\\\/\\\/eurostel.be\\\/de\\\/diensten\\\/\"},{\"@type\":\"ListItem\",\"position\":3,\"name\":\"Redesign &#038; Upgrade\"}]},{\"@type\":\"WebSite\",\"@id\":\"https:\\\/\\\/eurostel.be\\\/de\\\/#website\",\"url\":\"https:\\\/\\\/eurostel.be\\\/de\\\/\",\"name\":\"Euro-Stel\",\"description\":\"Uw volwaardige kunststofleverancier\",\"publisher\":{\"@id\":\"https:\\\/\\\/eurostel.be\\\/de\\\/#organization\"},\"potentialAction\":[{\"@type\":\"SearchAction\",\"target\":{\"@type\":\"EntryPoint\",\"urlTemplate\":\"https:\\\/\\\/eurostel.be\\\/de\\\/?s={search_term_string}\"},\"query-input\":{\"@type\":\"PropertyValueSpecification\",\"valueRequired\":true,\"valueName\":\"search_term_string\"}}],\"inLanguage\":\"de\"},{\"@type\":\"Organization\",\"@id\":\"https:\\\/\\\/eurostel.be\\\/de\\\/#organization\",\"name\":\"Euro-Stel\",\"url\":\"https:\\\/\\\/eurostel.be\\\/de\\\/\",\"logo\":{\"@type\":\"ImageObject\",\"inLanguage\":\"de\",\"@id\":\"https:\\\/\\\/eurostel.be\\\/de\\\/#\\\/schema\\\/logo\\\/image\\\/\",\"url\":\"https:\\\/\\\/eurostel.jeroclients.be\\\/wp-content\\\/uploads\\\/2021\\\/08\\\/android-chrome-512x512-1.png\",\"contentUrl\":\"https:\\\/\\\/eurostel.jeroclients.be\\\/wp-content\\\/uploads\\\/2021\\\/08\\\/android-chrome-512x512-1.png\",\"width\":512,\"height\":512,\"caption\":\"Euro-Stel\"},\"image\":{\"@id\":\"https:\\\/\\\/eurostel.be\\\/de\\\/#\\\/schema\\\/logo\\\/image\\\/\"}}]}<\/script>\n<!-- \/ Yoast SEO plugin. -->","yoast_head_json":{"title":"Redesign & Upgrade - Euro-Stel","robots":{"index":"index","follow":"follow","max-snippet":"max-snippet:-1","max-image-preview":"max-image-preview:large","max-video-preview":"max-video-preview:-1"},"canonical":"https:\/\/eurostel.be\/de\/diensten\/redesign-upgrade\/","og_locale":"de_DE","og_type":"article","og_title":"Redesign & Upgrade - Euro-Stel","og_description":"Euro-Stel f\u00fchrt bei zahlreichen Spritzgie\u00dfmaschinen und Extrudern ein Re-Design oder Upgrade durch. Wenn unsere Kunden mit ihren Maschinen andere Materialien oder gr\u00f6\u00dfere Mengen verarbeiten m\u00f6chten, sto\u00dfen sie oft an mechanische Einschr\u00e4nkungen ihrer Maschine. So ist z. B. ist der Schneckendurchmesser oder das L\/D-Verh\u00e4ltnis zu klein. In solchen F\u00e4llen untersuchen wir die M\u00f6glichkeit einer Aufr\u00fcstung auf [&hellip;]","og_url":"https:\/\/eurostel.be\/de\/diensten\/redesign-upgrade\/","og_site_name":"Euro-Stel","article_modified_time":"2021-08-06T15:17:28+00:00","twitter_card":"summary_large_image","twitter_misc":{"Gesch\u00e4tzte Lesezeit":"2\u00a0Minuten"},"schema":{"@context":"https:\/\/schema.org","@graph":[{"@type":"WebPage","@id":"https:\/\/eurostel.be\/de\/diensten\/redesign-upgrade\/","url":"https:\/\/eurostel.be\/de\/diensten\/redesign-upgrade\/","name":"Redesign & Upgrade - Euro-Stel","isPartOf":{"@id":"https:\/\/eurostel.be\/de\/#website"},"datePublished":"2021-08-05T11:45:58+00:00","dateModified":"2021-08-06T15:17:28+00:00","breadcrumb":{"@id":"https:\/\/eurostel.be\/de\/diensten\/redesign-upgrade\/#breadcrumb"},"inLanguage":"de","potentialAction":[{"@type":"ReadAction","target":["https:\/\/eurostel.be\/de\/diensten\/redesign-upgrade\/"]}]},{"@type":"BreadcrumbList","@id":"https:\/\/eurostel.be\/de\/diensten\/redesign-upgrade\/#breadcrumb","itemListElement":[{"@type":"ListItem","position":1,"name":"Home","item":"https:\/\/eurostel.be\/de\/"},{"@type":"ListItem","position":2,"name":"Dienstleistungen","item":"https:\/\/eurostel.be\/de\/diensten\/"},{"@type":"ListItem","position":3,"name":"Redesign &#038; Upgrade"}]},{"@type":"WebSite","@id":"https:\/\/eurostel.be\/de\/#website","url":"https:\/\/eurostel.be\/de\/","name":"Euro-Stel","description":"Uw volwaardige kunststofleverancier","publisher":{"@id":"https:\/\/eurostel.be\/de\/#organization"},"potentialAction":[{"@type":"SearchAction","target":{"@type":"EntryPoint","urlTemplate":"https:\/\/eurostel.be\/de\/?s={search_term_string}"},"query-input":{"@type":"PropertyValueSpecification","valueRequired":true,"valueName":"search_term_string"}}],"inLanguage":"de"},{"@type":"Organization","@id":"https:\/\/eurostel.be\/de\/#organization","name":"Euro-Stel","url":"https:\/\/eurostel.be\/de\/","logo":{"@type":"ImageObject","inLanguage":"de","@id":"https:\/\/eurostel.be\/de\/#\/schema\/logo\/image\/","url":"https:\/\/eurostel.jeroclients.be\/wp-content\/uploads\/2021\/08\/android-chrome-512x512-1.png","contentUrl":"https:\/\/eurostel.jeroclients.be\/wp-content\/uploads\/2021\/08\/android-chrome-512x512-1.png","width":512,"height":512,"caption":"Euro-Stel"},"image":{"@id":"https:\/\/eurostel.be\/de\/#\/schema\/logo\/image\/"}}]}},"_links":{"self":[{"href":"https:\/\/eurostel.be\/de\/wp-json\/wp\/v2\/pages\/270","targetHints":{"allow":["GET"]}}],"collection":[{"href":"https:\/\/eurostel.be\/de\/wp-json\/wp\/v2\/pages"}],"about":[{"href":"https:\/\/eurostel.be\/de\/wp-json\/wp\/v2\/types\/page"}],"author":[{"embeddable":true,"href":"https:\/\/eurostel.be\/de\/wp-json\/wp\/v2\/users\/1"}],"replies":[{"embeddable":true,"href":"https:\/\/eurostel.be\/de\/wp-json\/wp\/v2\/comments?post=270"}],"version-history":[{"count":0,"href":"https:\/\/eurostel.be\/de\/wp-json\/wp\/v2\/pages\/270\/revisions"}],"up":[{"embeddable":true,"href":"https:\/\/eurostel.be\/de\/wp-json\/wp\/v2\/pages\/259"}],"wp:attachment":[{"href":"https:\/\/eurostel.be\/de\/wp-json\/wp\/v2\/media?parent=270"}],"curies":[{"name":"wp","href":"https:\/\/api.w.org\/{rel}","templated":true}]}}