{"id":265,"date":"2021-08-02T15:45:53","date_gmt":"2021-08-02T13:45:53","guid":{"rendered":"https:\/\/eurostel.jeroclients.be\/extrusie\/"},"modified":"2021-08-06T17:07:11","modified_gmt":"2021-08-06T15:07:11","slug":"extrusie","status":"publish","type":"page","link":"https:\/\/eurostel.be\/de\/extrusie\/","title":{"rendered":"Extrusion"},"content":{"rendered":"\n<p>Neben der Herstellung von neuen Schnecken und Zylindern baut Euro-Stel auch komplette Extruder. Unser Standard f\u00fcr Extruder ist der Standard des Kunden: Wir konstruieren und bauen unsere Extruder entsprechend den Anforderungen des Kunden. Aspekte wie Achsh\u00f6he, Maschinenbreite, Maschinenr\u00e4der, D\u00e4mpfer, Schwenkarme usw. werden nach Absprache mit dem Kunden in die Konstruktion einbezogen.<\/p>\n\n<p>Auch f\u00fcr den Bau unserer Extruder w\u00e4hlen wir nur die besten Materialien und Komponenten. Alle Bauteile stammen aus westeurop\u00e4ischer Fertigung und sind von h\u00f6chster Qualit\u00e4t. Im Bereich der Extruderantriebe verfolgen wir die neuesten Entwicklungen und Technologien.  <\/p>\n\n<h2 class=\"wp-block-heading\">Kompakt<\/h2>\n\n<p>Unsere Maschinen sind mit CMG (Compact Motor Gear Box) ausgestattet. Diese Art des Antriebs integriert einen sehr kompakten, effizienten, wassergek\u00fchlten Motor und ein Getriebe in ein einziges System. Dadurch sind unsere Extruder extrem kompakt. Den eher konservativeren Kunden bieten wir weiterhin die M\u00f6glichkeit, einen Extruder mit herk\u00f6mmlichen Getriebe und Motor zu bestellen. Ihr Extruder wird weniger kompakt sein als die Extruder mit CMG, werden aber immer mit der gleichen Sorgfalt und hohen Qualit\u00e4t hergestellt.<\/p>\n\n<h2 class=\"wp-block-heading\">Steuerung<\/h2>\n\n<p>Auch bei der Steuerung und Verkabelung ber\u00fccksichtigen wir die Anforderungen des Kunden. Der Extruder kann mit oder ohne Steuerung bestellt werden und, falls gew\u00fcnscht, kann man die Art des Motorantriebs selbst w\u00e4hlen. Die Maschinen werden mit Steckverbindern oder mit Direktverkabelung geliefert. Auf Wunsch werden Temperaturregler und Druckmodule mitgeliefert oder eingebaut.<\/p>\n\n<h2 class=\"wp-block-heading\">Sicherheit<\/h2>\n\n<p>Der Aspekt der Sicherheit ist f\u00fcr uns nat\u00fcrlich auch sehr wichtig. Unsere Maschinen erf\u00fcllen alle Anforderungen der EU-Maschinenrichtlinie. Wir liefern keine \u201enackten\u201c Maschinen, sondern Maschinen mit den notwendigen Schutzvorrichtungen, um die Gefahr von Verbrennungen oder anderen Verletzungen zu vermeiden. Euro-Stel hat nicht nur Extruder von sehr hoher Qualit\u00e4t zu bieten, sondern gibt den Kunden auch die M\u00f6glichkeit, alle ihre Anforderungen in die von ihnen erworbenen Maschine zu integrieren.<\/p>\n","protected":false},"excerpt":{"rendered":"<p>Die Konstruktion von Extrudern ist ein eigenst\u00e4ndiger Bereich, und bei Euro-Stel geschieht dies ganz nach den W\u00fcnschen des Kunden. Erstklassige Materialien und Know-how ergeben eine grundsolide Kombination! <\/p>\n","protected":false},"author":1,"featured_media":0,"parent":0,"menu_order":0,"comment_status":"closed","ping_status":"closed","template":"","meta":{"_acf_changed":false,"footnotes":""},"class_list":["post-265","page","type-page","status-publish","hentry"],"acf":[],"yoast_head":"<!-- This site is optimized with the Yoast SEO plugin v27.4 - https:\/\/yoast.com\/product\/yoast-seo-wordpress\/ -->\n<title>Extrusion - Euro-Stel<\/title>\n<meta name=\"robots\" content=\"index, follow, max-snippet:-1, max-image-preview:large, max-video-preview:-1\" \/>\n<link rel=\"canonical\" href=\"https:\/\/eurostel.be\/de\/extrusie\/\" \/>\n<meta property=\"og:locale\" content=\"de_DE\" \/>\n<meta property=\"og:type\" content=\"article\" \/>\n<meta property=\"og:title\" content=\"Extrusion - Euro-Stel\" \/>\n<meta property=\"og:description\" content=\"Die Konstruktion von Extrudern ist ein eigenst\u00e4ndiger Bereich, und bei Euro-Stel geschieht dies ganz nach den W\u00fcnschen des Kunden. Erstklassige Materialien und Know-how ergeben eine grundsolide Kombination!\" \/>\n<meta property=\"og:url\" content=\"https:\/\/eurostel.be\/de\/extrusie\/\" \/>\n<meta property=\"og:site_name\" content=\"Euro-Stel\" \/>\n<meta property=\"article:modified_time\" content=\"2021-08-06T15:07:11+00:00\" \/>\n<meta name=\"twitter:card\" content=\"summary_large_image\" \/>\n<meta name=\"twitter:label1\" content=\"Gesch\u00e4tzte Lesezeit\" \/>\n\t<meta name=\"twitter:data1\" content=\"2\u00a0Minuten\" \/>\n<script type=\"application\/ld+json\" class=\"yoast-schema-graph\">{\"@context\":\"https:\\\/\\\/schema.org\",\"@graph\":[{\"@type\":\"WebPage\",\"@id\":\"https:\\\/\\\/eurostel.be\\\/de\\\/extrusie\\\/\",\"url\":\"https:\\\/\\\/eurostel.be\\\/de\\\/extrusie\\\/\",\"name\":\"Extrusion - Euro-Stel\",\"isPartOf\":{\"@id\":\"https:\\\/\\\/eurostel.be\\\/de\\\/#website\"},\"datePublished\":\"2021-08-02T13:45:53+00:00\",\"dateModified\":\"2021-08-06T15:07:11+00:00\",\"breadcrumb\":{\"@id\":\"https:\\\/\\\/eurostel.be\\\/de\\\/extrusie\\\/#breadcrumb\"},\"inLanguage\":\"de\",\"potentialAction\":[{\"@type\":\"ReadAction\",\"target\":[\"https:\\\/\\\/eurostel.be\\\/de\\\/extrusie\\\/\"]}]},{\"@type\":\"BreadcrumbList\",\"@id\":\"https:\\\/\\\/eurostel.be\\\/de\\\/extrusie\\\/#breadcrumb\",\"itemListElement\":[{\"@type\":\"ListItem\",\"position\":1,\"name\":\"Home\",\"item\":\"https:\\\/\\\/eurostel.be\\\/de\\\/\"},{\"@type\":\"ListItem\",\"position\":2,\"name\":\"Extrusion\"}]},{\"@type\":\"WebSite\",\"@id\":\"https:\\\/\\\/eurostel.be\\\/de\\\/#website\",\"url\":\"https:\\\/\\\/eurostel.be\\\/de\\\/\",\"name\":\"Euro-Stel\",\"description\":\"Uw volwaardige kunststofleverancier\",\"publisher\":{\"@id\":\"https:\\\/\\\/eurostel.be\\\/de\\\/#organization\"},\"potentialAction\":[{\"@type\":\"SearchAction\",\"target\":{\"@type\":\"EntryPoint\",\"urlTemplate\":\"https:\\\/\\\/eurostel.be\\\/de\\\/?s={search_term_string}\"},\"query-input\":{\"@type\":\"PropertyValueSpecification\",\"valueRequired\":true,\"valueName\":\"search_term_string\"}}],\"inLanguage\":\"de\"},{\"@type\":\"Organization\",\"@id\":\"https:\\\/\\\/eurostel.be\\\/de\\\/#organization\",\"name\":\"Euro-Stel\",\"url\":\"https:\\\/\\\/eurostel.be\\\/de\\\/\",\"logo\":{\"@type\":\"ImageObject\",\"inLanguage\":\"de\",\"@id\":\"https:\\\/\\\/eurostel.be\\\/de\\\/#\\\/schema\\\/logo\\\/image\\\/\",\"url\":\"https:\\\/\\\/eurostel.jeroclients.be\\\/wp-content\\\/uploads\\\/2021\\\/08\\\/android-chrome-512x512-1.png\",\"contentUrl\":\"https:\\\/\\\/eurostel.jeroclients.be\\\/wp-content\\\/uploads\\\/2021\\\/08\\\/android-chrome-512x512-1.png\",\"width\":512,\"height\":512,\"caption\":\"Euro-Stel\"},\"image\":{\"@id\":\"https:\\\/\\\/eurostel.be\\\/de\\\/#\\\/schema\\\/logo\\\/image\\\/\"}}]}<\/script>\n<!-- \/ Yoast SEO plugin. -->","yoast_head_json":{"title":"Extrusion - Euro-Stel","robots":{"index":"index","follow":"follow","max-snippet":"max-snippet:-1","max-image-preview":"max-image-preview:large","max-video-preview":"max-video-preview:-1"},"canonical":"https:\/\/eurostel.be\/de\/extrusie\/","og_locale":"de_DE","og_type":"article","og_title":"Extrusion - Euro-Stel","og_description":"Die Konstruktion von Extrudern ist ein eigenst\u00e4ndiger Bereich, und bei Euro-Stel geschieht dies ganz nach den W\u00fcnschen des Kunden. Erstklassige Materialien und Know-how ergeben eine grundsolide Kombination!","og_url":"https:\/\/eurostel.be\/de\/extrusie\/","og_site_name":"Euro-Stel","article_modified_time":"2021-08-06T15:07:11+00:00","twitter_card":"summary_large_image","twitter_misc":{"Gesch\u00e4tzte Lesezeit":"2\u00a0Minuten"},"schema":{"@context":"https:\/\/schema.org","@graph":[{"@type":"WebPage","@id":"https:\/\/eurostel.be\/de\/extrusie\/","url":"https:\/\/eurostel.be\/de\/extrusie\/","name":"Extrusion - Euro-Stel","isPartOf":{"@id":"https:\/\/eurostel.be\/de\/#website"},"datePublished":"2021-08-02T13:45:53+00:00","dateModified":"2021-08-06T15:07:11+00:00","breadcrumb":{"@id":"https:\/\/eurostel.be\/de\/extrusie\/#breadcrumb"},"inLanguage":"de","potentialAction":[{"@type":"ReadAction","target":["https:\/\/eurostel.be\/de\/extrusie\/"]}]},{"@type":"BreadcrumbList","@id":"https:\/\/eurostel.be\/de\/extrusie\/#breadcrumb","itemListElement":[{"@type":"ListItem","position":1,"name":"Home","item":"https:\/\/eurostel.be\/de\/"},{"@type":"ListItem","position":2,"name":"Extrusion"}]},{"@type":"WebSite","@id":"https:\/\/eurostel.be\/de\/#website","url":"https:\/\/eurostel.be\/de\/","name":"Euro-Stel","description":"Uw volwaardige kunststofleverancier","publisher":{"@id":"https:\/\/eurostel.be\/de\/#organization"},"potentialAction":[{"@type":"SearchAction","target":{"@type":"EntryPoint","urlTemplate":"https:\/\/eurostel.be\/de\/?s={search_term_string}"},"query-input":{"@type":"PropertyValueSpecification","valueRequired":true,"valueName":"search_term_string"}}],"inLanguage":"de"},{"@type":"Organization","@id":"https:\/\/eurostel.be\/de\/#organization","name":"Euro-Stel","url":"https:\/\/eurostel.be\/de\/","logo":{"@type":"ImageObject","inLanguage":"de","@id":"https:\/\/eurostel.be\/de\/#\/schema\/logo\/image\/","url":"https:\/\/eurostel.jeroclients.be\/wp-content\/uploads\/2021\/08\/android-chrome-512x512-1.png","contentUrl":"https:\/\/eurostel.jeroclients.be\/wp-content\/uploads\/2021\/08\/android-chrome-512x512-1.png","width":512,"height":512,"caption":"Euro-Stel"},"image":{"@id":"https:\/\/eurostel.be\/de\/#\/schema\/logo\/image\/"}}]}},"_links":{"self":[{"href":"https:\/\/eurostel.be\/de\/wp-json\/wp\/v2\/pages\/265","targetHints":{"allow":["GET"]}}],"collection":[{"href":"https:\/\/eurostel.be\/de\/wp-json\/wp\/v2\/pages"}],"about":[{"href":"https:\/\/eurostel.be\/de\/wp-json\/wp\/v2\/types\/page"}],"author":[{"embeddable":true,"href":"https:\/\/eurostel.be\/de\/wp-json\/wp\/v2\/users\/1"}],"replies":[{"embeddable":true,"href":"https:\/\/eurostel.be\/de\/wp-json\/wp\/v2\/comments?post=265"}],"version-history":[{"count":0,"href":"https:\/\/eurostel.be\/de\/wp-json\/wp\/v2\/pages\/265\/revisions"}],"wp:attachment":[{"href":"https:\/\/eurostel.be\/de\/wp-json\/wp\/v2\/media?parent=265"}],"curies":[{"name":"wp","href":"https:\/\/api.w.org\/{rel}","templated":true}]}}