{"id":245,"date":"2021-08-02T17:02:29","date_gmt":"2021-08-02T15:02:29","guid":{"rendered":"https:\/\/eurostel.jeroclients.be\/cilinderkoppen\/"},"modified":"2021-08-06T16:58:20","modified_gmt":"2021-08-06T14:58:20","slug":"cilinderkoppen","status":"publish","type":"page","link":"https:\/\/eurostel.be\/de\/spritzgiessen\/cilinderkoppen\/","title":{"rendered":"Zylinderk\u00f6pfe"},"content":{"rendered":"\n<p>F\u00fcr Spritzgie\u00dfmaschinen stellen wir bei Euro-Stel verschiedene Zylinderk\u00f6pfe, D\u00fcsen und Absperrventile her.  Einige Probleme beim Spritzgie\u00dfen k\u00f6nnen auf ein schlechtes Zylinderkopf- oder D\u00fcsendesign zur\u00fcckzuf\u00fchren sein.  Wir untersuchen das Problem und bieten unseren Kunden einen \u00fcberarbeiteten Zylinderkopf oder eine \u00fcberarbeitete D\u00fcse an.<br\/><br\/>Auf dem Gebiet der Extrusion haben wir viel mehr M\u00f6glichkeiten, d. h.:<\/p>\n\n<ul class=\"wp-block-list\"><li>Zylinderk\u00f6pfe mit angepassten Flanschen, an die der Kunde sein eigenes Profilwerkzeug anschlie\u00dfen kann<\/li><li>Zylinderk\u00f6pfe mit Wendelverteiler oder Torpedo f\u00fcr das Extrudieren von massiven Profilen oder Hohlrohren<\/li><li>Zylinderk\u00f6pfe f\u00fcr Kabel- oder Rohrummantelung<\/li><li>Zylinderk\u00f6pfe mit Brechplatten<\/li><\/ul>\n\n<figure class=\"wp-block-image size-full\"><img loading=\"lazy\" decoding=\"async\" width=\"200\" height=\"200\" src=\"https:\/\/eurostel.jeroclients.be\/wp-content\/uploads\/2021\/08\/cilinderkoppen1.jpg\" alt=\"\" class=\"wp-image-82\" srcset=\"https:\/\/eurostel.be\/wp-content\/uploads\/2021\/08\/cilinderkoppen1.jpg 200w, https:\/\/eurostel.be\/wp-content\/uploads\/2021\/08\/cilinderkoppen1-150x150.jpg 150w\" sizes=\"auto, (max-width: 200px) 100vw, 200px\" \/><\/figure>\n","protected":false},"excerpt":{"rendered":"<p>Wussten Sie, dass Euro-Stel auch Zylinderk\u00f6pfe und Adapter f\u00fcr Extruder und Spritzgie\u00dfmaschinen liefert? <\/p>\n","protected":false},"author":1,"featured_media":122,"parent":452,"menu_order":30,"comment_status":"closed","ping_status":"closed","template":"","meta":{"_acf_changed":false,"footnotes":""},"class_list":["post-245","page","type-page","status-publish","has-post-thumbnail","hentry"],"acf":[],"yoast_head":"<!-- This site is optimized with the Yoast SEO plugin v27.5 - https:\/\/yoast.com\/product\/yoast-seo-wordpress\/ -->\n<title>Zylinderk\u00f6pfe - Euro-Stel<\/title>\n<meta name=\"robots\" content=\"index, follow, max-snippet:-1, max-image-preview:large, max-video-preview:-1\" \/>\n<link rel=\"canonical\" href=\"https:\/\/eurostel.be\/de\/spritzgiessen\/cilinderkoppen\/\" \/>\n<meta property=\"og:locale\" content=\"de_DE\" \/>\n<meta property=\"og:type\" content=\"article\" \/>\n<meta property=\"og:title\" content=\"Zylinderk\u00f6pfe - Euro-Stel\" \/>\n<meta property=\"og:description\" content=\"Wussten Sie, dass Euro-Stel auch Zylinderk\u00f6pfe und Adapter f\u00fcr Extruder und Spritzgie\u00dfmaschinen liefert?\" \/>\n<meta property=\"og:url\" content=\"https:\/\/eurostel.be\/de\/spritzgiessen\/cilinderkoppen\/\" \/>\n<meta property=\"og:site_name\" content=\"Euro-Stel\" \/>\n<meta property=\"article:modified_time\" content=\"2021-08-06T14:58:20+00:00\" \/>\n<meta property=\"og:image\" content=\"https:\/\/eurostel.be\/wp-content\/uploads\/2021\/08\/cilinderkoppen1.jpg\" \/>\n\t<meta property=\"og:image:width\" content=\"200\" \/>\n\t<meta property=\"og:image:height\" content=\"200\" \/>\n\t<meta property=\"og:image:type\" content=\"image\/jpeg\" \/>\n<meta name=\"twitter:card\" content=\"summary_large_image\" \/>\n<meta name=\"twitter:label1\" content=\"Gesch\u00e4tzte Lesezeit\" \/>\n\t<meta name=\"twitter:data1\" content=\"1\u00a0Minute\" \/>\n<script type=\"application\/ld+json\" class=\"yoast-schema-graph\">{\"@context\":\"https:\\\/\\\/schema.org\",\"@graph\":[{\"@type\":\"WebPage\",\"@id\":\"https:\\\/\\\/eurostel.be\\\/de\\\/spritzgiessen\\\/cilinderkoppen\\\/\",\"url\":\"https:\\\/\\\/eurostel.be\\\/de\\\/spritzgiessen\\\/cilinderkoppen\\\/\",\"name\":\"Zylinderk\u00f6pfe - Euro-Stel\",\"isPartOf\":{\"@id\":\"https:\\\/\\\/eurostel.be\\\/de\\\/#website\"},\"primaryImageOfPage\":{\"@id\":\"https:\\\/\\\/eurostel.be\\\/de\\\/spritzgiessen\\\/cilinderkoppen\\\/#primaryimage\"},\"image\":{\"@id\":\"https:\\\/\\\/eurostel.be\\\/de\\\/spritzgiessen\\\/cilinderkoppen\\\/#primaryimage\"},\"thumbnailUrl\":\"https:\\\/\\\/eurostel.be\\\/wp-content\\\/uploads\\\/2021\\\/08\\\/cilinderkoppen1.jpg\",\"datePublished\":\"2021-08-02T15:02:29+00:00\",\"dateModified\":\"2021-08-06T14:58:20+00:00\",\"breadcrumb\":{\"@id\":\"https:\\\/\\\/eurostel.be\\\/de\\\/spritzgiessen\\\/cilinderkoppen\\\/#breadcrumb\"},\"inLanguage\":\"de\",\"potentialAction\":[{\"@type\":\"ReadAction\",\"target\":[\"https:\\\/\\\/eurostel.be\\\/de\\\/spritzgiessen\\\/cilinderkoppen\\\/\"]}]},{\"@type\":\"ImageObject\",\"inLanguage\":\"de\",\"@id\":\"https:\\\/\\\/eurostel.be\\\/de\\\/spritzgiessen\\\/cilinderkoppen\\\/#primaryimage\",\"url\":\"https:\\\/\\\/eurostel.be\\\/wp-content\\\/uploads\\\/2021\\\/08\\\/cilinderkoppen1.jpg\",\"contentUrl\":\"https:\\\/\\\/eurostel.be\\\/wp-content\\\/uploads\\\/2021\\\/08\\\/cilinderkoppen1.jpg\",\"width\":200,\"height\":200},{\"@type\":\"BreadcrumbList\",\"@id\":\"https:\\\/\\\/eurostel.be\\\/de\\\/spritzgiessen\\\/cilinderkoppen\\\/#breadcrumb\",\"itemListElement\":[{\"@type\":\"ListItem\",\"position\":1,\"name\":\"Home\",\"item\":\"https:\\\/\\\/eurostel.be\\\/de\\\/\"},{\"@type\":\"ListItem\",\"position\":2,\"name\":\"Spritzgie\u00dfen\",\"item\":\"https:\\\/\\\/eurostel.be\\\/de\\\/spritzgiessen\\\/\"},{\"@type\":\"ListItem\",\"position\":3,\"name\":\"Zylinderk\u00f6pfe\"}]},{\"@type\":\"WebSite\",\"@id\":\"https:\\\/\\\/eurostel.be\\\/de\\\/#website\",\"url\":\"https:\\\/\\\/eurostel.be\\\/de\\\/\",\"name\":\"Euro-Stel\",\"description\":\"Uw volwaardige kunststofleverancier\",\"publisher\":{\"@id\":\"https:\\\/\\\/eurostel.be\\\/de\\\/#organization\"},\"potentialAction\":[{\"@type\":\"SearchAction\",\"target\":{\"@type\":\"EntryPoint\",\"urlTemplate\":\"https:\\\/\\\/eurostel.be\\\/de\\\/?s={search_term_string}\"},\"query-input\":{\"@type\":\"PropertyValueSpecification\",\"valueRequired\":true,\"valueName\":\"search_term_string\"}}],\"inLanguage\":\"de\"},{\"@type\":\"Organization\",\"@id\":\"https:\\\/\\\/eurostel.be\\\/de\\\/#organization\",\"name\":\"Euro-Stel\",\"url\":\"https:\\\/\\\/eurostel.be\\\/de\\\/\",\"logo\":{\"@type\":\"ImageObject\",\"inLanguage\":\"de\",\"@id\":\"https:\\\/\\\/eurostel.be\\\/de\\\/#\\\/schema\\\/logo\\\/image\\\/\",\"url\":\"https:\\\/\\\/eurostel.jeroclients.be\\\/wp-content\\\/uploads\\\/2021\\\/08\\\/android-chrome-512x512-1.png\",\"contentUrl\":\"https:\\\/\\\/eurostel.jeroclients.be\\\/wp-content\\\/uploads\\\/2021\\\/08\\\/android-chrome-512x512-1.png\",\"width\":512,\"height\":512,\"caption\":\"Euro-Stel\"},\"image\":{\"@id\":\"https:\\\/\\\/eurostel.be\\\/de\\\/#\\\/schema\\\/logo\\\/image\\\/\"}}]}<\/script>\n<!-- \/ Yoast SEO plugin. -->","yoast_head_json":{"title":"Zylinderk\u00f6pfe - Euro-Stel","robots":{"index":"index","follow":"follow","max-snippet":"max-snippet:-1","max-image-preview":"max-image-preview:large","max-video-preview":"max-video-preview:-1"},"canonical":"https:\/\/eurostel.be\/de\/spritzgiessen\/cilinderkoppen\/","og_locale":"de_DE","og_type":"article","og_title":"Zylinderk\u00f6pfe - Euro-Stel","og_description":"Wussten Sie, dass Euro-Stel auch Zylinderk\u00f6pfe und Adapter f\u00fcr Extruder und Spritzgie\u00dfmaschinen liefert?","og_url":"https:\/\/eurostel.be\/de\/spritzgiessen\/cilinderkoppen\/","og_site_name":"Euro-Stel","article_modified_time":"2021-08-06T14:58:20+00:00","og_image":[{"width":200,"height":200,"url":"https:\/\/eurostel.be\/wp-content\/uploads\/2021\/08\/cilinderkoppen1.jpg","type":"image\/jpeg"}],"twitter_card":"summary_large_image","twitter_misc":{"Gesch\u00e4tzte Lesezeit":"1\u00a0Minute"},"schema":{"@context":"https:\/\/schema.org","@graph":[{"@type":"WebPage","@id":"https:\/\/eurostel.be\/de\/spritzgiessen\/cilinderkoppen\/","url":"https:\/\/eurostel.be\/de\/spritzgiessen\/cilinderkoppen\/","name":"Zylinderk\u00f6pfe - Euro-Stel","isPartOf":{"@id":"https:\/\/eurostel.be\/de\/#website"},"primaryImageOfPage":{"@id":"https:\/\/eurostel.be\/de\/spritzgiessen\/cilinderkoppen\/#primaryimage"},"image":{"@id":"https:\/\/eurostel.be\/de\/spritzgiessen\/cilinderkoppen\/#primaryimage"},"thumbnailUrl":"https:\/\/eurostel.be\/wp-content\/uploads\/2021\/08\/cilinderkoppen1.jpg","datePublished":"2021-08-02T15:02:29+00:00","dateModified":"2021-08-06T14:58:20+00:00","breadcrumb":{"@id":"https:\/\/eurostel.be\/de\/spritzgiessen\/cilinderkoppen\/#breadcrumb"},"inLanguage":"de","potentialAction":[{"@type":"ReadAction","target":["https:\/\/eurostel.be\/de\/spritzgiessen\/cilinderkoppen\/"]}]},{"@type":"ImageObject","inLanguage":"de","@id":"https:\/\/eurostel.be\/de\/spritzgiessen\/cilinderkoppen\/#primaryimage","url":"https:\/\/eurostel.be\/wp-content\/uploads\/2021\/08\/cilinderkoppen1.jpg","contentUrl":"https:\/\/eurostel.be\/wp-content\/uploads\/2021\/08\/cilinderkoppen1.jpg","width":200,"height":200},{"@type":"BreadcrumbList","@id":"https:\/\/eurostel.be\/de\/spritzgiessen\/cilinderkoppen\/#breadcrumb","itemListElement":[{"@type":"ListItem","position":1,"name":"Home","item":"https:\/\/eurostel.be\/de\/"},{"@type":"ListItem","position":2,"name":"Spritzgie\u00dfen","item":"https:\/\/eurostel.be\/de\/spritzgiessen\/"},{"@type":"ListItem","position":3,"name":"Zylinderk\u00f6pfe"}]},{"@type":"WebSite","@id":"https:\/\/eurostel.be\/de\/#website","url":"https:\/\/eurostel.be\/de\/","name":"Euro-Stel","description":"Uw volwaardige kunststofleverancier","publisher":{"@id":"https:\/\/eurostel.be\/de\/#organization"},"potentialAction":[{"@type":"SearchAction","target":{"@type":"EntryPoint","urlTemplate":"https:\/\/eurostel.be\/de\/?s={search_term_string}"},"query-input":{"@type":"PropertyValueSpecification","valueRequired":true,"valueName":"search_term_string"}}],"inLanguage":"de"},{"@type":"Organization","@id":"https:\/\/eurostel.be\/de\/#organization","name":"Euro-Stel","url":"https:\/\/eurostel.be\/de\/","logo":{"@type":"ImageObject","inLanguage":"de","@id":"https:\/\/eurostel.be\/de\/#\/schema\/logo\/image\/","url":"https:\/\/eurostel.jeroclients.be\/wp-content\/uploads\/2021\/08\/android-chrome-512x512-1.png","contentUrl":"https:\/\/eurostel.jeroclients.be\/wp-content\/uploads\/2021\/08\/android-chrome-512x512-1.png","width":512,"height":512,"caption":"Euro-Stel"},"image":{"@id":"https:\/\/eurostel.be\/de\/#\/schema\/logo\/image\/"}}]}},"_links":{"self":[{"href":"https:\/\/eurostel.be\/de\/wp-json\/wp\/v2\/pages\/245","targetHints":{"allow":["GET"]}}],"collection":[{"href":"https:\/\/eurostel.be\/de\/wp-json\/wp\/v2\/pages"}],"about":[{"href":"https:\/\/eurostel.be\/de\/wp-json\/wp\/v2\/types\/page"}],"author":[{"embeddable":true,"href":"https:\/\/eurostel.be\/de\/wp-json\/wp\/v2\/users\/1"}],"replies":[{"embeddable":true,"href":"https:\/\/eurostel.be\/de\/wp-json\/wp\/v2\/comments?post=245"}],"version-history":[{"count":0,"href":"https:\/\/eurostel.be\/de\/wp-json\/wp\/v2\/pages\/245\/revisions"}],"up":[{"embeddable":true,"href":"https:\/\/eurostel.be\/de\/wp-json\/wp\/v2\/pages\/452"}],"wp:featuredmedia":[{"embeddable":true,"href":"https:\/\/eurostel.be\/de\/wp-json\/wp\/v2\/media\/122"}],"wp:attachment":[{"href":"https:\/\/eurostel.be\/de\/wp-json\/wp\/v2\/media?parent=245"}],"curies":[{"name":"wp","href":"https:\/\/api.w.org\/{rel}","templated":true}]}}