{"id":241,"date":"2021-08-03T10:46:16","date_gmt":"2021-08-03T08:46:16","guid":{"rendered":"https:\/\/eurostel.jeroclients.be\/over-euro-stel\/"},"modified":"2021-08-26T14:13:25","modified_gmt":"2021-08-26T12:13:25","slug":"over-euro-stel","status":"publish","type":"page","link":"https:\/\/eurostel.be\/de\/over-euro-stel\/","title":{"rendered":"Vorstellung Euro-Stel"},"content":{"rendered":"\n<h2 class=\"wp-block-heading\">Ihr kompetenter Lieferant f\u00fcr die Kunststoffindustrie<\/h2>\n\n\n\n<p>Euro-Stel verf\u00fcgt \u00fcber mehr als 30 Jahre Erfahrung. Als ein Unternehmen, das von drei Fachleuten auf dem Gebiet der Metallbearbeitung, Metallurgie und Schwei\u00dftechnik gegr\u00fcndet wurde, haben wir uns in den letzten drei Jahrzehnten eine f\u00fchrende Position in der Welt der Kunststoffverarbeitung erarbeitet. <\/p>\n\n\n\n<p>W\u00e4hrend sich unsere Aktivit\u00e4ten fr\u00fcher auf die Reparatur von Schnecken und Zylindern f\u00fcr Extruder und Spritzgie\u00dfmaschinen beschr\u00e4nkten, k\u00f6nnen wir heute nach vielen Stunden der Forschung und der Zusammenarbeit mit Kunststoffverarbeitern mit selbst entwickelten und sogar patentierten Schneckengeometrien aufwarten.<\/p>\n\n\n\n<h2 class=\"wp-block-heading\">Eine kurze Zusammenfassung unserer Aktivit\u00e4ten<\/h2>\n\n\n\n<ol class=\"wp-block-list\"><li><strong>\u00dcberholung von Bauteilen: <\/strong> Was urspr\u00fcnglich mit der Reparatur von Schnecken und Zylindern begann, wurde inzwischen auf R\u00fcckschlagventile, Zylinderk\u00f6pfe, Holme und andere Kleinteile erweitert.<\/li><li><strong>\tHerstellung<\/strong> von neuen Schnecken, Zylindern, R\u00fcckschlagventilen, Zylinderk\u00f6pfen und Holmen f\u00fcr alle Arten von Maschinen. F\u00fcr jede Anwendung w\u00e4hlen wir die geeignete Kombination von Geometrie, Metallurgie und thermischer Behandlung.<\/li><li><strong>Extruderbau<\/strong><\/li><\/ol>\n\n\n\n<figure class=\"wp-block-embed is-type-video is-provider-youtube wp-block-embed-youtube wp-embed-aspect-16-9 wp-has-aspect-ratio\"><div class=\"wp-block-embed__wrapper\">\n<iframe loading=\"lazy\" title=\"EURO-STEL N.V. Introduction\" width=\"500\" height=\"281\" src=\"https:\/\/www.youtube.com\/embed\/hVxZzH77-YI?feature=oembed\" frameborder=\"0\" allow=\"accelerometer; autoplay; clipboard-write; encrypted-media; gyroscope; picture-in-picture; web-share\" referrerpolicy=\"strict-origin-when-cross-origin\" allowfullscreen><\/iframe>\n<\/div><\/figure>\n\n\n\n<h2 class=\"wp-block-heading\">Stets zu Ihren Diensten!<\/h2>\n\n\n\n<p>Neben der \u00dcberholung und Herstellung von Bauteilen bietet Euro-Stel auch eine breite Palette von Dienstleistungen an. F\u00fcr eine Verschlei\u00dfmessung der Schnecke und des Zylinders kommen wir gerne zu Ihnen ins Unternehmen. Wir helfen auch bei der Montage und Demontage von Schnecken und Zylindern an Extrudern oder Spritzgie\u00dfmaschinen.<\/p>\n\n\n\n<h2 class=\"wp-block-heading\">Qualit\u00e4t von europ\u00e4ischem Kaliber<\/h2>\n\n\n\n<p>Unsere qualitativ hochwertigen Produkte und unsere umfassenden Kenntnisse auf dem Gebiet von Extrusion und Spritzgie\u00dfen sind weit \u00fcber die Grenzen Europas hinaus bekannt. Kunden, die sich f\u00fcr Euro-Stel entscheiden, entscheiden sich f\u00fcr Prozessoptimierung und Ertragsverbesserung. <\/p>\n\n\n\n<p>Unsere patentierten Schneckengeometrien mit speziellen Mischelementen haben sich bereits vielfach bew\u00e4hrt. Dank unserem Know-how im Bereich der Metallurgie und der speziellen Oberfl\u00e4chenbehandlungen sind unsere Produkte \u00e4u\u00dferst verschlei\u00dfbest\u00e4ndig.<\/p>\n\n\n\n<h2 class=\"wp-block-heading\">Maschinenbau<\/h2>\n\n\n\n<p>Euro-Stel liefert nicht nur Maschinenbauteile, sondern hat sich auch zu einem Maschinenbauer entwickelt. Unser Unternehmen fertigt vollst\u00e4ndige Extruder, die den Vorgaben des Kunden entsprechen und die Anforderungen der EU-Maschinenrichtlinie erf\u00fcllen. Mit den besten Materialien bauen wir Extruder, die mit den neuesten Technologien ausgestattet sind. <\/p>\n\n\n\n<blockquote class=\"wp-block-quote is-layout-flow wp-block-quote-is-layout-flow\"><p><em>\u201cUnser Hauptziel ist es, den Prozess unserer Kunden zu optimieren. Wenn der Prozess nicht den Erwartungen entspricht, finden wir die richtigen Geometrien und Materialien, um das Ganze zum Erfolg zu bringen. Auch wenn noch keine Schwierigkeiten vorliegen, versuchen wir immer, gemeinsam mit dem Kunden nach Verbesserungen zu suchen und seine Prozesse zu verbessern.<\/em>\u201d<\/p><\/blockquote>\n\n\n\n<h2 class=\"wp-block-heading\">Innovativ vom Metall bis zur Schnecke <\/h2>\n\n\n\n<p>Die Technologien rund um die Kunststoffverarbeitung entwickeln sich in rasantem Tempo weiter. Euro-Stel verfolgt diese Entwicklungen genau. Neue Kunststoffarten erfordern schlie\u00dflich auch neue Schnecken, mit angepassten Geometrien und anderen Metallsorten. Genau das ist es, was unsere Arbeit so faszinierend macht! <\/p>\n\n\n\n<p>Unsere Prototyp-Schnecken werden an unserem eigenen Labor-Extruder ausgiebig getestet und untersucht. Aber wir verbessern auch kontinuierlich bestehende Produkte. Somit garantieren wir, dass wir unseren Kunden unter allen Umst\u00e4nden helfen k\u00f6nnen. Jetzt und in der Zukunft.<\/p>\n","protected":false},"excerpt":{"rendered":"<p>Ihr kompetenter Lieferant f\u00fcr die Kunststoffindustrie Euro-Stel verf\u00fcgt \u00fcber mehr als 30 Jahre Erfahrung. Als ein Unternehmen, das von drei Fachleuten auf dem Gebiet der Metallbearbeitung, Metallurgie und Schwei\u00dftechnik gegr\u00fcndet wurde, haben wir uns in den letzten drei Jahrzehnten eine f\u00fchrende Position in der Welt der Kunststoffverarbeitung erarbeitet. W\u00e4hrend sich unsere Aktivit\u00e4ten fr\u00fcher auf die [&hellip;]<\/p>\n","protected":false},"author":1,"featured_media":0,"parent":0,"menu_order":0,"comment_status":"closed","ping_status":"closed","template":"","meta":{"_acf_changed":false,"footnotes":""},"class_list":["post-241","page","type-page","status-publish","hentry"],"acf":[],"yoast_head":"<!-- This site is optimized with the Yoast SEO plugin v27.4 - https:\/\/yoast.com\/product\/yoast-seo-wordpress\/ -->\n<title>Vorstellung Euro-Stel - Euro-Stel<\/title>\n<meta name=\"robots\" content=\"index, follow, max-snippet:-1, max-image-preview:large, max-video-preview:-1\" \/>\n<link rel=\"canonical\" href=\"https:\/\/eurostel.be\/de\/over-euro-stel\/\" \/>\n<meta property=\"og:locale\" content=\"de_DE\" \/>\n<meta property=\"og:type\" content=\"article\" \/>\n<meta property=\"og:title\" content=\"Vorstellung Euro-Stel - Euro-Stel\" \/>\n<meta property=\"og:description\" content=\"Ihr kompetenter Lieferant f\u00fcr die Kunststoffindustrie Euro-Stel verf\u00fcgt \u00fcber mehr als 30 Jahre Erfahrung. Als ein Unternehmen, das von drei Fachleuten auf dem Gebiet der Metallbearbeitung, Metallurgie und Schwei\u00dftechnik gegr\u00fcndet wurde, haben wir uns in den letzten drei Jahrzehnten eine f\u00fchrende Position in der Welt der Kunststoffverarbeitung erarbeitet. W\u00e4hrend sich unsere Aktivit\u00e4ten fr\u00fcher auf die [&hellip;]\" \/>\n<meta property=\"og:url\" content=\"https:\/\/eurostel.be\/de\/over-euro-stel\/\" \/>\n<meta property=\"og:site_name\" content=\"Euro-Stel\" \/>\n<meta property=\"article:modified_time\" content=\"2021-08-26T12:13:25+00:00\" \/>\n<meta name=\"twitter:card\" content=\"summary_large_image\" \/>\n<meta name=\"twitter:label1\" content=\"Gesch\u00e4tzte Lesezeit\" \/>\n\t<meta name=\"twitter:data1\" content=\"2\u00a0Minuten\" \/>\n<script type=\"application\/ld+json\" class=\"yoast-schema-graph\">{\"@context\":\"https:\\\/\\\/schema.org\",\"@graph\":[{\"@type\":\"WebPage\",\"@id\":\"https:\\\/\\\/eurostel.be\\\/de\\\/over-euro-stel\\\/\",\"url\":\"https:\\\/\\\/eurostel.be\\\/de\\\/over-euro-stel\\\/\",\"name\":\"Vorstellung Euro-Stel - Euro-Stel\",\"isPartOf\":{\"@id\":\"https:\\\/\\\/eurostel.be\\\/de\\\/#website\"},\"datePublished\":\"2021-08-03T08:46:16+00:00\",\"dateModified\":\"2021-08-26T12:13:25+00:00\",\"breadcrumb\":{\"@id\":\"https:\\\/\\\/eurostel.be\\\/de\\\/over-euro-stel\\\/#breadcrumb\"},\"inLanguage\":\"de\",\"potentialAction\":[{\"@type\":\"ReadAction\",\"target\":[\"https:\\\/\\\/eurostel.be\\\/de\\\/over-euro-stel\\\/\"]}]},{\"@type\":\"BreadcrumbList\",\"@id\":\"https:\\\/\\\/eurostel.be\\\/de\\\/over-euro-stel\\\/#breadcrumb\",\"itemListElement\":[{\"@type\":\"ListItem\",\"position\":1,\"name\":\"Home\",\"item\":\"https:\\\/\\\/eurostel.be\\\/de\\\/\"},{\"@type\":\"ListItem\",\"position\":2,\"name\":\"Vorstellung Euro-Stel\"}]},{\"@type\":\"WebSite\",\"@id\":\"https:\\\/\\\/eurostel.be\\\/de\\\/#website\",\"url\":\"https:\\\/\\\/eurostel.be\\\/de\\\/\",\"name\":\"Euro-Stel\",\"description\":\"Uw volwaardige kunststofleverancier\",\"publisher\":{\"@id\":\"https:\\\/\\\/eurostel.be\\\/de\\\/#organization\"},\"potentialAction\":[{\"@type\":\"SearchAction\",\"target\":{\"@type\":\"EntryPoint\",\"urlTemplate\":\"https:\\\/\\\/eurostel.be\\\/de\\\/?s={search_term_string}\"},\"query-input\":{\"@type\":\"PropertyValueSpecification\",\"valueRequired\":true,\"valueName\":\"search_term_string\"}}],\"inLanguage\":\"de\"},{\"@type\":\"Organization\",\"@id\":\"https:\\\/\\\/eurostel.be\\\/de\\\/#organization\",\"name\":\"Euro-Stel\",\"url\":\"https:\\\/\\\/eurostel.be\\\/de\\\/\",\"logo\":{\"@type\":\"ImageObject\",\"inLanguage\":\"de\",\"@id\":\"https:\\\/\\\/eurostel.be\\\/de\\\/#\\\/schema\\\/logo\\\/image\\\/\",\"url\":\"https:\\\/\\\/eurostel.jeroclients.be\\\/wp-content\\\/uploads\\\/2021\\\/08\\\/android-chrome-512x512-1.png\",\"contentUrl\":\"https:\\\/\\\/eurostel.jeroclients.be\\\/wp-content\\\/uploads\\\/2021\\\/08\\\/android-chrome-512x512-1.png\",\"width\":512,\"height\":512,\"caption\":\"Euro-Stel\"},\"image\":{\"@id\":\"https:\\\/\\\/eurostel.be\\\/de\\\/#\\\/schema\\\/logo\\\/image\\\/\"}}]}<\/script>\n<!-- \/ Yoast SEO plugin. -->","yoast_head_json":{"title":"Vorstellung Euro-Stel - Euro-Stel","robots":{"index":"index","follow":"follow","max-snippet":"max-snippet:-1","max-image-preview":"max-image-preview:large","max-video-preview":"max-video-preview:-1"},"canonical":"https:\/\/eurostel.be\/de\/over-euro-stel\/","og_locale":"de_DE","og_type":"article","og_title":"Vorstellung Euro-Stel - Euro-Stel","og_description":"Ihr kompetenter Lieferant f\u00fcr die Kunststoffindustrie Euro-Stel verf\u00fcgt \u00fcber mehr als 30 Jahre Erfahrung. Als ein Unternehmen, das von drei Fachleuten auf dem Gebiet der Metallbearbeitung, Metallurgie und Schwei\u00dftechnik gegr\u00fcndet wurde, haben wir uns in den letzten drei Jahrzehnten eine f\u00fchrende Position in der Welt der Kunststoffverarbeitung erarbeitet. W\u00e4hrend sich unsere Aktivit\u00e4ten fr\u00fcher auf die [&hellip;]","og_url":"https:\/\/eurostel.be\/de\/over-euro-stel\/","og_site_name":"Euro-Stel","article_modified_time":"2021-08-26T12:13:25+00:00","twitter_card":"summary_large_image","twitter_misc":{"Gesch\u00e4tzte Lesezeit":"2\u00a0Minuten"},"schema":{"@context":"https:\/\/schema.org","@graph":[{"@type":"WebPage","@id":"https:\/\/eurostel.be\/de\/over-euro-stel\/","url":"https:\/\/eurostel.be\/de\/over-euro-stel\/","name":"Vorstellung Euro-Stel - Euro-Stel","isPartOf":{"@id":"https:\/\/eurostel.be\/de\/#website"},"datePublished":"2021-08-03T08:46:16+00:00","dateModified":"2021-08-26T12:13:25+00:00","breadcrumb":{"@id":"https:\/\/eurostel.be\/de\/over-euro-stel\/#breadcrumb"},"inLanguage":"de","potentialAction":[{"@type":"ReadAction","target":["https:\/\/eurostel.be\/de\/over-euro-stel\/"]}]},{"@type":"BreadcrumbList","@id":"https:\/\/eurostel.be\/de\/over-euro-stel\/#breadcrumb","itemListElement":[{"@type":"ListItem","position":1,"name":"Home","item":"https:\/\/eurostel.be\/de\/"},{"@type":"ListItem","position":2,"name":"Vorstellung Euro-Stel"}]},{"@type":"WebSite","@id":"https:\/\/eurostel.be\/de\/#website","url":"https:\/\/eurostel.be\/de\/","name":"Euro-Stel","description":"Uw volwaardige kunststofleverancier","publisher":{"@id":"https:\/\/eurostel.be\/de\/#organization"},"potentialAction":[{"@type":"SearchAction","target":{"@type":"EntryPoint","urlTemplate":"https:\/\/eurostel.be\/de\/?s={search_term_string}"},"query-input":{"@type":"PropertyValueSpecification","valueRequired":true,"valueName":"search_term_string"}}],"inLanguage":"de"},{"@type":"Organization","@id":"https:\/\/eurostel.be\/de\/#organization","name":"Euro-Stel","url":"https:\/\/eurostel.be\/de\/","logo":{"@type":"ImageObject","inLanguage":"de","@id":"https:\/\/eurostel.be\/de\/#\/schema\/logo\/image\/","url":"https:\/\/eurostel.jeroclients.be\/wp-content\/uploads\/2021\/08\/android-chrome-512x512-1.png","contentUrl":"https:\/\/eurostel.jeroclients.be\/wp-content\/uploads\/2021\/08\/android-chrome-512x512-1.png","width":512,"height":512,"caption":"Euro-Stel"},"image":{"@id":"https:\/\/eurostel.be\/de\/#\/schema\/logo\/image\/"}}]}},"_links":{"self":[{"href":"https:\/\/eurostel.be\/de\/wp-json\/wp\/v2\/pages\/241","targetHints":{"allow":["GET"]}}],"collection":[{"href":"https:\/\/eurostel.be\/de\/wp-json\/wp\/v2\/pages"}],"about":[{"href":"https:\/\/eurostel.be\/de\/wp-json\/wp\/v2\/types\/page"}],"author":[{"embeddable":true,"href":"https:\/\/eurostel.be\/de\/wp-json\/wp\/v2\/users\/1"}],"replies":[{"embeddable":true,"href":"https:\/\/eurostel.be\/de\/wp-json\/wp\/v2\/comments?post=241"}],"version-history":[{"count":0,"href":"https:\/\/eurostel.be\/de\/wp-json\/wp\/v2\/pages\/241\/revisions"}],"wp:attachment":[{"href":"https:\/\/eurostel.be\/de\/wp-json\/wp\/v2\/media?parent=241"}],"curies":[{"name":"wp","href":"https:\/\/api.w.org\/{rel}","templated":true}]}}